{"id":12161,"date":"2024-12-10T17:43:21","date_gmt":"2024-12-10T16:43:21","guid":{"rendered":"https:\/\/esportscubil.com\/lloguer-esquis\/online\/"},"modified":"2025-10-17T10:26:22","modified_gmt":"2025-10-17T08:26:22","slug":"online","status":"publish","type":"page","link":"https:\/\/esportscubil.com\/es\/alquiler-esquis\/online\/","title":{"rendered":"Alquiler de esqu\u00ed online"},"content":{"rendered":"\t\t<div data-elementor-type=\"wp-page\" data-elementor-id=\"12161\" class=\"elementor elementor-12161 elementor-11628\">\n\t\t\t\t\t\t<section class=\"elementor-section elementor-top-section elementor-element elementor-element-a525dfd elementor-section-full_width elementor-section-height-default elementor-section-height-default\" data-id=\"a525dfd\" data-element_type=\"section\" data-e-type=\"section\" data-settings=\"{&quot;background_background&quot;:&quot;classic&quot;}\">\n\t\t\t\t\t\t\t<div class=\"elementor-background-overlay\"><\/div>\n\t\t\t\t\t\t\t<div class=\"elementor-container elementor-column-gap-default\">\n\t\t\t\t\t<div class=\"elementor-column elementor-col-100 elementor-top-column elementor-element elementor-element-5d02f17\" data-id=\"5d02f17\" data-element_type=\"column\" data-e-type=\"column\">\n\t\t\t<div class=\"elementor-widget-wrap elementor-element-populated\">\n\t\t\t\t\t\t<div class=\"elementor-element elementor-element-87a4e76 elementor-widget elementor-widget-text-editor\" data-id=\"87a4e76\" data-element_type=\"widget\" data-e-type=\"widget\" data-widget_type=\"text-editor.default\">\n\t\t\t\t<div class=\"elementor-widget-container\">\n\t\t\t\t\t\t\t\t\t<h1>Alquiler de esqu\u00ed y snowboard Esports Cubil<\/h1>\t\t\t\t\t\t\t\t<\/div>\n\t\t\t\t<\/div>\n\t\t\t\t\t<\/div>\n\t\t<\/div>\n\t\t\t\t\t<\/div>\n\t\t<\/section>\n\t\t\t\t<section class=\"elementor-section elementor-top-section elementor-element elementor-element-b86a274 elementor-section-full_width elementor-section-height-default elementor-section-height-default\" data-id=\"b86a274\" data-element_type=\"section\" data-e-type=\"section\">\n\t\t\t\t\t\t<div class=\"elementor-container elementor-column-gap-default\">\n\t\t\t\t\t<div class=\"elementor-column elementor-col-100 elementor-top-column elementor-element elementor-element-7b8a049\" data-id=\"7b8a049\" data-element_type=\"column\" data-e-type=\"column\">\n\t\t\t<div class=\"elementor-widget-wrap elementor-element-populated\">\n\t\t\t\t\t\t<div class=\"elementor-element elementor-element-7dcb4c2 elementor-widget__width-inherit elementor-widget elementor-widget-html\" data-id=\"7dcb4c2\" data-element_type=\"widget\" data-e-type=\"widget\" data-widget_type=\"html.default\">\n\t\t\t\t<div class=\"elementor-widget-container\">\n\t\t\t\t\t<link rel=\"stylesheet\" type=\"text\/css\" href=\"https:\/\/esportscubil.com\/style\/style.css\">\r\n<div id=\"contenidoLogin\"><\/div>\r\n<div id=\"contenidoTienda\"><\/div> \r\n\r\n<script src=\"https:\/\/esportscubil.com\/Panel\/Scripts\/jquery.js\" type=\"text\/javascript\"><\/script>\r\n<script src=\"https:\/\/esportscubil.com\/Panel\/Scripts\/jquery-ui.min.js\" type=\"text\/javascript\"><\/script>\r\n<script src=\"https:\/\/esportscubil.com\/js\/General.js\" type=\"text\/javascript\"><\/script>\r\n<script type=\"text\/javascript\" src=\"https:\/\/esportscubil.com\/js\/ArcBasic.js\"><span data-mce-type=\"bookmark\" style=\"display: inline-block; width: 0px; overflow: hidden; line-height: 0;\" class=\"mce_SELRES_start\">?<\/span><\/script>\r\n<script>\r\nEnvioServidor({'idioma':'esp'}, 'https:\/\/esportscubil.com\/Servidor\/Paso1.php', 'contenidoTienda');\r\nEnvioServidor({'idioma':'esp'}, 'https:\/\/esportscubil.com\/Servidor\/login.php', 'contenidoLogin');\r\n<\/script>\r\n<div style=\"padding-top:200px;\"><\/div>\t\t\t\t<\/div>\n\t\t\t\t<\/div>\n\t\t\t\t\t<\/div>\n\t\t<\/div>\n\t\t\t\t\t<\/div>\n\t\t<\/section>\n\t\t\t\t<section class=\"elementor-section elementor-top-section elementor-element elementor-element-74ea1fb elementor-section-full_width elementor-section-height-default elementor-section-height-default\" data-id=\"74ea1fb\" data-element_type=\"section\" data-e-type=\"section\">\n\t\t\t\t\t\t<div class=\"elementor-container elementor-column-gap-default\">\n\t\t\t\t\t<div class=\"elementor-column elementor-col-25 elementor-top-column elementor-element elementor-element-70a183d\" data-id=\"70a183d\" data-element_type=\"column\" data-e-type=\"column\">\n\t\t\t<div class=\"elementor-widget-wrap\">\n\t\t\t\t\t\t\t<\/div>\n\t\t<\/div>\n\t\t\t\t<div class=\"elementor-column elementor-col-50 elementor-top-column elementor-element elementor-element-99283f3\" data-id=\"99283f3\" data-element_type=\"column\" data-e-type=\"column\">\n\t\t\t<div class=\"elementor-widget-wrap elementor-element-populated\">\n\t\t\t\t\t\t<div class=\"elementor-element elementor-element-6664b22 elementor-widget elementor-widget-text-editor\" data-id=\"6664b22\" data-element_type=\"widget\" data-e-type=\"widget\" data-widget_type=\"text-editor.default\">\n\t\t\t\t<div class=\"elementor-widget-container\">\n\t\t\t\t\t\t\t\t\t<p>Ubicada en la parroquia de Canillo, muy cerca de la estaci\u00f3n de esqu\u00ed de Grandvalira (a solo 1,8 km del sector del Tarter, a 4,5 km del sector de Soldeu de Grandvalira o a 3,2 km del sector de Canillo).<\/p>\t\t\t\t\t\t\t\t<\/div>\n\t\t\t\t<\/div>\n\t\t\t\t\t<\/div>\n\t\t<\/div>\n\t\t\t\t<div class=\"elementor-column elementor-col-25 elementor-top-column elementor-element elementor-element-ee9e2d4\" data-id=\"ee9e2d4\" data-element_type=\"column\" data-e-type=\"column\">\n\t\t\t<div class=\"elementor-widget-wrap\">\n\t\t\t\t\t\t\t<\/div>\n\t\t<\/div>\n\t\t\t\t\t<\/div>\n\t\t<\/section>\n\t\t\t\t<section class=\"elementor-section elementor-top-section elementor-element elementor-element-b2b58bc elementor-section-full_width elementor-section-height-default elementor-section-height-default\" data-id=\"b2b58bc\" data-element_type=\"section\" data-e-type=\"section\" data-settings=\"{&quot;background_background&quot;:&quot;classic&quot;}\">\n\t\t\t\t\t\t<div class=\"elementor-container elementor-column-gap-default\">\n\t\t\t\t\t<div class=\"elementor-column elementor-col-25 elementor-top-column elementor-element elementor-element-1d3fa2e\" data-id=\"1d3fa2e\" data-element_type=\"column\" data-e-type=\"column\">\n\t\t\t<div class=\"elementor-widget-wrap\">\n\t\t\t\t\t\t\t<\/div>\n\t\t<\/div>\n\t\t\t\t<div class=\"elementor-column elementor-col-50 elementor-top-column elementor-element elementor-element-3d47441\" data-id=\"3d47441\" data-element_type=\"column\" data-e-type=\"column\">\n\t\t\t<div class=\"elementor-widget-wrap elementor-element-populated\">\n\t\t\t\t\t\t<div class=\"elementor-element elementor-element-02bbd9f elementor-widget elementor-widget-heading\" data-id=\"02bbd9f\" data-element_type=\"widget\" data-e-type=\"widget\" data-widget_type=\"heading.default\">\n\t\t\t\t<div class=\"elementor-widget-container\">\n\t\t\t\t\t<h2 class=\"elementor-heading-title elementor-size-default\">Expertos en alquiler de equipamiento de esqu\u00ed y snowboard<\/h2>\t\t\t\t<\/div>\n\t\t\t\t<\/div>\n\t\t\t\t\t<\/div>\n\t\t<\/div>\n\t\t\t\t<div class=\"elementor-column elementor-col-25 elementor-top-column elementor-element elementor-element-2cd62a1\" data-id=\"2cd62a1\" data-element_type=\"column\" data-e-type=\"column\">\n\t\t\t<div class=\"elementor-widget-wrap\">\n\t\t\t\t\t\t\t<\/div>\n\t\t<\/div>\n\t\t\t\t\t<\/div>\n\t\t<\/section>\n\t\t\t\t<section class=\"elementor-section elementor-top-section elementor-element elementor-element-b696138 elementor-section-full_width elementor-section-height-default elementor-section-height-default\" data-id=\"b696138\" data-element_type=\"section\" data-e-type=\"section\">\n\t\t\t\t\t\t<div class=\"elementor-container elementor-column-gap-default\">\n\t\t\t\t\t<div class=\"elementor-column elementor-col-25 elementor-top-column elementor-element elementor-element-a69cc4c\" data-id=\"a69cc4c\" data-element_type=\"column\" data-e-type=\"column\">\n\t\t\t<div class=\"elementor-widget-wrap\">\n\t\t\t\t\t\t\t<\/div>\n\t\t<\/div>\n\t\t\t\t<div class=\"elementor-column elementor-col-50 elementor-top-column elementor-element elementor-element-f08d19c\" data-id=\"f08d19c\" data-element_type=\"column\" data-e-type=\"column\">\n\t\t\t<div class=\"elementor-widget-wrap elementor-element-populated\">\n\t\t\t\t\t\t<div class=\"elementor-element elementor-element-2f8f14f elementor-widget elementor-widget-text-editor\" data-id=\"2f8f14f\" data-element_type=\"widget\" data-e-type=\"widget\" data-widget_type=\"text-editor.default\">\n\t\t\t\t<div class=\"elementor-widget-container\">\n\t\t\t\t\t\t\t\t\t<p>Tanto si eres un esquiador profesional como si eres principiante, en nuestro servicio de alquiler encontrar\u00e1s lo que necesitas.<\/p>\t\t\t\t\t\t\t\t<\/div>\n\t\t\t\t<\/div>\n\t\t\t\t\t<\/div>\n\t\t<\/div>\n\t\t\t\t<div class=\"elementor-column elementor-col-25 elementor-top-column elementor-element elementor-element-e4aa8a7\" data-id=\"e4aa8a7\" data-element_type=\"column\" data-e-type=\"column\">\n\t\t\t<div class=\"elementor-widget-wrap\">\n\t\t\t\t\t\t\t<\/div>\n\t\t<\/div>\n\t\t\t\t\t<\/div>\n\t\t<\/section>\n\t\t\t\t<section class=\"elementor-section elementor-top-section elementor-element elementor-element-0acc062 elementor-section-full_width elementor-section-height-default elementor-section-height-default elementor-invisible\" data-id=\"0acc062\" data-element_type=\"section\" data-e-type=\"section\" data-settings=\"{&quot;background_background&quot;:&quot;classic&quot;,&quot;animation&quot;:&quot;zoomInUp&quot;}\">\n\t\t\t\t\t\t<div class=\"elementor-container elementor-column-gap-default\">\n\t\t\t\t\t<div class=\"elementor-column elementor-col-25 elementor-top-column elementor-element elementor-element-fcbd85c\" data-id=\"fcbd85c\" data-element_type=\"column\" data-e-type=\"column\">\n\t\t\t<div class=\"elementor-widget-wrap\">\n\t\t\t\t\t\t\t<\/div>\n\t\t<\/div>\n\t\t\t\t<div class=\"elementor-column elementor-col-50 elementor-top-column elementor-element elementor-element-9e099cd\" data-id=\"9e099cd\" data-element_type=\"column\" data-e-type=\"column\">\n\t\t\t<div class=\"elementor-widget-wrap elementor-element-populated\">\n\t\t\t\t\t\t<div class=\"elementor-element elementor-element-0fadc2d elementor-widget elementor-widget-heading\" data-id=\"0fadc2d\" data-element_type=\"widget\" data-e-type=\"widget\" data-widget_type=\"heading.default\">\n\t\t\t\t<div class=\"elementor-widget-container\">\n\t\t\t\t\t<h2 class=\"elementor-heading-title elementor-size-default\">5% de descuento<\/h2>\t\t\t\t<\/div>\n\t\t\t\t<\/div>\n\t\t\t\t\t<\/div>\n\t\t<\/div>\n\t\t\t\t<div class=\"elementor-column elementor-col-25 elementor-top-column elementor-element elementor-element-f1e896c\" data-id=\"f1e896c\" data-element_type=\"column\" data-e-type=\"column\">\n\t\t\t<div class=\"elementor-widget-wrap\">\n\t\t\t\t\t\t\t<\/div>\n\t\t<\/div>\n\t\t\t\t\t<\/div>\n\t\t<\/section>\n\t\t\t\t<section class=\"elementor-section elementor-top-section elementor-element elementor-element-f353da9 elementor-section-full_width elementor-section-height-default elementor-section-height-default\" data-id=\"f353da9\" data-element_type=\"section\" data-e-type=\"section\">\n\t\t\t\t\t\t<div class=\"elementor-container elementor-column-gap-default\">\n\t\t\t\t\t<div class=\"elementor-column elementor-col-25 elementor-top-column elementor-element elementor-element-fd9a3af\" data-id=\"fd9a3af\" data-element_type=\"column\" data-e-type=\"column\">\n\t\t\t<div class=\"elementor-widget-wrap\">\n\t\t\t\t\t\t\t<\/div>\n\t\t<\/div>\n\t\t\t\t<div class=\"elementor-column elementor-col-50 elementor-top-column elementor-element elementor-element-a749595\" data-id=\"a749595\" data-element_type=\"column\" data-e-type=\"column\">\n\t\t\t<div class=\"elementor-widget-wrap elementor-element-populated\">\n\t\t\t\t\t\t<div class=\"elementor-element elementor-element-e076b57 elementor-widget elementor-widget-text-editor\" data-id=\"e076b57\" data-element_type=\"widget\" data-e-type=\"widget\" data-widget_type=\"text-editor.default\">\n\t\t\t\t<div class=\"elementor-widget-container\">\n\t\t\t\t\t\t\t\t\t<p>Reserva en l\u00ednea y disfruta de un 5% de descuento sobre nuestros precios ya rebajados.<\/p><p>Tu equipamiento, listo para tu llegada.<\/p><p>Preparamos todo tu equipo de esqu\u00ed con antelaci\u00f3n, y si necesitas un cambio, lo gestionamos sin ning\u00fan problema.<\/p><p>\u00a1Desde hace m\u00e1s de 50 a\u00f1os, Esports Cubil est\u00e1 al servicio de los esquiadores!<\/p><p>\u00a0<\/p>\t\t\t\t\t\t\t\t<\/div>\n\t\t\t\t<\/div>\n\t\t\t\t\t<\/div>\n\t\t<\/div>\n\t\t\t\t<div class=\"elementor-column elementor-col-25 elementor-top-column elementor-element elementor-element-1fb7bcb\" data-id=\"1fb7bcb\" data-element_type=\"column\" data-e-type=\"column\">\n\t\t\t<div class=\"elementor-widget-wrap\">\n\t\t\t\t\t\t\t<\/div>\n\t\t<\/div>\n\t\t\t\t\t<\/div>\n\t\t<\/section>\n\t\t\t\t<section class=\"elementor-section elementor-top-section elementor-element elementor-element-143a237 elementor-section-full_width elementor-section-height-default elementor-section-height-default\" data-id=\"143a237\" data-element_type=\"section\" data-e-type=\"section\">\n\t\t\t\t\t\t<div class=\"elementor-container elementor-column-gap-default\">\n\t\t\t\t\t<div class=\"elementor-column elementor-col-100 elementor-top-column elementor-element elementor-element-ab652fb\" data-id=\"ab652fb\" data-element_type=\"column\" data-e-type=\"column\">\n\t\t\t<div class=\"elementor-widget-wrap elementor-element-populated\">\n\t\t\t\t\t\t<div class=\"elementor-element elementor-element-342e54f elementor-widget elementor-widget-text-editor\" data-id=\"342e54f\" data-element_type=\"widget\" data-e-type=\"widget\" data-widget_type=\"text-editor.default\">\n\t\t\t\t<div class=\"elementor-widget-container\">\n\t\t\t\t\t\t\t\t\t<p>Ubicado en la parroquia de Canillo, muy cerca de la estaci\u00f3n de esqu\u00ed de <strong>Grandvalira (a solo 1,8 km del sector del Tarter, 4,5 km del sector de Soldeu y 3,2 km del sector de Canillo)<\/strong>, encontrar\u00e1s todo lo que necesites y m\u00e1s para disfrutar de tu d\u00eda de esqu\u00ed en Andorra.<\/p>\t\t\t\t\t\t\t\t<\/div>\n\t\t\t\t<\/div>\n\t\t\t\t<div class=\"elementor-element elementor-element-85fa5a5 elementor-widget__width-inherit elementor-widget elementor-widget-html\" data-id=\"85fa5a5\" data-element_type=\"widget\" data-e-type=\"widget\" data-widget_type=\"html.default\">\n\t\t\t\t<div class=\"elementor-widget-container\">\n\t\t\t\t\t<iframe src=\"https:\/\/www.google.com\/maps\/embed?pb=!1m18!1m12!1m3!1d2937.9192111582897!2d1.6269003752231468!3d42.57823722129106!2m3!1f0!2f0!3f0!3m2!1i1024!2i768!4f13.1!3m3!1m2!1s0x12af6252d190ce37%3A0x748260505d013bd!2sESPORTS%20CUBIL!5e0!3m2!1ses!2sad!4v1733736778879!5m2!1ses!2sad\" width=\"600\" height=\"450\" style=\"border:0;\" allowfullscreen=\"\" loading=\"lazy\" referrerpolicy=\"no-referrer-when-downgrade\"><\/iframe>\t\t\t\t<\/div>\n\t\t\t\t<\/div>\n\t\t\t\t\t<\/div>\n\t\t<\/div>\n\t\t\t\t\t<\/div>\n\t\t<\/section>\n\t\t\t\t<\/div>\n\t\t","protected":false},"excerpt":{"rendered":"<p>Alquiler de esqu\u00ed y snowboard Esports Cubil &nbsp; Ubicado en la parroquia de Canillo, muy cerca de la estaci\u00f3n de esqu\u00ed de Grandvalira ( a s\u00f3lo 1,8 km del sector del Tarter, a 4,5 km del sector de Soldeu de Grandvalira o bien a 3,2 kilometros del sector de Canillo). Expertos en alquiler de equipos&#8230;<\/p>\n","protected":false},"author":6,"featured_media":12131,"parent":12158,"menu_order":0,"comment_status":"closed","ping_status":"closed","template":"","meta":{"_kadence_starter_templates_imported_post":true,"_kad_post_transparent":"default","_kad_post_title":"hide","_kad_post_layout":"fullwidth","_kad_post_sidebar_id":"","_kad_post_content_style":"unboxed","_kad_post_vertical_padding":"hide","_kad_post_feature":"hide","_kad_post_feature_position":"","_kad_post_header":false,"_kad_post_footer":false,"_kad_post_classname":"","footnotes":""},"class_list":["post-12161","page","type-page","status-publish","has-post-thumbnail","hentry"],"yoast_head":"<!-- This site is optimized with the Yoast SEO plugin v27.3 - https:\/\/yoast.com\/product\/yoast-seo-wordpress\/ -->\n<title>Alquiler online esqu\u00ed y snowboard | Esports Cubil | Andorra<\/title>\n<meta name=\"description\" content=\"Si buscas la comodidad de un alquiler de esqu\u00ed online y econ\u00f3mico y cerca del sector de El Tarter de Grandvalira, ven a Esports Cubil.\" \/>\n<meta name=\"robots\" content=\"index, follow, max-snippet:-1, max-image-preview:large, max-video-preview:-1\" \/>\n<link rel=\"canonical\" href=\"https:\/\/esportscubil.com\/es\/alquiler-esquis\/online\/\" \/>\n<meta property=\"og:locale\" content=\"es_ES\" \/>\n<meta property=\"og:type\" content=\"article\" \/>\n<meta property=\"og:title\" content=\"Alquiler online esqu\u00ed y snowboard | Esports Cubil | Andorra\" \/>\n<meta property=\"og:description\" content=\"Si buscas la comodidad de un alquiler de esqu\u00ed online y econ\u00f3mico y cerca del sector de El Tarter de Grandvalira, ven a Esports Cubil.\" \/>\n<meta property=\"og:url\" content=\"https:\/\/esportscubil.com\/es\/alquiler-esquis\/online\/\" \/>\n<meta property=\"og:site_name\" content=\"Esports Cubil\" \/>\n<meta property=\"article:publisher\" content=\"https:\/\/www.facebook.com\/esportscubil\" \/>\n<meta property=\"article:modified_time\" content=\"2025-10-17T08:26:22+00:00\" \/>\n<meta property=\"og:image\" content=\"https:\/\/esportscubil.com\/wp-content\/uploads\/2024\/12\/lloguer-esquis-esportscubil.webp\" \/>\n\t<meta property=\"og:image:width\" content=\"2000\" \/>\n\t<meta property=\"og:image:height\" content=\"1200\" \/>\n\t<meta property=\"og:image:type\" content=\"image\/webp\" \/>\n<script type=\"application\/ld+json\" class=\"yoast-schema-graph\">{\"@context\":\"https:\\\/\\\/schema.org\",\"@graph\":[{\"@type\":\"WebPage\",\"@id\":\"https:\\\/\\\/esportscubil.com\\\/es\\\/alquiler-esquis\\\/online\\\/\",\"url\":\"https:\\\/\\\/esportscubil.com\\\/es\\\/alquiler-esquis\\\/online\\\/\",\"name\":\"Alquiler online esqu\u00ed y snowboard | Esports Cubil | Andorra\",\"isPartOf\":{\"@id\":\"https:\\\/\\\/esportscubil.com\\\/es\\\/#website\"},\"primaryImageOfPage\":{\"@id\":\"https:\\\/\\\/esportscubil.com\\\/es\\\/alquiler-esquis\\\/online\\\/#primaryimage\"},\"image\":{\"@id\":\"https:\\\/\\\/esportscubil.com\\\/es\\\/alquiler-esquis\\\/online\\\/#primaryimage\"},\"thumbnailUrl\":\"https:\\\/\\\/esportscubil.com\\\/wp-content\\\/uploads\\\/2024\\\/12\\\/lloguer-esquis-esportscubil.webp\",\"datePublished\":\"2024-12-10T16:43:21+00:00\",\"dateModified\":\"2025-10-17T08:26:22+00:00\",\"description\":\"Si buscas la comodidad de un alquiler de esqu\u00ed online y econ\u00f3mico y cerca del sector de El Tarter de Grandvalira, ven a Esports Cubil.\",\"breadcrumb\":{\"@id\":\"https:\\\/\\\/esportscubil.com\\\/es\\\/alquiler-esquis\\\/online\\\/#breadcrumb\"},\"inLanguage\":\"es\",\"potentialAction\":[{\"@type\":\"ReadAction\",\"target\":[\"https:\\\/\\\/esportscubil.com\\\/es\\\/alquiler-esquis\\\/online\\\/\"]}]},{\"@type\":\"ImageObject\",\"inLanguage\":\"es\",\"@id\":\"https:\\\/\\\/esportscubil.com\\\/es\\\/alquiler-esquis\\\/online\\\/#primaryimage\",\"url\":\"https:\\\/\\\/esportscubil.com\\\/wp-content\\\/uploads\\\/2024\\\/12\\\/lloguer-esquis-esportscubil.webp\",\"contentUrl\":\"https:\\\/\\\/esportscubil.com\\\/wp-content\\\/uploads\\\/2024\\\/12\\\/lloguer-esquis-esportscubil.webp\",\"width\":2000,\"height\":1200},{\"@type\":\"BreadcrumbList\",\"@id\":\"https:\\\/\\\/esportscubil.com\\\/es\\\/alquiler-esquis\\\/online\\\/#breadcrumb\",\"itemListElement\":[{\"@type\":\"ListItem\",\"position\":1,\"name\":\"Inici\",\"item\":\"https:\\\/\\\/esportscubil.com\\\/es\\\/\"},{\"@type\":\"ListItem\",\"position\":2,\"name\":\"Alquiler\",\"item\":\"https:\\\/\\\/esportscubil.com\\\/es\\\/alquiler-esquis\\\/\"},{\"@type\":\"ListItem\",\"position\":3,\"name\":\"Alquiler de esqu\u00ed online\"}]},{\"@type\":\"WebSite\",\"@id\":\"https:\\\/\\\/esportscubil.com\\\/es\\\/#website\",\"url\":\"https:\\\/\\\/esportscubil.com\\\/es\\\/\",\"name\":\"esportscubil.com\",\"description\":\"La llar de les botes d\u2019esqu\u00ed a Andorra.\",\"publisher\":{\"@id\":\"https:\\\/\\\/esportscubil.com\\\/es\\\/#organization\"},\"alternateName\":\"cubil\",\"potentialAction\":[{\"@type\":\"SearchAction\",\"target\":{\"@type\":\"EntryPoint\",\"urlTemplate\":\"https:\\\/\\\/esportscubil.com\\\/es\\\/?s={search_term_string}\"},\"query-input\":{\"@type\":\"PropertyValueSpecification\",\"valueRequired\":true,\"valueName\":\"search_term_string\"}}],\"inLanguage\":\"es\"},{\"@type\":\"Organization\",\"@id\":\"https:\\\/\\\/esportscubil.com\\\/es\\\/#organization\",\"name\":\"Esports Cubil\",\"alternateName\":\"La llar de les botes d'esqu\u00ed i del bootfitting a Andorra\",\"url\":\"https:\\\/\\\/esportscubil.com\\\/es\\\/\",\"logo\":{\"@type\":\"ImageObject\",\"inLanguage\":\"es\",\"@id\":\"https:\\\/\\\/esportscubil.com\\\/es\\\/#\\\/schema\\\/logo\\\/image\\\/\",\"url\":\"https:\\\/\\\/esportscubil.com\\\/wp-content\\\/uploads\\\/2021\\\/10\\\/cropped-imatge-perfil-XXSS-1.jpg\",\"contentUrl\":\"https:\\\/\\\/esportscubil.com\\\/wp-content\\\/uploads\\\/2021\\\/10\\\/cropped-imatge-perfil-XXSS-1.jpg\",\"width\":512,\"height\":512,\"caption\":\"Esports Cubil\"},\"image\":{\"@id\":\"https:\\\/\\\/esportscubil.com\\\/es\\\/#\\\/schema\\\/logo\\\/image\\\/\"},\"sameAs\":[\"https:\\\/\\\/www.facebook.com\\\/esportscubil\",\"https:\\\/\\\/www.instagram.com\\\/esportscubil\\\/\"]}]}<\/script>\n<!-- \/ Yoast SEO plugin. -->","yoast_head_json":{"title":"Alquiler online esqu\u00ed y snowboard | Esports Cubil | Andorra","description":"Si buscas la comodidad de un alquiler de esqu\u00ed online y econ\u00f3mico y cerca del sector de El Tarter de Grandvalira, ven a Esports Cubil.","robots":{"index":"index","follow":"follow","max-snippet":"max-snippet:-1","max-image-preview":"max-image-preview:large","max-video-preview":"max-video-preview:-1"},"canonical":"https:\/\/esportscubil.com\/es\/alquiler-esquis\/online\/","og_locale":"es_ES","og_type":"article","og_title":"Alquiler online esqu\u00ed y snowboard | Esports Cubil | Andorra","og_description":"Si buscas la comodidad de un alquiler de esqu\u00ed online y econ\u00f3mico y cerca del sector de El Tarter de Grandvalira, ven a Esports Cubil.","og_url":"https:\/\/esportscubil.com\/es\/alquiler-esquis\/online\/","og_site_name":"Esports Cubil","article_publisher":"https:\/\/www.facebook.com\/esportscubil","article_modified_time":"2025-10-17T08:26:22+00:00","og_image":[{"width":2000,"height":1200,"url":"https:\/\/esportscubil.com\/wp-content\/uploads\/2024\/12\/lloguer-esquis-esportscubil.webp","type":"image\/webp"}],"schema":{"@context":"https:\/\/schema.org","@graph":[{"@type":"WebPage","@id":"https:\/\/esportscubil.com\/es\/alquiler-esquis\/online\/","url":"https:\/\/esportscubil.com\/es\/alquiler-esquis\/online\/","name":"Alquiler online esqu\u00ed y snowboard | Esports Cubil | Andorra","isPartOf":{"@id":"https:\/\/esportscubil.com\/es\/#website"},"primaryImageOfPage":{"@id":"https:\/\/esportscubil.com\/es\/alquiler-esquis\/online\/#primaryimage"},"image":{"@id":"https:\/\/esportscubil.com\/es\/alquiler-esquis\/online\/#primaryimage"},"thumbnailUrl":"https:\/\/esportscubil.com\/wp-content\/uploads\/2024\/12\/lloguer-esquis-esportscubil.webp","datePublished":"2024-12-10T16:43:21+00:00","dateModified":"2025-10-17T08:26:22+00:00","description":"Si buscas la comodidad de un alquiler de esqu\u00ed online y econ\u00f3mico y cerca del sector de El Tarter de Grandvalira, ven a Esports Cubil.","breadcrumb":{"@id":"https:\/\/esportscubil.com\/es\/alquiler-esquis\/online\/#breadcrumb"},"inLanguage":"es","potentialAction":[{"@type":"ReadAction","target":["https:\/\/esportscubil.com\/es\/alquiler-esquis\/online\/"]}]},{"@type":"ImageObject","inLanguage":"es","@id":"https:\/\/esportscubil.com\/es\/alquiler-esquis\/online\/#primaryimage","url":"https:\/\/esportscubil.com\/wp-content\/uploads\/2024\/12\/lloguer-esquis-esportscubil.webp","contentUrl":"https:\/\/esportscubil.com\/wp-content\/uploads\/2024\/12\/lloguer-esquis-esportscubil.webp","width":2000,"height":1200},{"@type":"BreadcrumbList","@id":"https:\/\/esportscubil.com\/es\/alquiler-esquis\/online\/#breadcrumb","itemListElement":[{"@type":"ListItem","position":1,"name":"Inici","item":"https:\/\/esportscubil.com\/es\/"},{"@type":"ListItem","position":2,"name":"Alquiler","item":"https:\/\/esportscubil.com\/es\/alquiler-esquis\/"},{"@type":"ListItem","position":3,"name":"Alquiler de esqu\u00ed online"}]},{"@type":"WebSite","@id":"https:\/\/esportscubil.com\/es\/#website","url":"https:\/\/esportscubil.com\/es\/","name":"esportscubil.com","description":"La llar de les botes d\u2019esqu\u00ed a Andorra.","publisher":{"@id":"https:\/\/esportscubil.com\/es\/#organization"},"alternateName":"cubil","potentialAction":[{"@type":"SearchAction","target":{"@type":"EntryPoint","urlTemplate":"https:\/\/esportscubil.com\/es\/?s={search_term_string}"},"query-input":{"@type":"PropertyValueSpecification","valueRequired":true,"valueName":"search_term_string"}}],"inLanguage":"es"},{"@type":"Organization","@id":"https:\/\/esportscubil.com\/es\/#organization","name":"Esports Cubil","alternateName":"La llar de les botes d'esqu\u00ed i del bootfitting a Andorra","url":"https:\/\/esportscubil.com\/es\/","logo":{"@type":"ImageObject","inLanguage":"es","@id":"https:\/\/esportscubil.com\/es\/#\/schema\/logo\/image\/","url":"https:\/\/esportscubil.com\/wp-content\/uploads\/2021\/10\/cropped-imatge-perfil-XXSS-1.jpg","contentUrl":"https:\/\/esportscubil.com\/wp-content\/uploads\/2021\/10\/cropped-imatge-perfil-XXSS-1.jpg","width":512,"height":512,"caption":"Esports Cubil"},"image":{"@id":"https:\/\/esportscubil.com\/es\/#\/schema\/logo\/image\/"},"sameAs":["https:\/\/www.facebook.com\/esportscubil","https:\/\/www.instagram.com\/esportscubil\/"]}]}},"_links":{"self":[{"href":"https:\/\/esportscubil.com\/es\/wp-json\/wp\/v2\/pages\/12161","targetHints":{"allow":["GET"]}}],"collection":[{"href":"https:\/\/esportscubil.com\/es\/wp-json\/wp\/v2\/pages"}],"about":[{"href":"https:\/\/esportscubil.com\/es\/wp-json\/wp\/v2\/types\/page"}],"author":[{"embeddable":true,"href":"https:\/\/esportscubil.com\/es\/wp-json\/wp\/v2\/users\/6"}],"replies":[{"embeddable":true,"href":"https:\/\/esportscubil.com\/es\/wp-json\/wp\/v2\/comments?post=12161"}],"version-history":[{"count":5,"href":"https:\/\/esportscubil.com\/es\/wp-json\/wp\/v2\/pages\/12161\/revisions"}],"predecessor-version":[{"id":13513,"href":"https:\/\/esportscubil.com\/es\/wp-json\/wp\/v2\/pages\/12161\/revisions\/13513"}],"up":[{"embeddable":true,"href":"https:\/\/esportscubil.com\/es\/wp-json\/wp\/v2\/pages\/12158"}],"wp:featuredmedia":[{"embeddable":true,"href":"https:\/\/esportscubil.com\/es\/wp-json\/wp\/v2\/media\/12131"}],"wp:attachment":[{"href":"https:\/\/esportscubil.com\/es\/wp-json\/wp\/v2\/media?parent=12161"}],"curies":[{"name":"wp","href":"https:\/\/api.w.org\/{rel}","templated":true}]}}