{"id":12275,"date":"2023-08-28T17:18:57","date_gmt":"2023-08-28T15:18:57","guid":{"rendered":"https:\/\/esportscubil.com\/politica-de-cookies\/"},"modified":"2025-03-06T12:16:57","modified_gmt":"2025-03-06T11:16:57","slug":"politica-cookies","status":"publish","type":"page","link":"https:\/\/esportscubil.com\/es\/politica-cookies\/","title":{"rendered":"Pol\u00edtica de cookies"},"content":{"rendered":"\t\t<div data-elementor-type=\"wp-page\" data-elementor-id=\"12275\" class=\"elementor elementor-12275 elementor-7302\">\n\t\t\t\t\t\t<section class=\"elementor-section elementor-top-section elementor-element elementor-element-2ed6a4a elementor-section-full_width elementor-section-height-default elementor-section-height-default\" data-id=\"2ed6a4a\" data-element_type=\"section\" data-e-type=\"section\" data-settings=\"{&quot;background_background&quot;:&quot;classic&quot;}\">\n\t\t\t\t\t\t\t<div class=\"elementor-background-overlay\"><\/div>\n\t\t\t\t\t\t\t<div class=\"elementor-container elementor-column-gap-default\">\n\t\t\t\t\t<div class=\"elementor-column elementor-col-100 elementor-top-column elementor-element elementor-element-42dc60e\" data-id=\"42dc60e\" data-element_type=\"column\" data-e-type=\"column\">\n\t\t\t<div class=\"elementor-widget-wrap\">\n\t\t\t\t\t\t\t<\/div>\n\t\t<\/div>\n\t\t\t\t\t<\/div>\n\t\t<\/section>\n\t\t\t\t<section class=\"elementor-section elementor-top-section elementor-element elementor-element-f33ccaf elementor-section-full_width elementor-section-height-default elementor-section-height-default\" data-id=\"f33ccaf\" data-element_type=\"section\" data-e-type=\"section\">\n\t\t\t\t\t\t<div class=\"elementor-container elementor-column-gap-default\">\n\t\t\t\t\t<div class=\"elementor-column elementor-col-25 elementor-top-column elementor-element elementor-element-bc704a7\" data-id=\"bc704a7\" data-element_type=\"column\" data-e-type=\"column\">\n\t\t\t<div class=\"elementor-widget-wrap\">\n\t\t\t\t\t\t\t<\/div>\n\t\t<\/div>\n\t\t\t\t<div class=\"elementor-column elementor-col-50 elementor-top-column elementor-element elementor-element-e443196\" data-id=\"e443196\" data-element_type=\"column\" data-e-type=\"column\">\n\t\t\t<div class=\"elementor-widget-wrap elementor-element-populated\">\n\t\t\t\t\t\t<div class=\"elementor-element elementor-element-932dca3 elementor-widget elementor-widget-heading\" data-id=\"932dca3\" data-element_type=\"widget\" data-e-type=\"widget\" data-widget_type=\"heading.default\">\n\t\t\t\t<div class=\"elementor-widget-container\">\n\t\t\t\t\t<h2 class=\"elementor-heading-title elementor-size-default\">Pol\u00edtica de Cookies<\/h2>\t\t\t\t<\/div>\n\t\t\t\t<\/div>\n\t\t\t\t<div class=\"elementor-element elementor-element-6e0d3f8 elementor-widget elementor-widget-text-editor\" data-id=\"6e0d3f8\" data-element_type=\"widget\" data-e-type=\"widget\" data-widget_type=\"text-editor.default\">\n\t\t\t\t<div class=\"elementor-widget-container\">\n\t\t\t\t\t\t\t\t\t<h5>Fem servir cookies<\/h5><p>Fem servir cookies de seguiment per millorar la teva experi\u00e8ncia de navegaci\u00f3 al nostre lloc web, per mostrar-te contingut personalitzat i anuncis interessants per a tu, per analitzar el nostre tr\u00e0fic i entendre d&#8217;on venen els nostres visitants.<\/p><p>La vostra privacitat \u00e9s important per nosaltres<\/p><p>Les cookies s\u00f3n uns arxius de text molt petits que es guarden al vostre ordinador quan visiteu un lloc web. Fem servir cookies per una varietat de finalitats i millorar la vostra experi\u00e8ncia al nostre lloc web (per exemple, per recordar les vostres credencials).<\/p><p>Pot canviar les vostres prefer\u00e8ncies i rebutjar l&#8217;emmagatzematge al vostre ordinador de certs tipus de cookies mentres navega pel nostre web. Pot eliminar qualsevol cookie ja emmagatzemada al vostre ordinador, per\u00f2 tingui en compte que eliminar cookies pot impedir que faci servir parts del nostre lloc web.<\/p><h6>Cookies estrictament necess\u00e0ries<\/h6><p>Aquestes cookies s\u00f3n essencials per oferir-vos el nostres serveis i funcionalitats al nostre lloc web.<\/p><p>Sense aquestes cookies, no us podem oferir alguns serveis.<\/p><p>Sempre actiu<\/p><h6>Cookies de funcionalitat<\/h6><p>Aquestes cookies ens permeten oferir-vos una experi\u00e8ncia personalitzada i recordar la vostra configuraci\u00f3 quan feu servir el nostre lloc web.<\/p><p>Per exemple, podem fer servir funcionalitat per recordar el vostre idioma o les vostres credencials.<\/p><p>Inactiu<\/p><h6>Cookies de seguiment i rendiment<\/h6><p>Aquestes cookies es fan servir per recollir informaci\u00f3, analitzar el tr\u00e0fic i veure com es fa servir el nostre lloc web.<\/p><p>Per exemple, aquestes cookies podrien fer el seguiment de quant de temps visiteu el nostre web o quines p\u00e0gines visiteu les quals ens poden ajudar a entendre com millorar el lloc web per vosaltres.<\/p><p>La informaci\u00f3 recollida gr\u00e0cies a aquestes cookies de seguiment i rendiment no us identifiquen de forma individual.<\/p><p>Inactiu<\/p><h6>Cookies de publicitat i focalitzaci\u00f3<\/h6><p>Aquestes cookies es fan servir per mostrar anuncis que poden ser del vostre inter\u00e9s basats en els vostres h\u00e0bits d&#8217;us.<\/p><p>Aquestes cookies, servides tal i com ho fan els nostres prove\u00efdors de publicitat i contingut, poden combinar informaci\u00f3 recollida al nostre lloc web amb altra informaci\u00f3 que hagin recollit independentment relacionada amb activitat a la seva xarxa de llocs web.<\/p><p>Si vost\u00e9 decideix eliminar o deshabilitat aquestes cookies, encara veur\u00e0 publicitat per\u00f2 aquesta pot no ser rellevant per vost\u00e9.<\/p><p>Inactiu<\/p><h6>M\u00e9s informaci\u00f3<\/h6><p>Per qualsevol pregunta relacionada amb la nostra pol\u00edtica de cookies i les vostres opcions, si us plau <a href=\"https:\/\/esportscubil.com\/contacta\/\">contacta&#8217;ns<\/a>.<\/p><p>Per saber m\u00e9s, si us plau visiti la nostra <a href=\"https:\/\/esportscubil.com\/politica-de-privacitat\/\">Pol\u00edtica de privacitat.<\/a><\/p>\t\t\t\t\t\t\t\t<\/div>\n\t\t\t\t<\/div>\n\t\t\t\t\t<\/div>\n\t\t<\/div>\n\t\t\t\t<div class=\"elementor-column elementor-col-25 elementor-top-column elementor-element elementor-element-934836f\" data-id=\"934836f\" data-element_type=\"column\" data-e-type=\"column\">\n\t\t\t<div class=\"elementor-widget-wrap\">\n\t\t\t\t\t\t\t<\/div>\n\t\t<\/div>\n\t\t\t\t\t<\/div>\n\t\t<\/section>\n\t\t\t\t<\/div>\n\t\t","protected":false},"excerpt":{"rendered":"<p>Pol\u00edtica de Cookies Utilizamos cookies Utilizamos cookies de seguimiento para mejorar tu experiencia de navegaci\u00f3n en nuestro sitio web, para mostrarte contenido personalizado y anuncios interesantes para ti, para analizar nuestro tr\u00e1fico y entender de d\u00f3nde vienen nuestros visitantes. Tu privacidad es importante para nosotros Las cookies son unos archivos de texto muy peque\u00f1os que&#8230;<\/p>\n","protected":false},"author":6,"featured_media":11852,"parent":0,"menu_order":0,"comment_status":"closed","ping_status":"closed","template":"elementor_theme","meta":{"_kadence_starter_templates_imported_post":false,"_kad_post_transparent":"default","_kad_post_title":"default","_kad_post_layout":"default","_kad_post_sidebar_id":"","_kad_post_content_style":"default","_kad_post_vertical_padding":"default","_kad_post_feature":"","_kad_post_feature_position":"","_kad_post_header":false,"_kad_post_footer":false,"_kad_post_classname":"","footnotes":""},"class_list":["post-12275","page","type-page","status-publish","has-post-thumbnail","hentry"],"yoast_head":"<!-- This site is optimized with the Yoast SEO plugin v27.4 - https:\/\/yoast.com\/product\/yoast-seo-wordpress\/ -->\n<title>Pol\u00edtica de Cookies | Esports Cubil SLU | Grandvalira Andorra<\/title>\n<meta name=\"description\" content=\"POL\u00cdTICA DE COOKIES. ESPORTS CUBIL SLU utiliza diferentes cookies durante la navegaci\u00f3n del sitio web y la realizaci\u00f3n de las reservas.\" \/>\n<meta name=\"robots\" content=\"index, follow, max-snippet:-1, max-image-preview:large, max-video-preview:-1\" \/>\n<link rel=\"canonical\" href=\"https:\/\/esportscubil.com\/es\/politica-cookies\/\" \/>\n<meta property=\"og:locale\" content=\"es_ES\" \/>\n<meta property=\"og:type\" content=\"article\" \/>\n<meta property=\"og:title\" content=\"Pol\u00edtica de Cookies | Esports Cubil SLU | Grandvalira Andorra\" \/>\n<meta property=\"og:description\" content=\"POL\u00cdTICA DE COOKIES. ESPORTS CUBIL SLU utiliza diferentes cookies durante la navegaci\u00f3n del sitio web y la realizaci\u00f3n de las reservas.\" \/>\n<meta property=\"og:url\" content=\"https:\/\/esportscubil.com\/es\/politica-cookies\/\" \/>\n<meta property=\"og:site_name\" content=\"Esports Cubil\" \/>\n<meta property=\"article:publisher\" content=\"https:\/\/www.facebook.com\/esportscubil\" \/>\n<meta property=\"article:modified_time\" content=\"2025-03-06T11:16:57+00:00\" \/>\n<meta property=\"og:image\" content=\"https:\/\/esportscubil.com\/wp-content\/uploads\/2023\/09\/cookies-esportscubil.jpg\" \/>\n\t<meta property=\"og:image:width\" content=\"2000\" \/>\n\t<meta property=\"og:image:height\" content=\"1200\" \/>\n\t<meta property=\"og:image:type\" content=\"image\/jpeg\" \/>\n<script type=\"application\/ld+json\" class=\"yoast-schema-graph\">{\"@context\":\"https:\\\/\\\/schema.org\",\"@graph\":[{\"@type\":\"WebPage\",\"@id\":\"https:\\\/\\\/esportscubil.com\\\/es\\\/politica-cookies\\\/\",\"url\":\"https:\\\/\\\/esportscubil.com\\\/es\\\/politica-cookies\\\/\",\"name\":\"Pol\u00edtica de Cookies | Esports Cubil SLU | Grandvalira Andorra\",\"isPartOf\":{\"@id\":\"https:\\\/\\\/esportscubil.com\\\/es\\\/#website\"},\"primaryImageOfPage\":{\"@id\":\"https:\\\/\\\/esportscubil.com\\\/es\\\/politica-cookies\\\/#primaryimage\"},\"image\":{\"@id\":\"https:\\\/\\\/esportscubil.com\\\/es\\\/politica-cookies\\\/#primaryimage\"},\"thumbnailUrl\":\"https:\\\/\\\/esportscubil.com\\\/wp-content\\\/uploads\\\/2023\\\/09\\\/cookies-esportscubil.jpg\",\"datePublished\":\"2023-08-28T15:18:57+00:00\",\"dateModified\":\"2025-03-06T11:16:57+00:00\",\"description\":\"POL\u00cdTICA DE COOKIES. ESPORTS CUBIL SLU utiliza diferentes cookies durante la navegaci\u00f3n del sitio web y la realizaci\u00f3n de las reservas.\",\"breadcrumb\":{\"@id\":\"https:\\\/\\\/esportscubil.com\\\/es\\\/politica-cookies\\\/#breadcrumb\"},\"inLanguage\":\"es\",\"potentialAction\":[{\"@type\":\"ReadAction\",\"target\":[\"https:\\\/\\\/esportscubil.com\\\/es\\\/politica-cookies\\\/\"]}]},{\"@type\":\"ImageObject\",\"inLanguage\":\"es\",\"@id\":\"https:\\\/\\\/esportscubil.com\\\/es\\\/politica-cookies\\\/#primaryimage\",\"url\":\"https:\\\/\\\/esportscubil.com\\\/wp-content\\\/uploads\\\/2023\\\/09\\\/cookies-esportscubil.jpg\",\"contentUrl\":\"https:\\\/\\\/esportscubil.com\\\/wp-content\\\/uploads\\\/2023\\\/09\\\/cookies-esportscubil.jpg\",\"width\":2000,\"height\":1200},{\"@type\":\"BreadcrumbList\",\"@id\":\"https:\\\/\\\/esportscubil.com\\\/es\\\/politica-cookies\\\/#breadcrumb\",\"itemListElement\":[{\"@type\":\"ListItem\",\"position\":1,\"name\":\"Inici\",\"item\":\"https:\\\/\\\/esportscubil.com\\\/es\\\/\"},{\"@type\":\"ListItem\",\"position\":2,\"name\":\"Pol\u00edtica de cookies\"}]},{\"@type\":\"WebSite\",\"@id\":\"https:\\\/\\\/esportscubil.com\\\/es\\\/#website\",\"url\":\"https:\\\/\\\/esportscubil.com\\\/es\\\/\",\"name\":\"esportscubil.com\",\"description\":\"La llar de les botes d\u2019esqu\u00ed a Andorra.\",\"publisher\":{\"@id\":\"https:\\\/\\\/esportscubil.com\\\/es\\\/#organization\"},\"alternateName\":\"cubil\",\"potentialAction\":[{\"@type\":\"SearchAction\",\"target\":{\"@type\":\"EntryPoint\",\"urlTemplate\":\"https:\\\/\\\/esportscubil.com\\\/es\\\/?s={search_term_string}\"},\"query-input\":{\"@type\":\"PropertyValueSpecification\",\"valueRequired\":true,\"valueName\":\"search_term_string\"}}],\"inLanguage\":\"es\"},{\"@type\":\"Organization\",\"@id\":\"https:\\\/\\\/esportscubil.com\\\/es\\\/#organization\",\"name\":\"Esports Cubil\",\"alternateName\":\"La llar de les botes d'esqu\u00ed i del bootfitting a Andorra\",\"url\":\"https:\\\/\\\/esportscubil.com\\\/es\\\/\",\"logo\":{\"@type\":\"ImageObject\",\"inLanguage\":\"es\",\"@id\":\"https:\\\/\\\/esportscubil.com\\\/es\\\/#\\\/schema\\\/logo\\\/image\\\/\",\"url\":\"https:\\\/\\\/esportscubil.com\\\/wp-content\\\/uploads\\\/2021\\\/10\\\/cropped-imatge-perfil-XXSS-1.jpg\",\"contentUrl\":\"https:\\\/\\\/esportscubil.com\\\/wp-content\\\/uploads\\\/2021\\\/10\\\/cropped-imatge-perfil-XXSS-1.jpg\",\"width\":512,\"height\":512,\"caption\":\"Esports Cubil\"},\"image\":{\"@id\":\"https:\\\/\\\/esportscubil.com\\\/es\\\/#\\\/schema\\\/logo\\\/image\\\/\"},\"sameAs\":[\"https:\\\/\\\/www.facebook.com\\\/esportscubil\",\"https:\\\/\\\/www.instagram.com\\\/esportscubil\\\/\"]}]}<\/script>\n<!-- \/ Yoast SEO plugin. -->","yoast_head_json":{"title":"Pol\u00edtica de Cookies | Esports Cubil SLU | Grandvalira Andorra","description":"POL\u00cdTICA DE COOKIES. ESPORTS CUBIL SLU utiliza diferentes cookies durante la navegaci\u00f3n del sitio web y la realizaci\u00f3n de las reservas.","robots":{"index":"index","follow":"follow","max-snippet":"max-snippet:-1","max-image-preview":"max-image-preview:large","max-video-preview":"max-video-preview:-1"},"canonical":"https:\/\/esportscubil.com\/es\/politica-cookies\/","og_locale":"es_ES","og_type":"article","og_title":"Pol\u00edtica de Cookies | Esports Cubil SLU | Grandvalira Andorra","og_description":"POL\u00cdTICA DE COOKIES. ESPORTS CUBIL SLU utiliza diferentes cookies durante la navegaci\u00f3n del sitio web y la realizaci\u00f3n de las reservas.","og_url":"https:\/\/esportscubil.com\/es\/politica-cookies\/","og_site_name":"Esports Cubil","article_publisher":"https:\/\/www.facebook.com\/esportscubil","article_modified_time":"2025-03-06T11:16:57+00:00","og_image":[{"width":2000,"height":1200,"url":"https:\/\/esportscubil.com\/wp-content\/uploads\/2023\/09\/cookies-esportscubil.jpg","type":"image\/jpeg"}],"schema":{"@context":"https:\/\/schema.org","@graph":[{"@type":"WebPage","@id":"https:\/\/esportscubil.com\/es\/politica-cookies\/","url":"https:\/\/esportscubil.com\/es\/politica-cookies\/","name":"Pol\u00edtica de Cookies | Esports Cubil SLU | Grandvalira Andorra","isPartOf":{"@id":"https:\/\/esportscubil.com\/es\/#website"},"primaryImageOfPage":{"@id":"https:\/\/esportscubil.com\/es\/politica-cookies\/#primaryimage"},"image":{"@id":"https:\/\/esportscubil.com\/es\/politica-cookies\/#primaryimage"},"thumbnailUrl":"https:\/\/esportscubil.com\/wp-content\/uploads\/2023\/09\/cookies-esportscubil.jpg","datePublished":"2023-08-28T15:18:57+00:00","dateModified":"2025-03-06T11:16:57+00:00","description":"POL\u00cdTICA DE COOKIES. ESPORTS CUBIL SLU utiliza diferentes cookies durante la navegaci\u00f3n del sitio web y la realizaci\u00f3n de las reservas.","breadcrumb":{"@id":"https:\/\/esportscubil.com\/es\/politica-cookies\/#breadcrumb"},"inLanguage":"es","potentialAction":[{"@type":"ReadAction","target":["https:\/\/esportscubil.com\/es\/politica-cookies\/"]}]},{"@type":"ImageObject","inLanguage":"es","@id":"https:\/\/esportscubil.com\/es\/politica-cookies\/#primaryimage","url":"https:\/\/esportscubil.com\/wp-content\/uploads\/2023\/09\/cookies-esportscubil.jpg","contentUrl":"https:\/\/esportscubil.com\/wp-content\/uploads\/2023\/09\/cookies-esportscubil.jpg","width":2000,"height":1200},{"@type":"BreadcrumbList","@id":"https:\/\/esportscubil.com\/es\/politica-cookies\/#breadcrumb","itemListElement":[{"@type":"ListItem","position":1,"name":"Inici","item":"https:\/\/esportscubil.com\/es\/"},{"@type":"ListItem","position":2,"name":"Pol\u00edtica de cookies"}]},{"@type":"WebSite","@id":"https:\/\/esportscubil.com\/es\/#website","url":"https:\/\/esportscubil.com\/es\/","name":"esportscubil.com","description":"La llar de les botes d\u2019esqu\u00ed a Andorra.","publisher":{"@id":"https:\/\/esportscubil.com\/es\/#organization"},"alternateName":"cubil","potentialAction":[{"@type":"SearchAction","target":{"@type":"EntryPoint","urlTemplate":"https:\/\/esportscubil.com\/es\/?s={search_term_string}"},"query-input":{"@type":"PropertyValueSpecification","valueRequired":true,"valueName":"search_term_string"}}],"inLanguage":"es"},{"@type":"Organization","@id":"https:\/\/esportscubil.com\/es\/#organization","name":"Esports Cubil","alternateName":"La llar de les botes d'esqu\u00ed i del bootfitting a Andorra","url":"https:\/\/esportscubil.com\/es\/","logo":{"@type":"ImageObject","inLanguage":"es","@id":"https:\/\/esportscubil.com\/es\/#\/schema\/logo\/image\/","url":"https:\/\/esportscubil.com\/wp-content\/uploads\/2021\/10\/cropped-imatge-perfil-XXSS-1.jpg","contentUrl":"https:\/\/esportscubil.com\/wp-content\/uploads\/2021\/10\/cropped-imatge-perfil-XXSS-1.jpg","width":512,"height":512,"caption":"Esports Cubil"},"image":{"@id":"https:\/\/esportscubil.com\/es\/#\/schema\/logo\/image\/"},"sameAs":["https:\/\/www.facebook.com\/esportscubil","https:\/\/www.instagram.com\/esportscubil\/"]}]}},"_links":{"self":[{"href":"https:\/\/esportscubil.com\/es\/wp-json\/wp\/v2\/pages\/12275","targetHints":{"allow":["GET"]}}],"collection":[{"href":"https:\/\/esportscubil.com\/es\/wp-json\/wp\/v2\/pages"}],"about":[{"href":"https:\/\/esportscubil.com\/es\/wp-json\/wp\/v2\/types\/page"}],"author":[{"embeddable":true,"href":"https:\/\/esportscubil.com\/es\/wp-json\/wp\/v2\/users\/6"}],"replies":[{"embeddable":true,"href":"https:\/\/esportscubil.com\/es\/wp-json\/wp\/v2\/comments?post=12275"}],"version-history":[{"count":1,"href":"https:\/\/esportscubil.com\/es\/wp-json\/wp\/v2\/pages\/12275\/revisions"}],"predecessor-version":[{"id":12287,"href":"https:\/\/esportscubil.com\/es\/wp-json\/wp\/v2\/pages\/12275\/revisions\/12287"}],"wp:featuredmedia":[{"embeddable":true,"href":"https:\/\/esportscubil.com\/es\/wp-json\/wp\/v2\/media\/11852"}],"wp:attachment":[{"href":"https:\/\/esportscubil.com\/es\/wp-json\/wp\/v2\/media?parent=12275"}],"curies":[{"name":"wp","href":"https:\/\/api.w.org\/{rel}","templated":true}]}}