{"id":12276,"date":"2022-04-24T12:27:07","date_gmt":"2022-04-24T10:27:07","guid":{"rendered":"https:\/\/esportscubil.com\/politica-de-privacidad\/"},"modified":"2025-03-06T12:17:40","modified_gmt":"2025-03-06T11:17:40","slug":"politica-privacidad","status":"publish","type":"page","link":"https:\/\/esportscubil.com\/es\/politica-privacidad\/","title":{"rendered":"Pol\u00edtica de privacidad"},"content":{"rendered":"\t\t<div data-elementor-type=\"wp-page\" data-elementor-id=\"12276\" class=\"elementor elementor-12276 elementor-3965\">\n\t\t\t\t\t\t<section class=\"elementor-section elementor-top-section elementor-element elementor-element-143f1e0 elementor-section-full_width elementor-section-height-default elementor-section-height-default\" data-id=\"143f1e0\" data-element_type=\"section\" data-e-type=\"section\" data-settings=\"{&quot;background_background&quot;:&quot;classic&quot;}\">\n\t\t\t\t\t\t\t<div class=\"elementor-background-overlay\"><\/div>\n\t\t\t\t\t\t\t<div class=\"elementor-container elementor-column-gap-default\">\n\t\t\t\t\t<div class=\"elementor-column elementor-col-100 elementor-top-column elementor-element elementor-element-64c1eed\" data-id=\"64c1eed\" data-element_type=\"column\" data-e-type=\"column\">\n\t\t\t<div class=\"elementor-widget-wrap\">\n\t\t\t\t\t\t\t<\/div>\n\t\t<\/div>\n\t\t\t\t\t<\/div>\n\t\t<\/section>\n\t\t\t\t<section class=\"elementor-section elementor-top-section elementor-element elementor-element-443ab61 elementor-section-full_width elementor-section-height-default elementor-section-height-default\" data-id=\"443ab61\" data-element_type=\"section\" data-e-type=\"section\">\n\t\t\t\t\t\t<div class=\"elementor-container elementor-column-gap-default\">\n\t\t\t\t\t<div class=\"elementor-column elementor-col-25 elementor-top-column elementor-element elementor-element-c351d66\" data-id=\"c351d66\" data-element_type=\"column\" data-e-type=\"column\">\n\t\t\t<div class=\"elementor-widget-wrap\">\n\t\t\t\t\t\t\t<\/div>\n\t\t<\/div>\n\t\t\t\t<div class=\"elementor-column elementor-col-50 elementor-top-column elementor-element elementor-element-3d71f89\" data-id=\"3d71f89\" data-element_type=\"column\" data-e-type=\"column\">\n\t\t\t<div class=\"elementor-widget-wrap elementor-element-populated\">\n\t\t\t\t\t\t<div class=\"elementor-element elementor-element-ad3edba elementor-widget elementor-widget-heading\" data-id=\"ad3edba\" data-element_type=\"widget\" data-e-type=\"widget\" data-widget_type=\"heading.default\">\n\t\t\t\t<div class=\"elementor-widget-container\">\n\t\t\t\t\t<h2 class=\"elementor-heading-title elementor-size-default\">POL\u00cdTICA DE PRIVACITAT<\/h2>\t\t\t\t<\/div>\n\t\t\t\t<\/div>\n\t\t\t\t<div class=\"elementor-element elementor-element-667b39a elementor-widget elementor-widget-text-editor\" data-id=\"667b39a\" data-element_type=\"widget\" data-e-type=\"widget\" data-widget_type=\"text-editor.default\">\n\t\t\t\t<div class=\"elementor-widget-container\">\n\t\t\t\t\t\t\t\t\t<p>\u00c9s comprom\u00eds d\u2019ESPORTS CUBIL el respecte de la privadesa dels usuaris i la protecci\u00f3 i seguretat de les seves dades personals.<\/p>\n<p>L&#8217;usuari ha de llegir amb atenci\u00f3 aquesta pol\u00edtica de privacitat, i determinar lliure i volunt\u00e0riament si desitja facilitar les seves dades personals a ESPORTS CUBIL. Aix\u00ed mateix, l&#8217;usuari garanteix que \u00e9s major d&#8217;edat i que les dades aportades s\u00f3n veritables, exactes, completes i actualitzades, sent responsable de qualsevol dany o perjudici, directe o indirecte, que pogu\u00e9s ocasionar-se com a conseq\u00fc\u00e8ncia de l&#8217;incompliment de tal obligaci\u00f3. En el cas que les dades aportades pertanyin a un tercer, l&#8217;usuari garanteix que ha informat a aquest tercer dels aspectes continguts en aquest document i obtingut la seva autoritzaci\u00f3 per facilitar les seves dades a ESPORTS CUBIL per a les finalitats assenyalades.<\/p>\n<p><strong>1.- \u00c0mbit d&#8217;Aplicaci\u00f3 i Responsabilitat<\/strong><\/p>\n<p>Aquesta pol\u00edtica de privacitat aplica a totes les dades personals recollides per ESPORTS CUBIL a la seva p\u00e0gina web.<\/p>\n<p>Per a qualsevol q\u00fcesti\u00f3 relacionada amb la present pol\u00edtica de privadesa, l&#8217;usuari podr\u00e0 posar-se en contacte:<\/p>\n<ul>\n<li>Correu electr\u00f2nic: botiga@esportscubil.com<br \/>\u2022 Correu Postal: Carretera general 2, edifici Esports Cubil, l\u2019Aldosa de Canillo, AD100, Principat d\u2019Andorra<\/li>\n<\/ul>\n<p><strong>2.- Finalitats del tractament i base jur\u00eddica<\/strong><\/p>\n<p>ESPORTS CUBIL , tractar\u00e0 les dades de l&#8217;usuari, de manera automatitzada, per a les seg\u00fcents finalitats espec\u00edfiques:<\/p>\n<ul>\n<li>Resoluci\u00f3 de consultes formulades a trav\u00e9s del correu electr\u00f2nic o de la web.<br \/>\u2022 Enviament de comunicacions sol\u00b7licitades per vost\u00e8 en els formularis destinats a aquest efecte sobre els nostres serveis.<\/li>\n<\/ul>\n<p>Aquest tractament es realitzar\u00e0 sempre, previ consentiment de l&#8217;usuari mitjan\u00e7ant l&#8217;acceptaci\u00f3 de la present pol\u00edtica de privacitat.<\/p>\n<p><strong>3.- Comunicaci\u00f3 de les dades<\/strong><\/p>\n<p>No existeix comunicaci\u00f3 de dades personals.<\/p>\n<p><strong>4.- Encarregats de tractament<\/strong><\/p>\n<p>El tractament de les dades dels usuaris podr\u00e0 ser realitzat per un prestador de serveis idoni, contractat per ESPORTS CUBIL. Aquest prestador de serveis \u00fanicament tractar\u00e0 les dades per a les finalitats establertes anteriorment i seguint les seves precises instruccions, complint rigorosament les normes legals sobre protecci\u00f3 de dades personals, seguretat de la informaci\u00f3 i altres normes aplicables. En cap cas els nostres encarregats del tractament o prestadors de servei tractaran les seves dades per a altres finalitats o les comunicaran a tercers.<\/p>\n<p><strong>5.- Termini de conservaci\u00f3<\/strong><\/p>\n<p>ESPORTS CUBIL conservar\u00e0 les dades personals dels usuaris \u00fanicament durant el temps necessari per a la realitzaci\u00f3 de les finalitats per les quals van ser recollides aix\u00ed com els terminis de retenci\u00f3 legalment establerts, en els seg\u00fcents termes:<\/p>\n<ul>\n<li>Resoluci\u00f3 de consultes formulades a trav\u00e9s del correu electr\u00f2nic o formulari web: 2 anys despr\u00e9s de la seva contestaci\u00f3.<br \/>\u2022 Enviament de comunicacions sol\u00b7licitades per vost\u00e8 en els formularis destinats a aquest efecte sobre els nostres serveis: 2 anys despr\u00e9s de la seva sol\u00b7licitud.<\/li>\n<\/ul>\n<p><strong>6.- Drets dels usuaris<\/strong><\/p>\n<p>L&#8217;usuari podr\u00e0, en qualsevol moment i de forma gratu\u00efta, exercir els seus drets d&#8217;acc\u00e9s, rectificaci\u00f3 o supressi\u00f3, oposici\u00f3, limitaci\u00f3 i portabilitat de les seves dades, a trav\u00e9s dels mitjans establerts a l&#8217;apartat 1 de la present pol\u00edtica.<\/p>\n<p>En tot cas, s&#8217;informa a l&#8217;usuari que, en cas que consideri que ESPORTS CUBIL ha vulnerat, o ha pogut vulnerar els drets que li s\u00f3n reconeguts per la normativa aplicable de protecci\u00f3 de dades, podr\u00e0 presentar una reclamaci\u00f3 davant l&#8217;Autoritat de Control, Ag\u00e8ncia de Protecci\u00f3 de Dades a trav\u00e9s del seu web.<\/p>\n<p><strong>7.- Revocaci\u00f3 del consentiment<\/strong><\/p>\n<p>L&#8217;acceptaci\u00f3 de l&#8217;usuari al fet que les seves dades puguin ser tractades o cedides tindr\u00e0 sempre car\u00e0cter revocable, sense efectes retroactius. Per revocar aquest consentiment els usuaris podran contactar a trav\u00e9s dels canals establerts a l&#8217;apartat 1 de la present pol\u00edtica.<\/p>\n<p><strong>8.- Car\u00e0cter necessari de les dades sol\u00b7licitades<\/strong><\/p>\n<p>Les dades recollides per ESPORTS CUBIL en els diferents formularis a trav\u00e9s de la seva p\u00e0gina web s\u00f3n necess\u00e0ries per complir amb les finalitats expressades.<br \/>Per tant, si l&#8217;usuari no les facilit\u00e9s, ESPORTS CUBIL no podr\u00e0 atendre la seva sol\u00b7licitud.<\/p>\n<p><strong>9.- Decisions Automatitzades<\/strong><\/p>\n<p>ESPORTS CUBIL podr\u00e0 elaborar perfils dels usuaris, que permetr\u00e0 l&#8217;adopci\u00f3 de decisions automatitzades, basades en la introducci\u00f3 d&#8217;informaci\u00f3 realitzada pels usuaris en els diferents formularis amb la finalitat d&#8217;enviar les comunicacions comercials sol\u00b7licitades per vost\u00e8 que s&#8217;ajustin a les seves caracter\u00edstiques. En aquests casos, l&#8217;usuari tindr\u00e0 dret a obtenir intervenci\u00f3 humana en la decisi\u00f3, a expressar el seu punt de vista i a impugnar la decisi\u00f3 adoptada per ESPORTS CUBIL.<\/p>\n<p><strong>10.- Mesures de protecci\u00f3 de les dades personals<\/strong><\/p>\n<p>ESPORTS CUBIL empra mesures t\u00e8cniques i organitzatives apropiades per garantir un nivell de seguretat adequat al risc que presenta el tractament de dades, en particular com a conseq\u00fc\u00e8ncia de la destrucci\u00f3, p\u00e8rdua o alteraci\u00f3 accidental o il\u00b7l\u00edcita de dades personals transmeses, conservades o tractades, o la comunicaci\u00f3 o acc\u00e9s no autoritzats a aquestes dades.<\/p>\n<ol start=\"11\">\n<li><strong> \u00das de \u201ccookies\u201d<\/strong><\/li>\n<\/ol>\n<p>Els portals web d\u2019ESPORTS CUBIL utilitzen cookies pr\u00f2pies i de tercers.<\/p>\t\t\t\t\t\t\t\t<\/div>\n\t\t\t\t<\/div>\n\t\t\t\t\t<\/div>\n\t\t<\/div>\n\t\t\t\t<div class=\"elementor-column elementor-col-25 elementor-top-column elementor-element elementor-element-f7aff39\" data-id=\"f7aff39\" data-element_type=\"column\" data-e-type=\"column\">\n\t\t\t<div class=\"elementor-widget-wrap\">\n\t\t\t\t\t\t\t<\/div>\n\t\t<\/div>\n\t\t\t\t\t<\/div>\n\t\t<\/section>\n\t\t\t\t<\/div>\n\t\t","protected":false},"excerpt":{"rendered":"<p>POL\u00cdTICA DE PRIVACIDAD Es compromiso de Esports Cubil el respeto de la privacidad de los usuarios y la protecci\u00f3n y seguridad de sus datos personales. El usuario tiene que leer con atenci\u00f3n esta Pol\u00edtica de Privacidad, y determinar libre y voluntariamente si desea facilitar sus datos personales a ESPORTS CUBIL. As\u00ed mismo, el usuario garantiza&#8230;<\/p>\n","protected":false},"author":6,"featured_media":11855,"parent":0,"menu_order":0,"comment_status":"closed","ping_status":"closed","template":"","meta":{"_kadence_starter_templates_imported_post":false,"_kad_post_transparent":"default","_kad_post_title":"default","_kad_post_layout":"default","_kad_post_sidebar_id":"","_kad_post_content_style":"default","_kad_post_vertical_padding":"default","_kad_post_feature":"","_kad_post_feature_position":"","_kad_post_header":false,"_kad_post_footer":false,"_kad_post_classname":"","footnotes":""},"class_list":["post-12276","page","type-page","status-publish","has-post-thumbnail","hentry"],"yoast_head":"<!-- This site is optimized with the Yoast SEO plugin v27.3 - https:\/\/yoast.com\/product\/yoast-seo-wordpress\/ -->\n<title>Pol\u00edtica de privacidad | Esports Cubil | Andorra<\/title>\n<meta name=\"description\" content=\"Esports Cubil se compromete a proteger tu privacidad y desarrolar tecnolog\u00eda que te proporcione la experiencia m\u00e1s segura en el sitio web.\" \/>\n<meta name=\"robots\" content=\"index, follow, max-snippet:-1, max-image-preview:large, max-video-preview:-1\" \/>\n<link rel=\"canonical\" href=\"https:\/\/esportscubil.com\/es\/politica-privacidad\/\" \/>\n<meta property=\"og:locale\" content=\"es_ES\" \/>\n<meta property=\"og:type\" content=\"article\" \/>\n<meta property=\"og:title\" content=\"Pol\u00edtica de privacidad | Esports Cubil | Andorra\" \/>\n<meta property=\"og:description\" content=\"Esports Cubil se compromete a proteger tu privacidad y desarrolar tecnolog\u00eda que te proporcione la experiencia m\u00e1s segura en el sitio web.\" \/>\n<meta property=\"og:url\" content=\"https:\/\/esportscubil.com\/es\/politica-privacidad\/\" \/>\n<meta property=\"og:site_name\" content=\"Esports Cubil\" \/>\n<meta property=\"article:publisher\" content=\"https:\/\/www.facebook.com\/esportscubil\" \/>\n<meta property=\"article:modified_time\" content=\"2025-03-06T11:17:40+00:00\" \/>\n<meta property=\"og:image\" content=\"https:\/\/esportscubil.com\/wp-content\/uploads\/2023\/09\/privacitat-esportscubil.jpg\" \/>\n\t<meta property=\"og:image:width\" content=\"2000\" \/>\n\t<meta property=\"og:image:height\" content=\"1200\" \/>\n\t<meta property=\"og:image:type\" content=\"image\/jpeg\" \/>\n<script type=\"application\/ld+json\" class=\"yoast-schema-graph\">{\"@context\":\"https:\\\/\\\/schema.org\",\"@graph\":[{\"@type\":\"WebPage\",\"@id\":\"https:\\\/\\\/esportscubil.com\\\/es\\\/politica-privacidad\\\/\",\"url\":\"https:\\\/\\\/esportscubil.com\\\/es\\\/politica-privacidad\\\/\",\"name\":\"Pol\u00edtica de privacidad | Esports Cubil | Andorra\",\"isPartOf\":{\"@id\":\"https:\\\/\\\/esportscubil.com\\\/es\\\/#website\"},\"primaryImageOfPage\":{\"@id\":\"https:\\\/\\\/esportscubil.com\\\/es\\\/politica-privacidad\\\/#primaryimage\"},\"image\":{\"@id\":\"https:\\\/\\\/esportscubil.com\\\/es\\\/politica-privacidad\\\/#primaryimage\"},\"thumbnailUrl\":\"https:\\\/\\\/esportscubil.com\\\/wp-content\\\/uploads\\\/2023\\\/09\\\/privacitat-esportscubil.jpg\",\"datePublished\":\"2022-04-24T10:27:07+00:00\",\"dateModified\":\"2025-03-06T11:17:40+00:00\",\"description\":\"Esports Cubil se compromete a proteger tu privacidad y desarrolar tecnolog\u00eda que te proporcione la experiencia m\u00e1s segura en el sitio web.\",\"breadcrumb\":{\"@id\":\"https:\\\/\\\/esportscubil.com\\\/es\\\/politica-privacidad\\\/#breadcrumb\"},\"inLanguage\":\"es\",\"potentialAction\":[{\"@type\":\"ReadAction\",\"target\":[\"https:\\\/\\\/esportscubil.com\\\/es\\\/politica-privacidad\\\/\"]}]},{\"@type\":\"ImageObject\",\"inLanguage\":\"es\",\"@id\":\"https:\\\/\\\/esportscubil.com\\\/es\\\/politica-privacidad\\\/#primaryimage\",\"url\":\"https:\\\/\\\/esportscubil.com\\\/wp-content\\\/uploads\\\/2023\\\/09\\\/privacitat-esportscubil.jpg\",\"contentUrl\":\"https:\\\/\\\/esportscubil.com\\\/wp-content\\\/uploads\\\/2023\\\/09\\\/privacitat-esportscubil.jpg\",\"width\":2000,\"height\":1200},{\"@type\":\"BreadcrumbList\",\"@id\":\"https:\\\/\\\/esportscubil.com\\\/es\\\/politica-privacidad\\\/#breadcrumb\",\"itemListElement\":[{\"@type\":\"ListItem\",\"position\":1,\"name\":\"Inici\",\"item\":\"https:\\\/\\\/esportscubil.com\\\/es\\\/\"},{\"@type\":\"ListItem\",\"position\":2,\"name\":\"Pol\u00edtica de privacidad\"}]},{\"@type\":\"WebSite\",\"@id\":\"https:\\\/\\\/esportscubil.com\\\/es\\\/#website\",\"url\":\"https:\\\/\\\/esportscubil.com\\\/es\\\/\",\"name\":\"esportscubil.com\",\"description\":\"La llar de les botes d\u2019esqu\u00ed a Andorra.\",\"publisher\":{\"@id\":\"https:\\\/\\\/esportscubil.com\\\/es\\\/#organization\"},\"alternateName\":\"cubil\",\"potentialAction\":[{\"@type\":\"SearchAction\",\"target\":{\"@type\":\"EntryPoint\",\"urlTemplate\":\"https:\\\/\\\/esportscubil.com\\\/es\\\/?s={search_term_string}\"},\"query-input\":{\"@type\":\"PropertyValueSpecification\",\"valueRequired\":true,\"valueName\":\"search_term_string\"}}],\"inLanguage\":\"es\"},{\"@type\":\"Organization\",\"@id\":\"https:\\\/\\\/esportscubil.com\\\/es\\\/#organization\",\"name\":\"Esports Cubil\",\"alternateName\":\"La llar de les botes d'esqu\u00ed i del bootfitting a Andorra\",\"url\":\"https:\\\/\\\/esportscubil.com\\\/es\\\/\",\"logo\":{\"@type\":\"ImageObject\",\"inLanguage\":\"es\",\"@id\":\"https:\\\/\\\/esportscubil.com\\\/es\\\/#\\\/schema\\\/logo\\\/image\\\/\",\"url\":\"https:\\\/\\\/esportscubil.com\\\/wp-content\\\/uploads\\\/2021\\\/10\\\/cropped-imatge-perfil-XXSS-1.jpg\",\"contentUrl\":\"https:\\\/\\\/esportscubil.com\\\/wp-content\\\/uploads\\\/2021\\\/10\\\/cropped-imatge-perfil-XXSS-1.jpg\",\"width\":512,\"height\":512,\"caption\":\"Esports Cubil\"},\"image\":{\"@id\":\"https:\\\/\\\/esportscubil.com\\\/es\\\/#\\\/schema\\\/logo\\\/image\\\/\"},\"sameAs\":[\"https:\\\/\\\/www.facebook.com\\\/esportscubil\",\"https:\\\/\\\/www.instagram.com\\\/esportscubil\\\/\"]}]}<\/script>\n<!-- \/ Yoast SEO plugin. -->","yoast_head_json":{"title":"Pol\u00edtica de privacidad | Esports Cubil | Andorra","description":"Esports Cubil se compromete a proteger tu privacidad y desarrolar tecnolog\u00eda que te proporcione la experiencia m\u00e1s segura en el sitio web.","robots":{"index":"index","follow":"follow","max-snippet":"max-snippet:-1","max-image-preview":"max-image-preview:large","max-video-preview":"max-video-preview:-1"},"canonical":"https:\/\/esportscubil.com\/es\/politica-privacidad\/","og_locale":"es_ES","og_type":"article","og_title":"Pol\u00edtica de privacidad | Esports Cubil | Andorra","og_description":"Esports Cubil se compromete a proteger tu privacidad y desarrolar tecnolog\u00eda que te proporcione la experiencia m\u00e1s segura en el sitio web.","og_url":"https:\/\/esportscubil.com\/es\/politica-privacidad\/","og_site_name":"Esports Cubil","article_publisher":"https:\/\/www.facebook.com\/esportscubil","article_modified_time":"2025-03-06T11:17:40+00:00","og_image":[{"width":2000,"height":1200,"url":"https:\/\/esportscubil.com\/wp-content\/uploads\/2023\/09\/privacitat-esportscubil.jpg","type":"image\/jpeg"}],"schema":{"@context":"https:\/\/schema.org","@graph":[{"@type":"WebPage","@id":"https:\/\/esportscubil.com\/es\/politica-privacidad\/","url":"https:\/\/esportscubil.com\/es\/politica-privacidad\/","name":"Pol\u00edtica de privacidad | Esports Cubil | Andorra","isPartOf":{"@id":"https:\/\/esportscubil.com\/es\/#website"},"primaryImageOfPage":{"@id":"https:\/\/esportscubil.com\/es\/politica-privacidad\/#primaryimage"},"image":{"@id":"https:\/\/esportscubil.com\/es\/politica-privacidad\/#primaryimage"},"thumbnailUrl":"https:\/\/esportscubil.com\/wp-content\/uploads\/2023\/09\/privacitat-esportscubil.jpg","datePublished":"2022-04-24T10:27:07+00:00","dateModified":"2025-03-06T11:17:40+00:00","description":"Esports Cubil se compromete a proteger tu privacidad y desarrolar tecnolog\u00eda que te proporcione la experiencia m\u00e1s segura en el sitio web.","breadcrumb":{"@id":"https:\/\/esportscubil.com\/es\/politica-privacidad\/#breadcrumb"},"inLanguage":"es","potentialAction":[{"@type":"ReadAction","target":["https:\/\/esportscubil.com\/es\/politica-privacidad\/"]}]},{"@type":"ImageObject","inLanguage":"es","@id":"https:\/\/esportscubil.com\/es\/politica-privacidad\/#primaryimage","url":"https:\/\/esportscubil.com\/wp-content\/uploads\/2023\/09\/privacitat-esportscubil.jpg","contentUrl":"https:\/\/esportscubil.com\/wp-content\/uploads\/2023\/09\/privacitat-esportscubil.jpg","width":2000,"height":1200},{"@type":"BreadcrumbList","@id":"https:\/\/esportscubil.com\/es\/politica-privacidad\/#breadcrumb","itemListElement":[{"@type":"ListItem","position":1,"name":"Inici","item":"https:\/\/esportscubil.com\/es\/"},{"@type":"ListItem","position":2,"name":"Pol\u00edtica de privacidad"}]},{"@type":"WebSite","@id":"https:\/\/esportscubil.com\/es\/#website","url":"https:\/\/esportscubil.com\/es\/","name":"esportscubil.com","description":"La llar de les botes d\u2019esqu\u00ed a Andorra.","publisher":{"@id":"https:\/\/esportscubil.com\/es\/#organization"},"alternateName":"cubil","potentialAction":[{"@type":"SearchAction","target":{"@type":"EntryPoint","urlTemplate":"https:\/\/esportscubil.com\/es\/?s={search_term_string}"},"query-input":{"@type":"PropertyValueSpecification","valueRequired":true,"valueName":"search_term_string"}}],"inLanguage":"es"},{"@type":"Organization","@id":"https:\/\/esportscubil.com\/es\/#organization","name":"Esports Cubil","alternateName":"La llar de les botes d'esqu\u00ed i del bootfitting a Andorra","url":"https:\/\/esportscubil.com\/es\/","logo":{"@type":"ImageObject","inLanguage":"es","@id":"https:\/\/esportscubil.com\/es\/#\/schema\/logo\/image\/","url":"https:\/\/esportscubil.com\/wp-content\/uploads\/2021\/10\/cropped-imatge-perfil-XXSS-1.jpg","contentUrl":"https:\/\/esportscubil.com\/wp-content\/uploads\/2021\/10\/cropped-imatge-perfil-XXSS-1.jpg","width":512,"height":512,"caption":"Esports Cubil"},"image":{"@id":"https:\/\/esportscubil.com\/es\/#\/schema\/logo\/image\/"},"sameAs":["https:\/\/www.facebook.com\/esportscubil","https:\/\/www.instagram.com\/esportscubil\/"]}]}},"_links":{"self":[{"href":"https:\/\/esportscubil.com\/es\/wp-json\/wp\/v2\/pages\/12276","targetHints":{"allow":["GET"]}}],"collection":[{"href":"https:\/\/esportscubil.com\/es\/wp-json\/wp\/v2\/pages"}],"about":[{"href":"https:\/\/esportscubil.com\/es\/wp-json\/wp\/v2\/types\/page"}],"author":[{"embeddable":true,"href":"https:\/\/esportscubil.com\/es\/wp-json\/wp\/v2\/users\/6"}],"replies":[{"embeddable":true,"href":"https:\/\/esportscubil.com\/es\/wp-json\/wp\/v2\/comments?post=12276"}],"version-history":[{"count":1,"href":"https:\/\/esportscubil.com\/es\/wp-json\/wp\/v2\/pages\/12276\/revisions"}],"predecessor-version":[{"id":12288,"href":"https:\/\/esportscubil.com\/es\/wp-json\/wp\/v2\/pages\/12276\/revisions\/12288"}],"wp:featuredmedia":[{"embeddable":true,"href":"https:\/\/esportscubil.com\/es\/wp-json\/wp\/v2\/media\/11855"}],"wp:attachment":[{"href":"https:\/\/esportscubil.com\/es\/wp-json\/wp\/v2\/media?parent=12276"}],"curies":[{"name":"wp","href":"https:\/\/api.w.org\/{rel}","templated":true}]}}