{"id":12774,"date":"2024-08-21T13:10:49","date_gmt":"2024-08-21T11:10:49","guid":{"rendered":"https:\/\/esportscubil.com\/?page_id=12774"},"modified":"2025-09-22T11:18:37","modified_gmt":"2025-09-22T09:18:37","slug":"accesorios-de-esqui","status":"publish","type":"page","link":"https:\/\/esportscubil.com\/es\/tienda-esports-cubil\/accesorios-de-esqui\/","title":{"rendered":"Accesorios de esqu\u00ed"},"content":{"rendered":"\t\t<div data-elementor-type=\"wp-page\" data-elementor-id=\"12774\" class=\"elementor elementor-12774 elementor-10059\">\n\t\t\t\t\t\t<section class=\"elementor-section elementor-top-section elementor-element elementor-element-a525dfd elementor-section-full_width elementor-section-height-default elementor-section-height-default\" data-id=\"a525dfd\" data-element_type=\"section\" data-e-type=\"section\" data-settings=\"{&quot;background_background&quot;:&quot;classic&quot;}\">\n\t\t\t\t\t\t\t<div class=\"elementor-background-overlay\"><\/div>\n\t\t\t\t\t\t\t<div class=\"elementor-container elementor-column-gap-default\">\n\t\t\t\t\t<div class=\"elementor-column elementor-col-100 elementor-top-column elementor-element elementor-element-5d02f17\" data-id=\"5d02f17\" data-element_type=\"column\" data-e-type=\"column\">\n\t\t\t<div class=\"elementor-widget-wrap elementor-element-populated\">\n\t\t\t\t\t\t<div class=\"elementor-element elementor-element-87a4e76 elementor-widget elementor-widget-text-editor\" data-id=\"87a4e76\" data-element_type=\"widget\" data-e-type=\"widget\" data-widget_type=\"text-editor.default\">\n\t\t\t\t<div class=\"elementor-widget-container\">\n\t\t\t\t\t\t\t\t\t<h1>Disfruta de los deportes de invierno como nunca gracias a la selecci\u00f3n de accesorios que tenemos para ti.<\/h1>\t\t\t\t\t\t\t\t<\/div>\n\t\t\t\t<\/div>\n\t\t\t\t\t<\/div>\n\t\t<\/div>\n\t\t\t\t\t<\/div>\n\t\t<\/section>\n\t\t\t\t<section class=\"elementor-section elementor-top-section elementor-element elementor-element-67e9498 elementor-section-full_width elementor-section-height-default elementor-section-height-default\" data-id=\"67e9498\" data-element_type=\"section\" data-e-type=\"section\">\n\t\t\t\t\t\t<div class=\"elementor-container elementor-column-gap-default\">\n\t\t\t\t\t<div class=\"elementor-column elementor-col-25 elementor-top-column elementor-element elementor-element-be16a91\" data-id=\"be16a91\" data-element_type=\"column\" data-e-type=\"column\">\n\t\t\t<div class=\"elementor-widget-wrap\">\n\t\t\t\t\t\t\t<\/div>\n\t\t<\/div>\n\t\t\t\t<div class=\"elementor-column elementor-col-50 elementor-top-column elementor-element elementor-element-5e5c724\" data-id=\"5e5c724\" data-element_type=\"column\" data-e-type=\"column\">\n\t\t\t<div class=\"elementor-widget-wrap elementor-element-populated\">\n\t\t\t\t\t\t<div class=\"elementor-element elementor-element-8fb6520 elementor-widget elementor-widget-text-editor\" data-id=\"8fb6520\" data-element_type=\"widget\" data-e-type=\"widget\" data-widget_type=\"text-editor.default\">\n\t\t\t\t<div class=\"elementor-widget-container\">\n\t\t\t\t\t\t\t\t\t<p>Cascos de esqu\u00ed certificados, m\u00e1scaras de esqu\u00ed de todas las gamas, gafas de sol, guantes, calcetines, calefacciones para los m\u00e1s frioleros, protecciones, mochilas y mucho m\u00e1s, con un servicio de atenci\u00f3n al cliente siempre dispuesto a escuchar tus necesidades para poder aconsejarte en lo que necesitas.<\/p>\t\t\t\t\t\t\t\t<\/div>\n\t\t\t\t<\/div>\n\t\t\t\t\t<\/div>\n\t\t<\/div>\n\t\t\t\t<div class=\"elementor-column elementor-col-25 elementor-top-column elementor-element elementor-element-90300bd\" data-id=\"90300bd\" data-element_type=\"column\" data-e-type=\"column\">\n\t\t\t<div class=\"elementor-widget-wrap\">\n\t\t\t\t\t\t\t<\/div>\n\t\t<\/div>\n\t\t\t\t\t<\/div>\n\t\t<\/section>\n\t\t\t\t<section class=\"elementor-section elementor-top-section elementor-element elementor-element-4344849 elementor-section-full_width elementor-section-height-default elementor-section-height-default elementor-invisible\" data-id=\"4344849\" data-element_type=\"section\" data-e-type=\"section\" data-settings=\"{&quot;background_background&quot;:&quot;classic&quot;,&quot;animation&quot;:&quot;bounceIn&quot;}\">\n\t\t\t\t\t\t<div class=\"elementor-container elementor-column-gap-default\">\n\t\t\t\t\t<div class=\"elementor-column elementor-col-25 elementor-top-column elementor-element elementor-element-bd3b204\" data-id=\"bd3b204\" data-element_type=\"column\" data-e-type=\"column\">\n\t\t\t<div class=\"elementor-widget-wrap\">\n\t\t\t\t\t\t\t<\/div>\n\t\t<\/div>\n\t\t\t\t<div class=\"elementor-column elementor-col-50 elementor-top-column elementor-element elementor-element-5215df2\" data-id=\"5215df2\" data-element_type=\"column\" data-e-type=\"column\">\n\t\t\t<div class=\"elementor-widget-wrap elementor-element-populated\">\n\t\t\t\t\t\t<div class=\"elementor-element elementor-element-7a4ee19 elementor-widget elementor-widget-heading\" data-id=\"7a4ee19\" data-element_type=\"widget\" data-e-type=\"widget\" data-widget_type=\"heading.default\">\n\t\t\t\t<div class=\"elementor-widget-container\">\n\t\t\t\t\t<h2 class=\"elementor-heading-title elementor-size-default\">Tenemos todos los complementos per salir a la nieve<\/h2>\t\t\t\t<\/div>\n\t\t\t\t<\/div>\n\t\t\t\t\t<\/div>\n\t\t<\/div>\n\t\t\t\t<div class=\"elementor-column elementor-col-25 elementor-top-column elementor-element elementor-element-d5b49e7\" data-id=\"d5b49e7\" data-element_type=\"column\" data-e-type=\"column\">\n\t\t\t<div class=\"elementor-widget-wrap\">\n\t\t\t\t\t\t\t<\/div>\n\t\t<\/div>\n\t\t\t\t\t<\/div>\n\t\t<\/section>\n\t\t\t\t<section class=\"elementor-section elementor-top-section elementor-element elementor-element-12dc8da elementor-section-full_width elementor-section-height-default elementor-section-height-default\" data-id=\"12dc8da\" data-element_type=\"section\" data-e-type=\"section\">\n\t\t\t\t\t\t<div class=\"elementor-container elementor-column-gap-default\">\n\t\t\t\t\t<div class=\"elementor-column elementor-col-25 elementor-top-column elementor-element elementor-element-2a8d070\" data-id=\"2a8d070\" data-element_type=\"column\" data-e-type=\"column\">\n\t\t\t<div class=\"elementor-widget-wrap\">\n\t\t\t\t\t\t\t<\/div>\n\t\t<\/div>\n\t\t\t\t<div class=\"elementor-column elementor-col-50 elementor-top-column elementor-element elementor-element-0848046\" data-id=\"0848046\" data-element_type=\"column\" data-e-type=\"column\">\n\t\t\t<div class=\"elementor-widget-wrap elementor-element-populated\">\n\t\t\t\t\t\t<div class=\"elementor-element elementor-element-8d49bf5 elementor-widget elementor-widget-text-editor\" data-id=\"8d49bf5\" data-element_type=\"widget\" data-e-type=\"widget\" data-widget_type=\"text-editor.default\">\n\t\t\t\t<div class=\"elementor-widget-container\">\n\t\t\t\t\t\t\t\t\t<p>Ya tienes los esqu\u00eds y las botas y necesitas complementar tu d\u00eda de esqu\u00ed en Andorra con productos de calidad. Eres bienvenido a la secci\u00f3n de accesorios de esqu\u00ed de Esports Cubil, d\u00f3nde encontrar\u00e1s todo lo que necesitas: <strong>m\u00e1scaras de esqu\u00ed, mochilas, bolsas porta esqu\u00eds, protecci\u00f3n solar y productos con calefacci\u00f3n incluida, como los calcetines <a href=\"https:\/\/www.therm-ic.com\/es\">Therm-ic.<\/a><\/strong><\/p><p>Tenemos una gran selecci\u00f3n de m\u00e1scaras de esqu\u00ed para cubrir tus necesidades, adaptadas a cualquier tipo de rostro, de categor\u00eda 1 hasta la 4, que se adaptan a las condiciones meteorol\u00f3gicas del d\u00eda de esqu\u00ed. Tambi\u00e9n disponemos de m\u00e1scaras de esqu\u00ed polarizadas y foto crom\u00e1ticas, que cambian autom\u00e1ticamente de color seg\u00fan la luminosidad del d\u00eda. Tambi\u00e9n tenemos de m\u00e1scaras de esqu\u00ed e las que puedes adaptar perfectamente tus gafas graduadas\u2026 Encontrar\u00e1s tantas opciones que lo que te costar\u00e1 ser\u00e1 decidir cual te querr\u00e1s llevar.<\/p><p>Te proponemos una gran gama de cascos de esqu\u00ed para todos los niveles: de competici\u00f3n, para hacer esqu\u00ed de traves\u00eda, con m\u00e1scara integrada e infantiles, porque la seguridad en las pistas de esqu\u00ed es lo primero que debemos tener en cuenta.<\/p><p>Igualmente, si eres de los que no utiliza m\u00e1scara de esqu\u00ed sino gafas de sol, descubrir\u00e1s modelos ligeros, ergon\u00f3micos que, adem\u00e1s de utilizarlos para esquiar, tambi\u00e9n podr\u00e1s utilizarlas para caminar por la monta\u00f1a o bien cada d\u00eda.<\/p><p>Como hemos comentado anteriormente, la seguridad es lo primero cuando practicas cualquier deporte. En este sentido, encontrar\u00e1s todo lo que necesitas para hacer salidas a la monta\u00f1a con esqu\u00ed de traves\u00eda: <strong>DVA (detector de v\u00edctimas de avalanchas), palas para la nieve ligeras, mochilas con airbag\u2026<\/strong><\/p><p>La protecci\u00f3n solar es important\u00edsima para proteger nuestra piel de los rayos UV, ya que en condiciones de sol el reflejo de la nieve puede provocarnos quemadas si no nos protegemos adecuadamente.<\/p>\t\t\t\t\t\t\t\t<\/div>\n\t\t\t\t<\/div>\n\t\t\t\t\t<\/div>\n\t\t<\/div>\n\t\t\t\t<div class=\"elementor-column elementor-col-25 elementor-top-column elementor-element elementor-element-f21796e\" data-id=\"f21796e\" data-element_type=\"column\" data-e-type=\"column\">\n\t\t\t<div class=\"elementor-widget-wrap\">\n\t\t\t\t\t\t\t<\/div>\n\t\t<\/div>\n\t\t\t\t\t<\/div>\n\t\t<\/section>\n\t\t\t\t<section class=\"elementor-section elementor-top-section elementor-element elementor-element-d6eee14 elementor-section-full_width elementor-section-height-default elementor-section-height-default\" data-id=\"d6eee14\" data-element_type=\"section\" data-e-type=\"section\" data-settings=\"{&quot;background_background&quot;:&quot;classic&quot;}\">\n\t\t\t\t\t\t<div class=\"elementor-container elementor-column-gap-default\">\n\t\t\t\t\t<div class=\"elementor-column elementor-col-100 elementor-top-column elementor-element elementor-element-d4bd411\" data-id=\"d4bd411\" data-element_type=\"column\" data-e-type=\"column\">\n\t\t\t<div class=\"elementor-widget-wrap elementor-element-populated\">\n\t\t\t\t\t\t<div class=\"elementor-element elementor-element-25fe240 elementor-widget elementor-widget-heading\" data-id=\"25fe240\" data-element_type=\"widget\" data-e-type=\"widget\" data-widget_type=\"heading.default\">\n\t\t\t\t<div class=\"elementor-widget-container\">\n\t\t\t\t\t<h2 class=\"elementor-heading-title elementor-size-default\">En definitiva, en Esports Cubil encontrar\u00e1s todos los accesorios que necesitas para disfrutar de los d\u00edas de esqu\u00ed en Andorra con total seguridad.<\/h2>\t\t\t\t<\/div>\n\t\t\t\t<\/div>\n\t\t\t\t\t<\/div>\n\t\t<\/div>\n\t\t\t\t\t<\/div>\n\t\t<\/section>\n\t\t\t\t<section class=\"elementor-section elementor-top-section elementor-element elementor-element-5e4f973 elementor-section-full_width elementor-section-height-default elementor-section-height-default\" data-id=\"5e4f973\" data-element_type=\"section\" data-e-type=\"section\">\n\t\t\t\t\t\t<div class=\"elementor-container elementor-column-gap-default\">\n\t\t\t\t\t<div class=\"elementor-column elementor-col-100 elementor-top-column elementor-element elementor-element-8504163\" data-id=\"8504163\" data-element_type=\"column\" data-e-type=\"column\">\n\t\t\t<div class=\"elementor-widget-wrap elementor-element-populated\">\n\t\t\t\t\t\t<div class=\"elementor-element elementor-element-f5743a3 elementor-widget__width-inherit elementor-widget elementor-widget-html\" data-id=\"f5743a3\" data-element_type=\"widget\" data-e-type=\"widget\" data-widget_type=\"html.default\">\n\t\t\t\t<div class=\"elementor-widget-container\">\n\t\t\t\t\t<iframe src=\"https:\/\/www.google.com\/maps\/embed?pb=!1m18!1m12!1m3!1d2937.9193972684707!2d1.6269003768795034!3d42.57823327117347!2m3!1f0!2f0!3f0!3m2!1i1024!2i768!4f13.1!3m3!1m2!1s0x12af6252d190ce37%3A0x748260505d013bd!2sESPORTS%20CUBIL!5e0!3m2!1ses!2sad!4v1733656243211!5m2!1ses!2sad\" width=\"600\" height=\"450\" style=\"border:0;\" allowfullscreen=\"\" loading=\"lazy\" referrerpolicy=\"no-referrer-when-downgrade\"><\/iframe>\t\t\t\t<\/div>\n\t\t\t\t<\/div>\n\t\t\t\t\t<\/div>\n\t\t<\/div>\n\t\t\t\t\t<\/div>\n\t\t<\/section>\n\t\t\t\t<\/div>\n\t\t","protected":false},"excerpt":{"rendered":"<p>Disfruta de los deportes de invierno como nunca gracias a la selecci\u00f3n de accesorios que tenemos para ti. Cascos de esqu\u00ed certificados, m\u00e1scaras de esqu\u00ed de todas las gamas, gafas de sol, guantes, calcetines, calefacciones para los m\u00e1s frioleros, protecciones, mochilas y mucho m\u00e1s, con un servicio de atenci\u00f3n al cliente siempre dispuesto a escuchar&#8230;<\/p>\n","protected":false},"author":6,"featured_media":11996,"parent":12749,"menu_order":1,"comment_status":"closed","ping_status":"closed","template":"","meta":{"_kadence_starter_templates_imported_post":false,"_kad_post_transparent":"default","_kad_post_title":"hide","_kad_post_layout":"fullwidth","_kad_post_sidebar_id":"","_kad_post_content_style":"unboxed","_kad_post_vertical_padding":"hide","_kad_post_feature":"hide","_kad_post_feature_position":"","_kad_post_header":false,"_kad_post_footer":false,"_kad_post_classname":"","footnotes":""},"class_list":["post-12774","page","type-page","status-publish","has-post-thumbnail","hentry"],"yoast_head":"<!-- This site is optimized with the Yoast SEO plugin v27.3 - https:\/\/yoast.com\/product\/yoast-seo-wordpress\/ -->\n<title>Accesorios de esqu\u00ed | Esports Cubil | Grandvalira Andorra<\/title>\n<meta name=\"description\" content=\"Esports Cubil es la tienda de esqu\u00ed de Andorra d\u00f3nde comprar\u00e1s todos los accesorios necesarios para el esqu\u00ed alpino, traves\u00eda y competici\u00f3n.\" \/>\n<meta name=\"robots\" content=\"index, follow, max-snippet:-1, max-image-preview:large, max-video-preview:-1\" \/>\n<link rel=\"canonical\" href=\"https:\/\/esportscubil.com\/es\/tienda-esports-cubil\/accesorios-de-esqui\/\" \/>\n<meta property=\"og:locale\" content=\"es_ES\" \/>\n<meta property=\"og:type\" content=\"article\" \/>\n<meta property=\"og:title\" content=\"Accesorios de esqu\u00ed | Esports Cubil | Grandvalira Andorra\" \/>\n<meta property=\"og:description\" content=\"Esports Cubil es la tienda de esqu\u00ed de Andorra d\u00f3nde comprar\u00e1s todos los accesorios necesarios para el esqu\u00ed alpino, traves\u00eda y competici\u00f3n.\" \/>\n<meta property=\"og:url\" content=\"https:\/\/esportscubil.com\/es\/tienda-esports-cubil\/accesorios-de-esqui\/\" \/>\n<meta property=\"og:site_name\" content=\"Esports Cubil\" \/>\n<meta property=\"article:publisher\" content=\"https:\/\/www.facebook.com\/esportscubil\" \/>\n<meta property=\"article:modified_time\" content=\"2025-09-22T09:18:37+00:00\" \/>\n<meta property=\"og:image\" content=\"https:\/\/esportscubil.com\/wp-content\/uploads\/2024\/08\/accessoris-esqui-esportscubil.webp\" \/>\n\t<meta property=\"og:image:width\" content=\"2000\" \/>\n\t<meta property=\"og:image:height\" content=\"1200\" \/>\n\t<meta property=\"og:image:type\" content=\"image\/webp\" \/>\n<script type=\"application\/ld+json\" class=\"yoast-schema-graph\">{\"@context\":\"https:\\\/\\\/schema.org\",\"@graph\":[{\"@type\":\"WebPage\",\"@id\":\"https:\\\/\\\/esportscubil.com\\\/es\\\/tienda-esports-cubil\\\/accesorios-de-esqui\\\/\",\"url\":\"https:\\\/\\\/esportscubil.com\\\/es\\\/tienda-esports-cubil\\\/accesorios-de-esqui\\\/\",\"name\":\"Accesorios de esqu\u00ed | Esports Cubil | Grandvalira Andorra\",\"isPartOf\":{\"@id\":\"https:\\\/\\\/esportscubil.com\\\/es\\\/#website\"},\"primaryImageOfPage\":{\"@id\":\"https:\\\/\\\/esportscubil.com\\\/es\\\/tienda-esports-cubil\\\/accesorios-de-esqui\\\/#primaryimage\"},\"image\":{\"@id\":\"https:\\\/\\\/esportscubil.com\\\/es\\\/tienda-esports-cubil\\\/accesorios-de-esqui\\\/#primaryimage\"},\"thumbnailUrl\":\"https:\\\/\\\/esportscubil.com\\\/wp-content\\\/uploads\\\/2024\\\/08\\\/accessoris-esqui-esportscubil.webp\",\"datePublished\":\"2024-08-21T11:10:49+00:00\",\"dateModified\":\"2025-09-22T09:18:37+00:00\",\"description\":\"Esports Cubil es la tienda de esqu\u00ed de Andorra d\u00f3nde comprar\u00e1s todos los accesorios necesarios para el esqu\u00ed alpino, traves\u00eda y competici\u00f3n.\",\"breadcrumb\":{\"@id\":\"https:\\\/\\\/esportscubil.com\\\/es\\\/tienda-esports-cubil\\\/accesorios-de-esqui\\\/#breadcrumb\"},\"inLanguage\":\"es\",\"potentialAction\":[{\"@type\":\"ReadAction\",\"target\":[\"https:\\\/\\\/esportscubil.com\\\/es\\\/tienda-esports-cubil\\\/accesorios-de-esqui\\\/\"]}]},{\"@type\":\"ImageObject\",\"inLanguage\":\"es\",\"@id\":\"https:\\\/\\\/esportscubil.com\\\/es\\\/tienda-esports-cubil\\\/accesorios-de-esqui\\\/#primaryimage\",\"url\":\"https:\\\/\\\/esportscubil.com\\\/wp-content\\\/uploads\\\/2024\\\/08\\\/accessoris-esqui-esportscubil.webp\",\"contentUrl\":\"https:\\\/\\\/esportscubil.com\\\/wp-content\\\/uploads\\\/2024\\\/08\\\/accessoris-esqui-esportscubil.webp\",\"width\":2000,\"height\":1200},{\"@type\":\"BreadcrumbList\",\"@id\":\"https:\\\/\\\/esportscubil.com\\\/es\\\/tienda-esports-cubil\\\/accesorios-de-esqui\\\/#breadcrumb\",\"itemListElement\":[{\"@type\":\"ListItem\",\"position\":1,\"name\":\"Inici\",\"item\":\"https:\\\/\\\/esportscubil.com\\\/es\\\/\"},{\"@type\":\"ListItem\",\"position\":2,\"name\":\"Tienda\",\"item\":\"https:\\\/\\\/esportscubil.com\\\/es\\\/tienda-esports-cubil\\\/\"},{\"@type\":\"ListItem\",\"position\":3,\"name\":\"Accesorios de esqu\u00ed\"}]},{\"@type\":\"WebSite\",\"@id\":\"https:\\\/\\\/esportscubil.com\\\/es\\\/#website\",\"url\":\"https:\\\/\\\/esportscubil.com\\\/es\\\/\",\"name\":\"esportscubil.com\",\"description\":\"La llar de les botes d\u2019esqu\u00ed a Andorra.\",\"publisher\":{\"@id\":\"https:\\\/\\\/esportscubil.com\\\/es\\\/#organization\"},\"alternateName\":\"cubil\",\"potentialAction\":[{\"@type\":\"SearchAction\",\"target\":{\"@type\":\"EntryPoint\",\"urlTemplate\":\"https:\\\/\\\/esportscubil.com\\\/es\\\/?s={search_term_string}\"},\"query-input\":{\"@type\":\"PropertyValueSpecification\",\"valueRequired\":true,\"valueName\":\"search_term_string\"}}],\"inLanguage\":\"es\"},{\"@type\":\"Organization\",\"@id\":\"https:\\\/\\\/esportscubil.com\\\/es\\\/#organization\",\"name\":\"Esports Cubil\",\"alternateName\":\"La llar de les botes d'esqu\u00ed i del bootfitting a Andorra\",\"url\":\"https:\\\/\\\/esportscubil.com\\\/es\\\/\",\"logo\":{\"@type\":\"ImageObject\",\"inLanguage\":\"es\",\"@id\":\"https:\\\/\\\/esportscubil.com\\\/es\\\/#\\\/schema\\\/logo\\\/image\\\/\",\"url\":\"https:\\\/\\\/esportscubil.com\\\/wp-content\\\/uploads\\\/2021\\\/10\\\/cropped-imatge-perfil-XXSS-1.jpg\",\"contentUrl\":\"https:\\\/\\\/esportscubil.com\\\/wp-content\\\/uploads\\\/2021\\\/10\\\/cropped-imatge-perfil-XXSS-1.jpg\",\"width\":512,\"height\":512,\"caption\":\"Esports Cubil\"},\"image\":{\"@id\":\"https:\\\/\\\/esportscubil.com\\\/es\\\/#\\\/schema\\\/logo\\\/image\\\/\"},\"sameAs\":[\"https:\\\/\\\/www.facebook.com\\\/esportscubil\",\"https:\\\/\\\/www.instagram.com\\\/esportscubil\\\/\"]}]}<\/script>\n<!-- \/ Yoast SEO plugin. -->","yoast_head_json":{"title":"Accesorios de esqu\u00ed | Esports Cubil | Grandvalira Andorra","description":"Esports Cubil es la tienda de esqu\u00ed de Andorra d\u00f3nde comprar\u00e1s todos los accesorios necesarios para el esqu\u00ed alpino, traves\u00eda y competici\u00f3n.","robots":{"index":"index","follow":"follow","max-snippet":"max-snippet:-1","max-image-preview":"max-image-preview:large","max-video-preview":"max-video-preview:-1"},"canonical":"https:\/\/esportscubil.com\/es\/tienda-esports-cubil\/accesorios-de-esqui\/","og_locale":"es_ES","og_type":"article","og_title":"Accesorios de esqu\u00ed | Esports Cubil | Grandvalira Andorra","og_description":"Esports Cubil es la tienda de esqu\u00ed de Andorra d\u00f3nde comprar\u00e1s todos los accesorios necesarios para el esqu\u00ed alpino, traves\u00eda y competici\u00f3n.","og_url":"https:\/\/esportscubil.com\/es\/tienda-esports-cubil\/accesorios-de-esqui\/","og_site_name":"Esports Cubil","article_publisher":"https:\/\/www.facebook.com\/esportscubil","article_modified_time":"2025-09-22T09:18:37+00:00","og_image":[{"width":2000,"height":1200,"url":"https:\/\/esportscubil.com\/wp-content\/uploads\/2024\/08\/accessoris-esqui-esportscubil.webp","type":"image\/webp"}],"schema":{"@context":"https:\/\/schema.org","@graph":[{"@type":"WebPage","@id":"https:\/\/esportscubil.com\/es\/tienda-esports-cubil\/accesorios-de-esqui\/","url":"https:\/\/esportscubil.com\/es\/tienda-esports-cubil\/accesorios-de-esqui\/","name":"Accesorios de esqu\u00ed | Esports Cubil | Grandvalira Andorra","isPartOf":{"@id":"https:\/\/esportscubil.com\/es\/#website"},"primaryImageOfPage":{"@id":"https:\/\/esportscubil.com\/es\/tienda-esports-cubil\/accesorios-de-esqui\/#primaryimage"},"image":{"@id":"https:\/\/esportscubil.com\/es\/tienda-esports-cubil\/accesorios-de-esqui\/#primaryimage"},"thumbnailUrl":"https:\/\/esportscubil.com\/wp-content\/uploads\/2024\/08\/accessoris-esqui-esportscubil.webp","datePublished":"2024-08-21T11:10:49+00:00","dateModified":"2025-09-22T09:18:37+00:00","description":"Esports Cubil es la tienda de esqu\u00ed de Andorra d\u00f3nde comprar\u00e1s todos los accesorios necesarios para el esqu\u00ed alpino, traves\u00eda y competici\u00f3n.","breadcrumb":{"@id":"https:\/\/esportscubil.com\/es\/tienda-esports-cubil\/accesorios-de-esqui\/#breadcrumb"},"inLanguage":"es","potentialAction":[{"@type":"ReadAction","target":["https:\/\/esportscubil.com\/es\/tienda-esports-cubil\/accesorios-de-esqui\/"]}]},{"@type":"ImageObject","inLanguage":"es","@id":"https:\/\/esportscubil.com\/es\/tienda-esports-cubil\/accesorios-de-esqui\/#primaryimage","url":"https:\/\/esportscubil.com\/wp-content\/uploads\/2024\/08\/accessoris-esqui-esportscubil.webp","contentUrl":"https:\/\/esportscubil.com\/wp-content\/uploads\/2024\/08\/accessoris-esqui-esportscubil.webp","width":2000,"height":1200},{"@type":"BreadcrumbList","@id":"https:\/\/esportscubil.com\/es\/tienda-esports-cubil\/accesorios-de-esqui\/#breadcrumb","itemListElement":[{"@type":"ListItem","position":1,"name":"Inici","item":"https:\/\/esportscubil.com\/es\/"},{"@type":"ListItem","position":2,"name":"Tienda","item":"https:\/\/esportscubil.com\/es\/tienda-esports-cubil\/"},{"@type":"ListItem","position":3,"name":"Accesorios de esqu\u00ed"}]},{"@type":"WebSite","@id":"https:\/\/esportscubil.com\/es\/#website","url":"https:\/\/esportscubil.com\/es\/","name":"esportscubil.com","description":"La llar de les botes d\u2019esqu\u00ed a Andorra.","publisher":{"@id":"https:\/\/esportscubil.com\/es\/#organization"},"alternateName":"cubil","potentialAction":[{"@type":"SearchAction","target":{"@type":"EntryPoint","urlTemplate":"https:\/\/esportscubil.com\/es\/?s={search_term_string}"},"query-input":{"@type":"PropertyValueSpecification","valueRequired":true,"valueName":"search_term_string"}}],"inLanguage":"es"},{"@type":"Organization","@id":"https:\/\/esportscubil.com\/es\/#organization","name":"Esports Cubil","alternateName":"La llar de les botes d'esqu\u00ed i del bootfitting a Andorra","url":"https:\/\/esportscubil.com\/es\/","logo":{"@type":"ImageObject","inLanguage":"es","@id":"https:\/\/esportscubil.com\/es\/#\/schema\/logo\/image\/","url":"https:\/\/esportscubil.com\/wp-content\/uploads\/2021\/10\/cropped-imatge-perfil-XXSS-1.jpg","contentUrl":"https:\/\/esportscubil.com\/wp-content\/uploads\/2021\/10\/cropped-imatge-perfil-XXSS-1.jpg","width":512,"height":512,"caption":"Esports Cubil"},"image":{"@id":"https:\/\/esportscubil.com\/es\/#\/schema\/logo\/image\/"},"sameAs":["https:\/\/www.facebook.com\/esportscubil","https:\/\/www.instagram.com\/esportscubil\/"]}]}},"_links":{"self":[{"href":"https:\/\/esportscubil.com\/es\/wp-json\/wp\/v2\/pages\/12774","targetHints":{"allow":["GET"]}}],"collection":[{"href":"https:\/\/esportscubil.com\/es\/wp-json\/wp\/v2\/pages"}],"about":[{"href":"https:\/\/esportscubil.com\/es\/wp-json\/wp\/v2\/types\/page"}],"author":[{"embeddable":true,"href":"https:\/\/esportscubil.com\/es\/wp-json\/wp\/v2\/users\/6"}],"replies":[{"embeddable":true,"href":"https:\/\/esportscubil.com\/es\/wp-json\/wp\/v2\/comments?post=12774"}],"version-history":[{"count":10,"href":"https:\/\/esportscubil.com\/es\/wp-json\/wp\/v2\/pages\/12774\/revisions"}],"predecessor-version":[{"id":12784,"href":"https:\/\/esportscubil.com\/es\/wp-json\/wp\/v2\/pages\/12774\/revisions\/12784"}],"up":[{"embeddable":true,"href":"https:\/\/esportscubil.com\/es\/wp-json\/wp\/v2\/pages\/12749"}],"wp:featuredmedia":[{"embeddable":true,"href":"https:\/\/esportscubil.com\/es\/wp-json\/wp\/v2\/media\/11996"}],"wp:attachment":[{"href":"https:\/\/esportscubil.com\/es\/wp-json\/wp\/v2\/media?parent=12774"}],"curies":[{"name":"wp","href":"https:\/\/api.w.org\/{rel}","templated":true}]}}