{"id":12786,"date":"2024-08-22T16:25:04","date_gmt":"2024-08-22T14:25:04","guid":{"rendered":"https:\/\/esportscubil.com\/?page_id=12786"},"modified":"2025-09-25T14:24:27","modified_gmt":"2025-09-25T12:24:27","slug":"esqui-alpino","status":"publish","type":"page","link":"https:\/\/esportscubil.com\/es\/tienda-esports-cubil\/esqui-alpino\/","title":{"rendered":"Esqu\u00ed alpino"},"content":{"rendered":"\t\t<div data-elementor-type=\"wp-page\" data-elementor-id=\"12786\" class=\"elementor elementor-12786 elementor-10136\">\n\t\t\t\t\t\t<section class=\"elementor-section elementor-top-section elementor-element elementor-element-a525dfd elementor-section-full_width elementor-section-height-default elementor-section-height-default\" data-id=\"a525dfd\" data-element_type=\"section\" data-e-type=\"section\" data-settings=\"{&quot;background_background&quot;:&quot;classic&quot;}\">\n\t\t\t\t\t\t\t<div class=\"elementor-background-overlay\"><\/div>\n\t\t\t\t\t\t\t<div class=\"elementor-container elementor-column-gap-default\">\n\t\t\t\t\t<div class=\"elementor-column elementor-col-100 elementor-top-column elementor-element elementor-element-5d02f17\" data-id=\"5d02f17\" data-element_type=\"column\" data-e-type=\"column\">\n\t\t\t<div class=\"elementor-widget-wrap elementor-element-populated\">\n\t\t\t\t\t\t<div class=\"elementor-element elementor-element-87a4e76 elementor-widget elementor-widget-text-editor\" data-id=\"87a4e76\" data-element_type=\"widget\" data-e-type=\"widget\" data-widget_type=\"text-editor.default\">\n\t\t\t\t<div class=\"elementor-widget-container\">\n\t\t\t\t\t\t\t\t\t<h1>Con m\u00e1s de cincuenta a\u00f1os de historia el esqu\u00ed alpino es uno de los deportes de nieve m\u00e1s practicado.<\/h1>\t\t\t\t\t\t\t\t<\/div>\n\t\t\t\t<\/div>\n\t\t\t\t\t<\/div>\n\t\t<\/div>\n\t\t\t\t\t<\/div>\n\t\t<\/section>\n\t\t\t\t<section class=\"elementor-section elementor-top-section elementor-element elementor-element-7b2db73 elementor-section-full_width elementor-section-height-default elementor-section-height-default\" data-id=\"7b2db73\" data-element_type=\"section\" data-e-type=\"section\">\n\t\t\t\t\t\t<div class=\"elementor-container elementor-column-gap-default\">\n\t\t\t\t\t<div class=\"elementor-column elementor-col-25 elementor-top-column elementor-element elementor-element-57f9034\" data-id=\"57f9034\" data-element_type=\"column\" data-e-type=\"column\">\n\t\t\t<div class=\"elementor-widget-wrap\">\n\t\t\t\t\t\t\t<\/div>\n\t\t<\/div>\n\t\t\t\t<div class=\"elementor-column elementor-col-50 elementor-top-column elementor-element elementor-element-96cf054\" data-id=\"96cf054\" data-element_type=\"column\" data-e-type=\"column\">\n\t\t\t<div class=\"elementor-widget-wrap elementor-element-populated\">\n\t\t\t\t\t\t<div class=\"elementor-element elementor-element-840f63b elementor-widget elementor-widget-heading\" data-id=\"840f63b\" data-element_type=\"widget\" data-e-type=\"widget\" data-widget_type=\"heading.default\">\n\t\t\t\t<div class=\"elementor-widget-container\">\n\t\t\t\t\t<h2 class=\"elementor-heading-title elementor-size-default\">\u00bfEsqu\u00edas?<\/h2>\t\t\t\t<\/div>\n\t\t\t\t<\/div>\n\t\t\t\t<div class=\"elementor-element elementor-element-086f53e elementor-widget elementor-widget-text-editor\" data-id=\"086f53e\" data-element_type=\"widget\" data-e-type=\"widget\" data-widget_type=\"text-editor.default\">\n\t\t\t\t<div class=\"elementor-widget-container\">\n\t\t\t\t\t\t\t\t\t<p>Si te gusta este deporte de monta\u00f1a, necesitas estar bien equipado. En <strong>Esports Cubil<\/strong> te ayudaremos con <strong>atenci\u00f3n personalizada<\/strong> y te ofrecemos el equipamiento que necesites, sea cual sea tu nivel de esqu\u00ed.<\/p><p><strong>Hablar de Esports Cubil, es hablar de experiencia y trato familiar, una tienda especializada en esqu\u00ed d\u00f3nde encontrar\u00e1s el mejor material t\u00e9cnico.<\/strong><\/p><p>Nuestra pasi\u00f3n por el esqu\u00ed, as\u00ed como nuestra profesionalidad, nos sit\u00faan como todo un referente en la venta de material para ir a la nieve en Andorra; adem\u00e1s somos especialistas en calzar todo tipo de pie, con un equipo especializado en encontrar la bota ideal para cada persona.<\/p><p>Adem\u00e1s de una amplia gama de productos y equipamiento, tambi\u00e9n tenemos un servicio de mantenimiento (cantos, encerar, suelas) y <a href=\"https:\/\/esportscubil.com\/es\/alquiler-esquis\/\">alquiler de material de esqu\u00ed.<\/a><\/p>\t\t\t\t\t\t\t\t<\/div>\n\t\t\t\t<\/div>\n\t\t\t\t\t<\/div>\n\t\t<\/div>\n\t\t\t\t<div class=\"elementor-column elementor-col-25 elementor-top-column elementor-element elementor-element-7746df0\" data-id=\"7746df0\" data-element_type=\"column\" data-e-type=\"column\">\n\t\t\t<div class=\"elementor-widget-wrap\">\n\t\t\t\t\t\t\t<\/div>\n\t\t<\/div>\n\t\t\t\t\t<\/div>\n\t\t<\/section>\n\t\t\t\t<section class=\"elementor-section elementor-top-section elementor-element elementor-element-fef3ba7 elementor-section-full_width elementor-section-height-default elementor-section-height-default\" data-id=\"fef3ba7\" data-element_type=\"section\" data-e-type=\"section\" data-settings=\"{&quot;background_background&quot;:&quot;classic&quot;}\">\n\t\t\t\t\t\t\t<div class=\"elementor-background-overlay\"><\/div>\n\t\t\t\t\t\t\t<div class=\"elementor-container elementor-column-gap-default\">\n\t\t\t\t\t<div class=\"elementor-column elementor-col-100 elementor-top-column elementor-element elementor-element-953f06b\" data-id=\"953f06b\" data-element_type=\"column\" data-e-type=\"column\">\n\t\t\t<div class=\"elementor-widget-wrap elementor-element-populated\">\n\t\t\t\t\t\t<div class=\"elementor-element elementor-element-d26a999 elementor-widget elementor-widget-heading\" data-id=\"d26a999\" data-element_type=\"widget\" data-e-type=\"widget\" data-widget_type=\"heading.default\">\n\t\t\t\t<div class=\"elementor-widget-container\">\n\t\t\t\t\t<h2 class=\"elementor-heading-title elementor-size-default\">Un poco de historia del esqu\u00ed en Andorra<\/h2>\t\t\t\t<\/div>\n\t\t\t\t<\/div>\n\t\t\t\t<div class=\"elementor-element elementor-element-175ed4e elementor-widget elementor-widget-text-editor\" data-id=\"175ed4e\" data-element_type=\"widget\" data-e-type=\"widget\" data-widget_type=\"text-editor.default\">\n\t\t\t\t<div class=\"elementor-widget-container\">\n\t\t\t\t\t\t\t\t\t<p>La <strong>historia del esqu\u00ed en Andorra<\/strong> comienza el a\u00f1o 1956 con el motor de un cami\u00f3n, que hac\u00eda funcionar el primer tele esqu\u00ed instalado en la cima de Coll Blanc, en el <a href=\"https:\/\/www.grandvalira.com\/es\/estacion\/pistas\/pas-de-la-casa\"><strong>Pas de la Casa.<\/strong><\/a><\/p><p>Siete a\u00f1os m\u00e1s tarde, se instal\u00f3 el primer remontador en <a href=\"https:\/\/www.grandvalira.com\/es\/estacion\/pistas\/soldeu\"><strong>Soldeu<\/strong><\/a>, y comenz\u00f3 as\u00ed un proyecto con capital privado.<\/p><p>A mediados de los a\u00f1os ochenta, <strong>Pas de la Casa \u2013 <a href=\"https:\/\/www.grandvalira.com\/es\/estacion\/pistas\/grau-roig\">Grau Roig<\/a><\/strong> incorpora los primeros ca\u00f1ones de nieve autom\u00e1ticos, mientras que en la estaci\u00f3n vecina se inauguraba el <strong>sector de Riba Escorxada, con acceso desde <a href=\"https:\/\/www.grandvalira.com\/es\/estacion\/pistas\/el-tarter\">El Tarter.<\/a><\/strong><\/p><p><strong>Al 1996, se puso en funcionamiento en Soldeu la primera telecabina de ocho plazas de los Pirineos<\/strong> y en el a\u00f1o 2000, un nuevo sector <a href=\"https:\/\/www.grandvalira.com\/es\/estacion\/pistas\/canillo\"><strong>Canillo<\/strong><\/a> se puso en marcha.<\/p><p>Por otra parte, Pas de la Casa \u2013 Grau Roig, el a\u00f1o <strong>1997 instal\u00f3 el primer telesilla desembragable de seis plazas de los Pirineos.<\/strong><\/p><p>El a\u00f1o 2003, las dos estaciones, ya conectadas f\u00edsicamente, se convirti\u00f3 en <a href=\"https:\/\/www.grandvalira.com\/es\"><strong>Grandvalira<\/strong><\/a>, <strong>la estaci\u00f3n de esqu\u00ed m\u00e1s grande de los Pirineos y del sur de Europa.<\/strong><\/p>\t\t\t\t\t\t\t\t<\/div>\n\t\t\t\t<\/div>\n\t\t\t\t\t<\/div>\n\t\t<\/div>\n\t\t\t\t\t<\/div>\n\t\t<\/section>\n\t\t\t\t<section class=\"elementor-section elementor-top-section elementor-element elementor-element-14c7eb7 elementor-section-full_width elementor-section-height-default elementor-section-height-default\" data-id=\"14c7eb7\" data-element_type=\"section\" data-e-type=\"section\">\n\t\t\t\t\t\t<div class=\"elementor-container elementor-column-gap-default\">\n\t\t\t\t\t<div class=\"elementor-column elementor-col-100 elementor-top-column elementor-element elementor-element-4516379\" data-id=\"4516379\" data-element_type=\"column\" data-e-type=\"column\">\n\t\t\t<div class=\"elementor-widget-wrap elementor-element-populated\">\n\t\t\t\t\t\t<div class=\"elementor-element elementor-element-db2aa79 elementor-widget__width-inherit elementor-widget elementor-widget-html\" data-id=\"db2aa79\" data-element_type=\"widget\" data-e-type=\"widget\" data-widget_type=\"html.default\">\n\t\t\t\t<div class=\"elementor-widget-container\">\n\t\t\t\t\t<iframe src=\"https:\/\/www.google.com\/maps\/embed?pb=!1m18!1m12!1m3!1d2937.9193972684707!2d1.6269003768795034!3d42.57823327117347!2m3!1f0!2f0!3f0!3m2!1i1024!2i768!4f13.1!3m3!1m2!1s0x12af6252d190ce37%3A0x748260505d013bd!2sESPORTS%20CUBIL!5e0!3m2!1ses!2sad!4v1733656243211!5m2!1ses!2sad\" width=\"600\" height=\"450\" style=\"border:0;\" allowfullscreen=\"\" loading=\"lazy\" referrerpolicy=\"no-referrer-when-downgrade\"><\/iframe>\t\t\t\t<\/div>\n\t\t\t\t<\/div>\n\t\t\t\t\t<\/div>\n\t\t<\/div>\n\t\t\t\t\t<\/div>\n\t\t<\/section>\n\t\t\t\t<\/div>\n\t\t","protected":false},"excerpt":{"rendered":"<p>Con m\u00e1s de cincuenta a\u00f1os de historia el esqu\u00ed alpino es uno de los deportes de nieve m\u00e1s practicado. \u00bfEsqu\u00edas? Si te gusta este deporte de monta\u00f1a, necesitas estar bien equipado. En Esports Cubil te ayudaremos con atenci\u00f3n personalizada y te ofrecemos el equipamiento que necesites, sea cual sea tu nivel de esqu\u00ed. Hablar de&#8230;<\/p>\n","protected":false},"author":6,"featured_media":12026,"parent":12749,"menu_order":2,"comment_status":"closed","ping_status":"closed","template":"","meta":{"_kadence_starter_templates_imported_post":false,"_kad_post_transparent":"default","_kad_post_title":"hide","_kad_post_layout":"fullwidth","_kad_post_sidebar_id":"","_kad_post_content_style":"unboxed","_kad_post_vertical_padding":"hide","_kad_post_feature":"hide","_kad_post_feature_position":"","_kad_post_header":false,"_kad_post_footer":false,"_kad_post_classname":"","footnotes":""},"class_list":["post-12786","page","type-page","status-publish","has-post-thumbnail","hentry"],"yoast_head":"<!-- This site is optimized with the Yoast SEO plugin v27.3 - https:\/\/yoast.com\/product\/yoast-seo-wordpress\/ -->\n<title>Esqu\u00ed Alpino | Esports Cubil | Grandvalira Canillo | Andorra<\/title>\n<meta name=\"description\" content=\"Encuentra todo lo que est\u00e1s buscando para hacer esqu\u00ed alpino: botas, esqu\u00eds, cascos, bastones. Servicio personalizado adaptado a ti.\" \/>\n<meta name=\"robots\" content=\"index, follow, max-snippet:-1, max-image-preview:large, max-video-preview:-1\" \/>\n<link rel=\"canonical\" href=\"https:\/\/esportscubil.com\/es\/tienda-esports-cubil\/esqui-alpino\/\" \/>\n<meta property=\"og:locale\" content=\"es_ES\" \/>\n<meta property=\"og:type\" content=\"article\" \/>\n<meta property=\"og:title\" content=\"Esqu\u00ed Alpino | Esports Cubil | Grandvalira Canillo | Andorra\" \/>\n<meta property=\"og:description\" content=\"Encuentra todo lo que est\u00e1s buscando para hacer esqu\u00ed alpino: botas, esqu\u00eds, cascos, bastones. Servicio personalizado adaptado a ti.\" \/>\n<meta property=\"og:url\" content=\"https:\/\/esportscubil.com\/es\/tienda-esports-cubil\/esqui-alpino\/\" \/>\n<meta property=\"og:site_name\" content=\"Esports Cubil\" \/>\n<meta property=\"article:publisher\" content=\"https:\/\/www.facebook.com\/esportscubil\" \/>\n<meta property=\"article:modified_time\" content=\"2025-09-25T12:24:27+00:00\" \/>\n<meta property=\"og:image\" content=\"https:\/\/esportscubil.com\/wp-content\/uploads\/2024\/08\/esui-alpi-esportscubil.webp\" \/>\n\t<meta property=\"og:image:width\" content=\"2000\" \/>\n\t<meta property=\"og:image:height\" content=\"1200\" \/>\n\t<meta property=\"og:image:type\" content=\"image\/webp\" \/>\n<script type=\"application\/ld+json\" class=\"yoast-schema-graph\">{\"@context\":\"https:\\\/\\\/schema.org\",\"@graph\":[{\"@type\":\"WebPage\",\"@id\":\"https:\\\/\\\/esportscubil.com\\\/es\\\/tienda-esports-cubil\\\/esqui-alpino\\\/\",\"url\":\"https:\\\/\\\/esportscubil.com\\\/es\\\/tienda-esports-cubil\\\/esqui-alpino\\\/\",\"name\":\"Esqu\u00ed Alpino | Esports Cubil | Grandvalira Canillo | Andorra\",\"isPartOf\":{\"@id\":\"https:\\\/\\\/esportscubil.com\\\/es\\\/#website\"},\"primaryImageOfPage\":{\"@id\":\"https:\\\/\\\/esportscubil.com\\\/es\\\/tienda-esports-cubil\\\/esqui-alpino\\\/#primaryimage\"},\"image\":{\"@id\":\"https:\\\/\\\/esportscubil.com\\\/es\\\/tienda-esports-cubil\\\/esqui-alpino\\\/#primaryimage\"},\"thumbnailUrl\":\"https:\\\/\\\/esportscubil.com\\\/wp-content\\\/uploads\\\/2024\\\/08\\\/esui-alpi-esportscubil.webp\",\"datePublished\":\"2024-08-22T14:25:04+00:00\",\"dateModified\":\"2025-09-25T12:24:27+00:00\",\"description\":\"Encuentra todo lo que est\u00e1s buscando para hacer esqu\u00ed alpino: botas, esqu\u00eds, cascos, bastones. Servicio personalizado adaptado a ti.\",\"breadcrumb\":{\"@id\":\"https:\\\/\\\/esportscubil.com\\\/es\\\/tienda-esports-cubil\\\/esqui-alpino\\\/#breadcrumb\"},\"inLanguage\":\"es\",\"potentialAction\":[{\"@type\":\"ReadAction\",\"target\":[\"https:\\\/\\\/esportscubil.com\\\/es\\\/tienda-esports-cubil\\\/esqui-alpino\\\/\"]}]},{\"@type\":\"ImageObject\",\"inLanguage\":\"es\",\"@id\":\"https:\\\/\\\/esportscubil.com\\\/es\\\/tienda-esports-cubil\\\/esqui-alpino\\\/#primaryimage\",\"url\":\"https:\\\/\\\/esportscubil.com\\\/wp-content\\\/uploads\\\/2024\\\/08\\\/esui-alpi-esportscubil.webp\",\"contentUrl\":\"https:\\\/\\\/esportscubil.com\\\/wp-content\\\/uploads\\\/2024\\\/08\\\/esui-alpi-esportscubil.webp\",\"width\":2000,\"height\":1200},{\"@type\":\"BreadcrumbList\",\"@id\":\"https:\\\/\\\/esportscubil.com\\\/es\\\/tienda-esports-cubil\\\/esqui-alpino\\\/#breadcrumb\",\"itemListElement\":[{\"@type\":\"ListItem\",\"position\":1,\"name\":\"Inici\",\"item\":\"https:\\\/\\\/esportscubil.com\\\/es\\\/\"},{\"@type\":\"ListItem\",\"position\":2,\"name\":\"Tienda\",\"item\":\"https:\\\/\\\/esportscubil.com\\\/es\\\/tienda-esports-cubil\\\/\"},{\"@type\":\"ListItem\",\"position\":3,\"name\":\"Esqu\u00ed alpino\"}]},{\"@type\":\"WebSite\",\"@id\":\"https:\\\/\\\/esportscubil.com\\\/es\\\/#website\",\"url\":\"https:\\\/\\\/esportscubil.com\\\/es\\\/\",\"name\":\"esportscubil.com\",\"description\":\"La llar de les botes d\u2019esqu\u00ed a Andorra.\",\"publisher\":{\"@id\":\"https:\\\/\\\/esportscubil.com\\\/es\\\/#organization\"},\"alternateName\":\"cubil\",\"potentialAction\":[{\"@type\":\"SearchAction\",\"target\":{\"@type\":\"EntryPoint\",\"urlTemplate\":\"https:\\\/\\\/esportscubil.com\\\/es\\\/?s={search_term_string}\"},\"query-input\":{\"@type\":\"PropertyValueSpecification\",\"valueRequired\":true,\"valueName\":\"search_term_string\"}}],\"inLanguage\":\"es\"},{\"@type\":\"Organization\",\"@id\":\"https:\\\/\\\/esportscubil.com\\\/es\\\/#organization\",\"name\":\"Esports Cubil\",\"alternateName\":\"La llar de les botes d'esqu\u00ed i del bootfitting a Andorra\",\"url\":\"https:\\\/\\\/esportscubil.com\\\/es\\\/\",\"logo\":{\"@type\":\"ImageObject\",\"inLanguage\":\"es\",\"@id\":\"https:\\\/\\\/esportscubil.com\\\/es\\\/#\\\/schema\\\/logo\\\/image\\\/\",\"url\":\"https:\\\/\\\/esportscubil.com\\\/wp-content\\\/uploads\\\/2021\\\/10\\\/cropped-imatge-perfil-XXSS-1.jpg\",\"contentUrl\":\"https:\\\/\\\/esportscubil.com\\\/wp-content\\\/uploads\\\/2021\\\/10\\\/cropped-imatge-perfil-XXSS-1.jpg\",\"width\":512,\"height\":512,\"caption\":\"Esports Cubil\"},\"image\":{\"@id\":\"https:\\\/\\\/esportscubil.com\\\/es\\\/#\\\/schema\\\/logo\\\/image\\\/\"},\"sameAs\":[\"https:\\\/\\\/www.facebook.com\\\/esportscubil\",\"https:\\\/\\\/www.instagram.com\\\/esportscubil\\\/\"]}]}<\/script>\n<!-- \/ Yoast SEO plugin. -->","yoast_head_json":{"title":"Esqu\u00ed Alpino | Esports Cubil | Grandvalira Canillo | Andorra","description":"Encuentra todo lo que est\u00e1s buscando para hacer esqu\u00ed alpino: botas, esqu\u00eds, cascos, bastones. Servicio personalizado adaptado a ti.","robots":{"index":"index","follow":"follow","max-snippet":"max-snippet:-1","max-image-preview":"max-image-preview:large","max-video-preview":"max-video-preview:-1"},"canonical":"https:\/\/esportscubil.com\/es\/tienda-esports-cubil\/esqui-alpino\/","og_locale":"es_ES","og_type":"article","og_title":"Esqu\u00ed Alpino | Esports Cubil | Grandvalira Canillo | Andorra","og_description":"Encuentra todo lo que est\u00e1s buscando para hacer esqu\u00ed alpino: botas, esqu\u00eds, cascos, bastones. Servicio personalizado adaptado a ti.","og_url":"https:\/\/esportscubil.com\/es\/tienda-esports-cubil\/esqui-alpino\/","og_site_name":"Esports Cubil","article_publisher":"https:\/\/www.facebook.com\/esportscubil","article_modified_time":"2025-09-25T12:24:27+00:00","og_image":[{"width":2000,"height":1200,"url":"https:\/\/esportscubil.com\/wp-content\/uploads\/2024\/08\/esui-alpi-esportscubil.webp","type":"image\/webp"}],"schema":{"@context":"https:\/\/schema.org","@graph":[{"@type":"WebPage","@id":"https:\/\/esportscubil.com\/es\/tienda-esports-cubil\/esqui-alpino\/","url":"https:\/\/esportscubil.com\/es\/tienda-esports-cubil\/esqui-alpino\/","name":"Esqu\u00ed Alpino | Esports Cubil | Grandvalira Canillo | Andorra","isPartOf":{"@id":"https:\/\/esportscubil.com\/es\/#website"},"primaryImageOfPage":{"@id":"https:\/\/esportscubil.com\/es\/tienda-esports-cubil\/esqui-alpino\/#primaryimage"},"image":{"@id":"https:\/\/esportscubil.com\/es\/tienda-esports-cubil\/esqui-alpino\/#primaryimage"},"thumbnailUrl":"https:\/\/esportscubil.com\/wp-content\/uploads\/2024\/08\/esui-alpi-esportscubil.webp","datePublished":"2024-08-22T14:25:04+00:00","dateModified":"2025-09-25T12:24:27+00:00","description":"Encuentra todo lo que est\u00e1s buscando para hacer esqu\u00ed alpino: botas, esqu\u00eds, cascos, bastones. Servicio personalizado adaptado a ti.","breadcrumb":{"@id":"https:\/\/esportscubil.com\/es\/tienda-esports-cubil\/esqui-alpino\/#breadcrumb"},"inLanguage":"es","potentialAction":[{"@type":"ReadAction","target":["https:\/\/esportscubil.com\/es\/tienda-esports-cubil\/esqui-alpino\/"]}]},{"@type":"ImageObject","inLanguage":"es","@id":"https:\/\/esportscubil.com\/es\/tienda-esports-cubil\/esqui-alpino\/#primaryimage","url":"https:\/\/esportscubil.com\/wp-content\/uploads\/2024\/08\/esui-alpi-esportscubil.webp","contentUrl":"https:\/\/esportscubil.com\/wp-content\/uploads\/2024\/08\/esui-alpi-esportscubil.webp","width":2000,"height":1200},{"@type":"BreadcrumbList","@id":"https:\/\/esportscubil.com\/es\/tienda-esports-cubil\/esqui-alpino\/#breadcrumb","itemListElement":[{"@type":"ListItem","position":1,"name":"Inici","item":"https:\/\/esportscubil.com\/es\/"},{"@type":"ListItem","position":2,"name":"Tienda","item":"https:\/\/esportscubil.com\/es\/tienda-esports-cubil\/"},{"@type":"ListItem","position":3,"name":"Esqu\u00ed alpino"}]},{"@type":"WebSite","@id":"https:\/\/esportscubil.com\/es\/#website","url":"https:\/\/esportscubil.com\/es\/","name":"esportscubil.com","description":"La llar de les botes d\u2019esqu\u00ed a Andorra.","publisher":{"@id":"https:\/\/esportscubil.com\/es\/#organization"},"alternateName":"cubil","potentialAction":[{"@type":"SearchAction","target":{"@type":"EntryPoint","urlTemplate":"https:\/\/esportscubil.com\/es\/?s={search_term_string}"},"query-input":{"@type":"PropertyValueSpecification","valueRequired":true,"valueName":"search_term_string"}}],"inLanguage":"es"},{"@type":"Organization","@id":"https:\/\/esportscubil.com\/es\/#organization","name":"Esports Cubil","alternateName":"La llar de les botes d'esqu\u00ed i del bootfitting a Andorra","url":"https:\/\/esportscubil.com\/es\/","logo":{"@type":"ImageObject","inLanguage":"es","@id":"https:\/\/esportscubil.com\/es\/#\/schema\/logo\/image\/","url":"https:\/\/esportscubil.com\/wp-content\/uploads\/2021\/10\/cropped-imatge-perfil-XXSS-1.jpg","contentUrl":"https:\/\/esportscubil.com\/wp-content\/uploads\/2021\/10\/cropped-imatge-perfil-XXSS-1.jpg","width":512,"height":512,"caption":"Esports Cubil"},"image":{"@id":"https:\/\/esportscubil.com\/es\/#\/schema\/logo\/image\/"},"sameAs":["https:\/\/www.facebook.com\/esportscubil","https:\/\/www.instagram.com\/esportscubil\/"]}]}},"_links":{"self":[{"href":"https:\/\/esportscubil.com\/es\/wp-json\/wp\/v2\/pages\/12786","targetHints":{"allow":["GET"]}}],"collection":[{"href":"https:\/\/esportscubil.com\/es\/wp-json\/wp\/v2\/pages"}],"about":[{"href":"https:\/\/esportscubil.com\/es\/wp-json\/wp\/v2\/types\/page"}],"author":[{"embeddable":true,"href":"https:\/\/esportscubil.com\/es\/wp-json\/wp\/v2\/users\/6"}],"replies":[{"embeddable":true,"href":"https:\/\/esportscubil.com\/es\/wp-json\/wp\/v2\/comments?post=12786"}],"version-history":[{"count":13,"href":"https:\/\/esportscubil.com\/es\/wp-json\/wp\/v2\/pages\/12786\/revisions"}],"predecessor-version":[{"id":13053,"href":"https:\/\/esportscubil.com\/es\/wp-json\/wp\/v2\/pages\/12786\/revisions\/13053"}],"up":[{"embeddable":true,"href":"https:\/\/esportscubil.com\/es\/wp-json\/wp\/v2\/pages\/12749"}],"wp:featuredmedia":[{"embeddable":true,"href":"https:\/\/esportscubil.com\/es\/wp-json\/wp\/v2\/media\/12026"}],"wp:attachment":[{"href":"https:\/\/esportscubil.com\/es\/wp-json\/wp\/v2\/media?parent=12786"}],"curies":[{"name":"wp","href":"https:\/\/api.w.org\/{rel}","templated":true}]}}