{"id":12867,"date":"2024-09-20T15:46:04","date_gmt":"2024-09-20T13:46:04","guid":{"rendered":"https:\/\/esportscubil.com\/?page_id=12867"},"modified":"2025-09-25T14:38:04","modified_gmt":"2025-09-25T12:38:04","slug":"analisis-de-la-huella","status":"publish","type":"page","link":"https:\/\/esportscubil.com\/es\/a-medida\/analisis-de-la-huella\/","title":{"rendered":"An\u00e1lisis de la huella"},"content":{"rendered":"\t\t<div data-elementor-type=\"wp-page\" data-elementor-id=\"12867\" class=\"elementor elementor-12867 elementor-10994\">\n\t\t\t\t\t\t<section class=\"elementor-section elementor-top-section elementor-element elementor-element-a525dfd elementor-section-full_width elementor-section-height-default elementor-section-height-default\" data-id=\"a525dfd\" data-element_type=\"section\" data-e-type=\"section\" data-settings=\"{&quot;background_background&quot;:&quot;classic&quot;}\">\n\t\t\t\t\t\t\t<div class=\"elementor-background-overlay\"><\/div>\n\t\t\t\t\t\t\t<div class=\"elementor-container elementor-column-gap-default\">\n\t\t\t\t\t<div class=\"elementor-column elementor-col-100 elementor-top-column elementor-element elementor-element-5d02f17\" data-id=\"5d02f17\" data-element_type=\"column\" data-e-type=\"column\">\n\t\t\t<div class=\"elementor-widget-wrap elementor-element-populated\">\n\t\t\t\t\t\t<div class=\"elementor-element elementor-element-87a4e76 elementor-widget elementor-widget-text-editor\" data-id=\"87a4e76\" data-element_type=\"widget\" data-e-type=\"widget\" data-widget_type=\"text-editor.default\">\n\t\t\t\t<div class=\"elementor-widget-container\">\n\t\t\t\t\t\t\t\t\t<h1>An\u00e1lisis de la huella<\/h1>\t\t\t\t\t\t\t\t<\/div>\n\t\t\t\t<\/div>\n\t\t\t\t\t<\/div>\n\t\t<\/div>\n\t\t\t\t\t<\/div>\n\t\t<\/section>\n\t\t\t\t<section class=\"elementor-section elementor-top-section elementor-element elementor-element-e3aecec elementor-section-full_width elementor-section-height-default elementor-section-height-default\" data-id=\"e3aecec\" data-element_type=\"section\" data-e-type=\"section\">\n\t\t\t\t\t\t<div class=\"elementor-container elementor-column-gap-default\">\n\t\t\t\t\t<div class=\"elementor-column elementor-col-25 elementor-top-column elementor-element elementor-element-90b4686\" data-id=\"90b4686\" data-element_type=\"column\" data-e-type=\"column\">\n\t\t\t<div class=\"elementor-widget-wrap\">\n\t\t\t\t\t\t\t<\/div>\n\t\t<\/div>\n\t\t\t\t<div class=\"elementor-column elementor-col-50 elementor-top-column elementor-element elementor-element-fb1fc62\" data-id=\"fb1fc62\" data-element_type=\"column\" data-e-type=\"column\">\n\t\t\t<div class=\"elementor-widget-wrap elementor-element-populated\">\n\t\t\t\t\t\t<div class=\"elementor-element elementor-element-16bbe3a elementor-widget elementor-widget-heading\" data-id=\"16bbe3a\" data-element_type=\"widget\" data-e-type=\"widget\" data-widget_type=\"heading.default\">\n\t\t\t\t<div class=\"elementor-widget-container\">\n\t\t\t\t\t<h2 class=\"elementor-heading-title elementor-size-default\">Todos los pies son diferentes en cuanto a forma, movimiento y presi\u00f3n.<\/h2>\t\t\t\t<\/div>\n\t\t\t\t<\/div>\n\t\t\t\t<div class=\"elementor-element elementor-element-d086777 elementor-widget elementor-widget-text-editor\" data-id=\"d086777\" data-element_type=\"widget\" data-e-type=\"widget\" data-widget_type=\"text-editor.default\">\n\t\t\t\t<div class=\"elementor-widget-container\">\n\t\t\t\t\t\t\t\t\t<p>Son:<\/p><ul><li><p>\u00danicos (por su morfolog\u00eda)<\/p><\/li><li><p>Complejos (formados por 28 huesos, 16 articulaciones, 107 ligamentos y 27 m\u00fasculos)<\/p><\/li><li><p>Sensibles (captan sensaciones)<\/p><\/li><li><p>La base de nuestro cuerpo<\/p><\/li><\/ul><p>De manera general, podemos decir que hay tres tipos diferentes de pies:<\/p><ul><li><p>El pie con arco plantar bajo<\/p><\/li><li><p>El pie con arco plantar medio<\/p><\/li><li><p>El pie con arco plantar alto<\/p><\/li><\/ul><p>Cada tipo de pie tiene caracter\u00edsticas y necesidades diferentes (sujeci\u00f3n, comodidad y estabilidad)<\/p><p>Por este motivo, en <strong>Esports Cubil hacemos un <a href=\"https:\/\/esportscubil.com\/es\/a-medida\/analisis-de-la-huella\/\">an\u00e1lisis de la huella<\/a><\/strong>. De esta manera podemos mirar cuales son las necesidades de nuestro cliente, proponerle una <a href=\"https:\/\/esportscubil.com\/es\/a-medida\/comprar-bota-esqui\/\"><strong>bota de esqu\u00ed a medida<\/strong><\/a>, si hace falta, una <a href=\"https:\/\/esportscubil.com\/es\/a-medida\/plantillas\/\"><strong>plantilla<\/strong><\/a> para una mejor precisi\u00f3n.<\/p><p>Particularmente, si el cliente tiene una pronaci\u00f3n excesiva (el giro del pie hacia adentro), puede sentir molestias en el tal\u00f3n de Aquiles o, por el contrario, si tiene una hipersupinaci\u00f3n, el pie no se desplaza lo suficiente hacia adentro al caminar o correr. Es importante hacer un an\u00e1lisis de la huella del pie para ver de que manera podemos ayudar para que pueda esquiar sin ning\u00fan tipo de dolor.<\/p>\t\t\t\t\t\t\t\t<\/div>\n\t\t\t\t<\/div>\n\t\t\t\t\t<\/div>\n\t\t<\/div>\n\t\t\t\t<div class=\"elementor-column elementor-col-25 elementor-top-column elementor-element elementor-element-683c4cc\" data-id=\"683c4cc\" data-element_type=\"column\" data-e-type=\"column\">\n\t\t\t<div class=\"elementor-widget-wrap\">\n\t\t\t\t\t\t\t<\/div>\n\t\t<\/div>\n\t\t\t\t\t<\/div>\n\t\t<\/section>\n\t\t\t\t<section class=\"elementor-section elementor-top-section elementor-element elementor-element-577671b elementor-section-full_width elementor-section-height-default elementor-section-height-default\" data-id=\"577671b\" data-element_type=\"section\" data-e-type=\"section\" data-settings=\"{&quot;background_background&quot;:&quot;classic&quot;}\">\n\t\t\t\t\t\t<div class=\"elementor-container elementor-column-gap-default\">\n\t\t\t\t\t<div class=\"elementor-column elementor-col-25 elementor-top-column elementor-element elementor-element-c0a2a9f\" data-id=\"c0a2a9f\" data-element_type=\"column\" data-e-type=\"column\">\n\t\t\t<div class=\"elementor-widget-wrap\">\n\t\t\t\t\t\t\t<\/div>\n\t\t<\/div>\n\t\t\t\t<div class=\"elementor-column elementor-col-50 elementor-top-column elementor-element elementor-element-42ccdda\" data-id=\"42ccdda\" data-element_type=\"column\" data-e-type=\"column\">\n\t\t\t<div class=\"elementor-widget-wrap elementor-element-populated\">\n\t\t\t\t\t\t<div class=\"elementor-element elementor-element-0d6e411 elementor-view-default elementor-widget elementor-widget-icon\" data-id=\"0d6e411\" data-element_type=\"widget\" data-e-type=\"widget\" data-widget_type=\"icon.default\">\n\t\t\t\t<div class=\"elementor-widget-container\">\n\t\t\t\t\t\t\t<div class=\"elementor-icon-wrapper\">\n\t\t\t<div class=\"elementor-icon\">\n\t\t\t<i aria-hidden=\"true\" class=\"fas fa-info\"><\/i>\t\t\t<\/div>\n\t\t<\/div>\n\t\t\t\t\t\t<\/div>\n\t\t\t\t<\/div>\n\t\t\t\t<div class=\"elementor-element elementor-element-0558d09 elementor-widget elementor-widget-text-editor\" data-id=\"0558d09\" data-element_type=\"widget\" data-e-type=\"widget\" data-widget_type=\"text-editor.default\">\n\t\t\t\t<div class=\"elementor-widget-container\">\n\t\t\t\t\t\t\t\t\t<p><strong>IMPORTANTE:<\/strong> el an\u00e1lisis de la posici\u00f3n y de la morfolog\u00eda del pie tiene un precio de<strong> 100 \u20ac<\/strong>. Este importe est\u00e1 incluido en el precio de la bota en el momento de comprarla. En el caso que no tengamos la bota que necesitas, la empresa se har\u00e1 cargo del importe. \u00danicamente se cobrar\u00e1 si, despu\u00e9s de hacer el an\u00e1lisis y tener la bota adecuada, el cliente decide no comprar la bota.<\/p>\t\t\t\t\t\t\t\t<\/div>\n\t\t\t\t<\/div>\n\t\t\t\t\t<\/div>\n\t\t<\/div>\n\t\t\t\t<div class=\"elementor-column elementor-col-25 elementor-top-column elementor-element elementor-element-3f02b46\" data-id=\"3f02b46\" data-element_type=\"column\" data-e-type=\"column\">\n\t\t\t<div class=\"elementor-widget-wrap\">\n\t\t\t\t\t\t\t<\/div>\n\t\t<\/div>\n\t\t\t\t\t<\/div>\n\t\t<\/section>\n\t\t\t\t<section class=\"elementor-section elementor-top-section elementor-element elementor-element-0811f74 elementor-section-full_width elementor-section-height-default elementor-section-height-default\" data-id=\"0811f74\" data-element_type=\"section\" data-e-type=\"section\">\n\t\t\t\t\t\t<div class=\"elementor-container elementor-column-gap-default\">\n\t\t\t\t\t<div class=\"elementor-column elementor-col-100 elementor-top-column elementor-element elementor-element-eb10b86\" data-id=\"eb10b86\" data-element_type=\"column\" data-e-type=\"column\">\n\t\t\t<div class=\"elementor-widget-wrap elementor-element-populated\">\n\t\t\t\t\t\t<div class=\"elementor-element elementor-element-4342ff2 elementor-widget__width-inherit elementor-widget elementor-widget-html\" data-id=\"4342ff2\" data-element_type=\"widget\" data-e-type=\"widget\" data-widget_type=\"html.default\">\n\t\t\t\t<div class=\"elementor-widget-container\">\n\t\t\t\t\t<iframe src=\"https:\/\/www.google.com\/maps\/embed?pb=!1m18!1m12!1m3!1d2937.919211158265!2d1.6269003749823407!3d42.57823722129157!2m3!1f0!2f0!3f0!3m2!1i1024!2i768!4f13.1!3m3!1m2!1s0x12af6252d190ce37%3A0x748260505d013bd!2sESPORTS%20CUBIL!5e0!3m2!1sca!2sad!4v1733500820015!5m2!1sca!2sad\" width=\"600\" height=\"450\" style=\"border:0;\" allowfullscreen=\"\" loading=\"lazy\" referrerpolicy=\"no-referrer-when-downgrade\"><\/iframe>\t\t\t\t<\/div>\n\t\t\t\t<\/div>\n\t\t\t\t\t<\/div>\n\t\t<\/div>\n\t\t\t\t\t<\/div>\n\t\t<\/section>\n\t\t\t\t<\/div>\n\t\t","protected":false},"excerpt":{"rendered":"<p>An\u00e1lisis de la huella Todos los pies son diferentes en cuanto a forma, movimiento y presi\u00f3n. Son: \u00danicos (por su morfolog\u00eda) Complejos (formados por 28 huesos, 16 articulaciones, 107 ligamentos y 27 m\u00fasculos) Sensibles (captan sensaciones) La base de nuestro cuerpo De manera general, podemos decir que hay tres tipos diferentes de pies: El pie&#8230;<\/p>\n","protected":false},"author":6,"featured_media":12074,"parent":12821,"menu_order":1,"comment_status":"closed","ping_status":"closed","template":"","meta":{"_kadence_starter_templates_imported_post":false,"_kad_post_transparent":"default","_kad_post_title":"hide","_kad_post_layout":"fullwidth","_kad_post_sidebar_id":"","_kad_post_content_style":"unboxed","_kad_post_vertical_padding":"hide","_kad_post_feature":"hide","_kad_post_feature_position":"","_kad_post_header":false,"_kad_post_footer":false,"_kad_post_classname":"","footnotes":""},"class_list":["post-12867","page","type-page","status-publish","has-post-thumbnail","hentry"],"yoast_head":"<!-- This site is optimized with the Yoast SEO plugin v27.3 - https:\/\/yoast.com\/product\/yoast-seo-wordpress\/ -->\n<title>An\u00e1lisis de la huella | Esports Cubil | Grandvalira Andorra<\/title>\n<meta name=\"description\" content=\"TODOS LOS PIES SON DIFERENTES cuanto a horma, movimiento y presi\u00f3n. Realizamos un an\u00e1lisis de la huella para descubrir tus necesidades.\" \/>\n<meta name=\"robots\" content=\"index, follow, max-snippet:-1, max-image-preview:large, max-video-preview:-1\" \/>\n<link rel=\"canonical\" href=\"https:\/\/esportscubil.com\/es\/a-medida\/analisis-de-la-huella\/\" \/>\n<meta property=\"og:locale\" content=\"es_ES\" \/>\n<meta property=\"og:type\" content=\"article\" \/>\n<meta property=\"og:title\" content=\"An\u00e1lisis de la huella | Esports Cubil | Grandvalira Andorra\" \/>\n<meta property=\"og:description\" content=\"TODOS LOS PIES SON DIFERENTES cuanto a horma, movimiento y presi\u00f3n. Realizamos un an\u00e1lisis de la huella para descubrir tus necesidades.\" \/>\n<meta property=\"og:url\" content=\"https:\/\/esportscubil.com\/es\/a-medida\/analisis-de-la-huella\/\" \/>\n<meta property=\"og:site_name\" content=\"Esports Cubil\" \/>\n<meta property=\"article:publisher\" content=\"https:\/\/www.facebook.com\/esportscubil\" \/>\n<meta property=\"article:modified_time\" content=\"2025-09-25T12:38:04+00:00\" \/>\n<meta property=\"og:image\" content=\"https:\/\/esportscubil.com\/wp-content\/uploads\/2024\/09\/analisis-petjada-esportscubil-andorra.webp\" \/>\n\t<meta property=\"og:image:width\" content=\"850\" \/>\n\t<meta property=\"og:image:height\" content=\"473\" \/>\n\t<meta property=\"og:image:type\" content=\"image\/webp\" \/>\n<script type=\"application\/ld+json\" class=\"yoast-schema-graph\">{\"@context\":\"https:\\\/\\\/schema.org\",\"@graph\":[{\"@type\":\"WebPage\",\"@id\":\"https:\\\/\\\/esportscubil.com\\\/es\\\/a-medida\\\/analisis-de-la-huella\\\/\",\"url\":\"https:\\\/\\\/esportscubil.com\\\/es\\\/a-medida\\\/analisis-de-la-huella\\\/\",\"name\":\"An\u00e1lisis de la huella | Esports Cubil | Grandvalira Andorra\",\"isPartOf\":{\"@id\":\"https:\\\/\\\/esportscubil.com\\\/es\\\/#website\"},\"primaryImageOfPage\":{\"@id\":\"https:\\\/\\\/esportscubil.com\\\/es\\\/a-medida\\\/analisis-de-la-huella\\\/#primaryimage\"},\"image\":{\"@id\":\"https:\\\/\\\/esportscubil.com\\\/es\\\/a-medida\\\/analisis-de-la-huella\\\/#primaryimage\"},\"thumbnailUrl\":\"https:\\\/\\\/esportscubil.com\\\/wp-content\\\/uploads\\\/2024\\\/09\\\/analisis-petjada-esportscubil-andorra.webp\",\"datePublished\":\"2024-09-20T13:46:04+00:00\",\"dateModified\":\"2025-09-25T12:38:04+00:00\",\"description\":\"TODOS LOS PIES SON DIFERENTES cuanto a horma, movimiento y presi\u00f3n. Realizamos un an\u00e1lisis de la huella para descubrir tus necesidades.\",\"breadcrumb\":{\"@id\":\"https:\\\/\\\/esportscubil.com\\\/es\\\/a-medida\\\/analisis-de-la-huella\\\/#breadcrumb\"},\"inLanguage\":\"es\",\"potentialAction\":[{\"@type\":\"ReadAction\",\"target\":[\"https:\\\/\\\/esportscubil.com\\\/es\\\/a-medida\\\/analisis-de-la-huella\\\/\"]}]},{\"@type\":\"ImageObject\",\"inLanguage\":\"es\",\"@id\":\"https:\\\/\\\/esportscubil.com\\\/es\\\/a-medida\\\/analisis-de-la-huella\\\/#primaryimage\",\"url\":\"https:\\\/\\\/esportscubil.com\\\/wp-content\\\/uploads\\\/2024\\\/09\\\/analisis-petjada-esportscubil-andorra.webp\",\"contentUrl\":\"https:\\\/\\\/esportscubil.com\\\/wp-content\\\/uploads\\\/2024\\\/09\\\/analisis-petjada-esportscubil-andorra.webp\",\"width\":850,\"height\":473},{\"@type\":\"BreadcrumbList\",\"@id\":\"https:\\\/\\\/esportscubil.com\\\/es\\\/a-medida\\\/analisis-de-la-huella\\\/#breadcrumb\",\"itemListElement\":[{\"@type\":\"ListItem\",\"position\":1,\"name\":\"Inici\",\"item\":\"https:\\\/\\\/esportscubil.com\\\/es\\\/\"},{\"@type\":\"ListItem\",\"position\":2,\"name\":\"Bootfitting\",\"item\":\"https:\\\/\\\/esportscubil.com\\\/es\\\/a-medida\\\/\"},{\"@type\":\"ListItem\",\"position\":3,\"name\":\"An\u00e1lisis de la huella\"}]},{\"@type\":\"WebSite\",\"@id\":\"https:\\\/\\\/esportscubil.com\\\/es\\\/#website\",\"url\":\"https:\\\/\\\/esportscubil.com\\\/es\\\/\",\"name\":\"esportscubil.com\",\"description\":\"La llar de les botes d\u2019esqu\u00ed a Andorra.\",\"publisher\":{\"@id\":\"https:\\\/\\\/esportscubil.com\\\/es\\\/#organization\"},\"alternateName\":\"cubil\",\"potentialAction\":[{\"@type\":\"SearchAction\",\"target\":{\"@type\":\"EntryPoint\",\"urlTemplate\":\"https:\\\/\\\/esportscubil.com\\\/es\\\/?s={search_term_string}\"},\"query-input\":{\"@type\":\"PropertyValueSpecification\",\"valueRequired\":true,\"valueName\":\"search_term_string\"}}],\"inLanguage\":\"es\"},{\"@type\":\"Organization\",\"@id\":\"https:\\\/\\\/esportscubil.com\\\/es\\\/#organization\",\"name\":\"Esports Cubil\",\"alternateName\":\"La llar de les botes d'esqu\u00ed i del bootfitting a Andorra\",\"url\":\"https:\\\/\\\/esportscubil.com\\\/es\\\/\",\"logo\":{\"@type\":\"ImageObject\",\"inLanguage\":\"es\",\"@id\":\"https:\\\/\\\/esportscubil.com\\\/es\\\/#\\\/schema\\\/logo\\\/image\\\/\",\"url\":\"https:\\\/\\\/esportscubil.com\\\/wp-content\\\/uploads\\\/2021\\\/10\\\/cropped-imatge-perfil-XXSS-1.jpg\",\"contentUrl\":\"https:\\\/\\\/esportscubil.com\\\/wp-content\\\/uploads\\\/2021\\\/10\\\/cropped-imatge-perfil-XXSS-1.jpg\",\"width\":512,\"height\":512,\"caption\":\"Esports Cubil\"},\"image\":{\"@id\":\"https:\\\/\\\/esportscubil.com\\\/es\\\/#\\\/schema\\\/logo\\\/image\\\/\"},\"sameAs\":[\"https:\\\/\\\/www.facebook.com\\\/esportscubil\",\"https:\\\/\\\/www.instagram.com\\\/esportscubil\\\/\"]}]}<\/script>\n<!-- \/ Yoast SEO plugin. -->","yoast_head_json":{"title":"An\u00e1lisis de la huella | Esports Cubil | Grandvalira Andorra","description":"TODOS LOS PIES SON DIFERENTES cuanto a horma, movimiento y presi\u00f3n. Realizamos un an\u00e1lisis de la huella para descubrir tus necesidades.","robots":{"index":"index","follow":"follow","max-snippet":"max-snippet:-1","max-image-preview":"max-image-preview:large","max-video-preview":"max-video-preview:-1"},"canonical":"https:\/\/esportscubil.com\/es\/a-medida\/analisis-de-la-huella\/","og_locale":"es_ES","og_type":"article","og_title":"An\u00e1lisis de la huella | Esports Cubil | Grandvalira Andorra","og_description":"TODOS LOS PIES SON DIFERENTES cuanto a horma, movimiento y presi\u00f3n. Realizamos un an\u00e1lisis de la huella para descubrir tus necesidades.","og_url":"https:\/\/esportscubil.com\/es\/a-medida\/analisis-de-la-huella\/","og_site_name":"Esports Cubil","article_publisher":"https:\/\/www.facebook.com\/esportscubil","article_modified_time":"2025-09-25T12:38:04+00:00","og_image":[{"width":850,"height":473,"url":"https:\/\/esportscubil.com\/wp-content\/uploads\/2024\/09\/analisis-petjada-esportscubil-andorra.webp","type":"image\/webp"}],"schema":{"@context":"https:\/\/schema.org","@graph":[{"@type":"WebPage","@id":"https:\/\/esportscubil.com\/es\/a-medida\/analisis-de-la-huella\/","url":"https:\/\/esportscubil.com\/es\/a-medida\/analisis-de-la-huella\/","name":"An\u00e1lisis de la huella | Esports Cubil | Grandvalira Andorra","isPartOf":{"@id":"https:\/\/esportscubil.com\/es\/#website"},"primaryImageOfPage":{"@id":"https:\/\/esportscubil.com\/es\/a-medida\/analisis-de-la-huella\/#primaryimage"},"image":{"@id":"https:\/\/esportscubil.com\/es\/a-medida\/analisis-de-la-huella\/#primaryimage"},"thumbnailUrl":"https:\/\/esportscubil.com\/wp-content\/uploads\/2024\/09\/analisis-petjada-esportscubil-andorra.webp","datePublished":"2024-09-20T13:46:04+00:00","dateModified":"2025-09-25T12:38:04+00:00","description":"TODOS LOS PIES SON DIFERENTES cuanto a horma, movimiento y presi\u00f3n. Realizamos un an\u00e1lisis de la huella para descubrir tus necesidades.","breadcrumb":{"@id":"https:\/\/esportscubil.com\/es\/a-medida\/analisis-de-la-huella\/#breadcrumb"},"inLanguage":"es","potentialAction":[{"@type":"ReadAction","target":["https:\/\/esportscubil.com\/es\/a-medida\/analisis-de-la-huella\/"]}]},{"@type":"ImageObject","inLanguage":"es","@id":"https:\/\/esportscubil.com\/es\/a-medida\/analisis-de-la-huella\/#primaryimage","url":"https:\/\/esportscubil.com\/wp-content\/uploads\/2024\/09\/analisis-petjada-esportscubil-andorra.webp","contentUrl":"https:\/\/esportscubil.com\/wp-content\/uploads\/2024\/09\/analisis-petjada-esportscubil-andorra.webp","width":850,"height":473},{"@type":"BreadcrumbList","@id":"https:\/\/esportscubil.com\/es\/a-medida\/analisis-de-la-huella\/#breadcrumb","itemListElement":[{"@type":"ListItem","position":1,"name":"Inici","item":"https:\/\/esportscubil.com\/es\/"},{"@type":"ListItem","position":2,"name":"Bootfitting","item":"https:\/\/esportscubil.com\/es\/a-medida\/"},{"@type":"ListItem","position":3,"name":"An\u00e1lisis de la huella"}]},{"@type":"WebSite","@id":"https:\/\/esportscubil.com\/es\/#website","url":"https:\/\/esportscubil.com\/es\/","name":"esportscubil.com","description":"La llar de les botes d\u2019esqu\u00ed a Andorra.","publisher":{"@id":"https:\/\/esportscubil.com\/es\/#organization"},"alternateName":"cubil","potentialAction":[{"@type":"SearchAction","target":{"@type":"EntryPoint","urlTemplate":"https:\/\/esportscubil.com\/es\/?s={search_term_string}"},"query-input":{"@type":"PropertyValueSpecification","valueRequired":true,"valueName":"search_term_string"}}],"inLanguage":"es"},{"@type":"Organization","@id":"https:\/\/esportscubil.com\/es\/#organization","name":"Esports Cubil","alternateName":"La llar de les botes d'esqu\u00ed i del bootfitting a Andorra","url":"https:\/\/esportscubil.com\/es\/","logo":{"@type":"ImageObject","inLanguage":"es","@id":"https:\/\/esportscubil.com\/es\/#\/schema\/logo\/image\/","url":"https:\/\/esportscubil.com\/wp-content\/uploads\/2021\/10\/cropped-imatge-perfil-XXSS-1.jpg","contentUrl":"https:\/\/esportscubil.com\/wp-content\/uploads\/2021\/10\/cropped-imatge-perfil-XXSS-1.jpg","width":512,"height":512,"caption":"Esports Cubil"},"image":{"@id":"https:\/\/esportscubil.com\/es\/#\/schema\/logo\/image\/"},"sameAs":["https:\/\/www.facebook.com\/esportscubil","https:\/\/www.instagram.com\/esportscubil\/"]}]}},"_links":{"self":[{"href":"https:\/\/esportscubil.com\/es\/wp-json\/wp\/v2\/pages\/12867","targetHints":{"allow":["GET"]}}],"collection":[{"href":"https:\/\/esportscubil.com\/es\/wp-json\/wp\/v2\/pages"}],"about":[{"href":"https:\/\/esportscubil.com\/es\/wp-json\/wp\/v2\/types\/page"}],"author":[{"embeddable":true,"href":"https:\/\/esportscubil.com\/es\/wp-json\/wp\/v2\/users\/6"}],"replies":[{"embeddable":true,"href":"https:\/\/esportscubil.com\/es\/wp-json\/wp\/v2\/comments?post=12867"}],"version-history":[{"count":13,"href":"https:\/\/esportscubil.com\/es\/wp-json\/wp\/v2\/pages\/12867\/revisions"}],"predecessor-version":[{"id":13065,"href":"https:\/\/esportscubil.com\/es\/wp-json\/wp\/v2\/pages\/12867\/revisions\/13065"}],"up":[{"embeddable":true,"href":"https:\/\/esportscubil.com\/es\/wp-json\/wp\/v2\/pages\/12821"}],"wp:featuredmedia":[{"embeddable":true,"href":"https:\/\/esportscubil.com\/es\/wp-json\/wp\/v2\/media\/12074"}],"wp:attachment":[{"href":"https:\/\/esportscubil.com\/es\/wp-json\/wp\/v2\/media?parent=12867"}],"curies":[{"name":"wp","href":"https:\/\/api.w.org\/{rel}","templated":true}]}}