{"id":12935,"date":"2024-09-26T15:56:49","date_gmt":"2024-09-26T13:56:49","guid":{"rendered":"https:\/\/esportscubil.com\/?page_id=12935"},"modified":"2025-09-25T10:49:56","modified_gmt":"2025-09-25T08:49:56","slug":"reparacion-botes-esqui","status":"publish","type":"page","link":"https:\/\/esportscubil.com\/es\/a-medida\/reparacion-botes-esqui\/","title":{"rendered":"Taller de reparaci\u00f3n de botes de esqu\u00ed"},"content":{"rendered":"\t\t<div data-elementor-type=\"wp-page\" data-elementor-id=\"12935\" class=\"elementor elementor-12935 elementor-11198\">\n\t\t\t\t\t\t<section class=\"elementor-section elementor-top-section elementor-element elementor-element-a525dfd elementor-section-full_width elementor-section-height-default elementor-section-height-default\" data-id=\"a525dfd\" data-element_type=\"section\" data-e-type=\"section\" data-settings=\"{&quot;background_background&quot;:&quot;classic&quot;}\">\n\t\t\t\t\t\t\t<div class=\"elementor-background-overlay\"><\/div>\n\t\t\t\t\t\t\t<div class=\"elementor-container elementor-column-gap-default\">\n\t\t\t\t\t<div class=\"elementor-column elementor-col-100 elementor-top-column elementor-element elementor-element-5d02f17\" data-id=\"5d02f17\" data-element_type=\"column\" data-e-type=\"column\">\n\t\t\t<div class=\"elementor-widget-wrap elementor-element-populated\">\n\t\t\t\t\t\t<div class=\"elementor-element elementor-element-87a4e76 elementor-widget elementor-widget-text-editor\" data-id=\"87a4e76\" data-element_type=\"widget\" data-e-type=\"widget\" data-widget_type=\"text-editor.default\">\n\t\t\t\t<div class=\"elementor-widget-container\">\n\t\t\t\t\t\t\t\t\t<h1>Taller de reparaci\u00f3n de botas de esqu\u00ed<\/h1>\t\t\t\t\t\t\t\t<\/div>\n\t\t\t\t<\/div>\n\t\t\t\t\t<\/div>\n\t\t<\/div>\n\t\t\t\t\t<\/div>\n\t\t<\/section>\n\t\t\t\t<section class=\"elementor-section elementor-top-section elementor-element elementor-element-e5f3092 elementor-section-full_width elementor-section-height-default elementor-section-height-default\" data-id=\"e5f3092\" data-element_type=\"section\" data-e-type=\"section\">\n\t\t\t\t\t\t<div class=\"elementor-container elementor-column-gap-default\">\n\t\t\t\t\t<div class=\"elementor-column elementor-col-25 elementor-top-column elementor-element elementor-element-b73ae03\" data-id=\"b73ae03\" data-element_type=\"column\" data-e-type=\"column\">\n\t\t\t<div class=\"elementor-widget-wrap\">\n\t\t\t\t\t\t\t<\/div>\n\t\t<\/div>\n\t\t\t\t<div class=\"elementor-column elementor-col-50 elementor-top-column elementor-element elementor-element-81666f0\" data-id=\"81666f0\" data-element_type=\"column\" data-e-type=\"column\">\n\t\t\t<div class=\"elementor-widget-wrap elementor-element-populated\">\n\t\t\t\t\t\t<div class=\"elementor-element elementor-element-d3429ce elementor-widget elementor-widget-heading\" data-id=\"d3429ce\" data-element_type=\"widget\" data-e-type=\"widget\" data-widget_type=\"heading.default\">\n\t\t\t\t<div class=\"elementor-widget-container\">\n\t\t\t\t\t<h2 class=\"elementor-heading-title elementor-size-default\">Profesionales en reparaci\u00f3n y deformaci\u00f3n de botas de esqu\u00ed<\/h2>\t\t\t\t<\/div>\n\t\t\t\t<\/div>\n\t\t\t\t<div class=\"elementor-element elementor-element-035bf8b elementor-widget elementor-widget-text-editor\" data-id=\"035bf8b\" data-element_type=\"widget\" data-e-type=\"widget\" data-widget_type=\"text-editor.default\">\n\t\t\t\t<div class=\"elementor-widget-container\">\n\t\t\t\t\t\t\t\t\t<p>Pese al cuidado que ponemos en nuestras botas de esqu\u00ed, es posible que, con el paso del tiempo, haya alg\u00fan gancho que tenemos que cambiar, una mala manipulaci\u00f3n, o bien que la fisionom\u00eda de nuestro pie ya no sea la misma que cuando compramos la bota. Nosotros realizamos un estudio del problema particular de cada cliente y vemos si es posible realizar la reparaci\u00f3n o no.<\/p><p>Aplicando calor en ciertos puntos d\u00f3nde la bota causa molestia al pie, podemos deformar la carcasa y solucionar un problema de presi\u00f3n o sufrimiento, por ejemplo, en zonas como el male\u00f3, los juanetes o el empeine\u2026<\/p><p>Lo m\u00e1s importante es que el cliente sepa describir que es lo que le causa dolor y nosotros buscaremos la soluci\u00f3n, si hay, al problema. Muchas veces los problemas son porque las botas no son del cliente sino de un amigo que le regal\u00f3 y entonces la bota posiblemente no sea adecuada para su nivel de esqu\u00ed o la forma del pie.<\/p><p>Para saber si es posible o no hacer una reparaci\u00f3n o deformaci\u00f3n de la bota, pedimos a nuestros clientes que revisen nuestra agenda cual d\u00eda y hora est\u00e1 disponible para este servicio, para que nosotros podamos tomarnos el tiempo necesario para realizar el estudio y ver cu\u00e1l es el problema y valorar si existe una soluci\u00f3n o no.<\/p><h6>Ven y d\u00e9jate guiar por nuestros profesionales.<\/h6>\t\t\t\t\t\t\t\t<\/div>\n\t\t\t\t<\/div>\n\t\t\t\t\t<\/div>\n\t\t<\/div>\n\t\t\t\t<div class=\"elementor-column elementor-col-25 elementor-top-column elementor-element elementor-element-d2dcdb7\" data-id=\"d2dcdb7\" data-element_type=\"column\" data-e-type=\"column\">\n\t\t\t<div class=\"elementor-widget-wrap\">\n\t\t\t\t\t\t\t<\/div>\n\t\t<\/div>\n\t\t\t\t\t<\/div>\n\t\t<\/section>\n\t\t\t\t<section class=\"elementor-section elementor-top-section elementor-element elementor-element-16cd2e7 elementor-section-full_width elementor-section-height-default elementor-section-height-default\" data-id=\"16cd2e7\" data-element_type=\"section\" data-e-type=\"section\">\n\t\t\t\t\t\t<div class=\"elementor-container elementor-column-gap-default\">\n\t\t\t\t\t<div class=\"elementor-column elementor-col-100 elementor-top-column elementor-element elementor-element-9b843c9\" data-id=\"9b843c9\" data-element_type=\"column\" data-e-type=\"column\">\n\t\t\t<div class=\"elementor-widget-wrap elementor-element-populated\">\n\t\t\t\t\t\t<div class=\"elementor-element elementor-element-53fecb9 elementor-widget__width-inherit elementor-widget elementor-widget-html\" data-id=\"53fecb9\" data-element_type=\"widget\" data-e-type=\"widget\" data-widget_type=\"html.default\">\n\t\t\t\t<div class=\"elementor-widget-container\">\n\t\t\t\t\t<iframe src=\"https:\/\/www.google.com\/maps\/embed?pb=!1m18!1m12!1m3!1d2937.9192111640136!2d1.626895011762213!3d42.578237221169566!2m3!1f0!2f0!3f0!3m2!1i1024!2i768!4f13.1!3m3!1m2!1s0x12af6252d190ce37%3A0x748260505d013bd!2sESPORTS%20CUBIL!5e0!3m2!1ses!2sad!4v1733510380087!5m2!1ses!2sad\" width=\"600\" height=\"450\" style=\"border:0;\" allowfullscreen=\"\" loading=\"lazy\" referrerpolicy=\"no-referrer-when-downgrade\"><\/iframe>\t\t\t\t<\/div>\n\t\t\t\t<\/div>\n\t\t\t\t\t<\/div>\n\t\t<\/div>\n\t\t\t\t\t<\/div>\n\t\t<\/section>\n\t\t\t\t<\/div>\n\t\t","protected":false},"excerpt":{"rendered":"<p>Taller de reparaci\u00f3n de botas de esqu\u00ed Profesionales en reparaci\u00f3n y deformaci\u00f3n de botas de esqu\u00ed Pese al cuidado que ponemos en nuestras botas de esqu\u00ed, es posible que, con el paso del tiempo, haya alg\u00fan gancho que tenemos que cambiar, una mala manipulaci\u00f3n, o bien que la fisionom\u00eda de nuestro pie ya no sea&#8230;<\/p>\n","protected":false},"author":6,"featured_media":12140,"parent":12821,"menu_order":1,"comment_status":"closed","ping_status":"closed","template":"","meta":{"_kadence_starter_templates_imported_post":false,"_kad_post_transparent":"default","_kad_post_title":"hide","_kad_post_layout":"fullwidth","_kad_post_sidebar_id":"","_kad_post_content_style":"unboxed","_kad_post_vertical_padding":"hide","_kad_post_feature":"hide","_kad_post_feature_position":"","_kad_post_header":false,"_kad_post_footer":false,"_kad_post_classname":"","footnotes":""},"class_list":["post-12935","page","type-page","status-publish","has-post-thumbnail","hentry"],"yoast_head":"<!-- This site is optimized with the Yoast SEO plugin v27.3 - https:\/\/yoast.com\/product\/yoast-seo-wordpress\/ -->\n<title>Taller reparaci\u00f3n botas esqu\u00ed | Esports Cubil | Grandvalira Andorra<\/title>\n<meta name=\"description\" content=\"En Esports Cubil somos profesionales en reparaci\u00f3n y deformaciones de botas de esqu\u00ed. Ven y d\u00e9jate guiar por nuestros profesionales.\" \/>\n<meta name=\"robots\" content=\"index, follow, max-snippet:-1, max-image-preview:large, max-video-preview:-1\" \/>\n<link rel=\"canonical\" href=\"https:\/\/esportscubil.com\/es\/a-medida\/reparacion-botes-esqui\/\" \/>\n<meta property=\"og:locale\" content=\"es_ES\" \/>\n<meta property=\"og:type\" content=\"article\" \/>\n<meta property=\"og:title\" content=\"Taller reparaci\u00f3n botas esqu\u00ed | Esports Cubil | Grandvalira Andorra\" \/>\n<meta property=\"og:description\" content=\"En Esports Cubil somos profesionales en reparaci\u00f3n y deformaciones de botas de esqu\u00ed. Ven y d\u00e9jate guiar por nuestros profesionales.\" \/>\n<meta property=\"og:url\" content=\"https:\/\/esportscubil.com\/es\/a-medida\/reparacion-botes-esqui\/\" \/>\n<meta property=\"og:site_name\" content=\"Esports Cubil\" \/>\n<meta property=\"article:publisher\" content=\"https:\/\/www.facebook.com\/esportscubil\" \/>\n<meta property=\"article:modified_time\" content=\"2025-09-25T08:49:56+00:00\" \/>\n<meta property=\"og:image\" content=\"https:\/\/esportscubil.com\/wp-content\/uploads\/2024\/12\/taller-bootfitting-esportscubil-andorra.webp\" \/>\n\t<meta property=\"og:image:width\" content=\"2000\" \/>\n\t<meta property=\"og:image:height\" content=\"1200\" \/>\n\t<meta property=\"og:image:type\" content=\"image\/webp\" \/>\n<script type=\"application\/ld+json\" class=\"yoast-schema-graph\">{\"@context\":\"https:\\\/\\\/schema.org\",\"@graph\":[{\"@type\":\"WebPage\",\"@id\":\"https:\\\/\\\/esportscubil.com\\\/es\\\/a-medida\\\/reparacion-botes-esqui\\\/\",\"url\":\"https:\\\/\\\/esportscubil.com\\\/es\\\/a-medida\\\/reparacion-botes-esqui\\\/\",\"name\":\"Taller reparaci\u00f3n botas esqu\u00ed | Esports Cubil | Grandvalira Andorra\",\"isPartOf\":{\"@id\":\"https:\\\/\\\/esportscubil.com\\\/es\\\/#website\"},\"primaryImageOfPage\":{\"@id\":\"https:\\\/\\\/esportscubil.com\\\/es\\\/a-medida\\\/reparacion-botes-esqui\\\/#primaryimage\"},\"image\":{\"@id\":\"https:\\\/\\\/esportscubil.com\\\/es\\\/a-medida\\\/reparacion-botes-esqui\\\/#primaryimage\"},\"thumbnailUrl\":\"https:\\\/\\\/esportscubil.com\\\/wp-content\\\/uploads\\\/2024\\\/12\\\/taller-bootfitting-esportscubil-andorra.webp\",\"datePublished\":\"2024-09-26T13:56:49+00:00\",\"dateModified\":\"2025-09-25T08:49:56+00:00\",\"description\":\"En Esports Cubil somos profesionales en reparaci\u00f3n y deformaciones de botas de esqu\u00ed. Ven y d\u00e9jate guiar por nuestros profesionales.\",\"breadcrumb\":{\"@id\":\"https:\\\/\\\/esportscubil.com\\\/es\\\/a-medida\\\/reparacion-botes-esqui\\\/#breadcrumb\"},\"inLanguage\":\"es\",\"potentialAction\":[{\"@type\":\"ReadAction\",\"target\":[\"https:\\\/\\\/esportscubil.com\\\/es\\\/a-medida\\\/reparacion-botes-esqui\\\/\"]}]},{\"@type\":\"ImageObject\",\"inLanguage\":\"es\",\"@id\":\"https:\\\/\\\/esportscubil.com\\\/es\\\/a-medida\\\/reparacion-botes-esqui\\\/#primaryimage\",\"url\":\"https:\\\/\\\/esportscubil.com\\\/wp-content\\\/uploads\\\/2024\\\/12\\\/taller-bootfitting-esportscubil-andorra.webp\",\"contentUrl\":\"https:\\\/\\\/esportscubil.com\\\/wp-content\\\/uploads\\\/2024\\\/12\\\/taller-bootfitting-esportscubil-andorra.webp\",\"width\":2000,\"height\":1200},{\"@type\":\"BreadcrumbList\",\"@id\":\"https:\\\/\\\/esportscubil.com\\\/es\\\/a-medida\\\/reparacion-botes-esqui\\\/#breadcrumb\",\"itemListElement\":[{\"@type\":\"ListItem\",\"position\":1,\"name\":\"Inici\",\"item\":\"https:\\\/\\\/esportscubil.com\\\/es\\\/\"},{\"@type\":\"ListItem\",\"position\":2,\"name\":\"Bootfitting\",\"item\":\"https:\\\/\\\/esportscubil.com\\\/es\\\/a-medida\\\/\"},{\"@type\":\"ListItem\",\"position\":3,\"name\":\"Taller de reparaci\u00f3n de botes de esqu\u00ed\"}]},{\"@type\":\"WebSite\",\"@id\":\"https:\\\/\\\/esportscubil.com\\\/es\\\/#website\",\"url\":\"https:\\\/\\\/esportscubil.com\\\/es\\\/\",\"name\":\"esportscubil.com\",\"description\":\"La llar de les botes d\u2019esqu\u00ed a Andorra.\",\"publisher\":{\"@id\":\"https:\\\/\\\/esportscubil.com\\\/es\\\/#organization\"},\"alternateName\":\"cubil\",\"potentialAction\":[{\"@type\":\"SearchAction\",\"target\":{\"@type\":\"EntryPoint\",\"urlTemplate\":\"https:\\\/\\\/esportscubil.com\\\/es\\\/?s={search_term_string}\"},\"query-input\":{\"@type\":\"PropertyValueSpecification\",\"valueRequired\":true,\"valueName\":\"search_term_string\"}}],\"inLanguage\":\"es\"},{\"@type\":\"Organization\",\"@id\":\"https:\\\/\\\/esportscubil.com\\\/es\\\/#organization\",\"name\":\"Esports Cubil\",\"alternateName\":\"La llar de les botes d'esqu\u00ed i del bootfitting a Andorra\",\"url\":\"https:\\\/\\\/esportscubil.com\\\/es\\\/\",\"logo\":{\"@type\":\"ImageObject\",\"inLanguage\":\"es\",\"@id\":\"https:\\\/\\\/esportscubil.com\\\/es\\\/#\\\/schema\\\/logo\\\/image\\\/\",\"url\":\"https:\\\/\\\/esportscubil.com\\\/wp-content\\\/uploads\\\/2021\\\/10\\\/cropped-imatge-perfil-XXSS-1.jpg\",\"contentUrl\":\"https:\\\/\\\/esportscubil.com\\\/wp-content\\\/uploads\\\/2021\\\/10\\\/cropped-imatge-perfil-XXSS-1.jpg\",\"width\":512,\"height\":512,\"caption\":\"Esports Cubil\"},\"image\":{\"@id\":\"https:\\\/\\\/esportscubil.com\\\/es\\\/#\\\/schema\\\/logo\\\/image\\\/\"},\"sameAs\":[\"https:\\\/\\\/www.facebook.com\\\/esportscubil\",\"https:\\\/\\\/www.instagram.com\\\/esportscubil\\\/\"]}]}<\/script>\n<!-- \/ Yoast SEO plugin. -->","yoast_head_json":{"title":"Taller reparaci\u00f3n botas esqu\u00ed | Esports Cubil | Grandvalira Andorra","description":"En Esports Cubil somos profesionales en reparaci\u00f3n y deformaciones de botas de esqu\u00ed. Ven y d\u00e9jate guiar por nuestros profesionales.","robots":{"index":"index","follow":"follow","max-snippet":"max-snippet:-1","max-image-preview":"max-image-preview:large","max-video-preview":"max-video-preview:-1"},"canonical":"https:\/\/esportscubil.com\/es\/a-medida\/reparacion-botes-esqui\/","og_locale":"es_ES","og_type":"article","og_title":"Taller reparaci\u00f3n botas esqu\u00ed | Esports Cubil | Grandvalira Andorra","og_description":"En Esports Cubil somos profesionales en reparaci\u00f3n y deformaciones de botas de esqu\u00ed. Ven y d\u00e9jate guiar por nuestros profesionales.","og_url":"https:\/\/esportscubil.com\/es\/a-medida\/reparacion-botes-esqui\/","og_site_name":"Esports Cubil","article_publisher":"https:\/\/www.facebook.com\/esportscubil","article_modified_time":"2025-09-25T08:49:56+00:00","og_image":[{"width":2000,"height":1200,"url":"https:\/\/esportscubil.com\/wp-content\/uploads\/2024\/12\/taller-bootfitting-esportscubil-andorra.webp","type":"image\/webp"}],"schema":{"@context":"https:\/\/schema.org","@graph":[{"@type":"WebPage","@id":"https:\/\/esportscubil.com\/es\/a-medida\/reparacion-botes-esqui\/","url":"https:\/\/esportscubil.com\/es\/a-medida\/reparacion-botes-esqui\/","name":"Taller reparaci\u00f3n botas esqu\u00ed | Esports Cubil | Grandvalira Andorra","isPartOf":{"@id":"https:\/\/esportscubil.com\/es\/#website"},"primaryImageOfPage":{"@id":"https:\/\/esportscubil.com\/es\/a-medida\/reparacion-botes-esqui\/#primaryimage"},"image":{"@id":"https:\/\/esportscubil.com\/es\/a-medida\/reparacion-botes-esqui\/#primaryimage"},"thumbnailUrl":"https:\/\/esportscubil.com\/wp-content\/uploads\/2024\/12\/taller-bootfitting-esportscubil-andorra.webp","datePublished":"2024-09-26T13:56:49+00:00","dateModified":"2025-09-25T08:49:56+00:00","description":"En Esports Cubil somos profesionales en reparaci\u00f3n y deformaciones de botas de esqu\u00ed. Ven y d\u00e9jate guiar por nuestros profesionales.","breadcrumb":{"@id":"https:\/\/esportscubil.com\/es\/a-medida\/reparacion-botes-esqui\/#breadcrumb"},"inLanguage":"es","potentialAction":[{"@type":"ReadAction","target":["https:\/\/esportscubil.com\/es\/a-medida\/reparacion-botes-esqui\/"]}]},{"@type":"ImageObject","inLanguage":"es","@id":"https:\/\/esportscubil.com\/es\/a-medida\/reparacion-botes-esqui\/#primaryimage","url":"https:\/\/esportscubil.com\/wp-content\/uploads\/2024\/12\/taller-bootfitting-esportscubil-andorra.webp","contentUrl":"https:\/\/esportscubil.com\/wp-content\/uploads\/2024\/12\/taller-bootfitting-esportscubil-andorra.webp","width":2000,"height":1200},{"@type":"BreadcrumbList","@id":"https:\/\/esportscubil.com\/es\/a-medida\/reparacion-botes-esqui\/#breadcrumb","itemListElement":[{"@type":"ListItem","position":1,"name":"Inici","item":"https:\/\/esportscubil.com\/es\/"},{"@type":"ListItem","position":2,"name":"Bootfitting","item":"https:\/\/esportscubil.com\/es\/a-medida\/"},{"@type":"ListItem","position":3,"name":"Taller de reparaci\u00f3n de botes de esqu\u00ed"}]},{"@type":"WebSite","@id":"https:\/\/esportscubil.com\/es\/#website","url":"https:\/\/esportscubil.com\/es\/","name":"esportscubil.com","description":"La llar de les botes d\u2019esqu\u00ed a Andorra.","publisher":{"@id":"https:\/\/esportscubil.com\/es\/#organization"},"alternateName":"cubil","potentialAction":[{"@type":"SearchAction","target":{"@type":"EntryPoint","urlTemplate":"https:\/\/esportscubil.com\/es\/?s={search_term_string}"},"query-input":{"@type":"PropertyValueSpecification","valueRequired":true,"valueName":"search_term_string"}}],"inLanguage":"es"},{"@type":"Organization","@id":"https:\/\/esportscubil.com\/es\/#organization","name":"Esports Cubil","alternateName":"La llar de les botes d'esqu\u00ed i del bootfitting a Andorra","url":"https:\/\/esportscubil.com\/es\/","logo":{"@type":"ImageObject","inLanguage":"es","@id":"https:\/\/esportscubil.com\/es\/#\/schema\/logo\/image\/","url":"https:\/\/esportscubil.com\/wp-content\/uploads\/2021\/10\/cropped-imatge-perfil-XXSS-1.jpg","contentUrl":"https:\/\/esportscubil.com\/wp-content\/uploads\/2021\/10\/cropped-imatge-perfil-XXSS-1.jpg","width":512,"height":512,"caption":"Esports Cubil"},"image":{"@id":"https:\/\/esportscubil.com\/es\/#\/schema\/logo\/image\/"},"sameAs":["https:\/\/www.facebook.com\/esportscubil","https:\/\/www.instagram.com\/esportscubil\/"]}]}},"_links":{"self":[{"href":"https:\/\/esportscubil.com\/es\/wp-json\/wp\/v2\/pages\/12935","targetHints":{"allow":["GET"]}}],"collection":[{"href":"https:\/\/esportscubil.com\/es\/wp-json\/wp\/v2\/pages"}],"about":[{"href":"https:\/\/esportscubil.com\/es\/wp-json\/wp\/v2\/types\/page"}],"author":[{"embeddable":true,"href":"https:\/\/esportscubil.com\/es\/wp-json\/wp\/v2\/users\/6"}],"replies":[{"embeddable":true,"href":"https:\/\/esportscubil.com\/es\/wp-json\/wp\/v2\/comments?post=12935"}],"version-history":[{"count":7,"href":"https:\/\/esportscubil.com\/es\/wp-json\/wp\/v2\/pages\/12935\/revisions"}],"predecessor-version":[{"id":12942,"href":"https:\/\/esportscubil.com\/es\/wp-json\/wp\/v2\/pages\/12935\/revisions\/12942"}],"up":[{"embeddable":true,"href":"https:\/\/esportscubil.com\/es\/wp-json\/wp\/v2\/pages\/12821"}],"wp:featuredmedia":[{"embeddable":true,"href":"https:\/\/esportscubil.com\/es\/wp-json\/wp\/v2\/media\/12140"}],"wp:attachment":[{"href":"https:\/\/esportscubil.com\/es\/wp-json\/wp\/v2\/media?parent=12935"}],"curies":[{"name":"wp","href":"https:\/\/api.w.org\/{rel}","templated":true}]}}