{"id":12964,"date":"2024-08-30T16:32:15","date_gmt":"2024-08-30T14:32:15","guid":{"rendered":"https:\/\/esportscubil.com\/?page_id=12964"},"modified":"2025-09-25T11:21:12","modified_gmt":"2025-09-25T09:21:12","slug":"agenda-botines-medida","status":"publish","type":"page","link":"https:\/\/esportscubil.com\/es\/a-medida\/reserva-hora-online\/agenda-botines-medida\/","title":{"rendered":"Agenda botines a medida"},"content":{"rendered":"\t\t<div data-elementor-type=\"wp-page\" data-elementor-id=\"12964\" class=\"elementor elementor-12964 elementor-10578\">\n\t\t\t\t\t\t<section class=\"elementor-section elementor-top-section elementor-element elementor-element-a525dfd elementor-section-full_width elementor-section-height-default elementor-section-height-default\" data-id=\"a525dfd\" data-element_type=\"section\" data-e-type=\"section\" data-settings=\"{&quot;background_background&quot;:&quot;classic&quot;}\">\n\t\t\t\t\t\t\t<div class=\"elementor-background-overlay\"><\/div>\n\t\t\t\t\t\t\t<div class=\"elementor-container elementor-column-gap-default\">\n\t\t\t\t\t<div class=\"elementor-column elementor-col-100 elementor-top-column elementor-element elementor-element-5174104\" data-id=\"5174104\" data-element_type=\"column\" data-e-type=\"column\">\n\t\t\t<div class=\"elementor-widget-wrap\">\n\t\t\t\t\t\t\t<\/div>\n\t\t<\/div>\n\t\t\t\t\t<\/div>\n\t\t<\/section>\n\t\t\t\t<section class=\"elementor-section elementor-top-section elementor-element elementor-element-6453b8e elementor-section-content-middle elementor-section-full_width elementor-section-height-default elementor-section-height-default\" data-id=\"6453b8e\" data-element_type=\"section\" data-e-type=\"section\" data-settings=\"{&quot;background_background&quot;:&quot;classic&quot;}\">\n\t\t\t\t\t\t<div class=\"elementor-container elementor-column-gap-default\">\n\t\t\t\t\t<div class=\"elementor-column elementor-col-100 elementor-top-column elementor-element elementor-element-30d5d3f\" data-id=\"30d5d3f\" data-element_type=\"column\" data-e-type=\"column\">\n\t\t\t<div class=\"elementor-widget-wrap elementor-element-populated\">\n\t\t\t\t\t\t<div class=\"elementor-element elementor-element-323adcc elementor-invisible elementor-widget elementor-widget-heading\" data-id=\"323adcc\" data-element_type=\"widget\" data-e-type=\"widget\" data-settings=\"{&quot;_animation&quot;:&quot;zoomIn&quot;}\" data-widget_type=\"heading.default\">\n\t\t\t\t<div class=\"elementor-widget-container\">\n\t\t\t\t\t<h1 class=\"elementor-heading-title elementor-size-default\">Reserva Botines a medida<\/h1>\t\t\t\t<\/div>\n\t\t\t\t<\/div>\n\t\t\t\t\t<\/div>\n\t\t<\/div>\n\t\t\t\t\t<\/div>\n\t\t<\/section>\n\t\t\t\t<section class=\"elementor-section elementor-top-section elementor-element elementor-element-9571da4 elementor-section-full_width elementor-section-height-default elementor-section-height-default\" data-id=\"9571da4\" data-element_type=\"section\" data-e-type=\"section\" data-settings=\"{&quot;background_background&quot;:&quot;classic&quot;}\">\n\t\t\t\t\t\t<div class=\"elementor-container elementor-column-gap-default\">\n\t\t\t\t\t<div class=\"elementor-column elementor-col-33 elementor-top-column elementor-element elementor-element-38bd49f\" data-id=\"38bd49f\" data-element_type=\"column\" data-e-type=\"column\">\n\t\t\t<div class=\"elementor-widget-wrap\">\n\t\t\t\t\t\t\t<\/div>\n\t\t<\/div>\n\t\t\t\t<div class=\"elementor-column elementor-col-33 elementor-top-column elementor-element elementor-element-f7e6f7e\" data-id=\"f7e6f7e\" data-element_type=\"column\" data-e-type=\"column\">\n\t\t\t<div class=\"elementor-widget-wrap elementor-element-populated\">\n\t\t\t\t\t\t<div class=\"elementor-element elementor-element-0a47048 elementor-widget elementor-widget-bookly-widget-bookly-form\" data-id=\"0a47048\" data-element_type=\"widget\" data-e-type=\"widget\" data-widget_type=\"bookly-widget-bookly-form.default\">\n\t\t\t\t<div class=\"elementor-widget-container\">\n\t\t\t\t\t<!--\nPlugin Name: Bookly - Responsive WordPress Appointment Booking and Scheduling Plugin\nPlugin URI: https:\/\/www.booking-wp-plugin.com\/?utm_source=bookly_admin&utm_medium=plugins_page&utm_campaign=plugins_page\nVersion: 27.3-->\n<style type=\"text\/css\">\n    :root {\n        --bookly-main-color: #1c96c9 !important;\n        --bookly-color: #1c96c9 !important;\n    }\n\n    <\/style><div class=\"bookly-css-root\">\n    <div id=\"bookly-form-container-69e070b64f42e\" class=\"bookly-form\" data-form_id=\"\" aria-live=\"polite\">\n        <div style=\"text-align: center\"><img decoding=\"async\" src=\"https:\/\/esportscubil.com\/wp-includes\/js\/tinymce\/skins\/lightgray\/img\/loader.gif\" alt=\"Cargando ...\"\/><\/div>\n    <\/div>\n<\/div>\n<script type=\"text\/javascript\">\n    (function (win, fn) {\n        var done = false, top = true,\n            doc = win.document,\n            root = doc.documentElement,\n            modern = doc.addEventListener,\n            add = modern ? 'addEventListener' : 'attachEvent',\n            rem = modern ? 'removeEventListener' : 'detachEvent',\n            pre = modern ? '' : 'on',\n            init = function (e) {\n                if (e.type == 'readystatechange') if (doc.readyState != 'complete') return;\n                (e.type == 'load' ? win : doc)[rem](pre + e.type, init, false);\n                if (!done) {\n                    done = true;\n                    fn.call(win, e.type || e);\n                }\n            },\n            poll = function () {\n                try {\n                    root.doScroll('left');\n                } catch (e) {\n                    setTimeout(poll, 50);\n                    return;\n                }\n                init('poll');\n            };\n        if (doc.readyState == 'complete') fn.call(win, 'lazy');\n        else {\n            if (!modern) if (root.doScroll) {\n                try {\n                    top = !win.frameElement;\n                } catch (e) {\n                }\n                if (top) poll();\n            }\n            doc[add](pre + 'DOMContentLoaded', init, false);\n            doc[add](pre + 'readystatechange', init, false);\n            win[add](pre + 'load', init, false);\n        }\n    })(window, function () {\n        window.bookly( {\"form_id\":\"69e070b64f42e\",\"form_data\":{\"skip_service_step\":0,\"hide_service_part1\":1,\"hide_service_part2\":0,\"defaults\":{\"service_id\":5,\"staff_id\":0,\"location_id\":0,\"category_id\":4,\"units\":0,\"date_from\":0,\"time_from\":0,\"time_to\":0}},\"status\":{\"booking\":\"new\"},\"form_token\":null,\"skip_steps\":{\"service_part1\":1,\"service_part2\":0,\"extras\":1,\"time\":0,\"repeat\":1,\"cart\":1},\"errors\":{\"session_error\":\"Error de sesi\\u00f3n.\",\"form_id_error\":\"Error Identificaci\\u00f3n formulario.\",\"cart_item_not_available\":\"El dia o l'hora seleccionada ja no est\\u00e0 disponible. Si us plau, trieu una altra franja hor\\u00e0ria. \",\"pay_locally_not_available\":\"Pagu\\u00e9 no est\\u00e1 disponible.\",\"invalid_gateway\":\"Puerta de enlace no es v\\u00e1lido.\",\"payment_error\":\"Error.\",\"incorrect_username_password\":\"Nombre de usuario o contrase\\u00f1a incorrectos.\"},\"form_attributes\":{\"hide_categories\":true,\"hide_services\":true,\"hide_staff_members\":true,\"show_number_of_persons\":false,\"hide_service_duration\":true,\"hide_locations\":true,\"hide_quantity\":true,\"hide_date\":false,\"hide_week_days\":true,\"hide_time_range\":true,\"const_category_id\":4},\"use_client_time_zone\":0,\"defaults\":{\"service_id\":5,\"staff_id\":0,\"location_id\":0,\"category_id\":4},\"datepicker_mode\":\"text-accent\",\"facebook\":{\"enabled\":0,\"appId\":\"\"}} );\n    });\n<\/script>\t\t\t\t<\/div>\n\t\t\t\t<\/div>\n\t\t\t\t\t<\/div>\n\t\t<\/div>\n\t\t\t\t<div class=\"elementor-column elementor-col-33 elementor-top-column elementor-element elementor-element-81c5551\" data-id=\"81c5551\" data-element_type=\"column\" data-e-type=\"column\">\n\t\t\t<div class=\"elementor-widget-wrap\">\n\t\t\t\t\t\t\t<\/div>\n\t\t<\/div>\n\t\t\t\t\t<\/div>\n\t\t<\/section>\n\t\t\t\t<section class=\"elementor-section elementor-top-section elementor-element elementor-element-30fde37 elementor-section-full_width elementor-section-height-default elementor-section-height-default\" data-id=\"30fde37\" data-element_type=\"section\" data-e-type=\"section\">\n\t\t\t\t\t\t<div class=\"elementor-container elementor-column-gap-default\">\n\t\t\t\t\t<div class=\"elementor-column elementor-col-25 elementor-top-column elementor-element elementor-element-cec3d1a\" data-id=\"cec3d1a\" data-element_type=\"column\" data-e-type=\"column\">\n\t\t\t<div class=\"elementor-widget-wrap\">\n\t\t\t\t\t\t\t<\/div>\n\t\t<\/div>\n\t\t\t\t<div class=\"elementor-column elementor-col-50 elementor-top-column elementor-element elementor-element-9be9427\" data-id=\"9be9427\" data-element_type=\"column\" data-e-type=\"column\">\n\t\t\t<div class=\"elementor-widget-wrap elementor-element-populated\">\n\t\t\t\t\t\t<div class=\"elementor-element elementor-element-7d22e77 elementor-widget elementor-widget-heading\" data-id=\"7d22e77\" data-element_type=\"widget\" data-e-type=\"widget\" data-widget_type=\"heading.default\">\n\t\t\t\t<div class=\"elementor-widget-container\">\n\t\t\t\t\t<h2 class=\"elementor-heading-title elementor-size-default\"><del>Ayer<\/del><br \/>\nAhora<br \/>\n<del>Ma\u00f1ana<\/del><br \/><br \/>\nEs el mejor momento para reservar online tu cita.\n<\/h2>\t\t\t\t<\/div>\n\t\t\t\t<\/div>\n\t\t\t\t<div class=\"elementor-element elementor-element-0efbe1b elementor-widget elementor-widget-text-editor\" data-id=\"0efbe1b\" data-element_type=\"widget\" data-e-type=\"widget\" data-widget_type=\"text-editor.default\">\n\t\t\t\t<div class=\"elementor-widget-container\">\n\t\t\t\t\t\t\t\t\t<p>\u00bfC\u00f3mo priorizar tareas?<\/p><ul><li>Si es importante, pero no urgente: planif\u00edcalo<\/li><li>Si es importante y es urgente: hazlo ya<\/li><li>Si no es importante ni urgente: env\u00edalo a la basura<\/li><li>Si es urgente y no es importante: (si puedes) del\u00e9galo.<\/li><\/ul>\t\t\t\t\t\t\t\t<\/div>\n\t\t\t\t<\/div>\n\t\t\t\t\t<\/div>\n\t\t<\/div>\n\t\t\t\t<div class=\"elementor-column elementor-col-25 elementor-top-column elementor-element elementor-element-0e3ce12\" data-id=\"0e3ce12\" data-element_type=\"column\" data-e-type=\"column\">\n\t\t\t<div class=\"elementor-widget-wrap\">\n\t\t\t\t\t\t\t<\/div>\n\t\t<\/div>\n\t\t\t\t\t<\/div>\n\t\t<\/section>\n\t\t\t\t<section class=\"elementor-section elementor-top-section elementor-element elementor-element-2f0e3ef elementor-section-full_width elementor-section-height-default elementor-section-height-default\" data-id=\"2f0e3ef\" data-element_type=\"section\" data-e-type=\"section\">\n\t\t\t\t\t\t<div class=\"elementor-container elementor-column-gap-default\">\n\t\t\t\t\t<div class=\"elementor-column elementor-col-100 elementor-top-column elementor-element elementor-element-cb7837d\" data-id=\"cb7837d\" data-element_type=\"column\" data-e-type=\"column\">\n\t\t\t<div class=\"elementor-widget-wrap elementor-element-populated\">\n\t\t\t\t\t\t<div class=\"elementor-element elementor-element-d86fa19 elementor-widget__width-inherit elementor-widget elementor-widget-html\" data-id=\"d86fa19\" data-element_type=\"widget\" data-e-type=\"widget\" data-widget_type=\"html.default\">\n\t\t\t\t<div class=\"elementor-widget-container\">\n\t\t\t\t\t<iframe src=\"https:\/\/www.google.com\/maps\/embed?pb=!1m18!1m12!1m3!1d2937.919211158265!2d1.6269003749823407!3d42.57823722129157!2m3!1f0!2f0!3f0!3m2!1i1024!2i768!4f13.1!3m3!1m2!1s0x12af6252d190ce37%3A0x748260505d013bd!2sESPORTS%20CUBIL!5e0!3m2!1sca!2sad!4v1733499899936!5m2!1sca!2sad\" width=\"600\" height=\"450\" style=\"border:0;\" allowfullscreen=\"\" loading=\"lazy\" referrerpolicy=\"no-referrer-when-downgrade\"><\/iframe>\t\t\t\t<\/div>\n\t\t\t\t<\/div>\n\t\t\t\t\t<\/div>\n\t\t<\/div>\n\t\t\t\t\t<\/div>\n\t\t<\/section>\n\t\t\t\t<\/div>\n\t\t","protected":false},"excerpt":{"rendered":"<p>Reserva Botines a medida Ayer Ahora Ma\u00f1ana Es el mejor momento para reservar online tu cita. \u00bfC\u00f3mo priorizar tareas? Si es importante, pero no urgente: planif\u00edcalo Si es importante y es urgente: hazlo ya Si no es importante ni urgente: env\u00edalo a la basura Si es urgente y no es importante: (si puedes) del\u00e9galo.<\/p>\n","protected":false},"author":6,"featured_media":12008,"parent":12850,"menu_order":1,"comment_status":"closed","ping_status":"closed","template":"","meta":{"_kadence_starter_templates_imported_post":false,"_kad_post_transparent":"default","_kad_post_title":"hide","_kad_post_layout":"fullwidth","_kad_post_sidebar_id":"","_kad_post_content_style":"unboxed","_kad_post_vertical_padding":"hide","_kad_post_feature":"hide","_kad_post_feature_position":"","_kad_post_header":false,"_kad_post_footer":false,"_kad_post_classname":"","footnotes":""},"class_list":["post-12964","page","type-page","status-publish","has-post-thumbnail","hentry"],"yoast_head":"<!-- This site is optimized with the Yoast SEO plugin v27.3 - https:\/\/yoast.com\/product\/yoast-seo-wordpress\/ -->\n<title>Agenda Botines de esqu\u00ed a medida | Andorra | Esports Cubil<\/title>\n<meta name=\"description\" content=\"Reserva ya el d\u00eda y hora para el servicio personalizado de botines de esqu\u00ed a medida. Disfruta de la personalizaci\u00f3n y confort en tus pies.\" \/>\n<meta name=\"robots\" content=\"index, follow, max-snippet:-1, max-image-preview:large, max-video-preview:-1\" \/>\n<link rel=\"canonical\" href=\"https:\/\/esportscubil.com\/es\/a-medida\/reserva-hora-online\/agenda-botines-medida\/\" \/>\n<meta property=\"og:locale\" content=\"es_ES\" \/>\n<meta property=\"og:type\" content=\"article\" \/>\n<meta property=\"og:title\" content=\"Agenda Botines de esqu\u00ed a medida | Andorra | Esports Cubil\" \/>\n<meta property=\"og:description\" content=\"Reserva ya el d\u00eda y hora para el servicio personalizado de botines de esqu\u00ed a medida. Disfruta de la personalizaci\u00f3n y confort en tus pies.\" \/>\n<meta property=\"og:url\" content=\"https:\/\/esportscubil.com\/es\/a-medida\/reserva-hora-online\/agenda-botines-medida\/\" \/>\n<meta property=\"og:site_name\" content=\"Esports Cubil\" \/>\n<meta property=\"article:publisher\" content=\"https:\/\/www.facebook.com\/esportscubil\" \/>\n<meta property=\"article:modified_time\" content=\"2025-09-25T09:21:12+00:00\" \/>\n<meta property=\"og:image\" content=\"https:\/\/esportscubil.com\/wp-content\/uploads\/2024\/08\/botins-a-mida-esportscubil-sidas.webp\" \/>\n\t<meta property=\"og:image:width\" content=\"2000\" \/>\n\t<meta property=\"og:image:height\" content=\"1200\" \/>\n\t<meta property=\"og:image:type\" content=\"image\/webp\" \/>\n<script type=\"application\/ld+json\" class=\"yoast-schema-graph\">{\"@context\":\"https:\\\/\\\/schema.org\",\"@graph\":[{\"@type\":\"WebPage\",\"@id\":\"https:\\\/\\\/esportscubil.com\\\/es\\\/a-medida\\\/reserva-hora-online\\\/agenda-botines-medida\\\/\",\"url\":\"https:\\\/\\\/esportscubil.com\\\/es\\\/a-medida\\\/reserva-hora-online\\\/agenda-botines-medida\\\/\",\"name\":\"Agenda Botines de esqu\u00ed a medida | Andorra | Esports Cubil\",\"isPartOf\":{\"@id\":\"https:\\\/\\\/esportscubil.com\\\/es\\\/#website\"},\"primaryImageOfPage\":{\"@id\":\"https:\\\/\\\/esportscubil.com\\\/es\\\/a-medida\\\/reserva-hora-online\\\/agenda-botines-medida\\\/#primaryimage\"},\"image\":{\"@id\":\"https:\\\/\\\/esportscubil.com\\\/es\\\/a-medida\\\/reserva-hora-online\\\/agenda-botines-medida\\\/#primaryimage\"},\"thumbnailUrl\":\"https:\\\/\\\/esportscubil.com\\\/wp-content\\\/uploads\\\/2024\\\/08\\\/botins-a-mida-esportscubil-sidas.webp\",\"datePublished\":\"2024-08-30T14:32:15+00:00\",\"dateModified\":\"2025-09-25T09:21:12+00:00\",\"description\":\"Reserva ya el d\u00eda y hora para el servicio personalizado de botines de esqu\u00ed a medida. Disfruta de la personalizaci\u00f3n y confort en tus pies.\",\"breadcrumb\":{\"@id\":\"https:\\\/\\\/esportscubil.com\\\/es\\\/a-medida\\\/reserva-hora-online\\\/agenda-botines-medida\\\/#breadcrumb\"},\"inLanguage\":\"es\",\"potentialAction\":[{\"@type\":\"ReadAction\",\"target\":[\"https:\\\/\\\/esportscubil.com\\\/es\\\/a-medida\\\/reserva-hora-online\\\/agenda-botines-medida\\\/\"]}]},{\"@type\":\"ImageObject\",\"inLanguage\":\"es\",\"@id\":\"https:\\\/\\\/esportscubil.com\\\/es\\\/a-medida\\\/reserva-hora-online\\\/agenda-botines-medida\\\/#primaryimage\",\"url\":\"https:\\\/\\\/esportscubil.com\\\/wp-content\\\/uploads\\\/2024\\\/08\\\/botins-a-mida-esportscubil-sidas.webp\",\"contentUrl\":\"https:\\\/\\\/esportscubil.com\\\/wp-content\\\/uploads\\\/2024\\\/08\\\/botins-a-mida-esportscubil-sidas.webp\",\"width\":2000,\"height\":1200},{\"@type\":\"BreadcrumbList\",\"@id\":\"https:\\\/\\\/esportscubil.com\\\/es\\\/a-medida\\\/reserva-hora-online\\\/agenda-botines-medida\\\/#breadcrumb\",\"itemListElement\":[{\"@type\":\"ListItem\",\"position\":1,\"name\":\"Inici\",\"item\":\"https:\\\/\\\/esportscubil.com\\\/es\\\/\"},{\"@type\":\"ListItem\",\"position\":2,\"name\":\"Bootfitting\",\"item\":\"https:\\\/\\\/esportscubil.com\\\/es\\\/a-medida\\\/\"},{\"@type\":\"ListItem\",\"position\":3,\"name\":\"Reserva hora online\",\"item\":\"https:\\\/\\\/esportscubil.com\\\/es\\\/a-medida\\\/reserva-hora-online\\\/\"},{\"@type\":\"ListItem\",\"position\":4,\"name\":\"Agenda botines a medida\"}]},{\"@type\":\"WebSite\",\"@id\":\"https:\\\/\\\/esportscubil.com\\\/es\\\/#website\",\"url\":\"https:\\\/\\\/esportscubil.com\\\/es\\\/\",\"name\":\"esportscubil.com\",\"description\":\"La llar de les botes d\u2019esqu\u00ed a Andorra.\",\"publisher\":{\"@id\":\"https:\\\/\\\/esportscubil.com\\\/es\\\/#organization\"},\"alternateName\":\"cubil\",\"potentialAction\":[{\"@type\":\"SearchAction\",\"target\":{\"@type\":\"EntryPoint\",\"urlTemplate\":\"https:\\\/\\\/esportscubil.com\\\/es\\\/?s={search_term_string}\"},\"query-input\":{\"@type\":\"PropertyValueSpecification\",\"valueRequired\":true,\"valueName\":\"search_term_string\"}}],\"inLanguage\":\"es\"},{\"@type\":\"Organization\",\"@id\":\"https:\\\/\\\/esportscubil.com\\\/es\\\/#organization\",\"name\":\"Esports Cubil\",\"alternateName\":\"La llar de les botes d'esqu\u00ed i del bootfitting a Andorra\",\"url\":\"https:\\\/\\\/esportscubil.com\\\/es\\\/\",\"logo\":{\"@type\":\"ImageObject\",\"inLanguage\":\"es\",\"@id\":\"https:\\\/\\\/esportscubil.com\\\/es\\\/#\\\/schema\\\/logo\\\/image\\\/\",\"url\":\"https:\\\/\\\/esportscubil.com\\\/wp-content\\\/uploads\\\/2021\\\/10\\\/cropped-imatge-perfil-XXSS-1.jpg\",\"contentUrl\":\"https:\\\/\\\/esportscubil.com\\\/wp-content\\\/uploads\\\/2021\\\/10\\\/cropped-imatge-perfil-XXSS-1.jpg\",\"width\":512,\"height\":512,\"caption\":\"Esports Cubil\"},\"image\":{\"@id\":\"https:\\\/\\\/esportscubil.com\\\/es\\\/#\\\/schema\\\/logo\\\/image\\\/\"},\"sameAs\":[\"https:\\\/\\\/www.facebook.com\\\/esportscubil\",\"https:\\\/\\\/www.instagram.com\\\/esportscubil\\\/\"]}]}<\/script>\n<!-- \/ Yoast SEO plugin. -->","yoast_head_json":{"title":"Agenda Botines de esqu\u00ed a medida | Andorra | Esports Cubil","description":"Reserva ya el d\u00eda y hora para el servicio personalizado de botines de esqu\u00ed a medida. Disfruta de la personalizaci\u00f3n y confort en tus pies.","robots":{"index":"index","follow":"follow","max-snippet":"max-snippet:-1","max-image-preview":"max-image-preview:large","max-video-preview":"max-video-preview:-1"},"canonical":"https:\/\/esportscubil.com\/es\/a-medida\/reserva-hora-online\/agenda-botines-medida\/","og_locale":"es_ES","og_type":"article","og_title":"Agenda Botines de esqu\u00ed a medida | Andorra | Esports Cubil","og_description":"Reserva ya el d\u00eda y hora para el servicio personalizado de botines de esqu\u00ed a medida. Disfruta de la personalizaci\u00f3n y confort en tus pies.","og_url":"https:\/\/esportscubil.com\/es\/a-medida\/reserva-hora-online\/agenda-botines-medida\/","og_site_name":"Esports Cubil","article_publisher":"https:\/\/www.facebook.com\/esportscubil","article_modified_time":"2025-09-25T09:21:12+00:00","og_image":[{"width":2000,"height":1200,"url":"https:\/\/esportscubil.com\/wp-content\/uploads\/2024\/08\/botins-a-mida-esportscubil-sidas.webp","type":"image\/webp"}],"schema":{"@context":"https:\/\/schema.org","@graph":[{"@type":"WebPage","@id":"https:\/\/esportscubil.com\/es\/a-medida\/reserva-hora-online\/agenda-botines-medida\/","url":"https:\/\/esportscubil.com\/es\/a-medida\/reserva-hora-online\/agenda-botines-medida\/","name":"Agenda Botines de esqu\u00ed a medida | Andorra | Esports Cubil","isPartOf":{"@id":"https:\/\/esportscubil.com\/es\/#website"},"primaryImageOfPage":{"@id":"https:\/\/esportscubil.com\/es\/a-medida\/reserva-hora-online\/agenda-botines-medida\/#primaryimage"},"image":{"@id":"https:\/\/esportscubil.com\/es\/a-medida\/reserva-hora-online\/agenda-botines-medida\/#primaryimage"},"thumbnailUrl":"https:\/\/esportscubil.com\/wp-content\/uploads\/2024\/08\/botins-a-mida-esportscubil-sidas.webp","datePublished":"2024-08-30T14:32:15+00:00","dateModified":"2025-09-25T09:21:12+00:00","description":"Reserva ya el d\u00eda y hora para el servicio personalizado de botines de esqu\u00ed a medida. Disfruta de la personalizaci\u00f3n y confort en tus pies.","breadcrumb":{"@id":"https:\/\/esportscubil.com\/es\/a-medida\/reserva-hora-online\/agenda-botines-medida\/#breadcrumb"},"inLanguage":"es","potentialAction":[{"@type":"ReadAction","target":["https:\/\/esportscubil.com\/es\/a-medida\/reserva-hora-online\/agenda-botines-medida\/"]}]},{"@type":"ImageObject","inLanguage":"es","@id":"https:\/\/esportscubil.com\/es\/a-medida\/reserva-hora-online\/agenda-botines-medida\/#primaryimage","url":"https:\/\/esportscubil.com\/wp-content\/uploads\/2024\/08\/botins-a-mida-esportscubil-sidas.webp","contentUrl":"https:\/\/esportscubil.com\/wp-content\/uploads\/2024\/08\/botins-a-mida-esportscubil-sidas.webp","width":2000,"height":1200},{"@type":"BreadcrumbList","@id":"https:\/\/esportscubil.com\/es\/a-medida\/reserva-hora-online\/agenda-botines-medida\/#breadcrumb","itemListElement":[{"@type":"ListItem","position":1,"name":"Inici","item":"https:\/\/esportscubil.com\/es\/"},{"@type":"ListItem","position":2,"name":"Bootfitting","item":"https:\/\/esportscubil.com\/es\/a-medida\/"},{"@type":"ListItem","position":3,"name":"Reserva hora online","item":"https:\/\/esportscubil.com\/es\/a-medida\/reserva-hora-online\/"},{"@type":"ListItem","position":4,"name":"Agenda botines a medida"}]},{"@type":"WebSite","@id":"https:\/\/esportscubil.com\/es\/#website","url":"https:\/\/esportscubil.com\/es\/","name":"esportscubil.com","description":"La llar de les botes d\u2019esqu\u00ed a Andorra.","publisher":{"@id":"https:\/\/esportscubil.com\/es\/#organization"},"alternateName":"cubil","potentialAction":[{"@type":"SearchAction","target":{"@type":"EntryPoint","urlTemplate":"https:\/\/esportscubil.com\/es\/?s={search_term_string}"},"query-input":{"@type":"PropertyValueSpecification","valueRequired":true,"valueName":"search_term_string"}}],"inLanguage":"es"},{"@type":"Organization","@id":"https:\/\/esportscubil.com\/es\/#organization","name":"Esports Cubil","alternateName":"La llar de les botes d'esqu\u00ed i del bootfitting a Andorra","url":"https:\/\/esportscubil.com\/es\/","logo":{"@type":"ImageObject","inLanguage":"es","@id":"https:\/\/esportscubil.com\/es\/#\/schema\/logo\/image\/","url":"https:\/\/esportscubil.com\/wp-content\/uploads\/2021\/10\/cropped-imatge-perfil-XXSS-1.jpg","contentUrl":"https:\/\/esportscubil.com\/wp-content\/uploads\/2021\/10\/cropped-imatge-perfil-XXSS-1.jpg","width":512,"height":512,"caption":"Esports Cubil"},"image":{"@id":"https:\/\/esportscubil.com\/es\/#\/schema\/logo\/image\/"},"sameAs":["https:\/\/www.facebook.com\/esportscubil","https:\/\/www.instagram.com\/esportscubil\/"]}]}},"_links":{"self":[{"href":"https:\/\/esportscubil.com\/es\/wp-json\/wp\/v2\/pages\/12964","targetHints":{"allow":["GET"]}}],"collection":[{"href":"https:\/\/esportscubil.com\/es\/wp-json\/wp\/v2\/pages"}],"about":[{"href":"https:\/\/esportscubil.com\/es\/wp-json\/wp\/v2\/types\/page"}],"author":[{"embeddable":true,"href":"https:\/\/esportscubil.com\/es\/wp-json\/wp\/v2\/users\/6"}],"replies":[{"embeddable":true,"href":"https:\/\/esportscubil.com\/es\/wp-json\/wp\/v2\/comments?post=12964"}],"version-history":[{"count":7,"href":"https:\/\/esportscubil.com\/es\/wp-json\/wp\/v2\/pages\/12964\/revisions"}],"predecessor-version":[{"id":12972,"href":"https:\/\/esportscubil.com\/es\/wp-json\/wp\/v2\/pages\/12964\/revisions\/12972"}],"up":[{"embeddable":true,"href":"https:\/\/esportscubil.com\/es\/wp-json\/wp\/v2\/pages\/12850"}],"wp:featuredmedia":[{"embeddable":true,"href":"https:\/\/esportscubil.com\/es\/wp-json\/wp\/v2\/media\/12008"}],"wp:attachment":[{"href":"https:\/\/esportscubil.com\/es\/wp-json\/wp\/v2\/media?parent=12964"}],"curies":[{"name":"wp","href":"https:\/\/api.w.org\/{rel}","templated":true}]}}