{"id":13177,"date":"2024-08-21T13:10:49","date_gmt":"2024-08-21T11:10:49","guid":{"rendered":"https:\/\/esportscubil.com\/?page_id=13177"},"modified":"2025-10-01T15:50:35","modified_gmt":"2025-10-01T13:50:35","slug":"accessoires-de-ski","status":"publish","type":"page","link":"https:\/\/esportscubil.com\/fr\/magasin-esports-cubil\/accessoires-de-ski\/","title":{"rendered":"Accessoires de ski"},"content":{"rendered":"\t\t<div data-elementor-type=\"wp-page\" data-elementor-id=\"13177\" class=\"elementor elementor-13177 elementor-10059\">\n\t\t\t\t\t\t<section class=\"elementor-section elementor-top-section elementor-element elementor-element-a525dfd elementor-section-full_width elementor-section-height-default elementor-section-height-default\" data-id=\"a525dfd\" data-element_type=\"section\" data-e-type=\"section\" data-settings=\"{&quot;background_background&quot;:&quot;classic&quot;}\">\n\t\t\t\t\t\t\t<div class=\"elementor-background-overlay\"><\/div>\n\t\t\t\t\t\t\t<div class=\"elementor-container elementor-column-gap-default\">\n\t\t\t\t\t<div class=\"elementor-column elementor-col-100 elementor-top-column elementor-element elementor-element-5d02f17\" data-id=\"5d02f17\" data-element_type=\"column\" data-e-type=\"column\">\n\t\t\t<div class=\"elementor-widget-wrap elementor-element-populated\">\n\t\t\t\t\t\t<div class=\"elementor-element elementor-element-87a4e76 elementor-widget elementor-widget-text-editor\" data-id=\"87a4e76\" data-element_type=\"widget\" data-e-type=\"widget\" data-widget_type=\"text-editor.default\">\n\t\t\t\t<div class=\"elementor-widget-container\">\n\t\t\t\t\t\t\t\t\t<h1>Profitez des sports d&rsquo;hiver comme jamais gr\u00e2ce \u00e0 la s\u00e9lection d&rsquo;accessoires que nous avons pour vous<\/h1>\t\t\t\t\t\t\t\t<\/div>\n\t\t\t\t<\/div>\n\t\t\t\t\t<\/div>\n\t\t<\/div>\n\t\t\t\t\t<\/div>\n\t\t<\/section>\n\t\t\t\t<section class=\"elementor-section elementor-top-section elementor-element elementor-element-67e9498 elementor-section-full_width elementor-section-height-default elementor-section-height-default\" data-id=\"67e9498\" data-element_type=\"section\" data-e-type=\"section\">\n\t\t\t\t\t\t<div class=\"elementor-container elementor-column-gap-default\">\n\t\t\t\t\t<div class=\"elementor-column elementor-col-25 elementor-top-column elementor-element elementor-element-be16a91\" data-id=\"be16a91\" data-element_type=\"column\" data-e-type=\"column\">\n\t\t\t<div class=\"elementor-widget-wrap\">\n\t\t\t\t\t\t\t<\/div>\n\t\t<\/div>\n\t\t\t\t<div class=\"elementor-column elementor-col-50 elementor-top-column elementor-element elementor-element-5e5c724\" data-id=\"5e5c724\" data-element_type=\"column\" data-e-type=\"column\">\n\t\t\t<div class=\"elementor-widget-wrap elementor-element-populated\">\n\t\t\t\t\t\t<div class=\"elementor-element elementor-element-8fb6520 elementor-widget elementor-widget-text-editor\" data-id=\"8fb6520\" data-element_type=\"widget\" data-e-type=\"widget\" data-widget_type=\"text-editor.default\">\n\t\t\t\t<div class=\"elementor-widget-container\">\n\t\t\t\t\t\t\t\t\t<p><strong>Casques<\/strong> de ski certifi\u00e9s, <strong>masques<\/strong> de ski de toutes les gammes, <strong>lunettes de soleil<\/strong>, <strong>gants<\/strong>, <strong>chaussettes<\/strong>, <strong>chauffages<\/strong> pour les plus frileux, <strong>protections<\/strong>, <strong>sacs \u00e0 dos<\/strong> et bien plus encore, avec un service client toujours pr\u00eat \u00e0 \u00e9couter vos besoins pour pouvoir vous conseiller sur ce dont vous avez besoin.<\/p>\t\t\t\t\t\t\t\t<\/div>\n\t\t\t\t<\/div>\n\t\t\t\t\t<\/div>\n\t\t<\/div>\n\t\t\t\t<div class=\"elementor-column elementor-col-25 elementor-top-column elementor-element elementor-element-90300bd\" data-id=\"90300bd\" data-element_type=\"column\" data-e-type=\"column\">\n\t\t\t<div class=\"elementor-widget-wrap\">\n\t\t\t\t\t\t\t<\/div>\n\t\t<\/div>\n\t\t\t\t\t<\/div>\n\t\t<\/section>\n\t\t\t\t<section class=\"elementor-section elementor-top-section elementor-element elementor-element-4344849 elementor-section-full_width elementor-section-height-default elementor-section-height-default elementor-invisible\" data-id=\"4344849\" data-element_type=\"section\" data-e-type=\"section\" data-settings=\"{&quot;background_background&quot;:&quot;classic&quot;,&quot;animation&quot;:&quot;bounceIn&quot;}\">\n\t\t\t\t\t\t<div class=\"elementor-container elementor-column-gap-default\">\n\t\t\t\t\t<div class=\"elementor-column elementor-col-25 elementor-top-column elementor-element elementor-element-bd3b204\" data-id=\"bd3b204\" data-element_type=\"column\" data-e-type=\"column\">\n\t\t\t<div class=\"elementor-widget-wrap\">\n\t\t\t\t\t\t\t<\/div>\n\t\t<\/div>\n\t\t\t\t<div class=\"elementor-column elementor-col-50 elementor-top-column elementor-element elementor-element-5215df2\" data-id=\"5215df2\" data-element_type=\"column\" data-e-type=\"column\">\n\t\t\t<div class=\"elementor-widget-wrap elementor-element-populated\">\n\t\t\t\t\t\t<div class=\"elementor-element elementor-element-7a4ee19 elementor-widget elementor-widget-heading\" data-id=\"7a4ee19\" data-element_type=\"widget\" data-e-type=\"widget\" data-widget_type=\"heading.default\">\n\t\t\t\t<div class=\"elementor-widget-container\">\n\t\t\t\t\t<h2 class=\"elementor-heading-title elementor-size-default\">Nous avons tous les compl\u00e9ments pour sortir sur la neige<\/h2>\t\t\t\t<\/div>\n\t\t\t\t<\/div>\n\t\t\t\t\t<\/div>\n\t\t<\/div>\n\t\t\t\t<div class=\"elementor-column elementor-col-25 elementor-top-column elementor-element elementor-element-d5b49e7\" data-id=\"d5b49e7\" data-element_type=\"column\" data-e-type=\"column\">\n\t\t\t<div class=\"elementor-widget-wrap\">\n\t\t\t\t\t\t\t<\/div>\n\t\t<\/div>\n\t\t\t\t\t<\/div>\n\t\t<\/section>\n\t\t\t\t<section class=\"elementor-section elementor-top-section elementor-element elementor-element-12dc8da elementor-section-full_width elementor-section-height-default elementor-section-height-default\" data-id=\"12dc8da\" data-element_type=\"section\" data-e-type=\"section\">\n\t\t\t\t\t\t<div class=\"elementor-container elementor-column-gap-default\">\n\t\t\t\t\t<div class=\"elementor-column elementor-col-25 elementor-top-column elementor-element elementor-element-2a8d070\" data-id=\"2a8d070\" data-element_type=\"column\" data-e-type=\"column\">\n\t\t\t<div class=\"elementor-widget-wrap\">\n\t\t\t\t\t\t\t<\/div>\n\t\t<\/div>\n\t\t\t\t<div class=\"elementor-column elementor-col-50 elementor-top-column elementor-element elementor-element-0848046\" data-id=\"0848046\" data-element_type=\"column\" data-e-type=\"column\">\n\t\t\t<div class=\"elementor-widget-wrap elementor-element-populated\">\n\t\t\t\t\t\t<div class=\"elementor-element elementor-element-8d49bf5 elementor-widget elementor-widget-text-editor\" data-id=\"8d49bf5\" data-element_type=\"widget\" data-e-type=\"widget\" data-widget_type=\"text-editor.default\">\n\t\t\t\t<div class=\"elementor-widget-container\">\n\t\t\t\t\t\t\t\t\t<p>Vous avez d\u00e9j\u00e0 les skis et les chaussures et vous avez besoin de compl\u00e9ter votre journ\u00e9e de <strong>ski en Andorre<\/strong> avec des produits de qualit\u00e9. Bienvenue dans la section <strong>accessoires de ski d&rsquo;Esports Cubil<\/strong>, o\u00f9 vous trouverez tout ce dont vous avez besoin : <strong>masques de ski, sacs \u00e0 dos, sacs porte-skis, protection solaire et produits avec chauffage inclus, comme les chaussettes<\/strong> <a href=\"https:\/\/www.therm-ic.com\/fr\"><strong>Therm-ic.<\/strong><\/a><\/p><p>Nous avons une grande s\u00e9lection de <strong>masques de ski<\/strong> pour couvrir vos besoins, adapt\u00e9s \u00e0 tout type de visage, de la cat\u00e9gorie 1 \u00e0 4, qui s&rsquo;adaptent aux conditions m\u00e9t\u00e9orologiques de la journ\u00e9e de ski. Nous disposons \u00e9galement de <strong>masques de ski polaris\u00e9s<\/strong> et <strong>photochromiques<\/strong>, qui changent automatiquement de couleur selon la luminosit\u00e9 du jour. Nous avons aussi des masques de ski dans lesquels vous pouvez parfaitement adapter vos lunettes de vue&#8230; Vous trouverez tellement d&rsquo;options que ce qui vous co\u00fbtera le plus sera de d\u00e9cider lequel vous voudrez emporter.<\/p><p>Nous vous proposons une large gamme de <strong>casques<\/strong> <strong>de ski<\/strong> pour tous les niveaux : de comp\u00e9tition, pour faire du ski de randonn\u00e9e, avec masque int\u00e9gr\u00e9 et pour enfants, car la <strong>s\u00e9curit\u00e9<\/strong> sur les pistes de ski est la premi\u00e8re chose que nous devons prendre en compte.<\/p><p>De m\u00eame, si vous \u00eates de ceux qui n&rsquo;utilisent pas de masque de ski mais des <strong>lunettes de soleil<\/strong>, vous d\u00e9couvrirez des mod\u00e8les l\u00e9gers et ergonomiques qu&rsquo;en plus d&rsquo;utiliser pour skier, vous pourrez aussi utiliser pour marcher en montagne ou bien tous les jours.<\/p><p>Comme nous l&rsquo;avons d\u00e9j\u00e0 mentionn\u00e9, la <strong>s\u00e9curit\u00e9<\/strong> est la priorit\u00e9 lorsque vous pratiquez n&rsquo;importe quel sport. \u00c0 cet \u00e9gard, vous trouverez tout ce dont vous avez besoin pour faire des sorties en montagne avec du <strong>ski de randonn\u00e9e<\/strong> : <strong>DVA (d\u00e9tecteur de victimes d&rsquo;avalanches), pelles \u00e0 neige l\u00e9g\u00e8res, sacs \u00e0 dos avec airbag&#8230;.<\/strong><\/p><p>La <strong>protection solaire<\/strong> est tr\u00e8s importante pour prot\u00e9ger notre peau des rayons UV, car dans des conditions ensoleill\u00e9es, le reflet de la neige peut provoquer des br\u00fblures si nous ne nous prot\u00e9geons pas correctement.<\/p>\t\t\t\t\t\t\t\t<\/div>\n\t\t\t\t<\/div>\n\t\t\t\t\t<\/div>\n\t\t<\/div>\n\t\t\t\t<div class=\"elementor-column elementor-col-25 elementor-top-column elementor-element elementor-element-f21796e\" data-id=\"f21796e\" data-element_type=\"column\" data-e-type=\"column\">\n\t\t\t<div class=\"elementor-widget-wrap\">\n\t\t\t\t\t\t\t<\/div>\n\t\t<\/div>\n\t\t\t\t\t<\/div>\n\t\t<\/section>\n\t\t\t\t<section class=\"elementor-section elementor-top-section elementor-element elementor-element-d6eee14 elementor-section-full_width elementor-section-height-default elementor-section-height-default\" data-id=\"d6eee14\" data-element_type=\"section\" data-e-type=\"section\" data-settings=\"{&quot;background_background&quot;:&quot;classic&quot;}\">\n\t\t\t\t\t\t<div class=\"elementor-container elementor-column-gap-default\">\n\t\t\t\t\t<div class=\"elementor-column elementor-col-100 elementor-top-column elementor-element elementor-element-d4bd411\" data-id=\"d4bd411\" data-element_type=\"column\" data-e-type=\"column\">\n\t\t\t<div class=\"elementor-widget-wrap elementor-element-populated\">\n\t\t\t\t\t\t<div class=\"elementor-element elementor-element-25fe240 elementor-widget elementor-widget-heading\" data-id=\"25fe240\" data-element_type=\"widget\" data-e-type=\"widget\" data-widget_type=\"heading.default\">\n\t\t\t\t<div class=\"elementor-widget-container\">\n\t\t\t\t\t<h2 class=\"elementor-heading-title elementor-size-default\">En d\u00e9finitive, chez Esports Cubil, vous trouverez tous les accessoires dont vous avez besoin pour profiter des journ\u00e9es de ski en Andorre en toute s\u00e9curit\u00e9.<\/h2>\t\t\t\t<\/div>\n\t\t\t\t<\/div>\n\t\t\t\t\t<\/div>\n\t\t<\/div>\n\t\t\t\t\t<\/div>\n\t\t<\/section>\n\t\t\t\t<section class=\"elementor-section elementor-top-section elementor-element elementor-element-5e4f973 elementor-section-full_width elementor-section-height-default elementor-section-height-default\" data-id=\"5e4f973\" data-element_type=\"section\" data-e-type=\"section\">\n\t\t\t\t\t\t<div class=\"elementor-container elementor-column-gap-default\">\n\t\t\t\t\t<div class=\"elementor-column elementor-col-100 elementor-top-column elementor-element elementor-element-8504163\" data-id=\"8504163\" data-element_type=\"column\" data-e-type=\"column\">\n\t\t\t<div class=\"elementor-widget-wrap elementor-element-populated\">\n\t\t\t\t\t\t<div class=\"elementor-element elementor-element-f5743a3 elementor-widget__width-inherit elementor-widget elementor-widget-html\" data-id=\"f5743a3\" data-element_type=\"widget\" data-e-type=\"widget\" data-widget_type=\"html.default\">\n\t\t\t\t<div class=\"elementor-widget-container\">\n\t\t\t\t\t<iframe src=\"https:\/\/www.google.com\/maps\/embed?pb=!1m18!1m12!1m3!1d2937.9193972684707!2d1.6269003768795034!3d42.57823327117347!2m3!1f0!2f0!3f0!3m2!1i1024!2i768!4f13.1!3m3!1m2!1s0x12af6252d190ce37%3A0x748260505d013bd!2sESPORTS%20CUBIL!5e0!3m2!1ses!2sad!4v1733656243211!5m2!1ses!2sad\" width=\"600\" height=\"450\" style=\"border:0;\" allowfullscreen=\"\" loading=\"lazy\" referrerpolicy=\"no-referrer-when-downgrade\"><\/iframe>\t\t\t\t<\/div>\n\t\t\t\t<\/div>\n\t\t\t\t\t<\/div>\n\t\t<\/div>\n\t\t\t\t\t<\/div>\n\t\t<\/section>\n\t\t\t\t<\/div>\n\t\t","protected":false},"excerpt":{"rendered":"<p>Profitez des sports d&rsquo;hiver comme jamais gr\u00e2ce \u00e0 la s\u00e9lection d&rsquo;accessoires que nous avons pour vous Casques de ski certifi\u00e9s, masques de ski de toutes les gammes, lunettes de soleil, gants, chaussettes, chauffages pour les plus frileux, protections, sacs \u00e0 dos et bien plus encore, avec un service client toujours pr\u00eat \u00e0 \u00e9couter vos besoins&#8230;<\/p>\n","protected":false},"author":6,"featured_media":11995,"parent":13165,"menu_order":1,"comment_status":"closed","ping_status":"closed","template":"","meta":{"_kadence_starter_templates_imported_post":false,"_kad_post_transparent":"default","_kad_post_title":"hide","_kad_post_layout":"fullwidth","_kad_post_sidebar_id":"","_kad_post_content_style":"unboxed","_kad_post_vertical_padding":"hide","_kad_post_feature":"hide","_kad_post_feature_position":"","_kad_post_header":false,"_kad_post_footer":false,"_kad_post_classname":"","footnotes":""},"class_list":["post-13177","page","type-page","status-publish","has-post-thumbnail","hentry"],"yoast_head":"<!-- This site is optimized with the Yoast SEO plugin v27.4 - https:\/\/yoast.com\/product\/yoast-seo-wordpress\/ -->\n<title>Accessoires de ski | Esports Cubil | Grandvalira Andorre<\/title>\n<meta name=\"description\" content=\"Esports Cubil est le magasin de ski en Andorre o\u00f9 vous ach\u00e8terez tous les accessoires de ski n\u00e9cessaires pour le ski.\" \/>\n<meta name=\"robots\" content=\"index, follow, max-snippet:-1, max-image-preview:large, max-video-preview:-1\" \/>\n<link rel=\"canonical\" href=\"https:\/\/esportscubil.com\/fr\/magasin-esports-cubil\/accessoires-de-ski\/\" \/>\n<meta property=\"og:locale\" content=\"fr_FR\" \/>\n<meta property=\"og:type\" content=\"article\" \/>\n<meta property=\"og:title\" content=\"Accessoires de ski | Esports Cubil | Grandvalira Andorre\" \/>\n<meta property=\"og:description\" content=\"Esports Cubil est le magasin de ski en Andorre o\u00f9 vous ach\u00e8terez tous les accessoires de ski n\u00e9cessaires pour le ski.\" \/>\n<meta property=\"og:url\" content=\"https:\/\/esportscubil.com\/fr\/magasin-esports-cubil\/accessoires-de-ski\/\" \/>\n<meta property=\"og:site_name\" content=\"Esports Cubil\" \/>\n<meta property=\"article:publisher\" content=\"https:\/\/www.facebook.com\/esportscubil\" \/>\n<meta property=\"article:modified_time\" content=\"2025-10-01T13:50:35+00:00\" \/>\n<meta property=\"og:image\" content=\"https:\/\/esportscubil.com\/wp-content\/uploads\/2024\/08\/accessoris-esqui-esportscubil.webp\" \/>\n\t<meta property=\"og:image:width\" content=\"2000\" \/>\n\t<meta property=\"og:image:height\" content=\"1200\" \/>\n\t<meta property=\"og:image:type\" content=\"image\/webp\" \/>\n<script type=\"application\/ld+json\" class=\"yoast-schema-graph\">{\"@context\":\"https:\\\/\\\/schema.org\",\"@graph\":[{\"@type\":\"WebPage\",\"@id\":\"https:\\\/\\\/esportscubil.com\\\/fr\\\/magasin-esports-cubil\\\/accessoires-de-ski\\\/\",\"url\":\"https:\\\/\\\/esportscubil.com\\\/fr\\\/magasin-esports-cubil\\\/accessoires-de-ski\\\/\",\"name\":\"Accessoires de ski | Esports Cubil | Grandvalira Andorre\",\"isPartOf\":{\"@id\":\"https:\\\/\\\/esportscubil.com\\\/fr\\\/#website\"},\"primaryImageOfPage\":{\"@id\":\"https:\\\/\\\/esportscubil.com\\\/fr\\\/magasin-esports-cubil\\\/accessoires-de-ski\\\/#primaryimage\"},\"image\":{\"@id\":\"https:\\\/\\\/esportscubil.com\\\/fr\\\/magasin-esports-cubil\\\/accessoires-de-ski\\\/#primaryimage\"},\"thumbnailUrl\":\"https:\\\/\\\/esportscubil.com\\\/wp-content\\\/uploads\\\/2024\\\/08\\\/accessoris-esqui-esportscubil.webp\",\"datePublished\":\"2024-08-21T11:10:49+00:00\",\"dateModified\":\"2025-10-01T13:50:35+00:00\",\"description\":\"Esports Cubil est le magasin de ski en Andorre o\u00f9 vous ach\u00e8terez tous les accessoires de ski n\u00e9cessaires pour le ski.\",\"breadcrumb\":{\"@id\":\"https:\\\/\\\/esportscubil.com\\\/fr\\\/magasin-esports-cubil\\\/accessoires-de-ski\\\/#breadcrumb\"},\"inLanguage\":\"fr-FR\",\"potentialAction\":[{\"@type\":\"ReadAction\",\"target\":[\"https:\\\/\\\/esportscubil.com\\\/fr\\\/magasin-esports-cubil\\\/accessoires-de-ski\\\/\"]}]},{\"@type\":\"ImageObject\",\"inLanguage\":\"fr-FR\",\"@id\":\"https:\\\/\\\/esportscubil.com\\\/fr\\\/magasin-esports-cubil\\\/accessoires-de-ski\\\/#primaryimage\",\"url\":\"https:\\\/\\\/esportscubil.com\\\/wp-content\\\/uploads\\\/2024\\\/08\\\/accessoris-esqui-esportscubil.webp\",\"contentUrl\":\"https:\\\/\\\/esportscubil.com\\\/wp-content\\\/uploads\\\/2024\\\/08\\\/accessoris-esqui-esportscubil.webp\",\"width\":2000,\"height\":1200},{\"@type\":\"BreadcrumbList\",\"@id\":\"https:\\\/\\\/esportscubil.com\\\/fr\\\/magasin-esports-cubil\\\/accessoires-de-ski\\\/#breadcrumb\",\"itemListElement\":[{\"@type\":\"ListItem\",\"position\":1,\"name\":\"Inici\",\"item\":\"https:\\\/\\\/esportscubil.com\\\/fr\\\/home-2\\\/\"},{\"@type\":\"ListItem\",\"position\":2,\"name\":\"magasin\",\"item\":\"https:\\\/\\\/esportscubil.com\\\/fr\\\/magasin-esports-cubil\\\/\"},{\"@type\":\"ListItem\",\"position\":3,\"name\":\"Accessoires de ski\"}]},{\"@type\":\"WebSite\",\"@id\":\"https:\\\/\\\/esportscubil.com\\\/fr\\\/#website\",\"url\":\"https:\\\/\\\/esportscubil.com\\\/fr\\\/\",\"name\":\"esportscubil.com\",\"description\":\"La llar de les botes d\u2019esqu\u00ed a Andorra.\",\"publisher\":{\"@id\":\"https:\\\/\\\/esportscubil.com\\\/fr\\\/#organization\"},\"alternateName\":\"cubil\",\"potentialAction\":[{\"@type\":\"SearchAction\",\"target\":{\"@type\":\"EntryPoint\",\"urlTemplate\":\"https:\\\/\\\/esportscubil.com\\\/fr\\\/?s={search_term_string}\"},\"query-input\":{\"@type\":\"PropertyValueSpecification\",\"valueRequired\":true,\"valueName\":\"search_term_string\"}}],\"inLanguage\":\"fr-FR\"},{\"@type\":\"Organization\",\"@id\":\"https:\\\/\\\/esportscubil.com\\\/fr\\\/#organization\",\"name\":\"Esports Cubil\",\"alternateName\":\"La llar de les botes d'esqu\u00ed i del bootfitting a Andorra\",\"url\":\"https:\\\/\\\/esportscubil.com\\\/fr\\\/\",\"logo\":{\"@type\":\"ImageObject\",\"inLanguage\":\"fr-FR\",\"@id\":\"https:\\\/\\\/esportscubil.com\\\/fr\\\/#\\\/schema\\\/logo\\\/image\\\/\",\"url\":\"https:\\\/\\\/esportscubil.com\\\/wp-content\\\/uploads\\\/2021\\\/10\\\/cropped-imatge-perfil-XXSS-1.jpg\",\"contentUrl\":\"https:\\\/\\\/esportscubil.com\\\/wp-content\\\/uploads\\\/2021\\\/10\\\/cropped-imatge-perfil-XXSS-1.jpg\",\"width\":512,\"height\":512,\"caption\":\"Esports Cubil\"},\"image\":{\"@id\":\"https:\\\/\\\/esportscubil.com\\\/fr\\\/#\\\/schema\\\/logo\\\/image\\\/\"},\"sameAs\":[\"https:\\\/\\\/www.facebook.com\\\/esportscubil\",\"https:\\\/\\\/www.instagram.com\\\/esportscubil\\\/\"]}]}<\/script>\n<!-- \/ Yoast SEO plugin. -->","yoast_head_json":{"title":"Accessoires de ski | Esports Cubil | Grandvalira Andorre","description":"Esports Cubil est le magasin de ski en Andorre o\u00f9 vous ach\u00e8terez tous les accessoires de ski n\u00e9cessaires pour le ski.","robots":{"index":"index","follow":"follow","max-snippet":"max-snippet:-1","max-image-preview":"max-image-preview:large","max-video-preview":"max-video-preview:-1"},"canonical":"https:\/\/esportscubil.com\/fr\/magasin-esports-cubil\/accessoires-de-ski\/","og_locale":"fr_FR","og_type":"article","og_title":"Accessoires de ski | Esports Cubil | Grandvalira Andorre","og_description":"Esports Cubil est le magasin de ski en Andorre o\u00f9 vous ach\u00e8terez tous les accessoires de ski n\u00e9cessaires pour le ski.","og_url":"https:\/\/esportscubil.com\/fr\/magasin-esports-cubil\/accessoires-de-ski\/","og_site_name":"Esports Cubil","article_publisher":"https:\/\/www.facebook.com\/esportscubil","article_modified_time":"2025-10-01T13:50:35+00:00","og_image":[{"width":2000,"height":1200,"url":"https:\/\/esportscubil.com\/wp-content\/uploads\/2024\/08\/accessoris-esqui-esportscubil.webp","type":"image\/webp"}],"schema":{"@context":"https:\/\/schema.org","@graph":[{"@type":"WebPage","@id":"https:\/\/esportscubil.com\/fr\/magasin-esports-cubil\/accessoires-de-ski\/","url":"https:\/\/esportscubil.com\/fr\/magasin-esports-cubil\/accessoires-de-ski\/","name":"Accessoires de ski | Esports Cubil | Grandvalira Andorre","isPartOf":{"@id":"https:\/\/esportscubil.com\/fr\/#website"},"primaryImageOfPage":{"@id":"https:\/\/esportscubil.com\/fr\/magasin-esports-cubil\/accessoires-de-ski\/#primaryimage"},"image":{"@id":"https:\/\/esportscubil.com\/fr\/magasin-esports-cubil\/accessoires-de-ski\/#primaryimage"},"thumbnailUrl":"https:\/\/esportscubil.com\/wp-content\/uploads\/2024\/08\/accessoris-esqui-esportscubil.webp","datePublished":"2024-08-21T11:10:49+00:00","dateModified":"2025-10-01T13:50:35+00:00","description":"Esports Cubil est le magasin de ski en Andorre o\u00f9 vous ach\u00e8terez tous les accessoires de ski n\u00e9cessaires pour le ski.","breadcrumb":{"@id":"https:\/\/esportscubil.com\/fr\/magasin-esports-cubil\/accessoires-de-ski\/#breadcrumb"},"inLanguage":"fr-FR","potentialAction":[{"@type":"ReadAction","target":["https:\/\/esportscubil.com\/fr\/magasin-esports-cubil\/accessoires-de-ski\/"]}]},{"@type":"ImageObject","inLanguage":"fr-FR","@id":"https:\/\/esportscubil.com\/fr\/magasin-esports-cubil\/accessoires-de-ski\/#primaryimage","url":"https:\/\/esportscubil.com\/wp-content\/uploads\/2024\/08\/accessoris-esqui-esportscubil.webp","contentUrl":"https:\/\/esportscubil.com\/wp-content\/uploads\/2024\/08\/accessoris-esqui-esportscubil.webp","width":2000,"height":1200},{"@type":"BreadcrumbList","@id":"https:\/\/esportscubil.com\/fr\/magasin-esports-cubil\/accessoires-de-ski\/#breadcrumb","itemListElement":[{"@type":"ListItem","position":1,"name":"Inici","item":"https:\/\/esportscubil.com\/fr\/home-2\/"},{"@type":"ListItem","position":2,"name":"magasin","item":"https:\/\/esportscubil.com\/fr\/magasin-esports-cubil\/"},{"@type":"ListItem","position":3,"name":"Accessoires de ski"}]},{"@type":"WebSite","@id":"https:\/\/esportscubil.com\/fr\/#website","url":"https:\/\/esportscubil.com\/fr\/","name":"esportscubil.com","description":"La llar de les botes d\u2019esqu\u00ed a Andorra.","publisher":{"@id":"https:\/\/esportscubil.com\/fr\/#organization"},"alternateName":"cubil","potentialAction":[{"@type":"SearchAction","target":{"@type":"EntryPoint","urlTemplate":"https:\/\/esportscubil.com\/fr\/?s={search_term_string}"},"query-input":{"@type":"PropertyValueSpecification","valueRequired":true,"valueName":"search_term_string"}}],"inLanguage":"fr-FR"},{"@type":"Organization","@id":"https:\/\/esportscubil.com\/fr\/#organization","name":"Esports Cubil","alternateName":"La llar de les botes d'esqu\u00ed i del bootfitting a Andorra","url":"https:\/\/esportscubil.com\/fr\/","logo":{"@type":"ImageObject","inLanguage":"fr-FR","@id":"https:\/\/esportscubil.com\/fr\/#\/schema\/logo\/image\/","url":"https:\/\/esportscubil.com\/wp-content\/uploads\/2021\/10\/cropped-imatge-perfil-XXSS-1.jpg","contentUrl":"https:\/\/esportscubil.com\/wp-content\/uploads\/2021\/10\/cropped-imatge-perfil-XXSS-1.jpg","width":512,"height":512,"caption":"Esports Cubil"},"image":{"@id":"https:\/\/esportscubil.com\/fr\/#\/schema\/logo\/image\/"},"sameAs":["https:\/\/www.facebook.com\/esportscubil","https:\/\/www.instagram.com\/esportscubil\/"]}]}},"_links":{"self":[{"href":"https:\/\/esportscubil.com\/fr\/wp-json\/wp\/v2\/pages\/13177","targetHints":{"allow":["GET"]}}],"collection":[{"href":"https:\/\/esportscubil.com\/fr\/wp-json\/wp\/v2\/pages"}],"about":[{"href":"https:\/\/esportscubil.com\/fr\/wp-json\/wp\/v2\/types\/page"}],"author":[{"embeddable":true,"href":"https:\/\/esportscubil.com\/fr\/wp-json\/wp\/v2\/users\/6"}],"replies":[{"embeddable":true,"href":"https:\/\/esportscubil.com\/fr\/wp-json\/wp\/v2\/comments?post=13177"}],"version-history":[{"count":7,"href":"https:\/\/esportscubil.com\/fr\/wp-json\/wp\/v2\/pages\/13177\/revisions"}],"predecessor-version":[{"id":13185,"href":"https:\/\/esportscubil.com\/fr\/wp-json\/wp\/v2\/pages\/13177\/revisions\/13185"}],"up":[{"embeddable":true,"href":"https:\/\/esportscubil.com\/fr\/wp-json\/wp\/v2\/pages\/13165"}],"wp:featuredmedia":[{"embeddable":true,"href":"https:\/\/esportscubil.com\/fr\/wp-json\/wp\/v2\/media\/11995"}],"wp:attachment":[{"href":"https:\/\/esportscubil.com\/fr\/wp-json\/wp\/v2\/media?parent=13177"}],"curies":[{"name":"wp","href":"https:\/\/api.w.org\/{rel}","templated":true}]}}