{"id":13186,"date":"2024-08-22T16:25:04","date_gmt":"2024-08-22T14:25:04","guid":{"rendered":"https:\/\/esportscubil.com\/?page_id=13186"},"modified":"2025-10-01T16:08:17","modified_gmt":"2025-10-01T14:08:17","slug":"ski-alpin","status":"publish","type":"page","link":"https:\/\/esportscubil.com\/fr\/magasin-esports-cubil\/ski-alpin\/","title":{"rendered":"Ski Alpin"},"content":{"rendered":"\t\t<div data-elementor-type=\"wp-page\" data-elementor-id=\"13186\" class=\"elementor elementor-13186 elementor-10136\">\n\t\t\t\t\t\t<section class=\"elementor-section elementor-top-section elementor-element elementor-element-a525dfd elementor-section-full_width elementor-section-height-default elementor-section-height-default\" data-id=\"a525dfd\" data-element_type=\"section\" data-e-type=\"section\" data-settings=\"{&quot;background_background&quot;:&quot;classic&quot;}\">\n\t\t\t\t\t\t\t<div class=\"elementor-background-overlay\"><\/div>\n\t\t\t\t\t\t\t<div class=\"elementor-container elementor-column-gap-default\">\n\t\t\t\t\t<div class=\"elementor-column elementor-col-100 elementor-top-column elementor-element elementor-element-5d02f17\" data-id=\"5d02f17\" data-element_type=\"column\" data-e-type=\"column\">\n\t\t\t<div class=\"elementor-widget-wrap elementor-element-populated\">\n\t\t\t\t\t\t<div class=\"elementor-element elementor-element-87a4e76 elementor-widget elementor-widget-text-editor\" data-id=\"87a4e76\" data-element_type=\"widget\" data-e-type=\"widget\" data-widget_type=\"text-editor.default\">\n\t\t\t\t<div class=\"elementor-widget-container\">\n\t\t\t\t\t\t\t\t\t<h1>Avec plus de cinquante ans d&rsquo;histoire, le <strong>ski alpin<\/strong> est l&rsquo;un des sports de neige les plus pratiqu\u00e9s<\/h1>\t\t\t\t\t\t\t\t<\/div>\n\t\t\t\t<\/div>\n\t\t\t\t\t<\/div>\n\t\t<\/div>\n\t\t\t\t\t<\/div>\n\t\t<\/section>\n\t\t\t\t<section class=\"elementor-section elementor-top-section elementor-element elementor-element-7b2db73 elementor-section-full_width elementor-section-height-default elementor-section-height-default\" data-id=\"7b2db73\" data-element_type=\"section\" data-e-type=\"section\">\n\t\t\t\t\t\t<div class=\"elementor-container elementor-column-gap-default\">\n\t\t\t\t\t<div class=\"elementor-column elementor-col-25 elementor-top-column elementor-element elementor-element-57f9034\" data-id=\"57f9034\" data-element_type=\"column\" data-e-type=\"column\">\n\t\t\t<div class=\"elementor-widget-wrap\">\n\t\t\t\t\t\t\t<\/div>\n\t\t<\/div>\n\t\t\t\t<div class=\"elementor-column elementor-col-50 elementor-top-column elementor-element elementor-element-96cf054\" data-id=\"96cf054\" data-element_type=\"column\" data-e-type=\"column\">\n\t\t\t<div class=\"elementor-widget-wrap elementor-element-populated\">\n\t\t\t\t\t\t<div class=\"elementor-element elementor-element-840f63b elementor-widget elementor-widget-heading\" data-id=\"840f63b\" data-element_type=\"widget\" data-e-type=\"widget\" data-widget_type=\"heading.default\">\n\t\t\t\t<div class=\"elementor-widget-container\">\n\t\t\t\t\t<h2 class=\"elementor-heading-title elementor-size-default\">Skiez-vous?<\/h2>\t\t\t\t<\/div>\n\t\t\t\t<\/div>\n\t\t\t\t<div class=\"elementor-element elementor-element-086f53e elementor-widget elementor-widget-text-editor\" data-id=\"086f53e\" data-element_type=\"widget\" data-e-type=\"widget\" data-widget_type=\"text-editor.default\">\n\t\t\t\t<div class=\"elementor-widget-container\">\n\t\t\t\t\t\t\t\t\t<p>Si vous aimez ce sport de montagne, vous devez \u00eatre bien \u00e9quip\u00e9. Chez <strong>Esports Cubil<\/strong>, nous vous aiderons avec une attention personnalis\u00e9e et nous vous offrirons l&rsquo;\u00e9quipement dont vous avez besoin, quel que soit votre niveau de ski.<\/p><p>Parler d&rsquo;Esports Cubil, c&rsquo;est parler d&rsquo;exp\u00e9rience et d&rsquo;une approche familiale, un magasin sp\u00e9cialis\u00e9 en ski o\u00f9 vous trouverez le meilleur mat\u00e9riel technique.<\/p><p>Notre passion pour le ski, ainsi que notre professionnalisme, nous placent comme une r\u00e9f\u00e9rence dans la vente de mat\u00e9riel pour aller \u00e0 la neige en <strong>Andorre<\/strong> ; nous sommes \u00e9galement sp\u00e9cialistes de l&rsquo;\u00e9quipement de tous types de pieds, avec une \u00e9quipe sp\u00e9cialis\u00e9e dans la recherche de la botte id\u00e9ale pour chaque personne.<\/p><p>En plus d&rsquo;une large gamme de produits et d&rsquo;\u00e9quipements, nous disposons \u00e9galement d&rsquo;un <strong>service d&rsquo;entretien<\/strong> (carres, fartage, semelles) et de <strong>location de mat\u00e9riel de ski<\/strong>.<\/p>\t\t\t\t\t\t\t\t<\/div>\n\t\t\t\t<\/div>\n\t\t\t\t\t<\/div>\n\t\t<\/div>\n\t\t\t\t<div class=\"elementor-column elementor-col-25 elementor-top-column elementor-element elementor-element-7746df0\" data-id=\"7746df0\" data-element_type=\"column\" data-e-type=\"column\">\n\t\t\t<div class=\"elementor-widget-wrap\">\n\t\t\t\t\t\t\t<\/div>\n\t\t<\/div>\n\t\t\t\t\t<\/div>\n\t\t<\/section>\n\t\t\t\t<section class=\"elementor-section elementor-top-section elementor-element elementor-element-fef3ba7 elementor-section-full_width elementor-section-height-default elementor-section-height-default\" data-id=\"fef3ba7\" data-element_type=\"section\" data-e-type=\"section\" data-settings=\"{&quot;background_background&quot;:&quot;classic&quot;}\">\n\t\t\t\t\t\t\t<div class=\"elementor-background-overlay\"><\/div>\n\t\t\t\t\t\t\t<div class=\"elementor-container elementor-column-gap-default\">\n\t\t\t\t\t<div class=\"elementor-column elementor-col-100 elementor-top-column elementor-element elementor-element-953f06b\" data-id=\"953f06b\" data-element_type=\"column\" data-e-type=\"column\">\n\t\t\t<div class=\"elementor-widget-wrap elementor-element-populated\">\n\t\t\t\t\t\t<div class=\"elementor-element elementor-element-d26a999 elementor-widget elementor-widget-heading\" data-id=\"d26a999\" data-element_type=\"widget\" data-e-type=\"widget\" data-widget_type=\"heading.default\">\n\t\t\t\t<div class=\"elementor-widget-container\">\n\t\t\t\t\t<h2 class=\"elementor-heading-title elementor-size-default\">Un Peu d'Histoire du Ski en Andorre<\/h2>\t\t\t\t<\/div>\n\t\t\t\t<\/div>\n\t\t\t\t<div class=\"elementor-element elementor-element-175ed4e elementor-widget elementor-widget-text-editor\" data-id=\"175ed4e\" data-element_type=\"widget\" data-e-type=\"widget\" data-widget_type=\"text-editor.default\">\n\t\t\t\t<div class=\"elementor-widget-container\">\n\t\t\t\t\t\t\t\t\t<p><strong>L&rsquo;histoire du ski en Andorre<\/strong> commence en <strong>1956<\/strong> avec le moteur d&rsquo;un camion, qui actionnait le premier t\u00e9l\u00e9ski install\u00e9 au sommet de Coll Blanc, au <a href=\"https:\/\/www.grandvalira.com\/fr\/station\/pistes\/pas-de-la-case\"><strong>Pas de la Casa<\/strong><\/a>.<\/p><p>Sept ans plus tard, le premier remonte-pente a \u00e9t\u00e9 install\u00e9 \u00e0 <a href=\"https:\/\/www.grandvalira.com\/fr\/station\/pistes\/soldeu\"><strong>Soldeu<\/strong><\/a>, marquant ainsi le d\u00e9but d&rsquo;un projet \u00e0 capitaux priv\u00e9s.<\/p><p>Au milieu des ann\u00e9es quatre-vingt, <strong>Pas de la Casa \u2013 <a href=\"https:\/\/www.grandvalira.com\/fr\/station\/pistes\/grau-roig\">Grau Roig<\/a><\/strong> a incorpor\u00e9 les premiers canons \u00e0 neige automatiques, tandis que dans la station voisine, le secteur de <strong>Riba Escorxada<\/strong> \u00e9tait inaugur\u00e9, avec acc\u00e8s depuis <a href=\"https:\/\/www.grandvalira.com\/fr\/station\/pistes\/el-tarter\"><strong>El Tarter<\/strong><\/a>.<\/p><p>En <strong>1996<\/strong>, la <strong>premi\u00e8re t\u00e9l\u00e9cabine huit places des Pyr\u00e9n\u00e9es<\/strong> a \u00e9t\u00e9 mise en service \u00e0 <strong>Soldeu<\/strong> et en l&rsquo;an <strong>2000<\/strong>, un nouveau secteur, <a href=\"https:\/\/www.grandvalira.com\/fr\/station\/pistes\/canillo\"><strong>Canillo<\/strong><\/a>, a \u00e9t\u00e9 lanc\u00e9.<\/p><p>D&rsquo;autre part, <strong>Pas de la Casa \u2013 Grau Roig<\/strong> a install\u00e9 en <strong>1997<\/strong> <strong>le premier t\u00e9l\u00e9si\u00e8ge d\u00e9brayable six places des Pyr\u00e9n\u00e9es.<\/strong><\/p><p>En <strong>2003<\/strong>, les deux stations, d\u00e9j\u00e0 physiquement connect\u00e9es, sont devenues <a href=\"https:\/\/www.grandvalira.com\/fr\"><strong>Grandvalira<\/strong><\/a>, <strong>la plus grande station de ski des Pyr\u00e9n\u00e9es et du sud de l&rsquo;Europe.<\/strong><\/p>\t\t\t\t\t\t\t\t<\/div>\n\t\t\t\t<\/div>\n\t\t\t\t\t<\/div>\n\t\t<\/div>\n\t\t\t\t\t<\/div>\n\t\t<\/section>\n\t\t\t\t<section class=\"elementor-section elementor-top-section elementor-element elementor-element-14c7eb7 elementor-section-full_width elementor-section-height-default elementor-section-height-default\" data-id=\"14c7eb7\" data-element_type=\"section\" data-e-type=\"section\">\n\t\t\t\t\t\t<div class=\"elementor-container elementor-column-gap-default\">\n\t\t\t\t\t<div class=\"elementor-column elementor-col-100 elementor-top-column elementor-element elementor-element-4516379\" data-id=\"4516379\" data-element_type=\"column\" data-e-type=\"column\">\n\t\t\t<div class=\"elementor-widget-wrap elementor-element-populated\">\n\t\t\t\t\t\t<div class=\"elementor-element elementor-element-db2aa79 elementor-widget__width-inherit elementor-widget elementor-widget-html\" data-id=\"db2aa79\" data-element_type=\"widget\" data-e-type=\"widget\" data-widget_type=\"html.default\">\n\t\t\t\t<div class=\"elementor-widget-container\">\n\t\t\t\t\t<iframe src=\"https:\/\/www.google.com\/maps\/embed?pb=!1m18!1m12!1m3!1d2937.9193972684707!2d1.6269003768795034!3d42.57823327117347!2m3!1f0!2f0!3f0!3m2!1i1024!2i768!4f13.1!3m3!1m2!1s0x12af6252d190ce37%3A0x748260505d013bd!2sESPORTS%20CUBIL!5e0!3m2!1ses!2sad!4v1733656243211!5m2!1ses!2sad\" width=\"600\" height=\"450\" style=\"border:0;\" allowfullscreen=\"\" loading=\"lazy\" referrerpolicy=\"no-referrer-when-downgrade\"><\/iframe>\t\t\t\t<\/div>\n\t\t\t\t<\/div>\n\t\t\t\t\t<\/div>\n\t\t<\/div>\n\t\t\t\t\t<\/div>\n\t\t<\/section>\n\t\t\t\t<\/div>\n\t\t","protected":false},"excerpt":{"rendered":"<p>Avec plus de cinquante ans d&rsquo;histoire, le ski alpin est l&rsquo;un des sports de neige les plus pratiqu\u00e9s Skiez-vous? Si vous aimez ce sport de montagne, vous devez \u00eatre bien \u00e9quip\u00e9. Chez Esports Cubil, nous vous aiderons avec une attention personnalis\u00e9e et nous vous offrirons l&rsquo;\u00e9quipement dont vous avez besoin, quel que soit votre niveau&#8230;<\/p>\n","protected":false},"author":6,"featured_media":12025,"parent":13165,"menu_order":2,"comment_status":"closed","ping_status":"closed","template":"","meta":{"_kadence_starter_templates_imported_post":false,"_kad_post_transparent":"default","_kad_post_title":"hide","_kad_post_layout":"fullwidth","_kad_post_sidebar_id":"","_kad_post_content_style":"unboxed","_kad_post_vertical_padding":"hide","_kad_post_feature":"hide","_kad_post_feature_position":"","_kad_post_header":false,"_kad_post_footer":false,"_kad_post_classname":"","footnotes":""},"class_list":["post-13186","page","type-page","status-publish","has-post-thumbnail","hentry"],"yoast_head":"<!-- This site is optimized with the Yoast SEO plugin v27.4 - https:\/\/yoast.com\/product\/yoast-seo-wordpress\/ -->\n<title>Ski Alpin | Esports Cubil | Grandvalira Canillo | Andorre<\/title>\n<meta name=\"description\" content=\"Trouvez tout ce que vous cherchez pour faire du ski alpin : bottes, skis, casques, b\u00e2tons. Service personnalis\u00e9 adapt\u00e9 \u00e0 vos besoins.\" \/>\n<meta name=\"robots\" content=\"index, follow, max-snippet:-1, max-image-preview:large, max-video-preview:-1\" \/>\n<link rel=\"canonical\" href=\"https:\/\/esportscubil.com\/fr\/magasin-esports-cubil\/ski-alpin\/\" \/>\n<meta property=\"og:locale\" content=\"fr_FR\" \/>\n<meta property=\"og:type\" content=\"article\" \/>\n<meta property=\"og:title\" content=\"Ski Alpin | Esports Cubil | Grandvalira Canillo | Andorre\" \/>\n<meta property=\"og:description\" content=\"Trouvez tout ce que vous cherchez pour faire du ski alpin : bottes, skis, casques, b\u00e2tons. Service personnalis\u00e9 adapt\u00e9 \u00e0 vos besoins.\" \/>\n<meta property=\"og:url\" content=\"https:\/\/esportscubil.com\/fr\/magasin-esports-cubil\/ski-alpin\/\" \/>\n<meta property=\"og:site_name\" content=\"Esports Cubil\" \/>\n<meta property=\"article:publisher\" content=\"https:\/\/www.facebook.com\/esportscubil\" \/>\n<meta property=\"article:modified_time\" content=\"2025-10-01T14:08:17+00:00\" \/>\n<meta property=\"og:image\" content=\"https:\/\/esportscubil.com\/wp-content\/uploads\/2024\/08\/esui-alpi-esportscubil.webp\" \/>\n\t<meta property=\"og:image:width\" content=\"2000\" \/>\n\t<meta property=\"og:image:height\" content=\"1200\" \/>\n\t<meta property=\"og:image:type\" content=\"image\/webp\" \/>\n<script type=\"application\/ld+json\" class=\"yoast-schema-graph\">{\"@context\":\"https:\\\/\\\/schema.org\",\"@graph\":[{\"@type\":\"WebPage\",\"@id\":\"https:\\\/\\\/esportscubil.com\\\/fr\\\/magasin-esports-cubil\\\/ski-alpin\\\/\",\"url\":\"https:\\\/\\\/esportscubil.com\\\/fr\\\/magasin-esports-cubil\\\/ski-alpin\\\/\",\"name\":\"Ski Alpin | Esports Cubil | Grandvalira Canillo | Andorre\",\"isPartOf\":{\"@id\":\"https:\\\/\\\/esportscubil.com\\\/fr\\\/#website\"},\"primaryImageOfPage\":{\"@id\":\"https:\\\/\\\/esportscubil.com\\\/fr\\\/magasin-esports-cubil\\\/ski-alpin\\\/#primaryimage\"},\"image\":{\"@id\":\"https:\\\/\\\/esportscubil.com\\\/fr\\\/magasin-esports-cubil\\\/ski-alpin\\\/#primaryimage\"},\"thumbnailUrl\":\"https:\\\/\\\/esportscubil.com\\\/wp-content\\\/uploads\\\/2024\\\/08\\\/esui-alpi-esportscubil.webp\",\"datePublished\":\"2024-08-22T14:25:04+00:00\",\"dateModified\":\"2025-10-01T14:08:17+00:00\",\"description\":\"Trouvez tout ce que vous cherchez pour faire du ski alpin : bottes, skis, casques, b\u00e2tons. Service personnalis\u00e9 adapt\u00e9 \u00e0 vos besoins.\",\"breadcrumb\":{\"@id\":\"https:\\\/\\\/esportscubil.com\\\/fr\\\/magasin-esports-cubil\\\/ski-alpin\\\/#breadcrumb\"},\"inLanguage\":\"fr-FR\",\"potentialAction\":[{\"@type\":\"ReadAction\",\"target\":[\"https:\\\/\\\/esportscubil.com\\\/fr\\\/magasin-esports-cubil\\\/ski-alpin\\\/\"]}]},{\"@type\":\"ImageObject\",\"inLanguage\":\"fr-FR\",\"@id\":\"https:\\\/\\\/esportscubil.com\\\/fr\\\/magasin-esports-cubil\\\/ski-alpin\\\/#primaryimage\",\"url\":\"https:\\\/\\\/esportscubil.com\\\/wp-content\\\/uploads\\\/2024\\\/08\\\/esui-alpi-esportscubil.webp\",\"contentUrl\":\"https:\\\/\\\/esportscubil.com\\\/wp-content\\\/uploads\\\/2024\\\/08\\\/esui-alpi-esportscubil.webp\",\"width\":2000,\"height\":1200},{\"@type\":\"BreadcrumbList\",\"@id\":\"https:\\\/\\\/esportscubil.com\\\/fr\\\/magasin-esports-cubil\\\/ski-alpin\\\/#breadcrumb\",\"itemListElement\":[{\"@type\":\"ListItem\",\"position\":1,\"name\":\"Inici\",\"item\":\"https:\\\/\\\/esportscubil.com\\\/fr\\\/home-2\\\/\"},{\"@type\":\"ListItem\",\"position\":2,\"name\":\"magasin\",\"item\":\"https:\\\/\\\/esportscubil.com\\\/fr\\\/magasin-esports-cubil\\\/\"},{\"@type\":\"ListItem\",\"position\":3,\"name\":\"Ski Alpin\"}]},{\"@type\":\"WebSite\",\"@id\":\"https:\\\/\\\/esportscubil.com\\\/fr\\\/#website\",\"url\":\"https:\\\/\\\/esportscubil.com\\\/fr\\\/\",\"name\":\"esportscubil.com\",\"description\":\"La llar de les botes d\u2019esqu\u00ed a Andorra.\",\"publisher\":{\"@id\":\"https:\\\/\\\/esportscubil.com\\\/fr\\\/#organization\"},\"alternateName\":\"cubil\",\"potentialAction\":[{\"@type\":\"SearchAction\",\"target\":{\"@type\":\"EntryPoint\",\"urlTemplate\":\"https:\\\/\\\/esportscubil.com\\\/fr\\\/?s={search_term_string}\"},\"query-input\":{\"@type\":\"PropertyValueSpecification\",\"valueRequired\":true,\"valueName\":\"search_term_string\"}}],\"inLanguage\":\"fr-FR\"},{\"@type\":\"Organization\",\"@id\":\"https:\\\/\\\/esportscubil.com\\\/fr\\\/#organization\",\"name\":\"Esports Cubil\",\"alternateName\":\"La llar de les botes d'esqu\u00ed i del bootfitting a Andorra\",\"url\":\"https:\\\/\\\/esportscubil.com\\\/fr\\\/\",\"logo\":{\"@type\":\"ImageObject\",\"inLanguage\":\"fr-FR\",\"@id\":\"https:\\\/\\\/esportscubil.com\\\/fr\\\/#\\\/schema\\\/logo\\\/image\\\/\",\"url\":\"https:\\\/\\\/esportscubil.com\\\/wp-content\\\/uploads\\\/2021\\\/10\\\/cropped-imatge-perfil-XXSS-1.jpg\",\"contentUrl\":\"https:\\\/\\\/esportscubil.com\\\/wp-content\\\/uploads\\\/2021\\\/10\\\/cropped-imatge-perfil-XXSS-1.jpg\",\"width\":512,\"height\":512,\"caption\":\"Esports Cubil\"},\"image\":{\"@id\":\"https:\\\/\\\/esportscubil.com\\\/fr\\\/#\\\/schema\\\/logo\\\/image\\\/\"},\"sameAs\":[\"https:\\\/\\\/www.facebook.com\\\/esportscubil\",\"https:\\\/\\\/www.instagram.com\\\/esportscubil\\\/\"]}]}<\/script>\n<!-- \/ Yoast SEO plugin. -->","yoast_head_json":{"title":"Ski Alpin | Esports Cubil | Grandvalira Canillo | Andorre","description":"Trouvez tout ce que vous cherchez pour faire du ski alpin : bottes, skis, casques, b\u00e2tons. Service personnalis\u00e9 adapt\u00e9 \u00e0 vos besoins.","robots":{"index":"index","follow":"follow","max-snippet":"max-snippet:-1","max-image-preview":"max-image-preview:large","max-video-preview":"max-video-preview:-1"},"canonical":"https:\/\/esportscubil.com\/fr\/magasin-esports-cubil\/ski-alpin\/","og_locale":"fr_FR","og_type":"article","og_title":"Ski Alpin | Esports Cubil | Grandvalira Canillo | Andorre","og_description":"Trouvez tout ce que vous cherchez pour faire du ski alpin : bottes, skis, casques, b\u00e2tons. Service personnalis\u00e9 adapt\u00e9 \u00e0 vos besoins.","og_url":"https:\/\/esportscubil.com\/fr\/magasin-esports-cubil\/ski-alpin\/","og_site_name":"Esports Cubil","article_publisher":"https:\/\/www.facebook.com\/esportscubil","article_modified_time":"2025-10-01T14:08:17+00:00","og_image":[{"width":2000,"height":1200,"url":"https:\/\/esportscubil.com\/wp-content\/uploads\/2024\/08\/esui-alpi-esportscubil.webp","type":"image\/webp"}],"schema":{"@context":"https:\/\/schema.org","@graph":[{"@type":"WebPage","@id":"https:\/\/esportscubil.com\/fr\/magasin-esports-cubil\/ski-alpin\/","url":"https:\/\/esportscubil.com\/fr\/magasin-esports-cubil\/ski-alpin\/","name":"Ski Alpin | Esports Cubil | Grandvalira Canillo | Andorre","isPartOf":{"@id":"https:\/\/esportscubil.com\/fr\/#website"},"primaryImageOfPage":{"@id":"https:\/\/esportscubil.com\/fr\/magasin-esports-cubil\/ski-alpin\/#primaryimage"},"image":{"@id":"https:\/\/esportscubil.com\/fr\/magasin-esports-cubil\/ski-alpin\/#primaryimage"},"thumbnailUrl":"https:\/\/esportscubil.com\/wp-content\/uploads\/2024\/08\/esui-alpi-esportscubil.webp","datePublished":"2024-08-22T14:25:04+00:00","dateModified":"2025-10-01T14:08:17+00:00","description":"Trouvez tout ce que vous cherchez pour faire du ski alpin : bottes, skis, casques, b\u00e2tons. Service personnalis\u00e9 adapt\u00e9 \u00e0 vos besoins.","breadcrumb":{"@id":"https:\/\/esportscubil.com\/fr\/magasin-esports-cubil\/ski-alpin\/#breadcrumb"},"inLanguage":"fr-FR","potentialAction":[{"@type":"ReadAction","target":["https:\/\/esportscubil.com\/fr\/magasin-esports-cubil\/ski-alpin\/"]}]},{"@type":"ImageObject","inLanguage":"fr-FR","@id":"https:\/\/esportscubil.com\/fr\/magasin-esports-cubil\/ski-alpin\/#primaryimage","url":"https:\/\/esportscubil.com\/wp-content\/uploads\/2024\/08\/esui-alpi-esportscubil.webp","contentUrl":"https:\/\/esportscubil.com\/wp-content\/uploads\/2024\/08\/esui-alpi-esportscubil.webp","width":2000,"height":1200},{"@type":"BreadcrumbList","@id":"https:\/\/esportscubil.com\/fr\/magasin-esports-cubil\/ski-alpin\/#breadcrumb","itemListElement":[{"@type":"ListItem","position":1,"name":"Inici","item":"https:\/\/esportscubil.com\/fr\/home-2\/"},{"@type":"ListItem","position":2,"name":"magasin","item":"https:\/\/esportscubil.com\/fr\/magasin-esports-cubil\/"},{"@type":"ListItem","position":3,"name":"Ski Alpin"}]},{"@type":"WebSite","@id":"https:\/\/esportscubil.com\/fr\/#website","url":"https:\/\/esportscubil.com\/fr\/","name":"esportscubil.com","description":"La llar de les botes d\u2019esqu\u00ed a Andorra.","publisher":{"@id":"https:\/\/esportscubil.com\/fr\/#organization"},"alternateName":"cubil","potentialAction":[{"@type":"SearchAction","target":{"@type":"EntryPoint","urlTemplate":"https:\/\/esportscubil.com\/fr\/?s={search_term_string}"},"query-input":{"@type":"PropertyValueSpecification","valueRequired":true,"valueName":"search_term_string"}}],"inLanguage":"fr-FR"},{"@type":"Organization","@id":"https:\/\/esportscubil.com\/fr\/#organization","name":"Esports Cubil","alternateName":"La llar de les botes d'esqu\u00ed i del bootfitting a Andorra","url":"https:\/\/esportscubil.com\/fr\/","logo":{"@type":"ImageObject","inLanguage":"fr-FR","@id":"https:\/\/esportscubil.com\/fr\/#\/schema\/logo\/image\/","url":"https:\/\/esportscubil.com\/wp-content\/uploads\/2021\/10\/cropped-imatge-perfil-XXSS-1.jpg","contentUrl":"https:\/\/esportscubil.com\/wp-content\/uploads\/2021\/10\/cropped-imatge-perfil-XXSS-1.jpg","width":512,"height":512,"caption":"Esports Cubil"},"image":{"@id":"https:\/\/esportscubil.com\/fr\/#\/schema\/logo\/image\/"},"sameAs":["https:\/\/www.facebook.com\/esportscubil","https:\/\/www.instagram.com\/esportscubil\/"]}]}},"_links":{"self":[{"href":"https:\/\/esportscubil.com\/fr\/wp-json\/wp\/v2\/pages\/13186","targetHints":{"allow":["GET"]}}],"collection":[{"href":"https:\/\/esportscubil.com\/fr\/wp-json\/wp\/v2\/pages"}],"about":[{"href":"https:\/\/esportscubil.com\/fr\/wp-json\/wp\/v2\/types\/page"}],"author":[{"embeddable":true,"href":"https:\/\/esportscubil.com\/fr\/wp-json\/wp\/v2\/users\/6"}],"replies":[{"embeddable":true,"href":"https:\/\/esportscubil.com\/fr\/wp-json\/wp\/v2\/comments?post=13186"}],"version-history":[{"count":7,"href":"https:\/\/esportscubil.com\/fr\/wp-json\/wp\/v2\/pages\/13186\/revisions"}],"predecessor-version":[{"id":13194,"href":"https:\/\/esportscubil.com\/fr\/wp-json\/wp\/v2\/pages\/13186\/revisions\/13194"}],"up":[{"embeddable":true,"href":"https:\/\/esportscubil.com\/fr\/wp-json\/wp\/v2\/pages\/13165"}],"wp:featuredmedia":[{"embeddable":true,"href":"https:\/\/esportscubil.com\/fr\/wp-json\/wp\/v2\/media\/12025"}],"wp:attachment":[{"href":"https:\/\/esportscubil.com\/fr\/wp-json\/wp\/v2\/media?parent=13186"}],"curies":[{"name":"wp","href":"https:\/\/api.w.org\/{rel}","templated":true}]}}