{"id":13252,"date":"2024-09-20T15:46:04","date_gmt":"2024-09-20T13:46:04","guid":{"rendered":"https:\/\/esportscubil.com\/?page_id=13252"},"modified":"2025-10-02T15:39:12","modified_gmt":"2025-10-02T13:39:12","slug":"analyse-du-pied","status":"publish","type":"page","link":"https:\/\/esportscubil.com\/fr\/sur-mesure\/analyse-du-pied\/","title":{"rendered":"Analyse de l&#8217;empreinte du pied"},"content":{"rendered":"\t\t<div data-elementor-type=\"wp-page\" data-elementor-id=\"13252\" class=\"elementor elementor-13252 elementor-10994\">\n\t\t\t\t\t\t<section class=\"elementor-section elementor-top-section elementor-element elementor-element-a525dfd elementor-section-full_width elementor-section-height-default elementor-section-height-default\" data-id=\"a525dfd\" data-element_type=\"section\" data-e-type=\"section\" data-settings=\"{&quot;background_background&quot;:&quot;classic&quot;}\">\n\t\t\t\t\t\t\t<div class=\"elementor-background-overlay\"><\/div>\n\t\t\t\t\t\t\t<div class=\"elementor-container elementor-column-gap-default\">\n\t\t\t\t\t<div class=\"elementor-column elementor-col-100 elementor-top-column elementor-element elementor-element-5d02f17\" data-id=\"5d02f17\" data-element_type=\"column\" data-e-type=\"column\">\n\t\t\t<div class=\"elementor-widget-wrap elementor-element-populated\">\n\t\t\t\t\t\t<div class=\"elementor-element elementor-element-87a4e76 elementor-widget elementor-widget-text-editor\" data-id=\"87a4e76\" data-element_type=\"widget\" data-e-type=\"widget\" data-widget_type=\"text-editor.default\">\n\t\t\t\t<div class=\"elementor-widget-container\">\n\t\t\t\t\t\t\t\t\t<h1>Analyse de l&#8217;empreinte du pied<\/h1>\t\t\t\t\t\t\t\t<\/div>\n\t\t\t\t<\/div>\n\t\t\t\t\t<\/div>\n\t\t<\/div>\n\t\t\t\t\t<\/div>\n\t\t<\/section>\n\t\t\t\t<section class=\"elementor-section elementor-top-section elementor-element elementor-element-e3aecec elementor-section-full_width elementor-section-height-default elementor-section-height-default\" data-id=\"e3aecec\" data-element_type=\"section\" data-e-type=\"section\">\n\t\t\t\t\t\t<div class=\"elementor-container elementor-column-gap-default\">\n\t\t\t\t\t<div class=\"elementor-column elementor-col-25 elementor-top-column elementor-element elementor-element-90b4686\" data-id=\"90b4686\" data-element_type=\"column\" data-e-type=\"column\">\n\t\t\t<div class=\"elementor-widget-wrap\">\n\t\t\t\t\t\t\t<\/div>\n\t\t<\/div>\n\t\t\t\t<div class=\"elementor-column elementor-col-50 elementor-top-column elementor-element elementor-element-fb1fc62\" data-id=\"fb1fc62\" data-element_type=\"column\" data-e-type=\"column\">\n\t\t\t<div class=\"elementor-widget-wrap elementor-element-populated\">\n\t\t\t\t\t\t<div class=\"elementor-element elementor-element-16bbe3a elementor-widget elementor-widget-heading\" data-id=\"16bbe3a\" data-element_type=\"widget\" data-e-type=\"widget\" data-widget_type=\"heading.default\">\n\t\t\t\t<div class=\"elementor-widget-container\">\n\t\t\t\t\t<h2 class=\"elementor-heading-title elementor-size-default\">Tous les pieds sont diff\u00e9rents en termes de forme, de mouvement et de pression. <\/h2>\t\t\t\t<\/div>\n\t\t\t\t<\/div>\n\t\t\t\t<div class=\"elementor-element elementor-element-d086777 elementor-widget elementor-widget-text-editor\" data-id=\"d086777\" data-element_type=\"widget\" data-e-type=\"widget\" data-widget_type=\"text-editor.default\">\n\t\t\t\t<div class=\"elementor-widget-container\">\n\t\t\t\t\t\t\t\t\t<p>Ils sont :<\/p><ul><li>Uniques (par leur morphologie)<\/li><li>Complexes (form\u00e9s de 28 os, 16 articulations, 107 ligaments et 27 muscles)<\/li><li>Sensibles (ils captent les sensations)<\/li><li>La base de notre corps<\/li><\/ul><p>De mani\u00e8re g\u00e9n\u00e9rale, nous pouvons dire qu&rsquo;il existe trois types de pieds diff\u00e9rents :<\/p><ul><li>Le \u00a0pied avec arche plantaire basse<\/li><li>Le pied avec arche plantaire moyenne<\/li><li>Le pied avec arche plantaire haute<\/li><\/ul><p>Chaque type de pied a des caract\u00e9ristiques et des besoins diff\u00e9rents (soutien, confort et stabilit\u00e9).<\/p><p>Pour cette raison, chez <strong>Esports Cubil<\/strong>, nous r\u00e9alisons une <strong>analyse de l&#8217;empreinte du pied<\/strong>. De cette mani\u00e8re, nous pouvons <strong>examiner les besoins de notre client<\/strong>, lui proposer une <strong>chaussure de ski sur mesure<\/strong> et, si n\u00e9cessaire, une <strong>semelle int\u00e9rieure<\/strong> pour une meilleure pr\u00e9cision.<\/p><p>En particulier, si le client pr\u00e9sente une pronation excessive (la rotation du pied vers l&rsquo;int\u00e9rieur), il peut ressentir des douleurs au tendon d&rsquo;Achille. Inversement, s&rsquo;il pr\u00e9sente une hypersupination, le pied ne se d\u00e9place pas suffisamment vers l&rsquo;int\u00e9rieur lors de la marche ou de la course.<\/p><p>Il est important de faire une <strong>analyse de l&#8217;empreinte du pied pour voir comment nous pouvons vous aider \u00e0 skier sans aucune douleur.<\/strong><\/p>\t\t\t\t\t\t\t\t<\/div>\n\t\t\t\t<\/div>\n\t\t\t\t\t<\/div>\n\t\t<\/div>\n\t\t\t\t<div class=\"elementor-column elementor-col-25 elementor-top-column elementor-element elementor-element-683c4cc\" data-id=\"683c4cc\" data-element_type=\"column\" data-e-type=\"column\">\n\t\t\t<div class=\"elementor-widget-wrap\">\n\t\t\t\t\t\t\t<\/div>\n\t\t<\/div>\n\t\t\t\t\t<\/div>\n\t\t<\/section>\n\t\t\t\t<section class=\"elementor-section elementor-top-section elementor-element elementor-element-577671b elementor-section-full_width elementor-section-height-default elementor-section-height-default\" data-id=\"577671b\" data-element_type=\"section\" data-e-type=\"section\" data-settings=\"{&quot;background_background&quot;:&quot;classic&quot;}\">\n\t\t\t\t\t\t<div class=\"elementor-container elementor-column-gap-default\">\n\t\t\t\t\t<div class=\"elementor-column elementor-col-25 elementor-top-column elementor-element elementor-element-c0a2a9f\" data-id=\"c0a2a9f\" data-element_type=\"column\" data-e-type=\"column\">\n\t\t\t<div class=\"elementor-widget-wrap\">\n\t\t\t\t\t\t\t<\/div>\n\t\t<\/div>\n\t\t\t\t<div class=\"elementor-column elementor-col-50 elementor-top-column elementor-element elementor-element-42ccdda\" data-id=\"42ccdda\" data-element_type=\"column\" data-e-type=\"column\">\n\t\t\t<div class=\"elementor-widget-wrap elementor-element-populated\">\n\t\t\t\t\t\t<div class=\"elementor-element elementor-element-0d6e411 elementor-view-default elementor-widget elementor-widget-icon\" data-id=\"0d6e411\" data-element_type=\"widget\" data-e-type=\"widget\" data-widget_type=\"icon.default\">\n\t\t\t\t<div class=\"elementor-widget-container\">\n\t\t\t\t\t\t\t<div class=\"elementor-icon-wrapper\">\n\t\t\t<div class=\"elementor-icon\">\n\t\t\t<i aria-hidden=\"true\" class=\"fas fa-info\"><\/i>\t\t\t<\/div>\n\t\t<\/div>\n\t\t\t\t\t\t<\/div>\n\t\t\t\t<\/div>\n\t\t\t\t<div class=\"elementor-element elementor-element-0558d09 elementor-widget elementor-widget-text-editor\" data-id=\"0558d09\" data-element_type=\"widget\" data-e-type=\"widget\" data-widget_type=\"text-editor.default\">\n\t\t\t\t<div class=\"elementor-widget-container\">\n\t\t\t\t\t\t\t\t\t<p><strong>IMPORTANT :<\/strong> L&rsquo;analyse de la position et de la morphologie du pied a un prix de <strong>100 \u20ac.<\/strong> Ce montant est inclus dans le prix de la chaussure au moment de l&rsquo;achat. Dans le cas o\u00f9 nous n&rsquo;aurions pas la chaussure dont vous avez besoin, l&rsquo;entreprise prendra en charge ce montant. Il ne sera factur\u00e9 que si, apr\u00e8s avoir effectu\u00e9 l&rsquo;analyse et trouv\u00e9 la chaussure appropri\u00e9e, le client d\u00e9cide de ne pas acheter la chaussure.<\/p>\t\t\t\t\t\t\t\t<\/div>\n\t\t\t\t<\/div>\n\t\t\t\t\t<\/div>\n\t\t<\/div>\n\t\t\t\t<div class=\"elementor-column elementor-col-25 elementor-top-column elementor-element elementor-element-3f02b46\" data-id=\"3f02b46\" data-element_type=\"column\" data-e-type=\"column\">\n\t\t\t<div class=\"elementor-widget-wrap\">\n\t\t\t\t\t\t\t<\/div>\n\t\t<\/div>\n\t\t\t\t\t<\/div>\n\t\t<\/section>\n\t\t\t\t<section class=\"elementor-section elementor-top-section elementor-element elementor-element-0811f74 elementor-section-full_width elementor-section-height-default elementor-section-height-default\" data-id=\"0811f74\" data-element_type=\"section\" data-e-type=\"section\">\n\t\t\t\t\t\t<div class=\"elementor-container elementor-column-gap-default\">\n\t\t\t\t\t<div class=\"elementor-column elementor-col-100 elementor-top-column elementor-element elementor-element-eb10b86\" data-id=\"eb10b86\" data-element_type=\"column\" data-e-type=\"column\">\n\t\t\t<div class=\"elementor-widget-wrap elementor-element-populated\">\n\t\t\t\t\t\t<div class=\"elementor-element elementor-element-4342ff2 elementor-widget__width-inherit elementor-widget elementor-widget-html\" data-id=\"4342ff2\" data-element_type=\"widget\" data-e-type=\"widget\" data-widget_type=\"html.default\">\n\t\t\t\t<div class=\"elementor-widget-container\">\n\t\t\t\t\t<iframe src=\"https:\/\/www.google.com\/maps\/embed?pb=!1m18!1m12!1m3!1d2937.919211158265!2d1.6269003749823407!3d42.57823722129157!2m3!1f0!2f0!3f0!3m2!1i1024!2i768!4f13.1!3m3!1m2!1s0x12af6252d190ce37%3A0x748260505d013bd!2sESPORTS%20CUBIL!5e0!3m2!1sca!2sad!4v1733500820015!5m2!1sca!2sad\" width=\"600\" height=\"450\" style=\"border:0;\" allowfullscreen=\"\" loading=\"lazy\" referrerpolicy=\"no-referrer-when-downgrade\"><\/iframe>\t\t\t\t<\/div>\n\t\t\t\t<\/div>\n\t\t\t\t\t<\/div>\n\t\t<\/div>\n\t\t\t\t\t<\/div>\n\t\t<\/section>\n\t\t\t\t<\/div>\n\t\t","protected":false},"excerpt":{"rendered":"<p>Analyse de l&#8217;empreinte du pied Tous les pieds sont diff\u00e9rents en termes de forme, de mouvement et de pression. Ils sont : Uniques (par leur morphologie) Complexes (form\u00e9s de 28 os, 16 articulations, 107 ligaments et 27 muscles) Sensibles (ils captent les sensations) La base de notre corps De mani\u00e8re g\u00e9n\u00e9rale, nous pouvons dire qu&rsquo;il&#8230;<\/p>\n","protected":false},"author":6,"featured_media":12073,"parent":13206,"menu_order":1,"comment_status":"closed","ping_status":"closed","template":"","meta":{"_kadence_starter_templates_imported_post":false,"_kad_post_transparent":"default","_kad_post_title":"hide","_kad_post_layout":"fullwidth","_kad_post_sidebar_id":"","_kad_post_content_style":"unboxed","_kad_post_vertical_padding":"hide","_kad_post_feature":"hide","_kad_post_feature_position":"","_kad_post_header":false,"_kad_post_footer":false,"_kad_post_classname":"","footnotes":""},"class_list":["post-13252","page","type-page","status-publish","has-post-thumbnail","hentry"],"yoast_head":"<!-- This site is optimized with the Yoast SEO plugin v27.4 - https:\/\/yoast.com\/product\/yoast-seo-wordpress\/ -->\n<title>Analyse du pied | Esports Cubil | Grandvalira Andorre<\/title>\n<meta name=\"description\" content=\"TOUS les pieds sont DIFF\u00c9RENTS en termes de forme, de mouvement et de pression. Esports Cubil r\u00e9alise une analyse pour d\u00e9couvrir vos besoins.\" \/>\n<meta name=\"robots\" content=\"index, follow, max-snippet:-1, max-image-preview:large, max-video-preview:-1\" \/>\n<link rel=\"canonical\" href=\"https:\/\/esportscubil.com\/fr\/sur-mesure\/analyse-du-pied\/\" \/>\n<meta property=\"og:locale\" content=\"fr_FR\" \/>\n<meta property=\"og:type\" content=\"article\" \/>\n<meta property=\"og:title\" content=\"Analyse du pied | Esports Cubil | Grandvalira Andorre\" \/>\n<meta property=\"og:description\" content=\"TOUS les pieds sont DIFF\u00c9RENTS en termes de forme, de mouvement et de pression. Esports Cubil r\u00e9alise une analyse pour d\u00e9couvrir vos besoins.\" \/>\n<meta property=\"og:url\" content=\"https:\/\/esportscubil.com\/fr\/sur-mesure\/analyse-du-pied\/\" \/>\n<meta property=\"og:site_name\" content=\"Esports Cubil\" \/>\n<meta property=\"article:publisher\" content=\"https:\/\/www.facebook.com\/esportscubil\" \/>\n<meta property=\"article:modified_time\" content=\"2025-10-02T13:39:12+00:00\" \/>\n<meta property=\"og:image\" content=\"https:\/\/esportscubil.com\/wp-content\/uploads\/2024\/09\/analisis-petjada-esportscubil-andorra.webp\" \/>\n\t<meta property=\"og:image:width\" content=\"850\" \/>\n\t<meta property=\"og:image:height\" content=\"473\" \/>\n\t<meta property=\"og:image:type\" content=\"image\/webp\" \/>\n<script type=\"application\/ld+json\" class=\"yoast-schema-graph\">{\"@context\":\"https:\\\/\\\/schema.org\",\"@graph\":[{\"@type\":\"WebPage\",\"@id\":\"https:\\\/\\\/esportscubil.com\\\/fr\\\/sur-mesure\\\/analyse-du-pied\\\/\",\"url\":\"https:\\\/\\\/esportscubil.com\\\/fr\\\/sur-mesure\\\/analyse-du-pied\\\/\",\"name\":\"Analyse du pied | Esports Cubil | Grandvalira Andorre\",\"isPartOf\":{\"@id\":\"https:\\\/\\\/esportscubil.com\\\/fr\\\/#website\"},\"primaryImageOfPage\":{\"@id\":\"https:\\\/\\\/esportscubil.com\\\/fr\\\/sur-mesure\\\/analyse-du-pied\\\/#primaryimage\"},\"image\":{\"@id\":\"https:\\\/\\\/esportscubil.com\\\/fr\\\/sur-mesure\\\/analyse-du-pied\\\/#primaryimage\"},\"thumbnailUrl\":\"https:\\\/\\\/esportscubil.com\\\/wp-content\\\/uploads\\\/2024\\\/09\\\/analisis-petjada-esportscubil-andorra.webp\",\"datePublished\":\"2024-09-20T13:46:04+00:00\",\"dateModified\":\"2025-10-02T13:39:12+00:00\",\"description\":\"TOUS les pieds sont DIFF\u00c9RENTS en termes de forme, de mouvement et de pression. Esports Cubil r\u00e9alise une analyse pour d\u00e9couvrir vos besoins.\",\"breadcrumb\":{\"@id\":\"https:\\\/\\\/esportscubil.com\\\/fr\\\/sur-mesure\\\/analyse-du-pied\\\/#breadcrumb\"},\"inLanguage\":\"fr-FR\",\"potentialAction\":[{\"@type\":\"ReadAction\",\"target\":[\"https:\\\/\\\/esportscubil.com\\\/fr\\\/sur-mesure\\\/analyse-du-pied\\\/\"]}]},{\"@type\":\"ImageObject\",\"inLanguage\":\"fr-FR\",\"@id\":\"https:\\\/\\\/esportscubil.com\\\/fr\\\/sur-mesure\\\/analyse-du-pied\\\/#primaryimage\",\"url\":\"https:\\\/\\\/esportscubil.com\\\/wp-content\\\/uploads\\\/2024\\\/09\\\/analisis-petjada-esportscubil-andorra.webp\",\"contentUrl\":\"https:\\\/\\\/esportscubil.com\\\/wp-content\\\/uploads\\\/2024\\\/09\\\/analisis-petjada-esportscubil-andorra.webp\",\"width\":850,\"height\":473},{\"@type\":\"BreadcrumbList\",\"@id\":\"https:\\\/\\\/esportscubil.com\\\/fr\\\/sur-mesure\\\/analyse-du-pied\\\/#breadcrumb\",\"itemListElement\":[{\"@type\":\"ListItem\",\"position\":1,\"name\":\"Inici\",\"item\":\"https:\\\/\\\/esportscubil.com\\\/fr\\\/home-2\\\/\"},{\"@type\":\"ListItem\",\"position\":2,\"name\":\"Bootfitting\",\"item\":\"https:\\\/\\\/esportscubil.com\\\/fr\\\/sur-mesure\\\/\"},{\"@type\":\"ListItem\",\"position\":3,\"name\":\"Analyse de l&#8217;empreinte du pied\"}]},{\"@type\":\"WebSite\",\"@id\":\"https:\\\/\\\/esportscubil.com\\\/fr\\\/#website\",\"url\":\"https:\\\/\\\/esportscubil.com\\\/fr\\\/\",\"name\":\"esportscubil.com\",\"description\":\"La llar de les botes d\u2019esqu\u00ed a Andorra.\",\"publisher\":{\"@id\":\"https:\\\/\\\/esportscubil.com\\\/fr\\\/#organization\"},\"alternateName\":\"cubil\",\"potentialAction\":[{\"@type\":\"SearchAction\",\"target\":{\"@type\":\"EntryPoint\",\"urlTemplate\":\"https:\\\/\\\/esportscubil.com\\\/fr\\\/?s={search_term_string}\"},\"query-input\":{\"@type\":\"PropertyValueSpecification\",\"valueRequired\":true,\"valueName\":\"search_term_string\"}}],\"inLanguage\":\"fr-FR\"},{\"@type\":\"Organization\",\"@id\":\"https:\\\/\\\/esportscubil.com\\\/fr\\\/#organization\",\"name\":\"Esports Cubil\",\"alternateName\":\"La llar de les botes d'esqu\u00ed i del bootfitting a Andorra\",\"url\":\"https:\\\/\\\/esportscubil.com\\\/fr\\\/\",\"logo\":{\"@type\":\"ImageObject\",\"inLanguage\":\"fr-FR\",\"@id\":\"https:\\\/\\\/esportscubil.com\\\/fr\\\/#\\\/schema\\\/logo\\\/image\\\/\",\"url\":\"https:\\\/\\\/esportscubil.com\\\/wp-content\\\/uploads\\\/2021\\\/10\\\/cropped-imatge-perfil-XXSS-1.jpg\",\"contentUrl\":\"https:\\\/\\\/esportscubil.com\\\/wp-content\\\/uploads\\\/2021\\\/10\\\/cropped-imatge-perfil-XXSS-1.jpg\",\"width\":512,\"height\":512,\"caption\":\"Esports Cubil\"},\"image\":{\"@id\":\"https:\\\/\\\/esportscubil.com\\\/fr\\\/#\\\/schema\\\/logo\\\/image\\\/\"},\"sameAs\":[\"https:\\\/\\\/www.facebook.com\\\/esportscubil\",\"https:\\\/\\\/www.instagram.com\\\/esportscubil\\\/\"]}]}<\/script>\n<!-- \/ Yoast SEO plugin. -->","yoast_head_json":{"title":"Analyse du pied | Esports Cubil | Grandvalira Andorre","description":"TOUS les pieds sont DIFF\u00c9RENTS en termes de forme, de mouvement et de pression. Esports Cubil r\u00e9alise une analyse pour d\u00e9couvrir vos besoins.","robots":{"index":"index","follow":"follow","max-snippet":"max-snippet:-1","max-image-preview":"max-image-preview:large","max-video-preview":"max-video-preview:-1"},"canonical":"https:\/\/esportscubil.com\/fr\/sur-mesure\/analyse-du-pied\/","og_locale":"fr_FR","og_type":"article","og_title":"Analyse du pied | Esports Cubil | Grandvalira Andorre","og_description":"TOUS les pieds sont DIFF\u00c9RENTS en termes de forme, de mouvement et de pression. Esports Cubil r\u00e9alise une analyse pour d\u00e9couvrir vos besoins.","og_url":"https:\/\/esportscubil.com\/fr\/sur-mesure\/analyse-du-pied\/","og_site_name":"Esports Cubil","article_publisher":"https:\/\/www.facebook.com\/esportscubil","article_modified_time":"2025-10-02T13:39:12+00:00","og_image":[{"width":850,"height":473,"url":"https:\/\/esportscubil.com\/wp-content\/uploads\/2024\/09\/analisis-petjada-esportscubil-andorra.webp","type":"image\/webp"}],"schema":{"@context":"https:\/\/schema.org","@graph":[{"@type":"WebPage","@id":"https:\/\/esportscubil.com\/fr\/sur-mesure\/analyse-du-pied\/","url":"https:\/\/esportscubil.com\/fr\/sur-mesure\/analyse-du-pied\/","name":"Analyse du pied | Esports Cubil | Grandvalira Andorre","isPartOf":{"@id":"https:\/\/esportscubil.com\/fr\/#website"},"primaryImageOfPage":{"@id":"https:\/\/esportscubil.com\/fr\/sur-mesure\/analyse-du-pied\/#primaryimage"},"image":{"@id":"https:\/\/esportscubil.com\/fr\/sur-mesure\/analyse-du-pied\/#primaryimage"},"thumbnailUrl":"https:\/\/esportscubil.com\/wp-content\/uploads\/2024\/09\/analisis-petjada-esportscubil-andorra.webp","datePublished":"2024-09-20T13:46:04+00:00","dateModified":"2025-10-02T13:39:12+00:00","description":"TOUS les pieds sont DIFF\u00c9RENTS en termes de forme, de mouvement et de pression. Esports Cubil r\u00e9alise une analyse pour d\u00e9couvrir vos besoins.","breadcrumb":{"@id":"https:\/\/esportscubil.com\/fr\/sur-mesure\/analyse-du-pied\/#breadcrumb"},"inLanguage":"fr-FR","potentialAction":[{"@type":"ReadAction","target":["https:\/\/esportscubil.com\/fr\/sur-mesure\/analyse-du-pied\/"]}]},{"@type":"ImageObject","inLanguage":"fr-FR","@id":"https:\/\/esportscubil.com\/fr\/sur-mesure\/analyse-du-pied\/#primaryimage","url":"https:\/\/esportscubil.com\/wp-content\/uploads\/2024\/09\/analisis-petjada-esportscubil-andorra.webp","contentUrl":"https:\/\/esportscubil.com\/wp-content\/uploads\/2024\/09\/analisis-petjada-esportscubil-andorra.webp","width":850,"height":473},{"@type":"BreadcrumbList","@id":"https:\/\/esportscubil.com\/fr\/sur-mesure\/analyse-du-pied\/#breadcrumb","itemListElement":[{"@type":"ListItem","position":1,"name":"Inici","item":"https:\/\/esportscubil.com\/fr\/home-2\/"},{"@type":"ListItem","position":2,"name":"Bootfitting","item":"https:\/\/esportscubil.com\/fr\/sur-mesure\/"},{"@type":"ListItem","position":3,"name":"Analyse de l&#8217;empreinte du pied"}]},{"@type":"WebSite","@id":"https:\/\/esportscubil.com\/fr\/#website","url":"https:\/\/esportscubil.com\/fr\/","name":"esportscubil.com","description":"La llar de les botes d\u2019esqu\u00ed a Andorra.","publisher":{"@id":"https:\/\/esportscubil.com\/fr\/#organization"},"alternateName":"cubil","potentialAction":[{"@type":"SearchAction","target":{"@type":"EntryPoint","urlTemplate":"https:\/\/esportscubil.com\/fr\/?s={search_term_string}"},"query-input":{"@type":"PropertyValueSpecification","valueRequired":true,"valueName":"search_term_string"}}],"inLanguage":"fr-FR"},{"@type":"Organization","@id":"https:\/\/esportscubil.com\/fr\/#organization","name":"Esports Cubil","alternateName":"La llar de les botes d'esqu\u00ed i del bootfitting a Andorra","url":"https:\/\/esportscubil.com\/fr\/","logo":{"@type":"ImageObject","inLanguage":"fr-FR","@id":"https:\/\/esportscubil.com\/fr\/#\/schema\/logo\/image\/","url":"https:\/\/esportscubil.com\/wp-content\/uploads\/2021\/10\/cropped-imatge-perfil-XXSS-1.jpg","contentUrl":"https:\/\/esportscubil.com\/wp-content\/uploads\/2021\/10\/cropped-imatge-perfil-XXSS-1.jpg","width":512,"height":512,"caption":"Esports Cubil"},"image":{"@id":"https:\/\/esportscubil.com\/fr\/#\/schema\/logo\/image\/"},"sameAs":["https:\/\/www.facebook.com\/esportscubil","https:\/\/www.instagram.com\/esportscubil\/"]}]}},"_links":{"self":[{"href":"https:\/\/esportscubil.com\/fr\/wp-json\/wp\/v2\/pages\/13252","targetHints":{"allow":["GET"]}}],"collection":[{"href":"https:\/\/esportscubil.com\/fr\/wp-json\/wp\/v2\/pages"}],"about":[{"href":"https:\/\/esportscubil.com\/fr\/wp-json\/wp\/v2\/types\/page"}],"author":[{"embeddable":true,"href":"https:\/\/esportscubil.com\/fr\/wp-json\/wp\/v2\/users\/6"}],"replies":[{"embeddable":true,"href":"https:\/\/esportscubil.com\/fr\/wp-json\/wp\/v2\/comments?post=13252"}],"version-history":[{"count":7,"href":"https:\/\/esportscubil.com\/fr\/wp-json\/wp\/v2\/pages\/13252\/revisions"}],"predecessor-version":[{"id":13259,"href":"https:\/\/esportscubil.com\/fr\/wp-json\/wp\/v2\/pages\/13252\/revisions\/13259"}],"up":[{"embeddable":true,"href":"https:\/\/esportscubil.com\/fr\/wp-json\/wp\/v2\/pages\/13206"}],"wp:featuredmedia":[{"embeddable":true,"href":"https:\/\/esportscubil.com\/fr\/wp-json\/wp\/v2\/media\/12073"}],"wp:attachment":[{"href":"https:\/\/esportscubil.com\/fr\/wp-json\/wp\/v2\/media?parent=13252"}],"curies":[{"name":"wp","href":"https:\/\/api.w.org\/{rel}","templated":true}]}}