{"id":13300,"date":"2024-09-26T15:56:49","date_gmt":"2024-09-26T13:56:49","guid":{"rendered":"https:\/\/esportscubil.com\/?page_id=13300"},"modified":"2025-10-17T12:17:22","modified_gmt":"2025-10-17T10:17:22","slug":"reparation-chaussures-ski","status":"publish","type":"page","link":"https:\/\/esportscubil.com\/fr\/sur-mesure\/reparation-chaussures-ski\/","title":{"rendered":"Atelier de R\u00e9paration de Chaussures de Ski"},"content":{"rendered":"\t\t<div data-elementor-type=\"wp-page\" data-elementor-id=\"13300\" class=\"elementor elementor-13300 elementor-11198\">\n\t\t\t\t\t\t<section class=\"elementor-section elementor-top-section elementor-element elementor-element-a525dfd elementor-section-full_width elementor-section-height-default elementor-section-height-default\" data-id=\"a525dfd\" data-element_type=\"section\" data-e-type=\"section\" data-settings=\"{&quot;background_background&quot;:&quot;classic&quot;}\">\n\t\t\t\t\t\t\t<div class=\"elementor-background-overlay\"><\/div>\n\t\t\t\t\t\t\t<div class=\"elementor-container elementor-column-gap-default\">\n\t\t\t\t\t<div class=\"elementor-column elementor-col-100 elementor-top-column elementor-element elementor-element-5d02f17\" data-id=\"5d02f17\" data-element_type=\"column\" data-e-type=\"column\">\n\t\t\t<div class=\"elementor-widget-wrap elementor-element-populated\">\n\t\t\t\t\t\t<div class=\"elementor-element elementor-element-87a4e76 elementor-widget elementor-widget-text-editor\" data-id=\"87a4e76\" data-element_type=\"widget\" data-e-type=\"widget\" data-widget_type=\"text-editor.default\">\n\t\t\t\t<div class=\"elementor-widget-container\">\n\t\t\t\t\t\t\t\t\t<h1>Atelier de R\u00e9paration de Chaussures de Ski<\/h1>\t\t\t\t\t\t\t\t<\/div>\n\t\t\t\t<\/div>\n\t\t\t\t\t<\/div>\n\t\t<\/div>\n\t\t\t\t\t<\/div>\n\t\t<\/section>\n\t\t\t\t<section class=\"elementor-section elementor-top-section elementor-element elementor-element-e5f3092 elementor-section-full_width elementor-section-height-default elementor-section-height-default\" data-id=\"e5f3092\" data-element_type=\"section\" data-e-type=\"section\">\n\t\t\t\t\t\t<div class=\"elementor-container elementor-column-gap-default\">\n\t\t\t\t\t<div class=\"elementor-column elementor-col-25 elementor-top-column elementor-element elementor-element-b73ae03\" data-id=\"b73ae03\" data-element_type=\"column\" data-e-type=\"column\">\n\t\t\t<div class=\"elementor-widget-wrap\">\n\t\t\t\t\t\t\t<\/div>\n\t\t<\/div>\n\t\t\t\t<div class=\"elementor-column elementor-col-50 elementor-top-column elementor-element elementor-element-81666f0\" data-id=\"81666f0\" data-element_type=\"column\" data-e-type=\"column\">\n\t\t\t<div class=\"elementor-widget-wrap elementor-element-populated\">\n\t\t\t\t\t\t<div class=\"elementor-element elementor-element-d3429ce elementor-widget elementor-widget-heading\" data-id=\"d3429ce\" data-element_type=\"widget\" data-e-type=\"widget\" data-widget_type=\"heading.default\">\n\t\t\t\t<div class=\"elementor-widget-container\">\n\t\t\t\t\t<h2 class=\"elementor-heading-title elementor-size-default\">Professionnels en R\u00e9paration et D\u00e9formation de Chaussures de Ski<\/h2>\t\t\t\t<\/div>\n\t\t\t\t<\/div>\n\t\t\t\t<div class=\"elementor-element elementor-element-035bf8b elementor-widget elementor-widget-text-editor\" data-id=\"035bf8b\" data-element_type=\"widget\" data-e-type=\"widget\" data-widget_type=\"text-editor.default\">\n\t\t\t\t<div class=\"elementor-widget-container\">\n\t\t\t\t\t\t\t\t\t<p>Malgr\u00e9 le soin que nous apportons \u00e0 nos chaussures de ski , il est possible qu&rsquo;avec le temps, un crochet doive \u00eatre chang\u00e9 , qu&rsquo;il y ait eu une mauvaise manipulation , ou que la physionomie de notre pied ne soit plus la m\u00eame que lorsque nous avons achet\u00e9 la chaussure. Nous r\u00e9alisons une \u00e9tude du probl\u00e8me particulier de chaque client et voyons s&rsquo;il est possible ou non d&rsquo;effectuer la r\u00e9paration.<\/p><p>En appliquant de la chaleur sur certains points o\u00f9 la chaussure cause une g\u00eane au pied, nous pouvons d\u00e9former la coque et r\u00e9soudre un probl\u00e8me de pression ou de souffrance , par exemple, dans des zones comme la mall\u00e9ole, les oignons ou le cou-de-pied.<\/p><p>Le plus important est que le client sache d\u00e9crire ce qui lui cause la douleur , et nous chercherons la solution, s&rsquo;il y en a une, au probl\u00e8me. Souvent, les probl\u00e8mes surviennent parce que les chaussures n&rsquo;appartiennent pas au client , mais lui ont \u00e9t\u00e9 offertes par un ami, et la chaussure n&rsquo;est alors peut-\u00eatre pas adapt\u00e9e \u00e0 son niveau de ski ou \u00e0 la forme de son pied.<\/p><p>Pour savoir s&rsquo;il est possible ou non de faire une r\u00e9paration ou une d\u00e9formation de la chaussure , nous demandons \u00e0 nos clients de <a href=\"https:\/\/esportscubil.com\/fr\/sur-mesure\/reserver-en-ligne\/calendrier-reparations\/\">consulter notre agenda<\/a> pour v\u00e9rifier le jour et l&rsquo;heure disponibles pour ce service , afin que nous puissions prendre le temps n\u00e9cessaire pour r\u00e9aliser l&rsquo;\u00e9tude, \u00e9valuer le probl\u00e8me et d\u00e9terminer s&rsquo;il existe une solution.<\/p><h6>Venez et laissez-vous guider par nos professionnels.<\/h6>\t\t\t\t\t\t\t\t<\/div>\n\t\t\t\t<\/div>\n\t\t\t\t\t<\/div>\n\t\t<\/div>\n\t\t\t\t<div class=\"elementor-column elementor-col-25 elementor-top-column elementor-element elementor-element-d2dcdb7\" data-id=\"d2dcdb7\" data-element_type=\"column\" data-e-type=\"column\">\n\t\t\t<div class=\"elementor-widget-wrap\">\n\t\t\t\t\t\t\t<\/div>\n\t\t<\/div>\n\t\t\t\t\t<\/div>\n\t\t<\/section>\n\t\t\t\t<section class=\"elementor-section elementor-top-section elementor-element elementor-element-16cd2e7 elementor-section-full_width elementor-section-height-default elementor-section-height-default\" data-id=\"16cd2e7\" data-element_type=\"section\" data-e-type=\"section\">\n\t\t\t\t\t\t<div class=\"elementor-container elementor-column-gap-default\">\n\t\t\t\t\t<div class=\"elementor-column elementor-col-100 elementor-top-column elementor-element elementor-element-9b843c9\" data-id=\"9b843c9\" data-element_type=\"column\" data-e-type=\"column\">\n\t\t\t<div class=\"elementor-widget-wrap elementor-element-populated\">\n\t\t\t\t\t\t<div class=\"elementor-element elementor-element-53fecb9 elementor-widget__width-inherit elementor-widget elementor-widget-html\" data-id=\"53fecb9\" data-element_type=\"widget\" data-e-type=\"widget\" data-widget_type=\"html.default\">\n\t\t\t\t<div class=\"elementor-widget-container\">\n\t\t\t\t\t<iframe src=\"https:\/\/www.google.com\/maps\/embed?pb=!1m18!1m12!1m3!1d2937.9192111640136!2d1.626895011762213!3d42.578237221169566!2m3!1f0!2f0!3f0!3m2!1i1024!2i768!4f13.1!3m3!1m2!1s0x12af6252d190ce37%3A0x748260505d013bd!2sESPORTS%20CUBIL!5e0!3m2!1ses!2sad!4v1733510380087!5m2!1ses!2sad\" width=\"600\" height=\"450\" style=\"border:0;\" allowfullscreen=\"\" loading=\"lazy\" referrerpolicy=\"no-referrer-when-downgrade\"><\/iframe>\t\t\t\t<\/div>\n\t\t\t\t<\/div>\n\t\t\t\t\t<\/div>\n\t\t<\/div>\n\t\t\t\t\t<\/div>\n\t\t<\/section>\n\t\t\t\t<\/div>\n\t\t","protected":false},"excerpt":{"rendered":"<p>Atelier de R\u00e9paration de Chaussures de Ski Professionnels en R\u00e9paration et D\u00e9formation de Chaussures de Ski Malgr\u00e9 le soin que nous apportons \u00e0 nos chaussures de ski , il est possible qu&rsquo;avec le temps, un crochet doive \u00eatre chang\u00e9 , qu&rsquo;il y ait eu une mauvaise manipulation , ou que la physionomie de notre pied&#8230;<\/p>\n","protected":false},"author":6,"featured_media":12139,"parent":13206,"menu_order":1,"comment_status":"closed","ping_status":"closed","template":"","meta":{"_kadence_starter_templates_imported_post":false,"_kad_post_transparent":"default","_kad_post_title":"hide","_kad_post_layout":"fullwidth","_kad_post_sidebar_id":"","_kad_post_content_style":"unboxed","_kad_post_vertical_padding":"hide","_kad_post_feature":"hide","_kad_post_feature_position":"","_kad_post_header":false,"_kad_post_footer":false,"_kad_post_classname":"","footnotes":""},"class_list":["post-13300","page","type-page","status-publish","has-post-thumbnail","hentry"],"yoast_head":"<!-- This site is optimized with the Yoast SEO plugin v27.4 - https:\/\/yoast.com\/product\/yoast-seo-wordpress\/ -->\n<title>Atelier r\u00e9paration chaussures ski | Esports Cubil | Andorre<\/title>\n<meta name=\"description\" content=\"Nous sommes professionnels en r\u00e9paration et d\u00e9formation de chaussures de ski. Venez et laissez-vous guider par nos professionnels.\" \/>\n<meta name=\"robots\" content=\"index, follow, max-snippet:-1, max-image-preview:large, max-video-preview:-1\" \/>\n<link rel=\"canonical\" href=\"https:\/\/esportscubil.com\/fr\/sur-mesure\/reparation-chaussures-ski\/\" \/>\n<meta property=\"og:locale\" content=\"fr_FR\" \/>\n<meta property=\"og:type\" content=\"article\" \/>\n<meta property=\"og:title\" content=\"Atelier r\u00e9paration chaussures ski | Esports Cubil | Andorre\" \/>\n<meta property=\"og:description\" content=\"Nous sommes professionnels en r\u00e9paration et d\u00e9formation de chaussures de ski. Venez et laissez-vous guider par nos professionnels.\" \/>\n<meta property=\"og:url\" content=\"https:\/\/esportscubil.com\/fr\/sur-mesure\/reparation-chaussures-ski\/\" \/>\n<meta property=\"og:site_name\" content=\"Esports Cubil\" \/>\n<meta property=\"article:publisher\" content=\"https:\/\/www.facebook.com\/esportscubil\" \/>\n<meta property=\"article:modified_time\" content=\"2025-10-17T10:17:22+00:00\" \/>\n<meta property=\"og:image\" content=\"https:\/\/esportscubil.com\/wp-content\/uploads\/2024\/12\/taller-bootfitting-esportscubil-andorra.webp\" \/>\n\t<meta property=\"og:image:width\" content=\"2000\" \/>\n\t<meta property=\"og:image:height\" content=\"1200\" \/>\n\t<meta property=\"og:image:type\" content=\"image\/webp\" \/>\n<script type=\"application\/ld+json\" class=\"yoast-schema-graph\">{\"@context\":\"https:\\\/\\\/schema.org\",\"@graph\":[{\"@type\":\"WebPage\",\"@id\":\"https:\\\/\\\/esportscubil.com\\\/fr\\\/sur-mesure\\\/reparation-chaussures-ski\\\/\",\"url\":\"https:\\\/\\\/esportscubil.com\\\/fr\\\/sur-mesure\\\/reparation-chaussures-ski\\\/\",\"name\":\"Atelier r\u00e9paration chaussures ski | Esports Cubil | Andorre\",\"isPartOf\":{\"@id\":\"https:\\\/\\\/esportscubil.com\\\/fr\\\/#website\"},\"primaryImageOfPage\":{\"@id\":\"https:\\\/\\\/esportscubil.com\\\/fr\\\/sur-mesure\\\/reparation-chaussures-ski\\\/#primaryimage\"},\"image\":{\"@id\":\"https:\\\/\\\/esportscubil.com\\\/fr\\\/sur-mesure\\\/reparation-chaussures-ski\\\/#primaryimage\"},\"thumbnailUrl\":\"https:\\\/\\\/esportscubil.com\\\/wp-content\\\/uploads\\\/2024\\\/12\\\/taller-bootfitting-esportscubil-andorra.webp\",\"datePublished\":\"2024-09-26T13:56:49+00:00\",\"dateModified\":\"2025-10-17T10:17:22+00:00\",\"description\":\"Nous sommes professionnels en r\u00e9paration et d\u00e9formation de chaussures de ski. Venez et laissez-vous guider par nos professionnels.\",\"breadcrumb\":{\"@id\":\"https:\\\/\\\/esportscubil.com\\\/fr\\\/sur-mesure\\\/reparation-chaussures-ski\\\/#breadcrumb\"},\"inLanguage\":\"fr-FR\",\"potentialAction\":[{\"@type\":\"ReadAction\",\"target\":[\"https:\\\/\\\/esportscubil.com\\\/fr\\\/sur-mesure\\\/reparation-chaussures-ski\\\/\"]}]},{\"@type\":\"ImageObject\",\"inLanguage\":\"fr-FR\",\"@id\":\"https:\\\/\\\/esportscubil.com\\\/fr\\\/sur-mesure\\\/reparation-chaussures-ski\\\/#primaryimage\",\"url\":\"https:\\\/\\\/esportscubil.com\\\/wp-content\\\/uploads\\\/2024\\\/12\\\/taller-bootfitting-esportscubil-andorra.webp\",\"contentUrl\":\"https:\\\/\\\/esportscubil.com\\\/wp-content\\\/uploads\\\/2024\\\/12\\\/taller-bootfitting-esportscubil-andorra.webp\",\"width\":2000,\"height\":1200},{\"@type\":\"BreadcrumbList\",\"@id\":\"https:\\\/\\\/esportscubil.com\\\/fr\\\/sur-mesure\\\/reparation-chaussures-ski\\\/#breadcrumb\",\"itemListElement\":[{\"@type\":\"ListItem\",\"position\":1,\"name\":\"Inici\",\"item\":\"https:\\\/\\\/esportscubil.com\\\/fr\\\/home-2\\\/\"},{\"@type\":\"ListItem\",\"position\":2,\"name\":\"Bootfitting\",\"item\":\"https:\\\/\\\/esportscubil.com\\\/fr\\\/sur-mesure\\\/\"},{\"@type\":\"ListItem\",\"position\":3,\"name\":\"Atelier de R\u00e9paration de Chaussures de Ski\"}]},{\"@type\":\"WebSite\",\"@id\":\"https:\\\/\\\/esportscubil.com\\\/fr\\\/#website\",\"url\":\"https:\\\/\\\/esportscubil.com\\\/fr\\\/\",\"name\":\"esportscubil.com\",\"description\":\"La llar de les botes d\u2019esqu\u00ed a Andorra.\",\"publisher\":{\"@id\":\"https:\\\/\\\/esportscubil.com\\\/fr\\\/#organization\"},\"alternateName\":\"cubil\",\"potentialAction\":[{\"@type\":\"SearchAction\",\"target\":{\"@type\":\"EntryPoint\",\"urlTemplate\":\"https:\\\/\\\/esportscubil.com\\\/fr\\\/?s={search_term_string}\"},\"query-input\":{\"@type\":\"PropertyValueSpecification\",\"valueRequired\":true,\"valueName\":\"search_term_string\"}}],\"inLanguage\":\"fr-FR\"},{\"@type\":\"Organization\",\"@id\":\"https:\\\/\\\/esportscubil.com\\\/fr\\\/#organization\",\"name\":\"Esports Cubil\",\"alternateName\":\"La llar de les botes d'esqu\u00ed i del bootfitting a Andorra\",\"url\":\"https:\\\/\\\/esportscubil.com\\\/fr\\\/\",\"logo\":{\"@type\":\"ImageObject\",\"inLanguage\":\"fr-FR\",\"@id\":\"https:\\\/\\\/esportscubil.com\\\/fr\\\/#\\\/schema\\\/logo\\\/image\\\/\",\"url\":\"https:\\\/\\\/esportscubil.com\\\/wp-content\\\/uploads\\\/2021\\\/10\\\/cropped-imatge-perfil-XXSS-1.jpg\",\"contentUrl\":\"https:\\\/\\\/esportscubil.com\\\/wp-content\\\/uploads\\\/2021\\\/10\\\/cropped-imatge-perfil-XXSS-1.jpg\",\"width\":512,\"height\":512,\"caption\":\"Esports Cubil\"},\"image\":{\"@id\":\"https:\\\/\\\/esportscubil.com\\\/fr\\\/#\\\/schema\\\/logo\\\/image\\\/\"},\"sameAs\":[\"https:\\\/\\\/www.facebook.com\\\/esportscubil\",\"https:\\\/\\\/www.instagram.com\\\/esportscubil\\\/\"]}]}<\/script>\n<!-- \/ Yoast SEO plugin. -->","yoast_head_json":{"title":"Atelier r\u00e9paration chaussures ski | Esports Cubil | Andorre","description":"Nous sommes professionnels en r\u00e9paration et d\u00e9formation de chaussures de ski. Venez et laissez-vous guider par nos professionnels.","robots":{"index":"index","follow":"follow","max-snippet":"max-snippet:-1","max-image-preview":"max-image-preview:large","max-video-preview":"max-video-preview:-1"},"canonical":"https:\/\/esportscubil.com\/fr\/sur-mesure\/reparation-chaussures-ski\/","og_locale":"fr_FR","og_type":"article","og_title":"Atelier r\u00e9paration chaussures ski | Esports Cubil | Andorre","og_description":"Nous sommes professionnels en r\u00e9paration et d\u00e9formation de chaussures de ski. Venez et laissez-vous guider par nos professionnels.","og_url":"https:\/\/esportscubil.com\/fr\/sur-mesure\/reparation-chaussures-ski\/","og_site_name":"Esports Cubil","article_publisher":"https:\/\/www.facebook.com\/esportscubil","article_modified_time":"2025-10-17T10:17:22+00:00","og_image":[{"width":2000,"height":1200,"url":"https:\/\/esportscubil.com\/wp-content\/uploads\/2024\/12\/taller-bootfitting-esportscubil-andorra.webp","type":"image\/webp"}],"schema":{"@context":"https:\/\/schema.org","@graph":[{"@type":"WebPage","@id":"https:\/\/esportscubil.com\/fr\/sur-mesure\/reparation-chaussures-ski\/","url":"https:\/\/esportscubil.com\/fr\/sur-mesure\/reparation-chaussures-ski\/","name":"Atelier r\u00e9paration chaussures ski | Esports Cubil | Andorre","isPartOf":{"@id":"https:\/\/esportscubil.com\/fr\/#website"},"primaryImageOfPage":{"@id":"https:\/\/esportscubil.com\/fr\/sur-mesure\/reparation-chaussures-ski\/#primaryimage"},"image":{"@id":"https:\/\/esportscubil.com\/fr\/sur-mesure\/reparation-chaussures-ski\/#primaryimage"},"thumbnailUrl":"https:\/\/esportscubil.com\/wp-content\/uploads\/2024\/12\/taller-bootfitting-esportscubil-andorra.webp","datePublished":"2024-09-26T13:56:49+00:00","dateModified":"2025-10-17T10:17:22+00:00","description":"Nous sommes professionnels en r\u00e9paration et d\u00e9formation de chaussures de ski. Venez et laissez-vous guider par nos professionnels.","breadcrumb":{"@id":"https:\/\/esportscubil.com\/fr\/sur-mesure\/reparation-chaussures-ski\/#breadcrumb"},"inLanguage":"fr-FR","potentialAction":[{"@type":"ReadAction","target":["https:\/\/esportscubil.com\/fr\/sur-mesure\/reparation-chaussures-ski\/"]}]},{"@type":"ImageObject","inLanguage":"fr-FR","@id":"https:\/\/esportscubil.com\/fr\/sur-mesure\/reparation-chaussures-ski\/#primaryimage","url":"https:\/\/esportscubil.com\/wp-content\/uploads\/2024\/12\/taller-bootfitting-esportscubil-andorra.webp","contentUrl":"https:\/\/esportscubil.com\/wp-content\/uploads\/2024\/12\/taller-bootfitting-esportscubil-andorra.webp","width":2000,"height":1200},{"@type":"BreadcrumbList","@id":"https:\/\/esportscubil.com\/fr\/sur-mesure\/reparation-chaussures-ski\/#breadcrumb","itemListElement":[{"@type":"ListItem","position":1,"name":"Inici","item":"https:\/\/esportscubil.com\/fr\/home-2\/"},{"@type":"ListItem","position":2,"name":"Bootfitting","item":"https:\/\/esportscubil.com\/fr\/sur-mesure\/"},{"@type":"ListItem","position":3,"name":"Atelier de R\u00e9paration de Chaussures de Ski"}]},{"@type":"WebSite","@id":"https:\/\/esportscubil.com\/fr\/#website","url":"https:\/\/esportscubil.com\/fr\/","name":"esportscubil.com","description":"La llar de les botes d\u2019esqu\u00ed a Andorra.","publisher":{"@id":"https:\/\/esportscubil.com\/fr\/#organization"},"alternateName":"cubil","potentialAction":[{"@type":"SearchAction","target":{"@type":"EntryPoint","urlTemplate":"https:\/\/esportscubil.com\/fr\/?s={search_term_string}"},"query-input":{"@type":"PropertyValueSpecification","valueRequired":true,"valueName":"search_term_string"}}],"inLanguage":"fr-FR"},{"@type":"Organization","@id":"https:\/\/esportscubil.com\/fr\/#organization","name":"Esports Cubil","alternateName":"La llar de les botes d'esqu\u00ed i del bootfitting a Andorra","url":"https:\/\/esportscubil.com\/fr\/","logo":{"@type":"ImageObject","inLanguage":"fr-FR","@id":"https:\/\/esportscubil.com\/fr\/#\/schema\/logo\/image\/","url":"https:\/\/esportscubil.com\/wp-content\/uploads\/2021\/10\/cropped-imatge-perfil-XXSS-1.jpg","contentUrl":"https:\/\/esportscubil.com\/wp-content\/uploads\/2021\/10\/cropped-imatge-perfil-XXSS-1.jpg","width":512,"height":512,"caption":"Esports Cubil"},"image":{"@id":"https:\/\/esportscubil.com\/fr\/#\/schema\/logo\/image\/"},"sameAs":["https:\/\/www.facebook.com\/esportscubil","https:\/\/www.instagram.com\/esportscubil\/"]}]}},"_links":{"self":[{"href":"https:\/\/esportscubil.com\/fr\/wp-json\/wp\/v2\/pages\/13300","targetHints":{"allow":["GET"]}}],"collection":[{"href":"https:\/\/esportscubil.com\/fr\/wp-json\/wp\/v2\/pages"}],"about":[{"href":"https:\/\/esportscubil.com\/fr\/wp-json\/wp\/v2\/types\/page"}],"author":[{"embeddable":true,"href":"https:\/\/esportscubil.com\/fr\/wp-json\/wp\/v2\/users\/6"}],"replies":[{"embeddable":true,"href":"https:\/\/esportscubil.com\/fr\/wp-json\/wp\/v2\/comments?post=13300"}],"version-history":[{"count":7,"href":"https:\/\/esportscubil.com\/fr\/wp-json\/wp\/v2\/pages\/13300\/revisions"}],"predecessor-version":[{"id":13613,"href":"https:\/\/esportscubil.com\/fr\/wp-json\/wp\/v2\/pages\/13300\/revisions\/13613"}],"up":[{"embeddable":true,"href":"https:\/\/esportscubil.com\/fr\/wp-json\/wp\/v2\/pages\/13206"}],"wp:featuredmedia":[{"embeddable":true,"href":"https:\/\/esportscubil.com\/fr\/wp-json\/wp\/v2\/media\/12139"}],"wp:attachment":[{"href":"https:\/\/esportscubil.com\/fr\/wp-json\/wp\/v2\/media?parent=13300"}],"curies":[{"name":"wp","href":"https:\/\/api.w.org\/{rel}","templated":true}]}}