{"id":13328,"date":"2024-08-29T16:59:31","date_gmt":"2024-08-29T14:59:31","guid":{"rendered":"https:\/\/esportscubil.com\/?page_id=13328"},"modified":"2025-10-13T11:20:09","modified_gmt":"2025-10-13T09:20:09","slug":"agenda-acheter-botte-ski","status":"publish","type":"page","link":"https:\/\/esportscubil.com\/fr\/sur-mesure\/reserver-en-ligne\/agenda-acheter-botte-ski\/","title":{"rendered":"Agenda pour acheter une botte"},"content":{"rendered":"\t\t<div data-elementor-type=\"wp-page\" data-elementor-id=\"13328\" class=\"elementor elementor-13328 elementor-10448\">\n\t\t\t\t\t\t<section class=\"elementor-section elementor-top-section elementor-element elementor-element-a525dfd elementor-section-full_width elementor-section-height-default elementor-section-height-default\" data-id=\"a525dfd\" data-element_type=\"section\" data-e-type=\"section\" data-settings=\"{&quot;background_background&quot;:&quot;classic&quot;}\">\n\t\t\t\t\t\t\t<div class=\"elementor-background-overlay\"><\/div>\n\t\t\t\t\t\t\t<div class=\"elementor-container elementor-column-gap-no\">\n\t\t\t\t\t<div class=\"elementor-column elementor-col-100 elementor-top-column elementor-element elementor-element-5174104\" data-id=\"5174104\" data-element_type=\"column\" data-e-type=\"column\">\n\t\t\t<div class=\"elementor-widget-wrap\">\n\t\t\t\t\t\t\t<\/div>\n\t\t<\/div>\n\t\t\t\t\t<\/div>\n\t\t<\/section>\n\t\t\t\t<section class=\"elementor-section elementor-top-section elementor-element elementor-element-6453b8e elementor-section-content-middle elementor-section-full_width elementor-section-height-default elementor-section-height-default\" data-id=\"6453b8e\" data-element_type=\"section\" data-e-type=\"section\" data-settings=\"{&quot;background_background&quot;:&quot;classic&quot;}\">\n\t\t\t\t\t\t<div class=\"elementor-container elementor-column-gap-default\">\n\t\t\t\t\t<div class=\"elementor-column elementor-col-100 elementor-top-column elementor-element elementor-element-30d5d3f\" data-id=\"30d5d3f\" data-element_type=\"column\" data-e-type=\"column\">\n\t\t\t<div class=\"elementor-widget-wrap elementor-element-populated\">\n\t\t\t\t\t\t<div class=\"elementor-element elementor-element-323adcc elementor-invisible elementor-widget elementor-widget-heading\" data-id=\"323adcc\" data-element_type=\"widget\" data-e-type=\"widget\" data-settings=\"{&quot;_animation&quot;:&quot;zoomIn&quot;}\" data-widget_type=\"heading.default\">\n\t\t\t\t<div class=\"elementor-widget-container\">\n\t\t\t\t\t<h1 class=\"elementor-heading-title elementor-size-default\">R\u00e9server pour acheter une botte sur mesure<\/h1>\t\t\t\t<\/div>\n\t\t\t\t<\/div>\n\t\t\t\t\t<\/div>\n\t\t<\/div>\n\t\t\t\t\t<\/div>\n\t\t<\/section>\n\t\t\t\t<section class=\"elementor-section elementor-top-section elementor-element elementor-element-255c4b5 elementor-section-full_width elementor-section-height-default elementor-section-height-default\" data-id=\"255c4b5\" data-element_type=\"section\" data-e-type=\"section\" data-settings=\"{&quot;background_background&quot;:&quot;classic&quot;}\">\n\t\t\t\t\t\t<div class=\"elementor-container elementor-column-gap-default\">\n\t\t\t\t\t<div class=\"elementor-column elementor-col-33 elementor-top-column elementor-element elementor-element-5a20438\" data-id=\"5a20438\" data-element_type=\"column\" data-e-type=\"column\">\n\t\t\t<div class=\"elementor-widget-wrap\">\n\t\t\t\t\t\t\t<\/div>\n\t\t<\/div>\n\t\t\t\t<div class=\"elementor-column elementor-col-33 elementor-top-column elementor-element elementor-element-cd45ea9\" data-id=\"cd45ea9\" data-element_type=\"column\" data-e-type=\"column\">\n\t\t\t<div class=\"elementor-widget-wrap elementor-element-populated\">\n\t\t\t\t\t\t<div class=\"elementor-element elementor-element-75900b3 elementor-widget elementor-widget-bookly-widget-bookly-form\" data-id=\"75900b3\" data-element_type=\"widget\" data-e-type=\"widget\" data-widget_type=\"bookly-widget-bookly-form.default\">\n\t\t\t\t<div class=\"elementor-widget-container\">\n\t\t\t\t\t<!--\nPlugin Name: Bookly - Responsive WordPress Appointment Booking and Scheduling Plugin\nPlugin URI: https:\/\/www.booking-wp-plugin.com\/?utm_source=bookly_admin&utm_medium=plugins_page&utm_campaign=plugins_page\nVersion: 27.5-->\n<style type=\"text\/css\">\n    :root {\n        --bookly-main-color: #1c96c9 !important;\n        --bookly-color: #1c96c9 !important;\n    }\n\n    <\/style><div class=\"bookly-css-root\">\n    <div id=\"bookly-form-container-69f9fd6a4f190\" class=\"bookly-form\" data-form_id=\"\" aria-live=\"polite\">\n        <div style=\"text-align: center\"><img decoding=\"async\" src=\"https:\/\/esportscubil.com\/wp-includes\/js\/tinymce\/skins\/lightgray\/img\/loader.gif\" alt=\"Chargement...\"\/><\/div>\n    <\/div>\n<\/div>\n<script type=\"text\/javascript\">\n    (function (win, fn) {\n        var done = false, top = true,\n            doc = win.document,\n            root = doc.documentElement,\n            modern = doc.addEventListener,\n            add = modern ? 'addEventListener' : 'attachEvent',\n            rem = modern ? 'removeEventListener' : 'detachEvent',\n            pre = modern ? '' : 'on',\n            init = function (e) {\n                if (e.type == 'readystatechange') if (doc.readyState != 'complete') return;\n                (e.type == 'load' ? win : doc)[rem](pre + e.type, init, false);\n                if (!done) {\n                    done = true;\n                    fn.call(win, e.type || e);\n                }\n            },\n            poll = function () {\n                try {\n                    root.doScroll('left');\n                } catch (e) {\n                    setTimeout(poll, 50);\n                    return;\n                }\n                init('poll');\n            };\n        if (doc.readyState == 'complete') fn.call(win, 'lazy');\n        else {\n            if (!modern) if (root.doScroll) {\n                try {\n                    top = !win.frameElement;\n                } catch (e) {\n                }\n                if (top) poll();\n            }\n            doc[add](pre + 'DOMContentLoaded', init, false);\n            doc[add](pre + 'readystatechange', init, false);\n            win[add](pre + 'load', init, false);\n        }\n    })(window, function () {\n        window.bookly( {\"form_id\":\"69f9fd6a4f190\",\"form_data\":{\"skip_service_step\":0,\"hide_service_part1\":1,\"hide_service_part2\":0,\"defaults\":{\"service_id\":4,\"staff_id\":0,\"location_id\":0,\"category_id\":1,\"units\":0,\"date_from\":0,\"time_from\":0,\"time_to\":0}},\"status\":{\"booking\":\"new\"},\"form_token\":null,\"skip_steps\":{\"service_part1\":1,\"service_part2\":0,\"extras\":1,\"time\":0,\"repeat\":1,\"cart\":1},\"errors\":{\"session_error\":\"Erreur Session.\",\"form_id_error\":\"ID Formulaire d'erreur.\",\"cart_item_not_available\":\"El dia o l'hora seleccionada ja no est\\u00e0 disponible. Si us plau, trieu una altra franja hor\\u00e0ria. \",\"pay_locally_not_available\":\"Le paiement local n'est pas disponible.\",\"invalid_gateway\":\"Portail invalide.\",\"payment_error\":\"Erreur.\",\"incorrect_username_password\":\"Identifiant ou mot de passe incorrect.\"},\"form_attributes\":{\"hide_categories\":true,\"hide_services\":true,\"hide_staff_members\":true,\"show_number_of_persons\":false,\"hide_service_duration\":true,\"hide_locations\":true,\"hide_quantity\":true,\"hide_date\":false,\"hide_week_days\":true,\"hide_time_range\":true,\"const_category_id\":1},\"use_client_time_zone\":0,\"defaults\":{\"service_id\":4,\"staff_id\":0,\"location_id\":0,\"category_id\":1},\"datepicker_mode\":\"text-accent\",\"facebook\":{\"enabled\":0,\"appId\":\"\"}} );\n    });\n<\/script>\t\t\t\t<\/div>\n\t\t\t\t<\/div>\n\t\t\t\t\t<\/div>\n\t\t<\/div>\n\t\t\t\t<div class=\"elementor-column elementor-col-33 elementor-top-column elementor-element elementor-element-11df58c\" data-id=\"11df58c\" data-element_type=\"column\" data-e-type=\"column\">\n\t\t\t<div class=\"elementor-widget-wrap\">\n\t\t\t\t\t\t\t<\/div>\n\t\t<\/div>\n\t\t\t\t\t<\/div>\n\t\t<\/section>\n\t\t\t\t<section class=\"elementor-section elementor-top-section elementor-element elementor-element-6a2b377 elementor-section-full_width elementor-section-height-default elementor-section-height-default\" data-id=\"6a2b377\" data-element_type=\"section\" data-e-type=\"section\">\n\t\t\t\t\t\t<div class=\"elementor-container elementor-column-gap-default\">\n\t\t\t\t\t<div class=\"elementor-column elementor-col-25 elementor-top-column elementor-element elementor-element-1332fe0\" data-id=\"1332fe0\" data-element_type=\"column\" data-e-type=\"column\">\n\t\t\t<div class=\"elementor-widget-wrap\">\n\t\t\t\t\t\t\t<\/div>\n\t\t<\/div>\n\t\t\t\t<div class=\"elementor-column elementor-col-50 elementor-top-column elementor-element elementor-element-f2cd407\" data-id=\"f2cd407\" data-element_type=\"column\" data-e-type=\"column\">\n\t\t\t<div class=\"elementor-widget-wrap elementor-element-populated\">\n\t\t\t\t\t\t<div class=\"elementor-element elementor-element-f583fe5 elementor-widget elementor-widget-heading\" data-id=\"f583fe5\" data-element_type=\"widget\" data-e-type=\"widget\" data-widget_type=\"heading.default\">\n\t\t\t\t<div class=\"elementor-widget-container\">\n\t\t\t\t\t<h2 class=\"elementor-heading-title elementor-size-default\">Nous vendons la solution au probl\u00e8me, pas le produit <\/h2>\t\t\t\t<\/div>\n\t\t\t\t<\/div>\n\t\t\t\t<div class=\"elementor-element elementor-element-d9ea03b elementor-widget elementor-widget-text-editor\" data-id=\"d9ea03b\" data-element_type=\"widget\" data-e-type=\"widget\" data-widget_type=\"text-editor.default\">\n\t\t\t\t<div class=\"elementor-widget-container\">\n\t\t\t\t\t\t\t\t\t<ul><li>Tout est possible dans la mesure o\u00f9 vous croyez que c&rsquo;est possible<\/li><li>Manque de temps = manque de priorit\u00e9s<\/li><li>Les excuses seront toujours l\u00e0, pas les opportunit\u00e9s<\/li><li>Assurez-vous que votre travail parle bien de votre travail<\/li><li>Parfois, vous devez accepter les choses telles qu&rsquo;elles sont et non telles que vous voudriez qu&rsquo;elles soient<\/li><li>Service fait main par des professionnels, 100% fiable et incomparable<\/li><\/ul>\t\t\t\t\t\t\t\t<\/div>\n\t\t\t\t<\/div>\n\t\t\t\t\t<\/div>\n\t\t<\/div>\n\t\t\t\t<div class=\"elementor-column elementor-col-25 elementor-top-column elementor-element elementor-element-1a7804f\" data-id=\"1a7804f\" data-element_type=\"column\" data-e-type=\"column\">\n\t\t\t<div class=\"elementor-widget-wrap\">\n\t\t\t\t\t\t\t<\/div>\n\t\t<\/div>\n\t\t\t\t\t<\/div>\n\t\t<\/section>\n\t\t\t\t<section class=\"elementor-section elementor-top-section elementor-element elementor-element-27407fc elementor-section-full_width elementor-section-height-default elementor-section-height-default\" data-id=\"27407fc\" data-element_type=\"section\" data-e-type=\"section\" data-settings=\"{&quot;background_background&quot;:&quot;classic&quot;}\">\n\t\t\t\t\t\t<div class=\"elementor-container elementor-column-gap-default\">\n\t\t\t\t\t<div class=\"elementor-column elementor-col-25 elementor-top-column elementor-element elementor-element-9dad6b3\" data-id=\"9dad6b3\" data-element_type=\"column\" data-e-type=\"column\">\n\t\t\t<div class=\"elementor-widget-wrap\">\n\t\t\t\t\t\t\t<\/div>\n\t\t<\/div>\n\t\t\t\t<div class=\"elementor-column elementor-col-50 elementor-top-column elementor-element elementor-element-2799493\" data-id=\"2799493\" data-element_type=\"column\" data-e-type=\"column\">\n\t\t\t<div class=\"elementor-widget-wrap elementor-element-populated\">\n\t\t\t\t\t\t<div class=\"elementor-element elementor-element-f710e69 elementor-view-default elementor-widget elementor-widget-icon\" data-id=\"f710e69\" data-element_type=\"widget\" data-e-type=\"widget\" data-widget_type=\"icon.default\">\n\t\t\t\t<div class=\"elementor-widget-container\">\n\t\t\t\t\t\t\t<div class=\"elementor-icon-wrapper\">\n\t\t\t<div class=\"elementor-icon\">\n\t\t\t<i aria-hidden=\"true\" class=\"fas fa-info\"><\/i>\t\t\t<\/div>\n\t\t<\/div>\n\t\t\t\t\t\t<\/div>\n\t\t\t\t<\/div>\n\t\t\t\t<div class=\"elementor-element elementor-element-ef66747 elementor-widget elementor-widget-text-editor\" data-id=\"ef66747\" data-element_type=\"widget\" data-e-type=\"widget\" data-widget_type=\"text-editor.default\">\n\t\t\t\t<div class=\"elementor-widget-container\">\n\t\t\t\t\t\t\t\t\t<p><strong>IMPORTANT<\/strong>: l&rsquo;analyse de la position et de la morphologie du pied a un prix de <strong>100 \u20ac<\/strong>. Ce montant est inclus dans le prix de la botte au moment de l&rsquo;achat. Dans le cas o\u00f9 nous n&rsquo;aurions pas la botte dont vous avez besoin, l&rsquo;entreprise prendra en charge le montant. Il ne sera factur\u00e9 que si, apr\u00e8s avoir effectu\u00e9 l&rsquo;analyse et avoir la botte appropri\u00e9e, le client d\u00e9cide de ne pas acheter la botte.<\/p>\t\t\t\t\t\t\t\t<\/div>\n\t\t\t\t<\/div>\n\t\t\t\t\t<\/div>\n\t\t<\/div>\n\t\t\t\t<div class=\"elementor-column elementor-col-25 elementor-top-column elementor-element elementor-element-9aae830\" data-id=\"9aae830\" data-element_type=\"column\" data-e-type=\"column\">\n\t\t\t<div class=\"elementor-widget-wrap\">\n\t\t\t\t\t\t\t<\/div>\n\t\t<\/div>\n\t\t\t\t\t<\/div>\n\t\t<\/section>\n\t\t\t\t<section class=\"elementor-section elementor-top-section elementor-element elementor-element-11b1f44 elementor-section-full_width elementor-section-height-default elementor-section-height-default\" data-id=\"11b1f44\" data-element_type=\"section\" data-e-type=\"section\">\n\t\t\t\t\t\t<div class=\"elementor-container elementor-column-gap-default\">\n\t\t\t\t\t<div class=\"elementor-column elementor-col-100 elementor-top-column elementor-element elementor-element-39250be\" data-id=\"39250be\" data-element_type=\"column\" data-e-type=\"column\">\n\t\t\t<div class=\"elementor-widget-wrap elementor-element-populated\">\n\t\t\t\t\t\t<div class=\"elementor-element elementor-element-6e13e11 elementor-widget__width-inherit elementor-widget elementor-widget-html\" data-id=\"6e13e11\" data-element_type=\"widget\" data-e-type=\"widget\" data-widget_type=\"html.default\">\n\t\t\t\t<div class=\"elementor-widget-container\">\n\t\t\t\t\t<iframe src=\"https:\/\/www.google.com\/maps\/embed?pb=!1m18!1m12!1m3!1d2937.919211158265!2d1.6269003749823407!3d42.57823722129157!2m3!1f0!2f0!3f0!3m2!1i1024!2i768!4f13.1!3m3!1m2!1s0x12af6252d190ce37%3A0x748260505d013bd!2sESPORTS%20CUBIL!5e0!3m2!1sca!2sad!4v1733500820015!5m2!1sca!2sad\" width=\"600\" height=\"450\" style=\"border:0;\" allowfullscreen=\"\" loading=\"lazy\" referrerpolicy=\"no-referrer-when-downgrade\"><\/iframe>\t\t\t\t<\/div>\n\t\t\t\t<\/div>\n\t\t\t\t\t<\/div>\n\t\t<\/div>\n\t\t\t\t\t<\/div>\n\t\t<\/section>\n\t\t\t\t<\/div>\n\t\t","protected":false},"excerpt":{"rendered":"<p>R\u00e9server pour acheter une botte sur mesure Nous vendons la solution au probl\u00e8me, pas le produit Tout est possible dans la mesure o\u00f9 vous croyez que c&rsquo;est possible Manque de temps = manque de priorit\u00e9s Les excuses seront toujours l\u00e0, pas les opportunit\u00e9s Assurez-vous que votre travail parle bien de votre travail Parfois, vous devez&#8230;<\/p>\n","protected":false},"author":6,"featured_media":12001,"parent":13287,"menu_order":1,"comment_status":"closed","ping_status":"closed","template":"","meta":{"_kadence_starter_templates_imported_post":false,"_kad_post_transparent":"default","_kad_post_title":"hide","_kad_post_layout":"fullwidth","_kad_post_sidebar_id":"","_kad_post_content_style":"unboxed","_kad_post_vertical_padding":"hide","_kad_post_feature":"hide","_kad_post_feature_position":"","_kad_post_header":false,"_kad_post_footer":false,"_kad_post_classname":"","footnotes":""},"class_list":["post-13328","page","type-page","status-publish","has-post-thumbnail","hentry"],"yoast_head":"<!-- This site is optimized with the Yoast SEO plugin v27.4 - https:\/\/yoast.com\/product\/yoast-seo-wordpress\/ -->\n<title>Agenda Acheter des Chaussures de ski sur mesure | Esports Cubil<\/title>\n<meta name=\"description\" content=\"R\u00e9servez d\u00e8s maintenant le jour et l&#039;heure pour acheter votre chaussure de ski sur mesure chez Esports Cubil.\" \/>\n<meta name=\"robots\" content=\"index, follow, max-snippet:-1, max-image-preview:large, max-video-preview:-1\" \/>\n<link rel=\"canonical\" href=\"https:\/\/esportscubil.com\/fr\/sur-mesure\/reserver-en-ligne\/agenda-acheter-botte-ski\/\" \/>\n<meta property=\"og:locale\" content=\"fr_FR\" \/>\n<meta property=\"og:type\" content=\"article\" \/>\n<meta property=\"og:title\" content=\"Agenda Acheter des Chaussures de ski sur mesure | Esports Cubil\" \/>\n<meta property=\"og:description\" content=\"R\u00e9servez d\u00e8s maintenant le jour et l&#039;heure pour acheter votre chaussure de ski sur mesure chez Esports Cubil.\" \/>\n<meta property=\"og:url\" content=\"https:\/\/esportscubil.com\/fr\/sur-mesure\/reserver-en-ligne\/agenda-acheter-botte-ski\/\" \/>\n<meta property=\"og:site_name\" content=\"Esports Cubil\" \/>\n<meta property=\"article:publisher\" content=\"https:\/\/www.facebook.com\/esportscubil\" \/>\n<meta property=\"article:modified_time\" content=\"2025-10-13T09:20:09+00:00\" \/>\n<meta property=\"og:image\" content=\"https:\/\/esportscubil.com\/wp-content\/uploads\/2024\/08\/botes-esqui-esportscubil.webp\" \/>\n\t<meta property=\"og:image:width\" content=\"2000\" \/>\n\t<meta property=\"og:image:height\" content=\"1200\" \/>\n\t<meta property=\"og:image:type\" content=\"image\/webp\" \/>\n<script type=\"application\/ld+json\" class=\"yoast-schema-graph\">{\"@context\":\"https:\\\/\\\/schema.org\",\"@graph\":[{\"@type\":\"WebPage\",\"@id\":\"https:\\\/\\\/esportscubil.com\\\/fr\\\/sur-mesure\\\/reserver-en-ligne\\\/agenda-acheter-botte-ski\\\/\",\"url\":\"https:\\\/\\\/esportscubil.com\\\/fr\\\/sur-mesure\\\/reserver-en-ligne\\\/agenda-acheter-botte-ski\\\/\",\"name\":\"Agenda Acheter des Chaussures de ski sur mesure | Esports Cubil\",\"isPartOf\":{\"@id\":\"https:\\\/\\\/esportscubil.com\\\/fr\\\/#website\"},\"primaryImageOfPage\":{\"@id\":\"https:\\\/\\\/esportscubil.com\\\/fr\\\/sur-mesure\\\/reserver-en-ligne\\\/agenda-acheter-botte-ski\\\/#primaryimage\"},\"image\":{\"@id\":\"https:\\\/\\\/esportscubil.com\\\/fr\\\/sur-mesure\\\/reserver-en-ligne\\\/agenda-acheter-botte-ski\\\/#primaryimage\"},\"thumbnailUrl\":\"https:\\\/\\\/esportscubil.com\\\/wp-content\\\/uploads\\\/2024\\\/08\\\/botes-esqui-esportscubil.webp\",\"datePublished\":\"2024-08-29T14:59:31+00:00\",\"dateModified\":\"2025-10-13T09:20:09+00:00\",\"description\":\"R\u00e9servez d\u00e8s maintenant le jour et l'heure pour acheter votre chaussure de ski sur mesure chez Esports Cubil.\",\"breadcrumb\":{\"@id\":\"https:\\\/\\\/esportscubil.com\\\/fr\\\/sur-mesure\\\/reserver-en-ligne\\\/agenda-acheter-botte-ski\\\/#breadcrumb\"},\"inLanguage\":\"fr-FR\",\"potentialAction\":[{\"@type\":\"ReadAction\",\"target\":[\"https:\\\/\\\/esportscubil.com\\\/fr\\\/sur-mesure\\\/reserver-en-ligne\\\/agenda-acheter-botte-ski\\\/\"]}]},{\"@type\":\"ImageObject\",\"inLanguage\":\"fr-FR\",\"@id\":\"https:\\\/\\\/esportscubil.com\\\/fr\\\/sur-mesure\\\/reserver-en-ligne\\\/agenda-acheter-botte-ski\\\/#primaryimage\",\"url\":\"https:\\\/\\\/esportscubil.com\\\/wp-content\\\/uploads\\\/2024\\\/08\\\/botes-esqui-esportscubil.webp\",\"contentUrl\":\"https:\\\/\\\/esportscubil.com\\\/wp-content\\\/uploads\\\/2024\\\/08\\\/botes-esqui-esportscubil.webp\",\"width\":2000,\"height\":1200},{\"@type\":\"BreadcrumbList\",\"@id\":\"https:\\\/\\\/esportscubil.com\\\/fr\\\/sur-mesure\\\/reserver-en-ligne\\\/agenda-acheter-botte-ski\\\/#breadcrumb\",\"itemListElement\":[{\"@type\":\"ListItem\",\"position\":1,\"name\":\"Inici\",\"item\":\"https:\\\/\\\/esportscubil.com\\\/fr\\\/home-2\\\/\"},{\"@type\":\"ListItem\",\"position\":2,\"name\":\"Bootfitting\",\"item\":\"https:\\\/\\\/esportscubil.com\\\/fr\\\/sur-mesure\\\/\"},{\"@type\":\"ListItem\",\"position\":3,\"name\":\"R\u00e9server en ligne\",\"item\":\"https:\\\/\\\/esportscubil.com\\\/fr\\\/sur-mesure\\\/reserver-en-ligne\\\/\"},{\"@type\":\"ListItem\",\"position\":4,\"name\":\"Agenda pour acheter une botte\"}]},{\"@type\":\"WebSite\",\"@id\":\"https:\\\/\\\/esportscubil.com\\\/fr\\\/#website\",\"url\":\"https:\\\/\\\/esportscubil.com\\\/fr\\\/\",\"name\":\"esportscubil.com\",\"description\":\"La llar de les botes d\u2019esqu\u00ed a Andorra.\",\"publisher\":{\"@id\":\"https:\\\/\\\/esportscubil.com\\\/fr\\\/#organization\"},\"alternateName\":\"cubil\",\"potentialAction\":[{\"@type\":\"SearchAction\",\"target\":{\"@type\":\"EntryPoint\",\"urlTemplate\":\"https:\\\/\\\/esportscubil.com\\\/fr\\\/?s={search_term_string}\"},\"query-input\":{\"@type\":\"PropertyValueSpecification\",\"valueRequired\":true,\"valueName\":\"search_term_string\"}}],\"inLanguage\":\"fr-FR\"},{\"@type\":\"Organization\",\"@id\":\"https:\\\/\\\/esportscubil.com\\\/fr\\\/#organization\",\"name\":\"Esports Cubil\",\"alternateName\":\"La llar de les botes d'esqu\u00ed i del bootfitting a Andorra\",\"url\":\"https:\\\/\\\/esportscubil.com\\\/fr\\\/\",\"logo\":{\"@type\":\"ImageObject\",\"inLanguage\":\"fr-FR\",\"@id\":\"https:\\\/\\\/esportscubil.com\\\/fr\\\/#\\\/schema\\\/logo\\\/image\\\/\",\"url\":\"https:\\\/\\\/esportscubil.com\\\/wp-content\\\/uploads\\\/2021\\\/10\\\/cropped-imatge-perfil-XXSS-1.jpg\",\"contentUrl\":\"https:\\\/\\\/esportscubil.com\\\/wp-content\\\/uploads\\\/2021\\\/10\\\/cropped-imatge-perfil-XXSS-1.jpg\",\"width\":512,\"height\":512,\"caption\":\"Esports Cubil\"},\"image\":{\"@id\":\"https:\\\/\\\/esportscubil.com\\\/fr\\\/#\\\/schema\\\/logo\\\/image\\\/\"},\"sameAs\":[\"https:\\\/\\\/www.facebook.com\\\/esportscubil\",\"https:\\\/\\\/www.instagram.com\\\/esportscubil\\\/\"]}]}<\/script>\n<!-- \/ Yoast SEO plugin. -->","yoast_head_json":{"title":"Agenda Acheter des Chaussures de ski sur mesure | Esports Cubil","description":"R\u00e9servez d\u00e8s maintenant le jour et l'heure pour acheter votre chaussure de ski sur mesure chez Esports Cubil.","robots":{"index":"index","follow":"follow","max-snippet":"max-snippet:-1","max-image-preview":"max-image-preview:large","max-video-preview":"max-video-preview:-1"},"canonical":"https:\/\/esportscubil.com\/fr\/sur-mesure\/reserver-en-ligne\/agenda-acheter-botte-ski\/","og_locale":"fr_FR","og_type":"article","og_title":"Agenda Acheter des Chaussures de ski sur mesure | Esports Cubil","og_description":"R\u00e9servez d\u00e8s maintenant le jour et l'heure pour acheter votre chaussure de ski sur mesure chez Esports Cubil.","og_url":"https:\/\/esportscubil.com\/fr\/sur-mesure\/reserver-en-ligne\/agenda-acheter-botte-ski\/","og_site_name":"Esports Cubil","article_publisher":"https:\/\/www.facebook.com\/esportscubil","article_modified_time":"2025-10-13T09:20:09+00:00","og_image":[{"width":2000,"height":1200,"url":"https:\/\/esportscubil.com\/wp-content\/uploads\/2024\/08\/botes-esqui-esportscubil.webp","type":"image\/webp"}],"schema":{"@context":"https:\/\/schema.org","@graph":[{"@type":"WebPage","@id":"https:\/\/esportscubil.com\/fr\/sur-mesure\/reserver-en-ligne\/agenda-acheter-botte-ski\/","url":"https:\/\/esportscubil.com\/fr\/sur-mesure\/reserver-en-ligne\/agenda-acheter-botte-ski\/","name":"Agenda Acheter des Chaussures de ski sur mesure | Esports Cubil","isPartOf":{"@id":"https:\/\/esportscubil.com\/fr\/#website"},"primaryImageOfPage":{"@id":"https:\/\/esportscubil.com\/fr\/sur-mesure\/reserver-en-ligne\/agenda-acheter-botte-ski\/#primaryimage"},"image":{"@id":"https:\/\/esportscubil.com\/fr\/sur-mesure\/reserver-en-ligne\/agenda-acheter-botte-ski\/#primaryimage"},"thumbnailUrl":"https:\/\/esportscubil.com\/wp-content\/uploads\/2024\/08\/botes-esqui-esportscubil.webp","datePublished":"2024-08-29T14:59:31+00:00","dateModified":"2025-10-13T09:20:09+00:00","description":"R\u00e9servez d\u00e8s maintenant le jour et l'heure pour acheter votre chaussure de ski sur mesure chez Esports Cubil.","breadcrumb":{"@id":"https:\/\/esportscubil.com\/fr\/sur-mesure\/reserver-en-ligne\/agenda-acheter-botte-ski\/#breadcrumb"},"inLanguage":"fr-FR","potentialAction":[{"@type":"ReadAction","target":["https:\/\/esportscubil.com\/fr\/sur-mesure\/reserver-en-ligne\/agenda-acheter-botte-ski\/"]}]},{"@type":"ImageObject","inLanguage":"fr-FR","@id":"https:\/\/esportscubil.com\/fr\/sur-mesure\/reserver-en-ligne\/agenda-acheter-botte-ski\/#primaryimage","url":"https:\/\/esportscubil.com\/wp-content\/uploads\/2024\/08\/botes-esqui-esportscubil.webp","contentUrl":"https:\/\/esportscubil.com\/wp-content\/uploads\/2024\/08\/botes-esqui-esportscubil.webp","width":2000,"height":1200},{"@type":"BreadcrumbList","@id":"https:\/\/esportscubil.com\/fr\/sur-mesure\/reserver-en-ligne\/agenda-acheter-botte-ski\/#breadcrumb","itemListElement":[{"@type":"ListItem","position":1,"name":"Inici","item":"https:\/\/esportscubil.com\/fr\/home-2\/"},{"@type":"ListItem","position":2,"name":"Bootfitting","item":"https:\/\/esportscubil.com\/fr\/sur-mesure\/"},{"@type":"ListItem","position":3,"name":"R\u00e9server en ligne","item":"https:\/\/esportscubil.com\/fr\/sur-mesure\/reserver-en-ligne\/"},{"@type":"ListItem","position":4,"name":"Agenda pour acheter une botte"}]},{"@type":"WebSite","@id":"https:\/\/esportscubil.com\/fr\/#website","url":"https:\/\/esportscubil.com\/fr\/","name":"esportscubil.com","description":"La llar de les botes d\u2019esqu\u00ed a Andorra.","publisher":{"@id":"https:\/\/esportscubil.com\/fr\/#organization"},"alternateName":"cubil","potentialAction":[{"@type":"SearchAction","target":{"@type":"EntryPoint","urlTemplate":"https:\/\/esportscubil.com\/fr\/?s={search_term_string}"},"query-input":{"@type":"PropertyValueSpecification","valueRequired":true,"valueName":"search_term_string"}}],"inLanguage":"fr-FR"},{"@type":"Organization","@id":"https:\/\/esportscubil.com\/fr\/#organization","name":"Esports Cubil","alternateName":"La llar de les botes d'esqu\u00ed i del bootfitting a Andorra","url":"https:\/\/esportscubil.com\/fr\/","logo":{"@type":"ImageObject","inLanguage":"fr-FR","@id":"https:\/\/esportscubil.com\/fr\/#\/schema\/logo\/image\/","url":"https:\/\/esportscubil.com\/wp-content\/uploads\/2021\/10\/cropped-imatge-perfil-XXSS-1.jpg","contentUrl":"https:\/\/esportscubil.com\/wp-content\/uploads\/2021\/10\/cropped-imatge-perfil-XXSS-1.jpg","width":512,"height":512,"caption":"Esports Cubil"},"image":{"@id":"https:\/\/esportscubil.com\/fr\/#\/schema\/logo\/image\/"},"sameAs":["https:\/\/www.facebook.com\/esportscubil","https:\/\/www.instagram.com\/esportscubil\/"]}]}},"_links":{"self":[{"href":"https:\/\/esportscubil.com\/fr\/wp-json\/wp\/v2\/pages\/13328","targetHints":{"allow":["GET"]}}],"collection":[{"href":"https:\/\/esportscubil.com\/fr\/wp-json\/wp\/v2\/pages"}],"about":[{"href":"https:\/\/esportscubil.com\/fr\/wp-json\/wp\/v2\/types\/page"}],"author":[{"embeddable":true,"href":"https:\/\/esportscubil.com\/fr\/wp-json\/wp\/v2\/users\/6"}],"replies":[{"embeddable":true,"href":"https:\/\/esportscubil.com\/fr\/wp-json\/wp\/v2\/comments?post=13328"}],"version-history":[{"count":4,"href":"https:\/\/esportscubil.com\/fr\/wp-json\/wp\/v2\/pages\/13328\/revisions"}],"predecessor-version":[{"id":13332,"href":"https:\/\/esportscubil.com\/fr\/wp-json\/wp\/v2\/pages\/13328\/revisions\/13332"}],"up":[{"embeddable":true,"href":"https:\/\/esportscubil.com\/fr\/wp-json\/wp\/v2\/pages\/13287"}],"wp:featuredmedia":[{"embeddable":true,"href":"https:\/\/esportscubil.com\/fr\/wp-json\/wp\/v2\/media\/12001"}],"wp:attachment":[{"href":"https:\/\/esportscubil.com\/fr\/wp-json\/wp\/v2\/media?parent=13328"}],"curies":[{"name":"wp","href":"https:\/\/api.w.org\/{rel}","templated":true}]}}