{"id":13405,"date":"2023-08-28T17:18:57","date_gmt":"2023-08-28T15:18:57","guid":{"rendered":"https:\/\/esportscubil.com\/?page_id=13405"},"modified":"2025-10-16T12:23:51","modified_gmt":"2025-10-16T10:23:51","slug":"politique-cookies","status":"publish","type":"page","link":"https:\/\/esportscubil.com\/fr\/politique-cookies\/","title":{"rendered":"Politique de Cookies"},"content":{"rendered":"\t\t<div data-elementor-type=\"wp-page\" data-elementor-id=\"13405\" class=\"elementor elementor-13405 elementor-7302\">\n\t\t\t\t\t\t<section class=\"elementor-section elementor-top-section elementor-element elementor-element-2ed6a4a elementor-section-full_width elementor-section-height-default elementor-section-height-default\" data-id=\"2ed6a4a\" data-element_type=\"section\" data-e-type=\"section\" data-settings=\"{&quot;background_background&quot;:&quot;classic&quot;}\">\n\t\t\t\t\t\t\t<div class=\"elementor-background-overlay\"><\/div>\n\t\t\t\t\t\t\t<div class=\"elementor-container elementor-column-gap-default\">\n\t\t\t\t\t<div class=\"elementor-column elementor-col-100 elementor-top-column elementor-element elementor-element-42dc60e\" data-id=\"42dc60e\" data-element_type=\"column\" data-e-type=\"column\">\n\t\t\t<div class=\"elementor-widget-wrap\">\n\t\t\t\t\t\t\t<\/div>\n\t\t<\/div>\n\t\t\t\t\t<\/div>\n\t\t<\/section>\n\t\t\t\t<section class=\"elementor-section elementor-top-section elementor-element elementor-element-f33ccaf elementor-section-full_width elementor-section-height-default elementor-section-height-default\" data-id=\"f33ccaf\" data-element_type=\"section\" data-e-type=\"section\">\n\t\t\t\t\t\t<div class=\"elementor-container elementor-column-gap-default\">\n\t\t\t\t\t<div class=\"elementor-column elementor-col-25 elementor-top-column elementor-element elementor-element-bc704a7\" data-id=\"bc704a7\" data-element_type=\"column\" data-e-type=\"column\">\n\t\t\t<div class=\"elementor-widget-wrap\">\n\t\t\t\t\t\t\t<\/div>\n\t\t<\/div>\n\t\t\t\t<div class=\"elementor-column elementor-col-50 elementor-top-column elementor-element elementor-element-e443196\" data-id=\"e443196\" data-element_type=\"column\" data-e-type=\"column\">\n\t\t\t<div class=\"elementor-widget-wrap elementor-element-populated\">\n\t\t\t\t\t\t<div class=\"elementor-element elementor-element-932dca3 elementor-widget elementor-widget-heading\" data-id=\"932dca3\" data-element_type=\"widget\" data-e-type=\"widget\" data-widget_type=\"heading.default\">\n\t\t\t\t<div class=\"elementor-widget-container\">\n\t\t\t\t\t<h2 class=\"elementor-heading-title elementor-size-default\">Politique de Cookies<\/h2>\t\t\t\t<\/div>\n\t\t\t\t<\/div>\n\t\t\t\t<div class=\"elementor-element elementor-element-6e0d3f8 elementor-widget elementor-widget-text-editor\" data-id=\"6e0d3f8\" data-element_type=\"widget\" data-e-type=\"widget\" data-widget_type=\"text-editor.default\">\n\t\t\t\t<div class=\"elementor-widget-container\">\n\t\t\t\t\t\t\t\t\t<h5><strong>Nous utilisons des cookies<\/strong><\/h5><p>Nous utilisons des cookies de suivi pour am\u00e9liorer votre exp\u00e9rience de navigation sur notre site web, pour vous montrer du contenu personnalis\u00e9 et des publicit\u00e9s int\u00e9ressantes pour vous, pour analyser notre trafic et comprendre d&rsquo;o\u00f9 viennent nos visiteurs.<\/p><h5>Votre vie priv\u00e9e est importante pour nous<\/h5><p>Les cookies sont de tr\u00e8s petits fichiers texte qui sont enregistr\u00e9s sur votre ordinateur lorsque vous visitez un site web. Nous utilisons des cookies pour une vari\u00e9t\u00e9 de finalit\u00e9s et pour am\u00e9liorer votre exp\u00e9rience sur notre site web (par exemple, pour m\u00e9moriser vos identifiants). Vous pouvez modifier vos pr\u00e9f\u00e9rences et refuser le stockage sur votre ordinateur de certains types de cookies pendant que vous naviguez sur notre site web. Vous pouvez supprimer tout cookie d\u00e9j\u00e0 stock\u00e9 sur l&rsquo;ordinateur, mais veuillez noter que la suppression des cookies peut vous emp\u00eacher d&rsquo;utiliser certaines parties de notre site web.<\/p><h5>Cookies strictement n\u00e9cessaires<\/h5><p>Ces cookies sont essentiels pour offrir nos services et fonctionnalit\u00e9s sur notre site web. Sans ces cookies, nous ne pourrons pas offrir certains services. Toujours actif<\/p><h5>Cookies de fonctionnalit\u00e9<\/h5><p>Ces cookies nous permettent d&rsquo;offrir une exp\u00e9rience personnalis\u00e9e et de m\u00e9moriser les param\u00e8tres lorsque vous naviguez sur notre site web. Par exemple, nous pouvons utiliser la fonctionnalit\u00e9 pour m\u00e9moriser votre langue ou vos identifiants. Inactif<\/p><h5>Cookies de suivi et de performance<\/h5><p>Nous utilisons ces cookies pour recueillir des informations, analyser le trafic et voir comment notre site web est utilis\u00e9. Par exemple, ces cookies pourraient suivre combien de temps vous visitez notre site web ou quelles pages vous visitez, ce qui peut nous aider \u00e0 comprendre comment am\u00e9liorer le site web pour vous. Les informations recueillies gr\u00e2ce \u00e0 ces cookies de suivi et de performance ne vous identifient pas individuellement. Inactif<\/p><h5>Cookies de publicit\u00e9 et de ciblage<\/h5><p>Ces cookies sont utilis\u00e9s pour afficher des publicit\u00e9s susceptibles de vous int\u00e9resser en fonction de vos habitudes d&rsquo;utilisation. Ces cookies, servis tels que le font nos fournisseurs de publicit\u00e9 et de contenu, nous permettent de combiner les informations recueillies sur notre site web avec d&rsquo;autres informations collect\u00e9es ind\u00e9pendamment li\u00e9es \u00e0 l&rsquo;activit\u00e9 sur le r\u00e9seau de sites web. Si vous d\u00e9cidez de supprimer ou de d\u00e9sactiver ces cookies, vous verrez toujours de la publicit\u00e9, mais celle-ci ne sera pas pertinente. Inactif<\/p><h5>Plus d&rsquo;informations<\/h5><p>Pour toute question relative \u00e0 notre politique de cookies et \u00e0 vos options, veuillez nous contacter. Pour en savoir plus, veuillez visiter notre Politique de Confidentialit\u00e9. <\/p>\t\t\t\t\t\t\t\t<\/div>\n\t\t\t\t<\/div>\n\t\t\t\t\t<\/div>\n\t\t<\/div>\n\t\t\t\t<div class=\"elementor-column elementor-col-25 elementor-top-column elementor-element elementor-element-934836f\" data-id=\"934836f\" data-element_type=\"column\" data-e-type=\"column\">\n\t\t\t<div class=\"elementor-widget-wrap\">\n\t\t\t\t\t\t\t<\/div>\n\t\t<\/div>\n\t\t\t\t\t<\/div>\n\t\t<\/section>\n\t\t\t\t<\/div>\n\t\t","protected":false},"excerpt":{"rendered":"<p>Politique de Cookies Nous utilisons des cookies Nous utilisons des cookies de suivi pour am\u00e9liorer votre exp\u00e9rience de navigation sur notre site web, pour vous montrer du contenu personnalis\u00e9 et des publicit\u00e9s int\u00e9ressantes pour vous, pour analyser notre trafic et comprendre d&rsquo;o\u00f9 viennent nos visiteurs. Votre vie priv\u00e9e est importante pour nous Les cookies sont&#8230;<\/p>\n","protected":false},"author":6,"featured_media":11851,"parent":0,"menu_order":0,"comment_status":"closed","ping_status":"closed","template":"elementor_theme","meta":{"_kadence_starter_templates_imported_post":false,"_kad_post_transparent":"default","_kad_post_title":"hide","_kad_post_layout":"fullwidth","_kad_post_sidebar_id":"","_kad_post_content_style":"unboxed","_kad_post_vertical_padding":"hide","_kad_post_feature":"hide","_kad_post_feature_position":"","_kad_post_header":false,"_kad_post_footer":false,"_kad_post_classname":"","footnotes":""},"class_list":["post-13405","page","type-page","status-publish","has-post-thumbnail","hentry"],"yoast_head":"<!-- This site is optimized with the Yoast SEO plugin v27.4 - https:\/\/yoast.com\/product\/yoast-seo-wordpress\/ -->\n<title>Politique de Cookies | Esports Cubil SLU | Grandvalira Andorre<\/title>\n<meta name=\"description\" content=\"POLITIQUE DE COOKIES. ESPORTS CUBIL SLU utilise diff\u00e9rents cookies lors de la navigation sur le site et lors des r\u00e9servations.\" \/>\n<meta name=\"robots\" content=\"index, follow, max-snippet:-1, max-image-preview:large, max-video-preview:-1\" \/>\n<link rel=\"canonical\" href=\"https:\/\/esportscubil.com\/fr\/politique-cookies\/\" \/>\n<meta property=\"og:locale\" content=\"fr_FR\" \/>\n<meta property=\"og:type\" content=\"article\" \/>\n<meta property=\"og:title\" content=\"Politique de Cookies | Esports Cubil SLU | Grandvalira Andorre\" \/>\n<meta property=\"og:description\" content=\"POLITIQUE DE COOKIES. ESPORTS CUBIL SLU utilise diff\u00e9rents cookies lors de la navigation sur le site et lors des r\u00e9servations.\" \/>\n<meta property=\"og:url\" content=\"https:\/\/esportscubil.com\/fr\/politique-cookies\/\" \/>\n<meta property=\"og:site_name\" content=\"Esports Cubil\" \/>\n<meta property=\"article:publisher\" content=\"https:\/\/www.facebook.com\/esportscubil\" \/>\n<meta property=\"article:modified_time\" content=\"2025-10-16T10:23:51+00:00\" \/>\n<meta property=\"og:image\" content=\"https:\/\/esportscubil.com\/wp-content\/uploads\/2023\/09\/cookies-esportscubil.jpg\" \/>\n\t<meta property=\"og:image:width\" content=\"2000\" \/>\n\t<meta property=\"og:image:height\" content=\"1200\" \/>\n\t<meta property=\"og:image:type\" content=\"image\/jpeg\" \/>\n<script type=\"application\/ld+json\" class=\"yoast-schema-graph\">{\"@context\":\"https:\\\/\\\/schema.org\",\"@graph\":[{\"@type\":\"WebPage\",\"@id\":\"https:\\\/\\\/esportscubil.com\\\/fr\\\/politique-cookies\\\/\",\"url\":\"https:\\\/\\\/esportscubil.com\\\/fr\\\/politique-cookies\\\/\",\"name\":\"Politique de Cookies | Esports Cubil SLU | Grandvalira Andorre\",\"isPartOf\":{\"@id\":\"https:\\\/\\\/esportscubil.com\\\/fr\\\/#website\"},\"primaryImageOfPage\":{\"@id\":\"https:\\\/\\\/esportscubil.com\\\/fr\\\/politique-cookies\\\/#primaryimage\"},\"image\":{\"@id\":\"https:\\\/\\\/esportscubil.com\\\/fr\\\/politique-cookies\\\/#primaryimage\"},\"thumbnailUrl\":\"https:\\\/\\\/esportscubil.com\\\/wp-content\\\/uploads\\\/2023\\\/09\\\/cookies-esportscubil.jpg\",\"datePublished\":\"2023-08-28T15:18:57+00:00\",\"dateModified\":\"2025-10-16T10:23:51+00:00\",\"description\":\"POLITIQUE DE COOKIES. ESPORTS CUBIL SLU utilise diff\u00e9rents cookies lors de la navigation sur le site et lors des r\u00e9servations.\",\"breadcrumb\":{\"@id\":\"https:\\\/\\\/esportscubil.com\\\/fr\\\/politique-cookies\\\/#breadcrumb\"},\"inLanguage\":\"fr-FR\",\"potentialAction\":[{\"@type\":\"ReadAction\",\"target\":[\"https:\\\/\\\/esportscubil.com\\\/fr\\\/politique-cookies\\\/\"]}]},{\"@type\":\"ImageObject\",\"inLanguage\":\"fr-FR\",\"@id\":\"https:\\\/\\\/esportscubil.com\\\/fr\\\/politique-cookies\\\/#primaryimage\",\"url\":\"https:\\\/\\\/esportscubil.com\\\/wp-content\\\/uploads\\\/2023\\\/09\\\/cookies-esportscubil.jpg\",\"contentUrl\":\"https:\\\/\\\/esportscubil.com\\\/wp-content\\\/uploads\\\/2023\\\/09\\\/cookies-esportscubil.jpg\",\"width\":2000,\"height\":1200},{\"@type\":\"BreadcrumbList\",\"@id\":\"https:\\\/\\\/esportscubil.com\\\/fr\\\/politique-cookies\\\/#breadcrumb\",\"itemListElement\":[{\"@type\":\"ListItem\",\"position\":1,\"name\":\"Inici\",\"item\":\"https:\\\/\\\/esportscubil.com\\\/fr\\\/home-2\\\/\"},{\"@type\":\"ListItem\",\"position\":2,\"name\":\"Politique de Cookies\"}]},{\"@type\":\"WebSite\",\"@id\":\"https:\\\/\\\/esportscubil.com\\\/fr\\\/#website\",\"url\":\"https:\\\/\\\/esportscubil.com\\\/fr\\\/\",\"name\":\"esportscubil.com\",\"description\":\"La llar de les botes d\u2019esqu\u00ed a Andorra.\",\"publisher\":{\"@id\":\"https:\\\/\\\/esportscubil.com\\\/fr\\\/#organization\"},\"alternateName\":\"cubil\",\"potentialAction\":[{\"@type\":\"SearchAction\",\"target\":{\"@type\":\"EntryPoint\",\"urlTemplate\":\"https:\\\/\\\/esportscubil.com\\\/fr\\\/?s={search_term_string}\"},\"query-input\":{\"@type\":\"PropertyValueSpecification\",\"valueRequired\":true,\"valueName\":\"search_term_string\"}}],\"inLanguage\":\"fr-FR\"},{\"@type\":\"Organization\",\"@id\":\"https:\\\/\\\/esportscubil.com\\\/fr\\\/#organization\",\"name\":\"Esports Cubil\",\"alternateName\":\"La llar de les botes d'esqu\u00ed i del bootfitting a Andorra\",\"url\":\"https:\\\/\\\/esportscubil.com\\\/fr\\\/\",\"logo\":{\"@type\":\"ImageObject\",\"inLanguage\":\"fr-FR\",\"@id\":\"https:\\\/\\\/esportscubil.com\\\/fr\\\/#\\\/schema\\\/logo\\\/image\\\/\",\"url\":\"https:\\\/\\\/esportscubil.com\\\/wp-content\\\/uploads\\\/2021\\\/10\\\/cropped-imatge-perfil-XXSS-1.jpg\",\"contentUrl\":\"https:\\\/\\\/esportscubil.com\\\/wp-content\\\/uploads\\\/2021\\\/10\\\/cropped-imatge-perfil-XXSS-1.jpg\",\"width\":512,\"height\":512,\"caption\":\"Esports Cubil\"},\"image\":{\"@id\":\"https:\\\/\\\/esportscubil.com\\\/fr\\\/#\\\/schema\\\/logo\\\/image\\\/\"},\"sameAs\":[\"https:\\\/\\\/www.facebook.com\\\/esportscubil\",\"https:\\\/\\\/www.instagram.com\\\/esportscubil\\\/\"]}]}<\/script>\n<!-- \/ Yoast SEO plugin. -->","yoast_head_json":{"title":"Politique de Cookies | Esports Cubil SLU | Grandvalira Andorre","description":"POLITIQUE DE COOKIES. ESPORTS CUBIL SLU utilise diff\u00e9rents cookies lors de la navigation sur le site et lors des r\u00e9servations.","robots":{"index":"index","follow":"follow","max-snippet":"max-snippet:-1","max-image-preview":"max-image-preview:large","max-video-preview":"max-video-preview:-1"},"canonical":"https:\/\/esportscubil.com\/fr\/politique-cookies\/","og_locale":"fr_FR","og_type":"article","og_title":"Politique de Cookies | Esports Cubil SLU | Grandvalira Andorre","og_description":"POLITIQUE DE COOKIES. ESPORTS CUBIL SLU utilise diff\u00e9rents cookies lors de la navigation sur le site et lors des r\u00e9servations.","og_url":"https:\/\/esportscubil.com\/fr\/politique-cookies\/","og_site_name":"Esports Cubil","article_publisher":"https:\/\/www.facebook.com\/esportscubil","article_modified_time":"2025-10-16T10:23:51+00:00","og_image":[{"width":2000,"height":1200,"url":"https:\/\/esportscubil.com\/wp-content\/uploads\/2023\/09\/cookies-esportscubil.jpg","type":"image\/jpeg"}],"schema":{"@context":"https:\/\/schema.org","@graph":[{"@type":"WebPage","@id":"https:\/\/esportscubil.com\/fr\/politique-cookies\/","url":"https:\/\/esportscubil.com\/fr\/politique-cookies\/","name":"Politique de Cookies | Esports Cubil SLU | Grandvalira Andorre","isPartOf":{"@id":"https:\/\/esportscubil.com\/fr\/#website"},"primaryImageOfPage":{"@id":"https:\/\/esportscubil.com\/fr\/politique-cookies\/#primaryimage"},"image":{"@id":"https:\/\/esportscubil.com\/fr\/politique-cookies\/#primaryimage"},"thumbnailUrl":"https:\/\/esportscubil.com\/wp-content\/uploads\/2023\/09\/cookies-esportscubil.jpg","datePublished":"2023-08-28T15:18:57+00:00","dateModified":"2025-10-16T10:23:51+00:00","description":"POLITIQUE DE COOKIES. ESPORTS CUBIL SLU utilise diff\u00e9rents cookies lors de la navigation sur le site et lors des r\u00e9servations.","breadcrumb":{"@id":"https:\/\/esportscubil.com\/fr\/politique-cookies\/#breadcrumb"},"inLanguage":"fr-FR","potentialAction":[{"@type":"ReadAction","target":["https:\/\/esportscubil.com\/fr\/politique-cookies\/"]}]},{"@type":"ImageObject","inLanguage":"fr-FR","@id":"https:\/\/esportscubil.com\/fr\/politique-cookies\/#primaryimage","url":"https:\/\/esportscubil.com\/wp-content\/uploads\/2023\/09\/cookies-esportscubil.jpg","contentUrl":"https:\/\/esportscubil.com\/wp-content\/uploads\/2023\/09\/cookies-esportscubil.jpg","width":2000,"height":1200},{"@type":"BreadcrumbList","@id":"https:\/\/esportscubil.com\/fr\/politique-cookies\/#breadcrumb","itemListElement":[{"@type":"ListItem","position":1,"name":"Inici","item":"https:\/\/esportscubil.com\/fr\/home-2\/"},{"@type":"ListItem","position":2,"name":"Politique de Cookies"}]},{"@type":"WebSite","@id":"https:\/\/esportscubil.com\/fr\/#website","url":"https:\/\/esportscubil.com\/fr\/","name":"esportscubil.com","description":"La llar de les botes d\u2019esqu\u00ed a Andorra.","publisher":{"@id":"https:\/\/esportscubil.com\/fr\/#organization"},"alternateName":"cubil","potentialAction":[{"@type":"SearchAction","target":{"@type":"EntryPoint","urlTemplate":"https:\/\/esportscubil.com\/fr\/?s={search_term_string}"},"query-input":{"@type":"PropertyValueSpecification","valueRequired":true,"valueName":"search_term_string"}}],"inLanguage":"fr-FR"},{"@type":"Organization","@id":"https:\/\/esportscubil.com\/fr\/#organization","name":"Esports Cubil","alternateName":"La llar de les botes d'esqu\u00ed i del bootfitting a Andorra","url":"https:\/\/esportscubil.com\/fr\/","logo":{"@type":"ImageObject","inLanguage":"fr-FR","@id":"https:\/\/esportscubil.com\/fr\/#\/schema\/logo\/image\/","url":"https:\/\/esportscubil.com\/wp-content\/uploads\/2021\/10\/cropped-imatge-perfil-XXSS-1.jpg","contentUrl":"https:\/\/esportscubil.com\/wp-content\/uploads\/2021\/10\/cropped-imatge-perfil-XXSS-1.jpg","width":512,"height":512,"caption":"Esports Cubil"},"image":{"@id":"https:\/\/esportscubil.com\/fr\/#\/schema\/logo\/image\/"},"sameAs":["https:\/\/www.facebook.com\/esportscubil","https:\/\/www.instagram.com\/esportscubil\/"]}]}},"_links":{"self":[{"href":"https:\/\/esportscubil.com\/fr\/wp-json\/wp\/v2\/pages\/13405","targetHints":{"allow":["GET"]}}],"collection":[{"href":"https:\/\/esportscubil.com\/fr\/wp-json\/wp\/v2\/pages"}],"about":[{"href":"https:\/\/esportscubil.com\/fr\/wp-json\/wp\/v2\/types\/page"}],"author":[{"embeddable":true,"href":"https:\/\/esportscubil.com\/fr\/wp-json\/wp\/v2\/users\/6"}],"replies":[{"embeddable":true,"href":"https:\/\/esportscubil.com\/fr\/wp-json\/wp\/v2\/comments?post=13405"}],"version-history":[{"count":4,"href":"https:\/\/esportscubil.com\/fr\/wp-json\/wp\/v2\/pages\/13405\/revisions"}],"predecessor-version":[{"id":13409,"href":"https:\/\/esportscubil.com\/fr\/wp-json\/wp\/v2\/pages\/13405\/revisions\/13409"}],"wp:featuredmedia":[{"embeddable":true,"href":"https:\/\/esportscubil.com\/fr\/wp-json\/wp\/v2\/media\/11851"}],"wp:attachment":[{"href":"https:\/\/esportscubil.com\/fr\/wp-json\/wp\/v2\/media?parent=13405"}],"curies":[{"name":"wp","href":"https:\/\/api.w.org\/{rel}","templated":true}]}}