{"id":13455,"date":"2022-04-24T12:27:07","date_gmt":"2022-04-24T10:27:07","guid":{"rendered":"https:\/\/esportscubil.com\/?page_id=13455"},"modified":"2025-10-16T15:21:15","modified_gmt":"2025-10-16T13:21:15","slug":"politique-confidentialite","status":"publish","type":"page","link":"https:\/\/esportscubil.com\/fr\/politique-confidentialite\/","title":{"rendered":"POLITIQUE DE CONFIDENTIALIT\u00c9"},"content":{"rendered":"\t\t<div data-elementor-type=\"wp-page\" data-elementor-id=\"13455\" class=\"elementor elementor-13455 elementor-3965\">\n\t\t\t\t\t\t<section class=\"elementor-section elementor-top-section elementor-element elementor-element-143f1e0 elementor-section-full_width elementor-section-height-default elementor-section-height-default\" data-id=\"143f1e0\" data-element_type=\"section\" data-e-type=\"section\" data-settings=\"{&quot;background_background&quot;:&quot;classic&quot;}\">\n\t\t\t\t\t\t\t<div class=\"elementor-background-overlay\"><\/div>\n\t\t\t\t\t\t\t<div class=\"elementor-container elementor-column-gap-default\">\n\t\t\t\t\t<div class=\"elementor-column elementor-col-100 elementor-top-column elementor-element elementor-element-64c1eed\" data-id=\"64c1eed\" data-element_type=\"column\" data-e-type=\"column\">\n\t\t\t<div class=\"elementor-widget-wrap\">\n\t\t\t\t\t\t\t<\/div>\n\t\t<\/div>\n\t\t\t\t\t<\/div>\n\t\t<\/section>\n\t\t\t\t<section class=\"elementor-section elementor-top-section elementor-element elementor-element-443ab61 elementor-section-full_width elementor-section-height-default elementor-section-height-default\" data-id=\"443ab61\" data-element_type=\"section\" data-e-type=\"section\">\n\t\t\t\t\t\t<div class=\"elementor-container elementor-column-gap-default\">\n\t\t\t\t\t<div class=\"elementor-column elementor-col-25 elementor-top-column elementor-element elementor-element-c351d66\" data-id=\"c351d66\" data-element_type=\"column\" data-e-type=\"column\">\n\t\t\t<div class=\"elementor-widget-wrap\">\n\t\t\t\t\t\t\t<\/div>\n\t\t<\/div>\n\t\t\t\t<div class=\"elementor-column elementor-col-50 elementor-top-column elementor-element elementor-element-3d71f89\" data-id=\"3d71f89\" data-element_type=\"column\" data-e-type=\"column\">\n\t\t\t<div class=\"elementor-widget-wrap elementor-element-populated\">\n\t\t\t\t\t\t<div class=\"elementor-element elementor-element-ad3edba elementor-widget elementor-widget-heading\" data-id=\"ad3edba\" data-element_type=\"widget\" data-e-type=\"widget\" data-widget_type=\"heading.default\">\n\t\t\t\t<div class=\"elementor-widget-container\">\n\t\t\t\t\t<h2 class=\"elementor-heading-title elementor-size-default\">POLITIQUE DE CONFIDENTIALIT\u00c9<\/h2>\t\t\t\t<\/div>\n\t\t\t\t<\/div>\n\t\t\t\t<div class=\"elementor-element elementor-element-667b39a elementor-widget elementor-widget-text-editor\" data-id=\"667b39a\" data-element_type=\"widget\" data-e-type=\"widget\" data-widget_type=\"text-editor.default\">\n\t\t\t\t<div class=\"elementor-widget-container\">\n\t\t\t\t\t\t\t\t\t<p>ESPORTS CUBIL s&rsquo;engage \u00e0 respecter la vie priv\u00e9e des utilisateurs ainsi qu&rsquo;\u00e0 assurer la protection et la s\u00e9curit\u00e9 de leurs donn\u00e9es personnelles.<\/p><p>L&rsquo;utilisateur doit lire attentivement cette Politique de Confidentialit\u00e9 et d\u00e9terminer librement et volontairement s&rsquo;il souhaite fournir ses donn\u00e9es personnelles \u00e0 ESPORTS CUBIL.<\/p><p>De m\u00eame, l&rsquo;utilisateur garantit qu&rsquo;il est majeur et que les donn\u00e9es fournies sont vraies, exactes, compl\u00e8tes et \u00e0 jour, \u00e9tant responsable de tout dommage ou pr\u00e9judice, direct ou indirect, pouvant \u00eatre caus\u00e9 par le non-respect de cette obligation.<\/p><p>Dans le cas o\u00f9 les donn\u00e9es fournies appartiennent \u00e0 un tiers, l&rsquo;utilisateur garantit qu&rsquo;il a inform\u00e9 ce tiers des aspects contenus dans ce document et obtenu son autorisation pour fournir ses donn\u00e9es \u00e0 ESPORTS CUBIL aux fins indiqu\u00e9es.<\/p><p><strong>1. Champ d&rsquo;Application et Responsabilit\u00e9<\/strong><\/p><p>Cette politique de confidentialit\u00e9 s&rsquo;applique \u00e0 toutes les donn\u00e9es personnelles collect\u00e9es par ESPORTS CUBIL sur son site web.<\/p><p>Pour toute question relative \u00e0 la pr\u00e9sente politique de confidentialit\u00e9, l&rsquo;utilisateur peut contacter :<\/p><ul><li>Courriel : <a href=\"mailto:botiga@esportscubil.com\">botiga@esportscubil.com<\/a><\/li><li>Courrier postal : carretera general 2, edificio Esports Cubil, L\u2019Aldosa de Canillo, AD100, Principaut\u00e9 d&rsquo;Andorre<\/li><\/ul><p><strong>2. Finalit\u00e9s du Traitement et Base Juridique<\/strong><\/p><p>ESPORTS CUBIL traitera les donn\u00e9es de l&rsquo;utilisateur, de mani\u00e8re automatis\u00e9e, pour les finalit\u00e9s sp\u00e9cifiques suivantes :<\/p><p>R\u00e9solution des consultations formul\u00e9es par courriel ou via le web.<\/p><p>Envoi des communications que vous avez sollicit\u00e9es dans les formulaires destin\u00e9s \u00e0 cet effet concernant nos services.<\/p><p>Ce traitement sera toujours r\u00e9alis\u00e9 avec le consentement pr\u00e9alable de l&rsquo;utilisateur par l&rsquo;acceptation de la pr\u00e9sente politique de confidentialit\u00e9.<\/p><p><strong>3. Communication des Donn\u00e9es<\/strong><\/p><p>Il n&rsquo;existe aucune communication de donn\u00e9es personnelles.<\/p><p><strong>4. Sous-traitants<\/strong><\/p><p>Le traitement des donn\u00e9es des utilisateurs pourra \u00eatre effectu\u00e9 par un prestataire de services appropri\u00e9, contract\u00e9 par ESPORTS CUBIL.<\/p><p>Ce prestataire de services ne traitera les donn\u00e9es que pour les finalit\u00e9s \u00e9tablies ci-dessus et en suivant ses instructions pr\u00e9cises, en se conformant rigoureusement aux normes l\u00e9gales sur la protection des donn\u00e9es personnelles, la s\u00e9curit\u00e9 de l&rsquo;information et autres normes applicables.<\/p><p>En aucun cas nos sous-traitants ou prestataires de services ne traiteront vos donn\u00e9es \u00e0 d&rsquo;autres fins ou ne les communiqueront \u00e0 des tiers.<\/p><p><strong>5. Dur\u00e9e de Conservation<\/strong><\/p><p>ESPORTS CUBIL ne conservera les donn\u00e9es personnelles des utilisateurs que pendant le temps n\u00e9cessaire \u00e0 la r\u00e9alisation des finalit\u00e9s pour lesquelles elles ont \u00e9t\u00e9 collect\u00e9es, ainsi que la dur\u00e9e de conservation l\u00e9galement \u00e9tablie, selon les termes suivants :<\/p><p>R\u00e9solution des consultations par courriel ou formulaire web : 2 ans apr\u00e8s leur r\u00e9ponse.<\/p><p>Envoi des communications sollicit\u00e9es dans les formulaires destin\u00e9s \u00e0 cet effet concernant nos services : 2 ans apr\u00e8s la demande.<\/p><p><strong>6. Droits des Utilisateurs<\/strong><\/p><p>L&rsquo;utilisateur pourra, \u00e0 tout moment et gratuitement, exercer ses droits d&rsquo;acc\u00e8s, de rectification ou d&rsquo;effacement, d&rsquo;opposition, de limitation et de portabilit\u00e9 de ses donn\u00e9es, par les moyens \u00e9tablis \u00e0 la section 1 de la pr\u00e9sente politique.<\/p><p>Dans tous les cas, l&rsquo;utilisateur sera inform\u00e9 que, s&rsquo;il consid\u00e8re qu&rsquo;ESPORTS CUBIL a viol\u00e9, ou a pu violer, les droits qui lui sont reconnus par la r\u00e9glementation applicable en mati\u00e8re de protection des donn\u00e9es, il pourra pr\u00e9senter une r\u00e9clamation devant l&rsquo;autorit\u00e9 de contr\u00f4le, l&rsquo;agence de protection des donn\u00e9es, via son site web.<\/p><p><strong>7. R\u00e9vocation du Consentement<\/strong><\/p><p>L&rsquo;acceptation par l&rsquo;utilisateur du fait que ses donn\u00e9es puissent \u00eatre trait\u00e9es ou c\u00e9d\u00e9es aura toujours un caract\u00e8re r\u00e9vocable, sans effets r\u00e9troactifs.<\/p><p>Pour r\u00e9voquer ce consentement, les utilisateurs peuvent nous contacter via les canaux \u00e9tablis \u00e0 la section 1 de la pr\u00e9sente politique.<\/p><p><strong>8. Caract\u00e8re N\u00e9cessaire des Donn\u00e9es Sollicit\u00e9es<\/strong><\/p><p>Les donn\u00e9es collect\u00e9es par ESPORTS CUBIL dans les diff\u00e9rents formulaires via le site web sont n\u00e9cessaires pour atteindre les finalit\u00e9s exprim\u00e9es.<\/p><p>Par cons\u00e9quent, si l&rsquo;utilisateur ne les fournit pas, ESPORTS CUBIL ne pourra pas r\u00e9pondre \u00e0 la demande.<\/p><p><strong>9. D\u00e9cisions Automatis\u00e9es<\/strong><\/p><p>ESPORTS CUBIL pourra \u00e9laborer des profils d&rsquo;utilisateurs, ce qui permettra l&rsquo;adoption de d\u00e9cisions automatis\u00e9es, bas\u00e9es sur les informations saisies par les utilisateurs dans les diff\u00e9rents formulaires, dans le but d&rsquo;envoyer les communications commerciales demand\u00e9es qui correspondent \u00e0 leurs caract\u00e9ristiques.<\/p><p>Dans ces cas, l&rsquo;utilisateur aura le droit d&rsquo;obtenir une intervention humaine dans la d\u00e9cision, d&rsquo;exprimer son point de vue et de contester la d\u00e9cision prise par ESPORTS CUBIL.<\/p><p><strong>10. Mesures de Protection des Donn\u00e9es Personnelles<\/strong><\/p><p>ESPORTS CUBIL utilise des mesures techniques et organisationnelles appropri\u00e9es pour garantir un niveau de s\u00e9curit\u00e9 adapt\u00e9 au risque pr\u00e9sent\u00e9 par le traitement des donn\u00e9es, notamment en cons\u00e9quence de la destruction, de la perte ou de l&rsquo;alt\u00e9ration accidentelle ou illicite des donn\u00e9es personnelles transmises, conserv\u00e9es ou trait\u00e9es, ou de la communication ou de l&rsquo;acc\u00e8s non autoris\u00e9 \u00e0 ces donn\u00e9es.<\/p><p><strong>11. Utilisation de Cookies<\/strong><\/p><p>Les portails web d&rsquo;ESPORTS CUBIL utilisent des cookies propres et de tiers.<\/p>\t\t\t\t\t\t\t\t<\/div>\n\t\t\t\t<\/div>\n\t\t\t\t\t<\/div>\n\t\t<\/div>\n\t\t\t\t<div class=\"elementor-column elementor-col-25 elementor-top-column elementor-element elementor-element-f7aff39\" data-id=\"f7aff39\" data-element_type=\"column\" data-e-type=\"column\">\n\t\t\t<div class=\"elementor-widget-wrap\">\n\t\t\t\t\t\t\t<\/div>\n\t\t<\/div>\n\t\t\t\t\t<\/div>\n\t\t<\/section>\n\t\t\t\t<\/div>\n\t\t","protected":false},"excerpt":{"rendered":"<p>POLITIQUE DE CONFIDENTIALIT\u00c9 ESPORTS CUBIL s&rsquo;engage \u00e0 respecter la vie priv\u00e9e des utilisateurs ainsi qu&rsquo;\u00e0 assurer la protection et la s\u00e9curit\u00e9 de leurs donn\u00e9es personnelles. L&rsquo;utilisateur doit lire attentivement cette Politique de Confidentialit\u00e9 et d\u00e9terminer librement et volontairement s&rsquo;il souhaite fournir ses donn\u00e9es personnelles \u00e0 ESPORTS CUBIL. De m\u00eame, l&rsquo;utilisateur garantit qu&rsquo;il est majeur et&#8230;<\/p>\n","protected":false},"author":6,"featured_media":11854,"parent":0,"menu_order":0,"comment_status":"closed","ping_status":"closed","template":"","meta":{"_kadence_starter_templates_imported_post":false,"_kad_post_transparent":"default","_kad_post_title":"hide","_kad_post_layout":"fullwidth","_kad_post_sidebar_id":"","_kad_post_content_style":"unboxed","_kad_post_vertical_padding":"hide","_kad_post_feature":"hide","_kad_post_feature_position":"","_kad_post_header":false,"_kad_post_footer":false,"_kad_post_classname":"","footnotes":""},"class_list":["post-13455","page","type-page","status-publish","has-post-thumbnail","hentry"],"yoast_head":"<!-- This site is optimized with the Yoast SEO plugin v27.4 - https:\/\/yoast.com\/product\/yoast-seo-wordpress\/ -->\n<title>Politique de confidentialit\u00e9 | Esports Cubil | Andorre<\/title>\n<meta name=\"description\" content=\"Esports Cubil s&#039;engage \u00e0 prot\u00e9ger votre vie priv\u00e9e et \u00e0 d\u00e9velopper une technologie vous offrant une exp\u00e9rience web optimale et s\u00e9curis\u00e9e.\" \/>\n<meta name=\"robots\" content=\"index, follow, max-snippet:-1, max-image-preview:large, max-video-preview:-1\" \/>\n<link rel=\"canonical\" href=\"https:\/\/esportscubil.com\/fr\/politique-confidentialite\/\" \/>\n<meta property=\"og:locale\" content=\"fr_FR\" \/>\n<meta property=\"og:type\" content=\"article\" \/>\n<meta property=\"og:title\" content=\"Politique de confidentialit\u00e9 | Esports Cubil | Andorre\" \/>\n<meta property=\"og:description\" content=\"Esports Cubil s&#039;engage \u00e0 prot\u00e9ger votre vie priv\u00e9e et \u00e0 d\u00e9velopper une technologie vous offrant une exp\u00e9rience web optimale et s\u00e9curis\u00e9e.\" \/>\n<meta property=\"og:url\" content=\"https:\/\/esportscubil.com\/fr\/politique-confidentialite\/\" \/>\n<meta property=\"og:site_name\" content=\"Esports Cubil\" \/>\n<meta property=\"article:publisher\" content=\"https:\/\/www.facebook.com\/esportscubil\" \/>\n<meta property=\"article:modified_time\" content=\"2025-10-16T13:21:15+00:00\" \/>\n<meta property=\"og:image\" content=\"https:\/\/esportscubil.com\/wp-content\/uploads\/2023\/09\/privacitat-esportscubil.jpg\" \/>\n\t<meta property=\"og:image:width\" content=\"2000\" \/>\n\t<meta property=\"og:image:height\" content=\"1200\" \/>\n\t<meta property=\"og:image:type\" content=\"image\/jpeg\" \/>\n<script type=\"application\/ld+json\" class=\"yoast-schema-graph\">{\"@context\":\"https:\\\/\\\/schema.org\",\"@graph\":[{\"@type\":\"WebPage\",\"@id\":\"https:\\\/\\\/esportscubil.com\\\/fr\\\/politique-confidentialite\\\/\",\"url\":\"https:\\\/\\\/esportscubil.com\\\/fr\\\/politique-confidentialite\\\/\",\"name\":\"Politique de confidentialit\u00e9 | Esports Cubil | Andorre\",\"isPartOf\":{\"@id\":\"https:\\\/\\\/esportscubil.com\\\/fr\\\/#website\"},\"primaryImageOfPage\":{\"@id\":\"https:\\\/\\\/esportscubil.com\\\/fr\\\/politique-confidentialite\\\/#primaryimage\"},\"image\":{\"@id\":\"https:\\\/\\\/esportscubil.com\\\/fr\\\/politique-confidentialite\\\/#primaryimage\"},\"thumbnailUrl\":\"https:\\\/\\\/esportscubil.com\\\/wp-content\\\/uploads\\\/2023\\\/09\\\/privacitat-esportscubil.jpg\",\"datePublished\":\"2022-04-24T10:27:07+00:00\",\"dateModified\":\"2025-10-16T13:21:15+00:00\",\"description\":\"Esports Cubil s'engage \u00e0 prot\u00e9ger votre vie priv\u00e9e et \u00e0 d\u00e9velopper une technologie vous offrant une exp\u00e9rience web optimale et s\u00e9curis\u00e9e.\",\"breadcrumb\":{\"@id\":\"https:\\\/\\\/esportscubil.com\\\/fr\\\/politique-confidentialite\\\/#breadcrumb\"},\"inLanguage\":\"fr-FR\",\"potentialAction\":[{\"@type\":\"ReadAction\",\"target\":[\"https:\\\/\\\/esportscubil.com\\\/fr\\\/politique-confidentialite\\\/\"]}]},{\"@type\":\"ImageObject\",\"inLanguage\":\"fr-FR\",\"@id\":\"https:\\\/\\\/esportscubil.com\\\/fr\\\/politique-confidentialite\\\/#primaryimage\",\"url\":\"https:\\\/\\\/esportscubil.com\\\/wp-content\\\/uploads\\\/2023\\\/09\\\/privacitat-esportscubil.jpg\",\"contentUrl\":\"https:\\\/\\\/esportscubil.com\\\/wp-content\\\/uploads\\\/2023\\\/09\\\/privacitat-esportscubil.jpg\",\"width\":2000,\"height\":1200},{\"@type\":\"BreadcrumbList\",\"@id\":\"https:\\\/\\\/esportscubil.com\\\/fr\\\/politique-confidentialite\\\/#breadcrumb\",\"itemListElement\":[{\"@type\":\"ListItem\",\"position\":1,\"name\":\"Inici\",\"item\":\"https:\\\/\\\/esportscubil.com\\\/fr\\\/home-2\\\/\"},{\"@type\":\"ListItem\",\"position\":2,\"name\":\"POLITIQUE DE CONFIDENTIALIT\u00c9\"}]},{\"@type\":\"WebSite\",\"@id\":\"https:\\\/\\\/esportscubil.com\\\/fr\\\/#website\",\"url\":\"https:\\\/\\\/esportscubil.com\\\/fr\\\/\",\"name\":\"esportscubil.com\",\"description\":\"La llar de les botes d\u2019esqu\u00ed a Andorra.\",\"publisher\":{\"@id\":\"https:\\\/\\\/esportscubil.com\\\/fr\\\/#organization\"},\"alternateName\":\"cubil\",\"potentialAction\":[{\"@type\":\"SearchAction\",\"target\":{\"@type\":\"EntryPoint\",\"urlTemplate\":\"https:\\\/\\\/esportscubil.com\\\/fr\\\/?s={search_term_string}\"},\"query-input\":{\"@type\":\"PropertyValueSpecification\",\"valueRequired\":true,\"valueName\":\"search_term_string\"}}],\"inLanguage\":\"fr-FR\"},{\"@type\":\"Organization\",\"@id\":\"https:\\\/\\\/esportscubil.com\\\/fr\\\/#organization\",\"name\":\"Esports Cubil\",\"alternateName\":\"La llar de les botes d'esqu\u00ed i del bootfitting a Andorra\",\"url\":\"https:\\\/\\\/esportscubil.com\\\/fr\\\/\",\"logo\":{\"@type\":\"ImageObject\",\"inLanguage\":\"fr-FR\",\"@id\":\"https:\\\/\\\/esportscubil.com\\\/fr\\\/#\\\/schema\\\/logo\\\/image\\\/\",\"url\":\"https:\\\/\\\/esportscubil.com\\\/wp-content\\\/uploads\\\/2021\\\/10\\\/cropped-imatge-perfil-XXSS-1.jpg\",\"contentUrl\":\"https:\\\/\\\/esportscubil.com\\\/wp-content\\\/uploads\\\/2021\\\/10\\\/cropped-imatge-perfil-XXSS-1.jpg\",\"width\":512,\"height\":512,\"caption\":\"Esports Cubil\"},\"image\":{\"@id\":\"https:\\\/\\\/esportscubil.com\\\/fr\\\/#\\\/schema\\\/logo\\\/image\\\/\"},\"sameAs\":[\"https:\\\/\\\/www.facebook.com\\\/esportscubil\",\"https:\\\/\\\/www.instagram.com\\\/esportscubil\\\/\"]}]}<\/script>\n<!-- \/ Yoast SEO plugin. -->","yoast_head_json":{"title":"Politique de confidentialit\u00e9 | Esports Cubil | Andorre","description":"Esports Cubil s'engage \u00e0 prot\u00e9ger votre vie priv\u00e9e et \u00e0 d\u00e9velopper une technologie vous offrant une exp\u00e9rience web optimale et s\u00e9curis\u00e9e.","robots":{"index":"index","follow":"follow","max-snippet":"max-snippet:-1","max-image-preview":"max-image-preview:large","max-video-preview":"max-video-preview:-1"},"canonical":"https:\/\/esportscubil.com\/fr\/politique-confidentialite\/","og_locale":"fr_FR","og_type":"article","og_title":"Politique de confidentialit\u00e9 | Esports Cubil | Andorre","og_description":"Esports Cubil s'engage \u00e0 prot\u00e9ger votre vie priv\u00e9e et \u00e0 d\u00e9velopper une technologie vous offrant une exp\u00e9rience web optimale et s\u00e9curis\u00e9e.","og_url":"https:\/\/esportscubil.com\/fr\/politique-confidentialite\/","og_site_name":"Esports Cubil","article_publisher":"https:\/\/www.facebook.com\/esportscubil","article_modified_time":"2025-10-16T13:21:15+00:00","og_image":[{"width":2000,"height":1200,"url":"https:\/\/esportscubil.com\/wp-content\/uploads\/2023\/09\/privacitat-esportscubil.jpg","type":"image\/jpeg"}],"schema":{"@context":"https:\/\/schema.org","@graph":[{"@type":"WebPage","@id":"https:\/\/esportscubil.com\/fr\/politique-confidentialite\/","url":"https:\/\/esportscubil.com\/fr\/politique-confidentialite\/","name":"Politique de confidentialit\u00e9 | Esports Cubil | Andorre","isPartOf":{"@id":"https:\/\/esportscubil.com\/fr\/#website"},"primaryImageOfPage":{"@id":"https:\/\/esportscubil.com\/fr\/politique-confidentialite\/#primaryimage"},"image":{"@id":"https:\/\/esportscubil.com\/fr\/politique-confidentialite\/#primaryimage"},"thumbnailUrl":"https:\/\/esportscubil.com\/wp-content\/uploads\/2023\/09\/privacitat-esportscubil.jpg","datePublished":"2022-04-24T10:27:07+00:00","dateModified":"2025-10-16T13:21:15+00:00","description":"Esports Cubil s'engage \u00e0 prot\u00e9ger votre vie priv\u00e9e et \u00e0 d\u00e9velopper une technologie vous offrant une exp\u00e9rience web optimale et s\u00e9curis\u00e9e.","breadcrumb":{"@id":"https:\/\/esportscubil.com\/fr\/politique-confidentialite\/#breadcrumb"},"inLanguage":"fr-FR","potentialAction":[{"@type":"ReadAction","target":["https:\/\/esportscubil.com\/fr\/politique-confidentialite\/"]}]},{"@type":"ImageObject","inLanguage":"fr-FR","@id":"https:\/\/esportscubil.com\/fr\/politique-confidentialite\/#primaryimage","url":"https:\/\/esportscubil.com\/wp-content\/uploads\/2023\/09\/privacitat-esportscubil.jpg","contentUrl":"https:\/\/esportscubil.com\/wp-content\/uploads\/2023\/09\/privacitat-esportscubil.jpg","width":2000,"height":1200},{"@type":"BreadcrumbList","@id":"https:\/\/esportscubil.com\/fr\/politique-confidentialite\/#breadcrumb","itemListElement":[{"@type":"ListItem","position":1,"name":"Inici","item":"https:\/\/esportscubil.com\/fr\/home-2\/"},{"@type":"ListItem","position":2,"name":"POLITIQUE DE CONFIDENTIALIT\u00c9"}]},{"@type":"WebSite","@id":"https:\/\/esportscubil.com\/fr\/#website","url":"https:\/\/esportscubil.com\/fr\/","name":"esportscubil.com","description":"La llar de les botes d\u2019esqu\u00ed a Andorra.","publisher":{"@id":"https:\/\/esportscubil.com\/fr\/#organization"},"alternateName":"cubil","potentialAction":[{"@type":"SearchAction","target":{"@type":"EntryPoint","urlTemplate":"https:\/\/esportscubil.com\/fr\/?s={search_term_string}"},"query-input":{"@type":"PropertyValueSpecification","valueRequired":true,"valueName":"search_term_string"}}],"inLanguage":"fr-FR"},{"@type":"Organization","@id":"https:\/\/esportscubil.com\/fr\/#organization","name":"Esports Cubil","alternateName":"La llar de les botes d'esqu\u00ed i del bootfitting a Andorra","url":"https:\/\/esportscubil.com\/fr\/","logo":{"@type":"ImageObject","inLanguage":"fr-FR","@id":"https:\/\/esportscubil.com\/fr\/#\/schema\/logo\/image\/","url":"https:\/\/esportscubil.com\/wp-content\/uploads\/2021\/10\/cropped-imatge-perfil-XXSS-1.jpg","contentUrl":"https:\/\/esportscubil.com\/wp-content\/uploads\/2021\/10\/cropped-imatge-perfil-XXSS-1.jpg","width":512,"height":512,"caption":"Esports Cubil"},"image":{"@id":"https:\/\/esportscubil.com\/fr\/#\/schema\/logo\/image\/"},"sameAs":["https:\/\/www.facebook.com\/esportscubil","https:\/\/www.instagram.com\/esportscubil\/"]}]}},"_links":{"self":[{"href":"https:\/\/esportscubil.com\/fr\/wp-json\/wp\/v2\/pages\/13455","targetHints":{"allow":["GET"]}}],"collection":[{"href":"https:\/\/esportscubil.com\/fr\/wp-json\/wp\/v2\/pages"}],"about":[{"href":"https:\/\/esportscubil.com\/fr\/wp-json\/wp\/v2\/types\/page"}],"author":[{"embeddable":true,"href":"https:\/\/esportscubil.com\/fr\/wp-json\/wp\/v2\/users\/6"}],"replies":[{"embeddable":true,"href":"https:\/\/esportscubil.com\/fr\/wp-json\/wp\/v2\/comments?post=13455"}],"version-history":[{"count":4,"href":"https:\/\/esportscubil.com\/fr\/wp-json\/wp\/v2\/pages\/13455\/revisions"}],"predecessor-version":[{"id":13459,"href":"https:\/\/esportscubil.com\/fr\/wp-json\/wp\/v2\/pages\/13455\/revisions\/13459"}],"wp:featuredmedia":[{"embeddable":true,"href":"https:\/\/esportscubil.com\/fr\/wp-json\/wp\/v2\/media\/11854"}],"wp:attachment":[{"href":"https:\/\/esportscubil.com\/fr\/wp-json\/wp\/v2\/media?parent=13455"}],"curies":[{"name":"wp","href":"https:\/\/api.w.org\/{rel}","templated":true}]}}